{"id":2180,"date":"2019-09-08T05:52:40","date_gmt":"2019-09-08T05:52:40","guid":{"rendered":"http:\/\/demo.themewinter.com\/wp\/instive\/?page_id=2180"},"modified":"2024-02-13T20:17:38","modified_gmt":"2024-02-13T20:17:38","slug":"sobre-a-spsc","status":"publish","type":"page","link":"https:\/\/spsc.pt\/curso\/sobre-a-spsc\/","title":{"rendered":"Sobre a SPSC"},"content":{"rendered":"\t\t<div data-elementor-type=\"wp-page\" data-elementor-id=\"2180\" class=\"elementor elementor-2180\">\n\t\t\t\t\t\t<section class=\"elementor-section elementor-top-section elementor-element elementor-element-546220c elementor-section-boxed elementor-section-height-default elementor-section-height-default\" data-id=\"546220c\" data-element_type=\"section\">\n\t\t\t\t\t\t<div class=\"elementor-container elementor-column-gap-default\">\n\t\t\t\t\t<div class=\"elementor-column elementor-col-100 elementor-top-column elementor-element elementor-element-d238f05\" data-id=\"d238f05\" data-element_type=\"column\">\n\t\t\t<div class=\"elementor-widget-wrap elementor-element-populated\">\n\t\t\t\t\t\t<div class=\"elementor-element elementor-element-8050cc1 elementor-widget elementor-widget-elementskit-heading\" data-id=\"8050cc1\" data-element_type=\"widget\" data-settings=\"{&quot;ekit_we_effect_on&quot;:&quot;none&quot;}\" data-widget_type=\"elementskit-heading.default\">\n\t\t\t\t<div class=\"elementor-widget-container\">\n\t\t\t\t\t<div class=\"ekit-wid-con\" ><div class=\"ekit-heading elementskit-section-title-wraper text_center   ekit_heading_tablet-   ekit_heading_mobile-\"><div class=\"ekit_heading_separetor_wraper ekit_heading_elementskit-border-divider elementskit-style-long\"><div class=\"elementskit-border-divider elementskit-style-long\"><\/div><\/div><h2 class=\"ekit-heading--title elementskit-section-title \">Sobre a Sociedade Portuguesa de Sexologia Cl\u00ednica<\/h2><\/div><\/div>\t\t\t\t<\/div>\n\t\t\t\t<\/div>\n\t\t\t\t\t<\/div>\n\t\t<\/div>\n\t\t\t\t\t<\/div>\n\t\t<\/section>\n\t\t<div class=\"elementor-element elementor-element-88520d3 e-flex e-con-boxed e-con e-parent\" data-id=\"88520d3\" data-element_type=\"container\">\n\t\t\t\t\t<div class=\"e-con-inner\">\n\t\t\t\t<div class=\"elementor-element elementor-element-f38cde7 elementor-widget elementor-widget-text-editor\" data-id=\"f38cde7\" data-element_type=\"widget\" data-settings=\"{&quot;ekit_we_effect_on&quot;:&quot;none&quot;}\" data-widget_type=\"text-editor.default\">\n\t\t\t\t<div class=\"elementor-widget-container\">\n\t\t\t\t\t\t\t\t\t<div class=\"vc_row wpb_row row\"><div class=\"vc_column_container col-md-12\"><div class=\"wpb_wrapper vc_column-inner\"><div class=\"wpb_text_column wpb_content_element \"><div class=\"wpb_wrapper\"><p>Existe um intervalo de oito d\u00e9cadas entre a cria\u00e7\u00e3o da Sociedade Portuguesa de Sexologia Cl\u00ednica (em 1985) e a publica\u00e7\u00e3o das obras de Egas Moniz, neurologista frequentemente considerado o precursor da sexologia no nosso pa\u00eds. Galardoado com um pr\u00e9mio Nobel da Medicina pela Academia sueca em 1949, o m\u00e9dico portugu\u00eas dedica-se ao estudo da sexualidade na viragem do s\u00e9culo XIX para o s\u00e9culo XX<em>. A sua tese de doutoramento \u2013 <\/em><em>A vida sexual I, fisiologia<\/em> \u2013 \u00e9 defendida em 1901. A posteriori, o neurologista complementa estes estudos com uma nova abordagem (<em>A vida sexual II, patologia<\/em>). Fisiologia e patologia s\u00e3o reunidas e publicadas no livro <em>A vida sexual \u2013 Fisiologia e patologia<\/em>, que atingiu a 19\u00aa edi\u00e7\u00e3o entre 1913 e 1933, data em que o Estado Novo restringe a sua venda \u00e0s farm\u00e1cias e obriga quem a quisesse consultar em bibliotecas p\u00fablicas, a apresentar uma justifica\u00e7\u00e3o (ver <a href=\"https:\/\/estudogeral.sib.uc.pt\/handle\/10316\/15509\">tese de doutoramento de Manuel Correia<\/a>).<\/p><p>Os estudos de Egas Moniz pela sexualidade refletem uma tend\u00eancia de mudan\u00e7a que se come\u00e7a a afirmar a partir da segunda metade do s\u00e9culo XIX, em v\u00e1rios pa\u00edses. S\u00e3o os primeiros passos de um novo campo do saber, designado por <em>ci\u00eancia sexual<\/em> ou <em>sexologia<\/em>, com contributos de profissionais de medicina, mas n\u00e3o s\u00f3.<\/p><p>O interesse cient\u00edfico pela sexualidade encontrou condi\u00e7\u00f5es desfavor\u00e1veis ao seu desenvolvimento no Portugal do Estado Novo. Ao longo de quatro d\u00e9cadas, a censura promove um discurso silenciador e repressivo das viv\u00eancias sexuais (e do desenvolvimento da sexologia) no nosso pa\u00eds. Na transi\u00e7\u00e3o da ditadura para a democracia come\u00e7am a diversificar-se as vis\u00f5es e express\u00f5es em redor dos afetos e sexualidades (pol\u00edticas, legais, cient\u00edficas, art\u00edsticas, culturais e sociais). Ap\u00f3s a revolu\u00e7\u00e3o de abril de 1974, concretamente a partir de 1975, surgem as primeir\u00edssimas consultas p\u00fablicas da especialidade nos hospitais p\u00fablicos portugueses. Francisco Allen Gomes, J\u00falio Silveira Nunes, Afonso de Albuquerque e Ant\u00f3nio Pacheco Palha s\u00e3o os m\u00e9dicos psiquiatras que desenvolvem este trabalho pioneiro em cidades como Lisboa, Porto e Coimbra. Os quatro psiquiatras trazem para o nosso pa\u00eds t\u00e9cnicas terap\u00eauticas da sexualidade, nomeadamente as que s\u00e3o desenvolvidas nos anos 1960 e 1970, por William Masters e Virginia Johnson, nos EUA.<\/p><p>Francisco Allen Gomes cria em 1975, <em>nos Hospitais da Universidade de Coimbra,<\/em> a<em> consulta de ginecologia psicossom\u00e1tica e sexologia. <\/em><em>J\u00falio <\/em>Silveira Nunes desenvolve uma consulta de sexologia no Hospital de Santa Maria, em Lisboa, no mesmo ano. Ant\u00f3nio Pacheco Palha d\u00e1 in\u00edcio \u00e0 <em>consulta psicossom\u00e1tica e aconselhamento sexual<\/em>, no servi\u00e7o de psiquiatria do Hospital de S\u00e3o Jo\u00e3o, no Porto, tamb\u00e9m em 1975. E Afonso de Albuquerque inicia no Hospital J\u00falio de Matos, ainda em 1971, um trabalho sobre a homossexualidade. Motivos diversos levam \u00e0 sua interrup\u00e7\u00e3o. Ser\u00e1 em 1977 que \u00e9 criada neste hospital uma unidade em que se inclu\u00ed uma <em>consulta de terapia sexual<\/em>.<\/p><p>Em meados dos anos 1980, \u00e9 ainda muito significativa a \u201cdispers\u00e3o\u201d e \u201cfalta de comunica\u00e7\u00e3o\u201d entre os profissionais dos diversos campos da sexologia, em Portugal. Com vista a promover a coes\u00e3o e o di\u00e1logo, organiza-se em Lisboa, em 1984, o I Congresso Nacional de Sexologia. M\u00e9dicos e psicoterapeutas, mas tamb\u00e9m juristas, antrop\u00f3logos, escritores, artistas, entre outros, fazem parte do encontro, sens\u00edvel \u00e0 import\u00e2ncia de outros discursos na reflex\u00e3o sobre a sexualidade.<\/p><p>\u00c9 na sequ\u00eancia deste I Congresso que se funda a Sociedade Portuguesa de Sexologia Cl\u00ednica. Constitu\u00edda em Di\u00e1rio da Rep\u00fablica a 23 de setembro 1985 (III S\u00e9rie, N\u00ba 219), define como objetivo \u201cpromover a divulga\u00e7\u00e3o de conhecimentos cient\u00edficos no campo da sexologia e o agrupamento dos t\u00e9cnicos que se ocupem dos problemas da sexologia cl\u00ednica\u201d.<\/p><\/div><\/div><\/div><\/div><\/div><div class=\"vc_row wpb_row row\"><div class=\"vc_column_container col-md-12\"><div class=\"wpb_wrapper vc_column-inner\"><div class=\"wpb_text_column wpb_content_element \"><div class=\"wpb_wrapper\"><p>Entre os s\u00f3cios fundadores estavam m\u00e9dicos, psic\u00f3logos e outros t\u00e9cnicos ligados aos problemas da sexologia cl\u00ednica. Francisco Allen Gomes, J\u00falio Silveira Nunes, Afonso de Albuquerque e Ant\u00f3nio Pacheco Palha s\u00e3o os fundadores com um papel proeminente na forma\u00e7\u00e3o da SOCIEDADE \u2013 os primeiros corpos gerentes foram eleitos em Outubro de 1985.<\/p><\/div><\/div><\/div><\/div><\/div><div class=\"vc_row wpb_row row\"><div class=\"vc_column_container col-md-12\"><div class=\"wpb_wrapper vc_column-inner\"><div class=\"wpb_text_column wpb_content_element \"><div class=\"wpb_wrapper\"><p>Em 1987, a SPSC publica a obra A <em>Sexologia em Portugal <\/em>(o volume 1 intitula-se <em>A Sexologia Cl\u00ednica<\/em> e o volume 2 <em>Sexualidade e Cultura<\/em>). Os livros, coordenados por Francisco Allen Gomes, J\u00falio Silveira Nunes e Afonso de Albuquerque, foram apresentados por altura do II Congresso Nacional de Sexologia, em Coimbra.<\/p><p>No ano de 2003 a SOCIEDADE lan\u00e7a uma segunda obra \u2013 <em>A Sexologia \u2013 Perspectiva Multidisciplinar \u2013 <\/em>tamb\u00e9m ela com dois volumes, coordenados por L\u00edgia Fonseca e Catarina Soares.<\/p><p>Entre 1994 e 2010, a SPSC publicou igualmente onze n\u00fameros da Acta Portuguesa de Sexologia (APS), revista destinada \u00e0 divulga\u00e7\u00e3o de investiga\u00e7\u00f5es portuguesas em torno da sexualidade. Ant\u00f3nio Pacheco Palla, Francisco Allen Gomes e Maria Fernanda Mendes estiveram na dire\u00e7\u00e3o da revista. Jos\u00e9 Pacheco foi seu editor.<\/p><p>Ao longo dos \u00faltimos 30 anos, a SPSC realizou 5 cursos de forma\u00e7\u00e3o para terapeuta sexual, (co)organizou dezenas de encontros cient\u00edficos (nacionais e internacionais). Atualmente, re\u00fane e apoia em torno do mesmo interesse mais de 600 s\u00f3cios.<\/p><\/div><\/div><\/div><\/div><\/div>\t\t\t\t\t\t\t\t<\/div>\n\t\t\t\t<\/div>\n\t\t\t\t\t<\/div>\n\t\t\t\t<\/div>\n\t\t\t\t<\/div>\n\t\t","protected":false},"excerpt":{"rendered":"<p>Sobre a Sociedade Portuguesa de Sexologia Cl\u00ednica Existe um intervalo de oito d\u00e9cadas entre a cria\u00e7\u00e3o da Sociedade Portuguesa de Sexologia Cl\u00ednica (em 1985) e a publica\u00e7\u00e3o das obras de Egas Moniz, neurologista frequentemente considerado o precursor da sexologia no nosso pa\u00eds. Galardoado com um pr\u00e9mio Nobel da Medicina pela Academia sueca em 1949, o [&hellip;]<\/p>\n","protected":false},"author":1,"featured_media":0,"parent":0,"menu_order":0,"comment_status":"closed","ping_status":"closed","template":"template\/full-width-template.php","meta":{"footnotes":""},"class_list":["post-2180","page","type-page","status-publish","hentry"],"_links":{"self":[{"href":"https:\/\/spsc.pt\/curso\/wp-json\/wp\/v2\/pages\/2180","targetHints":{"allow":["GET"]}}],"collection":[{"href":"https:\/\/spsc.pt\/curso\/wp-json\/wp\/v2\/pages"}],"about":[{"href":"https:\/\/spsc.pt\/curso\/wp-json\/wp\/v2\/types\/page"}],"author":[{"embeddable":true,"href":"https:\/\/spsc.pt\/curso\/wp-json\/wp\/v2\/users\/1"}],"replies":[{"embeddable":true,"href":"https:\/\/spsc.pt\/curso\/wp-json\/wp\/v2\/comments?post=2180"}],"version-history":[{"count":4,"href":"https:\/\/spsc.pt\/curso\/wp-json\/wp\/v2\/pages\/2180\/revisions"}],"predecessor-version":[{"id":7591,"href":"https:\/\/spsc.pt\/curso\/wp-json\/wp\/v2\/pages\/2180\/revisions\/7591"}],"wp:attachment":[{"href":"https:\/\/spsc.pt\/curso\/wp-json\/wp\/v2\/media?parent=2180"}],"curies":[{"name":"wp","href":"https:\/\/api.w.org\/{rel}","templated":true}]}}