{"id":7422,"date":"2023-06-01T06:38:39","date_gmt":"2023-06-01T06:38:39","guid":{"rendered":"https:\/\/demo.themewinter.com\/wp\/instive\/?page_id=7422"},"modified":"2024-02-21T00:12:28","modified_gmt":"2024-02-21T00:12:28","slug":"curso-2024-2025","status":"publish","type":"page","link":"https:\/\/spsc.pt\/curso\/curso-2024-2025\/","title":{"rendered":"Curso 2024\/2025"},"content":{"rendered":"\t\t<div data-elementor-type=\"wp-page\" data-elementor-id=\"7422\" class=\"elementor elementor-7422\">\n\t\t\t\t\t\t<section class=\"elementor-section elementor-top-section elementor-element elementor-element-1026170 elementor-section-boxed elementor-section-height-default elementor-section-height-default\" data-id=\"1026170\" data-element_type=\"section\">\n\t\t\t\t\t\t<div class=\"elementor-container elementor-column-gap-default\">\n\t\t\t\t\t<div class=\"elementor-column elementor-col-100 elementor-top-column elementor-element elementor-element-64e161c\" data-id=\"64e161c\" data-element_type=\"column\">\n\t\t\t<div class=\"elementor-widget-wrap elementor-element-populated\">\n\t\t\t\t\t\t<div class=\"elementor-element elementor-element-e1b658f elementor-widget elementor-widget-text-editor\" data-id=\"e1b658f\" data-element_type=\"widget\" data-settings=\"{&quot;ekit_we_effect_on&quot;:&quot;none&quot;}\" data-widget_type=\"text-editor.default\">\n\t\t\t\t<div class=\"elementor-widget-container\">\n\t\t\t\t\t\t\t\t\t<p><strong>Curso de Especializa\u00e7\u00e3o em Sexologia Cl\u00ednica da SPSC<\/strong><\/p><p>O Curso de Especializa\u00e7\u00e3o em Sexologia Cl\u00ednica da SPSC \u00e9 uma oportunidade formativa assente em v\u00e1rios anos de experi\u00eancia na forma\u00e7\u00e3o de quadros superiores em mat\u00e9ria de sexualidade humana e seus desafios e, em particular, no reconhecimento do t\u00edtulo de Terapeuta Sexual pela SPSC, em Portugal.<\/p><p>A atual edi\u00e7\u00e3o do Curso de Especializa\u00e7\u00e3o em Sexologia Cl\u00ednica da SPSC \u00e9 constitu\u00edda por <strong>um tronco comum<\/strong> aberto a profissionais de todas as \u00e1reas cient\u00edficas, com interesse ou necessidade de adquirir e potenciar conhecimentos na \u00e1rea lata da sexualidade humana, e por <strong>dois ramos de especialidade<\/strong>, <strong>Terapia Sexual e Medicina Sexual<\/strong>, destinados a profissionais da Psicologia e da Medicina (inscritos nas suas ordens profissionais), respetivamente. Os ramos de especialidade visam a obten\u00e7\u00e3o de conhecimentos e pr\u00e1tica cl\u00ednica supervisionada de maior profundidade.<\/p><p>O tronco comum decorre na modalidade <strong>ensino a distancia<\/strong> (lecionado em formato Zoom), enquanto os ramos de especialidade decorrem em <strong>regime presencial<\/strong>, seja nos locais de est\u00e1gio (e.g., consultas em regime hospitalar, pr\u00e1tica comunit\u00e1ria), seja nos seus semin\u00e1rios quinzenais, em formato tert\u00falia, dinamizados por corpo docente da SPSC. \u00a0\u00a0<\/p><p>Todas as componentes s\u00e3o lecionadas e dinamizadas em l\u00edngua Portuguesa, exceto eventuais semin\u00e1rios internacionais, dinamizados em l\u00edngua Inglesa.<\/p><p><strong>Data de abertura:<br \/><\/strong>A atual edi\u00e7\u00e3o inicia no <strong>ano letivo 2024-25<\/strong>, com o tronco comum. A abertura dos ramos de especialidade est\u00e1 prevista para data posterior ao t\u00e9rmino do tronco comum, e com cad\u00eancia dependente da disponibilidade e lota\u00e7\u00e3o dos locais de est\u00e1gio, para maior qualidade do ensino. Ser\u00e1 feita a an\u00e1lise de locais autopropostos, sobretudo de estudantes que habitem fora de Portugal continental, e sob garantia de qualidade e respeito por princ\u00edpios \u00e9ticos.\u00a0<\/p><p>Todas as unidades curriculares carecem de avalia\u00e7\u00e3o; o est\u00e1gio \u00e9 avaliado por relat\u00f3rio e respetiva defesa p\u00fablica.<\/p><p><strong>Valor da propina:<br \/><\/strong>Tronco comum: 1200 euros<br \/>Ramos de especialidade: 1600 euros<\/p>\t\t\t\t\t\t\t\t<\/div>\n\t\t\t\t<\/div>\n\t\t\t\t\t<\/div>\n\t\t<\/div>\n\t\t\t\t\t<\/div>\n\t\t<\/section>\n\t\t<div class=\"elementor-element elementor-element-f5e3e7e e-flex e-con-boxed e-con e-parent\" data-id=\"f5e3e7e\" data-element_type=\"container\" data-settings=\"{&quot;background_background&quot;:&quot;classic&quot;}\">\n\t\t\t\t\t<div class=\"e-con-inner\">\n\t\t<div class=\"elementor-element elementor-element-17ad670 e-con-full e-flex e-con e-child\" data-id=\"17ad670\" data-element_type=\"container\">\n\t\t\t\t<div class=\"elementor-element elementor-element-4e6bcd6 elementor-widget elementor-widget-heading\" data-id=\"4e6bcd6\" data-element_type=\"widget\" data-settings=\"{&quot;ekit_we_effect_on&quot;:&quot;none&quot;}\" data-widget_type=\"heading.default\">\n\t\t\t\t<div class=\"elementor-widget-container\">\n\t\t\t\t\t<h2 class=\"elementor-heading-title elementor-size-default\">TRONCO COMUM<\/h2>\t\t\t\t<\/div>\n\t\t\t\t<\/div>\n\t\t\t\t<div class=\"elementor-element elementor-element-93e1470 elementor-widget elementor-widget-text-editor\" data-id=\"93e1470\" data-element_type=\"widget\" data-settings=\"{&quot;ekit_we_effect_on&quot;:&quot;none&quot;}\" data-widget_type=\"text-editor.default\">\n\t\t\t\t<div class=\"elementor-widget-container\">\n\t\t\t\t\t\t\t\t\t<p>Aberto a profissionais de todas as \u00e1reas cient\u00edficas, com interesse ou necessidade de adquirir e potenciar conhecimentos na \u00e1rea lata da sexualidade humana<\/p>\t\t\t\t\t\t\t\t<\/div>\n\t\t\t\t<\/div>\n\t\t\t\t<div class=\"elementor-element elementor-element-b618c2c elementor-align-center elementor-widget elementor-widget-elementskit-button\" data-id=\"b618c2c\" data-element_type=\"widget\" data-settings=\"{&quot;ekit_we_effect_on&quot;:&quot;none&quot;}\" data-widget_type=\"elementskit-button.default\">\n\t\t\t\t<div class=\"elementor-widget-container\">\n\t\t\t\t\t<div class=\"ekit-wid-con\" >\t\t<div class=\"ekit-btn-wraper\">\n\t\t\t\t\t\t\t<a href=\"https:\/\/spsc.pt\/curso\/tronco-comum\/\" class=\"elementskit-btn  whitespace--normal\" id=\"\">\n\t\t\t\t\tTRONCO COMUM \t\t\t\t<\/a>\n\t\t\t\t\t<\/div>\n        <\/div>\t\t\t\t<\/div>\n\t\t\t\t<\/div>\n\t\t\t\t<\/div>\n\t\t<div class=\"elementor-element elementor-element-1f2d7a8 e-con-full e-flex e-con e-child\" data-id=\"1f2d7a8\" data-element_type=\"container\">\n\t\t\t\t<div class=\"elementor-element elementor-element-60f35df elementor-widget elementor-widget-heading\" data-id=\"60f35df\" data-element_type=\"widget\" data-settings=\"{&quot;ekit_we_effect_on&quot;:&quot;none&quot;}\" data-widget_type=\"heading.default\">\n\t\t\t\t<div class=\"elementor-widget-container\">\n\t\t\t\t\t<h2 class=\"elementor-heading-title elementor-size-default\">RAMOS ESPECIALIDADE<\/h2>\t\t\t\t<\/div>\n\t\t\t\t<\/div>\n\t\t\t\t<div class=\"elementor-element elementor-element-2fea583 elementor-widget elementor-widget-text-editor\" data-id=\"2fea583\" data-element_type=\"widget\" data-settings=\"{&quot;ekit_we_effect_on&quot;:&quot;none&quot;}\" data-widget_type=\"text-editor.default\">\n\t\t\t\t<div class=\"elementor-widget-container\">\n\t\t\t\t\t\t\t\t\t<p>Destinados a profissionais da Psicologia e da Medicina (inscritos nas suas ordens profissionais), respetivamente. Os ramos de especialidade visam a obten\u00e7\u00e3o de conhecimentos e pr\u00e1tica cl\u00ednica supervisionada de maior profundidade.<\/p>\t\t\t\t\t\t\t\t<\/div>\n\t\t\t\t<\/div>\n\t\t\t\t<div class=\"elementor-element elementor-element-dea3a62 elementor-align-center elementor-widget elementor-widget-elementskit-button\" data-id=\"dea3a62\" data-element_type=\"widget\" data-settings=\"{&quot;ekit_we_effect_on&quot;:&quot;none&quot;}\" data-widget_type=\"elementskit-button.default\">\n\t\t\t\t<div class=\"elementor-widget-container\">\n\t\t\t\t\t<div class=\"ekit-wid-con\" >\t\t<div class=\"ekit-btn-wraper\">\n\t\t\t\t\t\t\t<a href=\"https:\/\/spsc.pt\/curso\/ramo-de-especialidade-terapia-sexual\/\" class=\"elementskit-btn  whitespace--normal\" id=\"\">\n\t\t\t\t\tTERAPIA SEXUAL \t\t\t\t<\/a>\n\t\t\t\t\t<\/div>\n        <\/div>\t\t\t\t<\/div>\n\t\t\t\t<\/div>\n\t\t\t\t<div class=\"elementor-element elementor-element-dadc209 elementor-align-center elementor-widget elementor-widget-elementskit-button\" data-id=\"dadc209\" data-element_type=\"widget\" data-settings=\"{&quot;ekit_we_effect_on&quot;:&quot;none&quot;}\" data-widget_type=\"elementskit-button.default\">\n\t\t\t\t<div class=\"elementor-widget-container\">\n\t\t\t\t\t<div class=\"ekit-wid-con\" >\t\t<div class=\"ekit-btn-wraper\">\n\t\t\t\t\t\t\t<a href=\"https:\/\/spsc.pt\/curso\/ramo-de-especialidade-medicina-sexual\/\" class=\"elementskit-btn  whitespace--normal\" id=\"\">\n\t\t\t\t\tMEDICINA SEXUAL \t\t\t\t<\/a>\n\t\t\t\t\t<\/div>\n        <\/div>\t\t\t\t<\/div>\n\t\t\t\t<\/div>\n\t\t\t\t<\/div>\n\t\t\t\t\t<\/div>\n\t\t\t\t<\/div>\n\t\t\t\t<\/div>\n\t\t","protected":false},"excerpt":{"rendered":"<p>Curso de Especializa\u00e7\u00e3o em Sexologia Cl\u00ednica da SPSC O Curso de Especializa\u00e7\u00e3o em Sexologia Cl\u00ednica da SPSC \u00e9 uma oportunidade formativa assente em v\u00e1rios anos de experi\u00eancia na forma\u00e7\u00e3o de quadros superiores em mat\u00e9ria de sexualidade humana e seus desafios e, em particular, no reconhecimento do t\u00edtulo de Terapeuta Sexual pela SPSC, em Portugal. A [&hellip;]<\/p>\n","protected":false},"author":1,"featured_media":0,"parent":0,"menu_order":0,"comment_status":"closed","ping_status":"closed","template":"template\/full-width-template.php","meta":{"footnotes":""},"class_list":["post-7422","page","type-page","status-publish","hentry"],"_links":{"self":[{"href":"https:\/\/spsc.pt\/curso\/wp-json\/wp\/v2\/pages\/7422","targetHints":{"allow":["GET"]}}],"collection":[{"href":"https:\/\/spsc.pt\/curso\/wp-json\/wp\/v2\/pages"}],"about":[{"href":"https:\/\/spsc.pt\/curso\/wp-json\/wp\/v2\/types\/page"}],"author":[{"embeddable":true,"href":"https:\/\/spsc.pt\/curso\/wp-json\/wp\/v2\/users\/1"}],"replies":[{"embeddable":true,"href":"https:\/\/spsc.pt\/curso\/wp-json\/wp\/v2\/comments?post=7422"}],"version-history":[{"count":10,"href":"https:\/\/spsc.pt\/curso\/wp-json\/wp\/v2\/pages\/7422\/revisions"}],"predecessor-version":[{"id":8103,"href":"https:\/\/spsc.pt\/curso\/wp-json\/wp\/v2\/pages\/7422\/revisions\/8103"}],"wp:attachment":[{"href":"https:\/\/spsc.pt\/curso\/wp-json\/wp\/v2\/media?parent=7422"}],"curies":[{"name":"wp","href":"https:\/\/api.w.org\/{rel}","templated":true}]}}