{"id":7660,"date":"2025-10-06T16:57:47","date_gmt":"2025-10-06T16:57:47","guid":{"rendered":"https:\/\/spsc.pt\/curso\/?page_id=7660"},"modified":"2025-10-06T16:57:47","modified_gmt":"2025-10-06T16:57:47","slug":"tronco-comum","status":"publish","type":"page","link":"https:\/\/spsc.pt\/curso\/tronco-comum\/","title":{"rendered":"Tronco Comum"},"content":{"rendered":"\t\t<div data-elementor-type=\"wp-page\" data-elementor-id=\"7660\" class=\"elementor elementor-7660\">\n\t\t\t\t<div class=\"elementor-element elementor-element-56da518 e-flex e-con-boxed e-con e-parent\" data-id=\"56da518\" data-element_type=\"container\">\n\t\t\t\t\t<div class=\"e-con-inner\">\n\t\t\t\t<div class=\"elementor-element elementor-element-7b6c809 elementor-widget elementor-widget-spacer\" data-id=\"7b6c809\" data-element_type=\"widget\" data-settings=\"{&quot;ekit_we_effect_on&quot;:&quot;none&quot;}\" data-widget_type=\"spacer.default\">\n\t\t\t\t<div class=\"elementor-widget-container\">\n\t\t\t\t\t\t\t<div class=\"elementor-spacer\">\n\t\t\t<div class=\"elementor-spacer-inner\"><\/div>\n\t\t<\/div>\n\t\t\t\t\t\t<\/div>\n\t\t\t\t<\/div>\n\t\t\t\t<div class=\"elementor-element elementor-element-a88e341 elementor-widget elementor-widget-text-editor\" data-id=\"a88e341\" data-element_type=\"widget\" data-settings=\"{&quot;ekit_we_effect_on&quot;:&quot;none&quot;}\" data-widget_type=\"text-editor.default\">\n\t\t\t\t<div class=\"elementor-widget-container\">\n\t\t\t\t\t\t\t\t\t<p><strong>Curso de Especializa\u00e7\u00e3o em Sexologia Cl\u00ednica da SPSC<\/strong><\/p><p>A atual edi\u00e7\u00e3o do Curso de Especializa\u00e7\u00e3o em Sexologia Cl\u00ednica da SPSC \u00e9 constitu\u00edda por <strong>um tronco comum<\/strong> aberto a profissionais de todas as \u00e1reas cient\u00edficas, com interesse ou necessidade de adquirir e potenciar conhecimentos na \u00e1rea lata da sexualidade humana.<\/p><p>Decorre na modalidade <strong>ensino a distancia<\/strong> (lecionado em formato Zoom).<\/p><p>Todas as componentes s\u00e3o lecionadas e dinamizadas em l\u00edngua Portuguesa, exceto eventuais semin\u00e1rios internacionais, dinamizados em l\u00edngua Inglesa.<\/p><p>A conclus\u00e3o com sucesso do Tronco Comum resulta na atribui\u00e7\u00e3o de um <strong>Certificado de Especializa\u00e7\u00e3o em Sexologia Cl\u00ednica pela SPSC<\/strong>, com a respetiva <strong>Carta de Curso<\/strong>. Al\u00e9m disso, este ciclo formativo\u00a0corresponde a um total de <strong>41 cr\u00e9ditos<\/strong> reconhecidos pela <strong>Ordem dos Psic\u00f3logos\u00a0Portugueses<\/strong>.<\/p><p><strong>Data de abertura:<br \/><\/strong>A atual edi\u00e7\u00e3o inicia no <strong>ano letivo 2025-26<\/strong>, com o tronco comum.<\/p><p><strong>Hor\u00e1rio:<br \/><\/strong>P\u00f3s-laboral.<\/p><p><strong>Valor da propina:<br \/><\/strong>Tronco comum 1200 euros*<\/p>\t\t\t\t\t\t\t\t<\/div>\n\t\t\t\t<\/div>\n\t\t\t\t<div class=\"elementor-element elementor-element-c3c149e elementor-widget elementor-widget-text-editor\" data-id=\"c3c149e\" data-element_type=\"widget\" data-settings=\"{&quot;ekit_we_effect_on&quot;:&quot;none&quot;}\" data-widget_type=\"text-editor.default\">\n\t\t\t\t<div class=\"elementor-widget-container\">\n\t\t\t\t\t\t\t\t\t<p><strong>Modalidade de pagamento:<\/strong> ato \u00fanico ou em cinco tranches (240\u20ac\/cada).<\/p><p>O pagamento em ato \u00fanico beneficia de um desconto de 10% no valor total (Valor final = 1080\u20ac). O pagamento da propina em ato \u00fanico dever\u00e1 ser realizado at\u00e9 10 de setembro.<\/p><p>O pagamento em tranches corresponde ao pagamento de 240\u20ac a cada dois meses. <br \/><br \/><strong>Prazos de pagamento:<\/strong><br \/>1. 240\u20ac at\u00e9 10 de setembro<br \/>2. 240\u20ac at\u00e9 10 de novembro<br \/>3. 240\u20ac at\u00e9 10 de janeiro<br \/>4. 240\u20ac at\u00e9 10 de mar\u00e7o <br \/>5. 240\u20ac at\u00e9 10 de maio<\/p><p>No caso do pagamento da propina em tranches o secretariado emite a nota de pagamento e o respetivo lembrete a cada dois meses. Caso o pagamento da tranche n\u00e3o seja efetuado dentro do prazo estabelecido, a\/o formanda\/o poder\u00e1 ser exclu\u00eddo\/n\u00e3o ser aceite para avalia\u00e7\u00e3o final. A emiss\u00e3o do certificado de conclus\u00e3o do ciclo formativo \u00e9 dependente do pagamento da\u00a0\u00faltima\u00a0tranche.<\/p>\t\t\t\t\t\t\t\t<\/div>\n\t\t\t\t<\/div>\n\t\t\t\t\t<\/div>\n\t\t\t\t<\/div>\n\t\t<div class=\"elementor-element elementor-element-aad595f e-flex e-con-boxed e-con e-parent\" data-id=\"aad595f\" data-element_type=\"container\">\n\t\t\t\t\t<div class=\"e-con-inner\">\n\t\t\t\t<div class=\"elementor-element elementor-element-28e1742 elementor-widget elementor-widget-text-editor\" data-id=\"28e1742\" data-element_type=\"widget\" data-settings=\"{&quot;ekit_we_effect_on&quot;:&quot;none&quot;}\" data-widget_type=\"text-editor.default\">\n\t\t\t\t<div class=\"elementor-widget-container\">\n\t\t\t\t\t\t\t\t\t<table width=\"689\"><tbody><tr><td width=\"321\"><strong>Unidades curriculares<\/strong><\/td><td width=\"151\"><strong>Horas de contato s\u00edncrono (ensino em plataforma Zoom)<\/strong><\/td><td width=\"132\"><strong>Horas de trabalho ass\u00edncrono (trabalho aut\u00f3nomo do estudante)<\/strong><\/td><td width=\"85\"><strong>Semestre<\/strong><\/td><\/tr><tr><td width=\"321\"><a href=\"https:\/\/spsc.pt\/curso\/wp-content\/uploads\/2024\/02\/FUC-Diversidade-sexual-e-de-genero.pdf\">Diversidade sexual e de g\u00e9nero<\/a><\/td><td width=\"151\">11<\/td><td width=\"132\">20<\/td><td width=\"85\">1<\/td><\/tr><tr><td width=\"321\"><a href=\"https:\/\/spsc.pt\/curso\/wp-content\/uploads\/2024\/02\/FUC-Sexualidade-desenvolvimento-e-transicoes-de-vida.pdf\">Sexualidade, desenvolvimento e transi\u00e7\u00f5es de vida<\/a><\/td><td width=\"151\">10<\/td><td width=\"132\">20<\/td><td width=\"85\">1<\/td><\/tr><tr><td width=\"321\"><a href=\"https:\/\/spsc.pt\/curso\/wp-content\/uploads\/2024\/02\/FUC-Saude-sexual.pdf\">Sa\u00fade sexual<\/a><\/td><td width=\"151\">10,5<\/td><td width=\"132\">20<\/td><td width=\"85\">1<\/td><\/tr><tr><td width=\"321\"><a href=\"https:\/\/spsc.pt\/curso\/wp-content\/uploads\/2024\/02\/FUC-Dinamicas-Relacionais-1.pdf\">Din\u00e2micas relacionais<\/a><\/td><td width=\"151\">6<\/td><td width=\"132\">12<\/td><td width=\"85\">1<\/td><\/tr><tr><td width=\"321\"><a href=\"https:\/\/spsc.pt\/curso\/wp-content\/uploads\/2025\/05\/FUC_Violencia_sexual.pdf\">Viol\u00eancia sexual<\/a><\/td><td width=\"151\">6<\/td><td width=\"132\">12<\/td><td width=\"85\">2<\/td><\/tr><tr><td width=\"321\"><a href=\"https:\/\/spsc.pt\/curso\/wp-content\/uploads\/2024\/02\/FUC-Educacao-sexual.pdf\">Educa\u00e7\u00e3o sexual<\/a><\/td><td width=\"151\">10<\/td><td width=\"132\">20<\/td><td width=\"85\">2<\/td><\/tr><tr><td width=\"321\"><a href=\"https:\/\/spsc.pt\/curso\/wp-content\/uploads\/2025\/04\/FUC-Fisiologia-e-questoes-de-reproducao.-Final.pdf\">Fisiologia e quest\u00f5es de reprodu\u00e7\u00e3o<\/a><\/td><td width=\"151\">6<\/td><td width=\"132\">12<\/td><td width=\"85\">2<\/td><\/tr><tr><td width=\"321\"><a href=\"https:\/\/spsc.pt\/curso\/wp-content\/uploads\/2025\/05\/FUC-Nosologia-clinica-e-modelos-1-05-25.pdf\">Nosologia cl\u00ednica e modelos de resposta sexual<\/a><\/td><td width=\"151\">6<\/td><td width=\"132\">12<\/td><td width=\"85\">2<\/td><\/tr><tr><td width=\"321\"><a href=\"https:\/\/spsc.pt\/curso\/wp-content\/uploads\/2024\/02\/FUC-Investigacao-em-sexologia.pdf\">Investiga\u00e7\u00e3o em Sexologia<\/a><\/td><td width=\"151\">3<\/td><td width=\"132\">6<\/td><td width=\"85\">2<\/td><\/tr><tr><td width=\"321\">Master classes internacionais<\/td><td width=\"151\">6<\/td><td width=\"132\">\u00a0<\/td><td width=\"85\">2<\/td><\/tr><tr><td width=\"321\">Slots para apresenta\u00e7\u00e3o oral de trabalhos;<\/td><td width=\"151\">3<\/td><td width=\"132\">\u00a0<\/td><td width=\"85\">\u00a0<\/td><\/tr><tr><td width=\"321\">Momentos Avaliativos<\/td><td width=\"151\">4<\/td><td width=\"132\">\u00a0<\/td><td width=\"85\">\u00a0<\/td><\/tr><tr><td width=\"321\">Total<\/td><td width=\"151\">81,5<\/td><td width=\"132\">128<\/td><td width=\"85\">\u00a0<\/td><\/tr><\/tbody><\/table>\t\t\t\t\t\t\t\t<\/div>\n\t\t\t\t<\/div>\n\t\t\t\t\t<\/div>\n\t\t\t\t<\/div>\n\t\t\t\t<\/div>\n\t\t","protected":false},"excerpt":{"rendered":"<p>Curso de Especializa\u00e7\u00e3o em Sexologia Cl\u00ednica da SPSC A atual edi\u00e7\u00e3o do Curso de Especializa\u00e7\u00e3o em Sexologia Cl\u00ednica da SPSC \u00e9 constitu\u00edda por um tronco comum aberto a profissionais de todas as \u00e1reas cient\u00edficas, com interesse ou necessidade de adquirir e potenciar conhecimentos na \u00e1rea lata da sexualidade humana. Decorre na modalidade ensino a distancia [&hellip;]<\/p>\n","protected":false},"author":1,"featured_media":0,"parent":0,"menu_order":0,"comment_status":"closed","ping_status":"closed","template":"template\/full-width-template.php","meta":{"footnotes":""},"class_list":["post-7660","page","type-page","status-publish","hentry"],"_links":{"self":[{"href":"https:\/\/spsc.pt\/curso\/wp-json\/wp\/v2\/pages\/7660","targetHints":{"allow":["GET"]}}],"collection":[{"href":"https:\/\/spsc.pt\/curso\/wp-json\/wp\/v2\/pages"}],"about":[{"href":"https:\/\/spsc.pt\/curso\/wp-json\/wp\/v2\/types\/page"}],"author":[{"embeddable":true,"href":"https:\/\/spsc.pt\/curso\/wp-json\/wp\/v2\/users\/1"}],"replies":[{"embeddable":true,"href":"https:\/\/spsc.pt\/curso\/wp-json\/wp\/v2\/comments?post=7660"}],"version-history":[{"count":67,"href":"https:\/\/spsc.pt\/curso\/wp-json\/wp\/v2\/pages\/7660\/revisions"}],"predecessor-version":[{"id":8783,"href":"https:\/\/spsc.pt\/curso\/wp-json\/wp\/v2\/pages\/7660\/revisions\/8783"}],"wp:attachment":[{"href":"https:\/\/spsc.pt\/curso\/wp-json\/wp\/v2\/media?parent=7660"}],"curies":[{"name":"wp","href":"https:\/\/api.w.org\/{rel}","templated":true}]}}