{"id":7675,"date":"2025-10-06T16:57:47","date_gmt":"2025-10-06T16:57:47","guid":{"rendered":"https:\/\/spsc.pt\/curso\/?page_id=7675"},"modified":"2025-10-06T16:57:47","modified_gmt":"2025-10-06T16:57:47","slug":"ramo-de-especialidade-terapia-sexual","status":"publish","type":"page","link":"https:\/\/spsc.pt\/curso\/ramo-de-especialidade-terapia-sexual\/","title":{"rendered":"Ramo de Especialidade &#8211; Terapia Sexual"},"content":{"rendered":"\t\t<div data-elementor-type=\"wp-page\" data-elementor-id=\"7675\" class=\"elementor elementor-7675\">\n\t\t\t\t<div class=\"elementor-element elementor-element-34e7e74 e-flex e-con-boxed e-con e-parent\" data-id=\"34e7e74\" data-element_type=\"container\">\n\t\t\t\t\t<div class=\"e-con-inner\">\n\t\t\t\t<div class=\"elementor-element elementor-element-ddc8cdc elementor-widget elementor-widget-spacer\" data-id=\"ddc8cdc\" data-element_type=\"widget\" data-settings=\"{&quot;ekit_we_effect_on&quot;:&quot;none&quot;}\" data-widget_type=\"spacer.default\">\n\t\t\t\t<div class=\"elementor-widget-container\">\n\t\t\t\t\t\t\t<div class=\"elementor-spacer\">\n\t\t\t<div class=\"elementor-spacer-inner\"><\/div>\n\t\t<\/div>\n\t\t\t\t\t\t<\/div>\n\t\t\t\t<\/div>\n\t\t\t\t<div class=\"elementor-element elementor-element-8815d99 elementor-widget elementor-widget-text-editor\" data-id=\"8815d99\" data-element_type=\"widget\" data-settings=\"{&quot;ekit_we_effect_on&quot;:&quot;none&quot;}\" data-widget_type=\"text-editor.default\">\n\t\t\t\t<div class=\"elementor-widget-container\">\n\t\t\t\t\t\t\t\t\t<p><strong>Ramo de especialidade de<\/strong> <strong>Terapia Sexual<\/strong>, destinado a profissionais da Psicologia (inscritos na Ordem dos Psic\u00f3logos Portugueses). M\u00e9dicos em internato de psiquiatria ou pedopsiquiatria, ou respetivos especialistas, podem optar por este ramo ou pelo ramo Medicina Sexual, consoante o seu interesse. O mesmo de aplica a m\u00e9dicos com forma\u00e7\u00e3o conclu\u00edda em psicoterapia.<\/p><p>Decorre em <strong>regime presencial<\/strong>, seja nos locais de est\u00e1gio (e.g., consultas em regime hospitalar, pr\u00e1tica comunit\u00e1ria), seja nos seus semin\u00e1rios quinzenais, em formato tert\u00falia, dinamizados por corpo docente da SPSC. \u00a0\u00a0<\/p><p>Todas as componentes s\u00e3o lecionadas e dinamizadas em l\u00edngua Portuguesa, exceto eventuais semin\u00e1rios internacionais, dinamizados em l\u00edngua Inglesa.<\/p><p>A conclus\u00e3o com sucesso dos <strong>Ramos de Especialidade<\/strong> resulta na atribui\u00e7\u00e3o de um <strong>Certificado em Terapia Sexual<\/strong>, reconhecido pela SPSC. \u00c9 tamb\u00e9m entregue uma <strong>Carta de Curso<\/strong> descritiva das componentes do mesmo. Este ciclo formativo corresponde a um total de 126 cr\u00e9ditos reconhecidos pela <strong>Ordem dos Psic\u00f3logos Portugueses<\/strong>. Al\u00e9m disso, ser\u00e1 reconhecida a <strong>Compet\u00eancia em Sexologia<\/strong> individualmente \u00e0s pessoas m\u00e9dicas que cumprirem ao longo do Curso (Tronco comum e outras Especializa\u00e7\u00f5es) os requisitos te\u00f3ricos e pr\u00e1ticos em vigor, e que solicitam esse reconhecimento ao Col\u00e9gio de Compet\u00eancia de Sexologia.<\/p><p>A abertura dos ramos de especialidade est\u00e1 prevista para data posterior ao t\u00e9rmino do tronco comum, e com cad\u00eancia dependente da disponibilidade e lota\u00e7\u00e3o dos locais de est\u00e1gio, para maior qualidade do ensino. Ser\u00e1 feita a an\u00e1lise de locais autopropostos, sobretudo de estudantes que habitem fora de Portugal continental, e sob garantia de qualidade e respeito por princ\u00edpios \u00e9ticos.\u00a0<\/p><p>Todas as unidades curriculares carecem de avalia\u00e7\u00e3o; o est\u00e1gio \u00e9 avaliado por relat\u00f3rio e respetiva defesa p\u00fablica.<\/p><p><strong>Valor da propina:<br \/><\/strong>Ramos de especialidade 1600 euros<\/p><p><em><strong>Nota:<\/strong> parte dos semin\u00e1rios cl\u00ednicos quinzenais, mediante organiza\u00e7\u00e3o pr\u00e9via dos seus dinamizadores, poder\u00e3o ser de car\u00e1cter multidisciplinar, juntando ambos os ramos de especialidade.<\/em><\/p>\t\t\t\t\t\t\t\t<\/div>\n\t\t\t\t<\/div>\n\t\t\t\t\t<\/div>\n\t\t\t\t<\/div>\n\t\t<div class=\"elementor-element elementor-element-2527d5a e-flex e-con-boxed e-con e-parent\" data-id=\"2527d5a\" data-element_type=\"container\">\n\t\t\t\t\t<div class=\"e-con-inner\">\n\t\t\t\t<div class=\"elementor-element elementor-element-85e3fd6 elementor-widget elementor-widget-text-editor\" data-id=\"85e3fd6\" data-element_type=\"widget\" data-settings=\"{&quot;ekit_we_effect_on&quot;:&quot;none&quot;}\" data-widget_type=\"text-editor.default\">\n\t\t\t\t<div class=\"elementor-widget-container\">\n\t\t\t\t\t\t\t\t\t<table width=\"706\"><tbody><tr><td width=\"141\"><p><strong>Unidade curricular<\/strong><\/p><\/td><td width=\"73\"><p><strong>Horas de contato s\u00edncrono<\/strong><\/p><\/td><\/tr><tr><td width=\"141\"><p><a href=\"https:\/\/spsc.pt\/curso\/wp-content\/uploads\/2024\/02\/FUC-Terapia-sexual.pdf\">Terapia sexual<\/a> (Plataforma Zoom)<\/p><\/td><td width=\"73\"><p>16<\/p><\/td><\/tr><tr><td width=\"141\"><p>Semin\u00e1rios cl\u00ednicos SPSC (presencial)<\/p><\/td><td width=\"73\"><p>2 (quinzenal)<\/p><\/td><\/tr><tr><td width=\"141\"><p>Est\u00e1gio (presencial)<\/p><\/td><td width=\"73\"><p>200<\/p><\/td><\/tr><\/tbody><\/table>\t\t\t\t\t\t\t\t<\/div>\n\t\t\t\t<\/div>\n\t\t\t\t\t<\/div>\n\t\t\t\t<\/div>\n\t\t\t\t<\/div>\n\t\t","protected":false},"excerpt":{"rendered":"<p>Ramo de especialidade de Terapia Sexual, destinado a profissionais da Psicologia (inscritos na Ordem dos Psic\u00f3logos Portugueses). M\u00e9dicos em internato de psiquiatria ou pedopsiquiatria, ou respetivos especialistas, podem optar por este ramo ou pelo ramo Medicina Sexual, consoante o seu interesse. O mesmo de aplica a m\u00e9dicos com forma\u00e7\u00e3o conclu\u00edda em psicoterapia. Decorre em regime [&hellip;]<\/p>\n","protected":false},"author":1,"featured_media":0,"parent":0,"menu_order":0,"comment_status":"closed","ping_status":"closed","template":"template\/full-width-template.php","meta":{"footnotes":""},"class_list":["post-7675","page","type-page","status-publish","hentry"],"_links":{"self":[{"href":"https:\/\/spsc.pt\/curso\/wp-json\/wp\/v2\/pages\/7675","targetHints":{"allow":["GET"]}}],"collection":[{"href":"https:\/\/spsc.pt\/curso\/wp-json\/wp\/v2\/pages"}],"about":[{"href":"https:\/\/spsc.pt\/curso\/wp-json\/wp\/v2\/types\/page"}],"author":[{"embeddable":true,"href":"https:\/\/spsc.pt\/curso\/wp-json\/wp\/v2\/users\/1"}],"replies":[{"embeddable":true,"href":"https:\/\/spsc.pt\/curso\/wp-json\/wp\/v2\/comments?post=7675"}],"version-history":[{"count":24,"href":"https:\/\/spsc.pt\/curso\/wp-json\/wp\/v2\/pages\/7675\/revisions"}],"predecessor-version":[{"id":8570,"href":"https:\/\/spsc.pt\/curso\/wp-json\/wp\/v2\/pages\/7675\/revisions\/8570"}],"wp:attachment":[{"href":"https:\/\/spsc.pt\/curso\/wp-json\/wp\/v2\/media?parent=7675"}],"curies":[{"name":"wp","href":"https:\/\/api.w.org\/{rel}","templated":true}]}}