{"id":7956,"date":"2024-02-20T23:05:37","date_gmt":"2024-02-20T23:05:37","guid":{"rendered":"https:\/\/spsc.pt\/curso\/?page_id=7956"},"modified":"2024-02-21T00:03:28","modified_gmt":"2024-02-21T00:03:28","slug":"jorge-gato","status":"publish","type":"page","link":"https:\/\/spsc.pt\/curso\/jorge-gato\/","title":{"rendered":"Jorge Gato"},"content":{"rendered":"\t\t<div data-elementor-type=\"wp-page\" data-elementor-id=\"7956\" class=\"elementor elementor-7956\">\n\t\t\t\t<div class=\"elementor-element elementor-element-11222cf e-flex e-con-boxed e-con e-parent\" data-id=\"11222cf\" data-element_type=\"container\">\n\t\t\t\t\t<div class=\"e-con-inner\">\n\t\t\t\t<div class=\"elementor-element elementor-element-4c25a7a elementor-widget elementor-widget-spacer\" data-id=\"4c25a7a\" data-element_type=\"widget\" data-settings=\"{&quot;ekit_we_effect_on&quot;:&quot;none&quot;}\" data-widget_type=\"spacer.default\">\n\t\t\t\t<div class=\"elementor-widget-container\">\n\t\t\t\t\t\t\t<div class=\"elementor-spacer\">\n\t\t\t<div class=\"elementor-spacer-inner\"><\/div>\n\t\t<\/div>\n\t\t\t\t\t\t<\/div>\n\t\t\t\t<\/div>\n\t\t\t\t\t<\/div>\n\t\t\t\t<\/div>\n\t\t<div class=\"elementor-element elementor-element-1c07b1d e-flex e-con-boxed e-con e-parent\" data-id=\"1c07b1d\" data-element_type=\"container\">\n\t\t\t\t\t<div class=\"e-con-inner\">\n\t\t<div class=\"elementor-element elementor-element-7ca4d92 e-con-full e-flex e-con e-child\" data-id=\"7ca4d92\" data-element_type=\"container\">\n\t\t\t\t<div class=\"elementor-element elementor-element-42abee8 elementor-widget elementor-widget-image\" data-id=\"42abee8\" data-element_type=\"widget\" data-settings=\"{&quot;ekit_we_effect_on&quot;:&quot;none&quot;}\" data-widget_type=\"image.default\">\n\t\t\t\t<div class=\"elementor-widget-container\">\n\t\t\t\t\t\t\t\t\t\t\t\t\t\t\t<img decoding=\"async\" src=\"https:\/\/spsc.pt\/curso\/wp-content\/uploads\/elementor\/thumbs\/P3-r42d1mx8eho66fvfi9fijnk6ke081bsbapbk3vobkg.jpg\" title=\"P3\" alt=\"P3\" loading=\"lazy\" \/>\t\t\t\t\t\t\t\t\t\t\t\t\t\t\t<\/div>\n\t\t\t\t<\/div>\n\t\t\t\t<\/div>\n\t\t<div class=\"elementor-element elementor-element-4d07c55 e-con-full e-flex e-con e-child\" data-id=\"4d07c55\" data-element_type=\"container\">\n\t\t\t\t<div class=\"elementor-element elementor-element-df323f3 elementor-widget elementor-widget-text-editor\" data-id=\"df323f3\" data-element_type=\"widget\" data-settings=\"{&quot;ekit_we_effect_on&quot;:&quot;none&quot;}\" data-widget_type=\"text-editor.default\">\n\t\t\t\t<div class=\"elementor-widget-container\">\n\t\t\t\t\t\t\t\t\t<p><strong>Jorge Gato<\/strong><\/p><p>Jorge Gato doutorou-se em Psicologia na Universidade do Porto, com uma tese sobre fam\u00edlias formadas por pessoas LGBTQ+. <br \/>\u00c9 Terapeuta Sist\u00e9mico e Familiar pela Sociedade Portuguesa de Terapia Familiar e especialista em Psicologia Cl\u00ednica e da Sa\u00fade, com Especialidade Avan\u00e7ada em Psicoterapia, pela OPP. <br \/>Atualmente \u00e9 Investigador no Centro de Psicologia da Universidade do Porto. <br \/><br \/>Est\u00e1 convicto de que os\/as psic\u00f3logos\/as t\u00eam um papel imprescind\u00edvel na sociedade contempor\u00e2nea, quer a n\u00edvel da promo\u00e7\u00e3o da mudan\u00e7a pessoal, quer da mudan\u00e7a social. <br \/>Nesta medida, al\u00e9m do trabalho cl\u00ednico e de investiga\u00e7\u00e3o, interv\u00e9m ativamente na defesa dos direitos humanos das pessoas LGBTQ+.<\/p>\t\t\t\t\t\t\t\t<\/div>\n\t\t\t\t<\/div>\n\t\t\t\t<\/div>\n\t\t\t\t\t<\/div>\n\t\t\t\t<\/div>\n\t\t\t\t<\/div>\n\t\t","protected":false},"excerpt":{"rendered":"<p>Jorge Gato Jorge Gato doutorou-se em Psicologia na Universidade do Porto, com uma tese sobre fam\u00edlias formadas por pessoas LGBTQ+. \u00c9 Terapeuta Sist\u00e9mico e Familiar pela Sociedade Portuguesa de Terapia Familiar e especialista em Psicologia Cl\u00ednica e da Sa\u00fade, com Especialidade Avan\u00e7ada em Psicoterapia, pela OPP. Atualmente \u00e9 Investigador no Centro de Psicologia da Universidade [&hellip;]<\/p>\n","protected":false},"author":1,"featured_media":0,"parent":0,"menu_order":0,"comment_status":"closed","ping_status":"closed","template":"template\/full-width-template.php","meta":{"footnotes":""},"class_list":["post-7956","page","type-page","status-publish","hentry"],"_links":{"self":[{"href":"https:\/\/spsc.pt\/curso\/wp-json\/wp\/v2\/pages\/7956","targetHints":{"allow":["GET"]}}],"collection":[{"href":"https:\/\/spsc.pt\/curso\/wp-json\/wp\/v2\/pages"}],"about":[{"href":"https:\/\/spsc.pt\/curso\/wp-json\/wp\/v2\/types\/page"}],"author":[{"embeddable":true,"href":"https:\/\/spsc.pt\/curso\/wp-json\/wp\/v2\/users\/1"}],"replies":[{"embeddable":true,"href":"https:\/\/spsc.pt\/curso\/wp-json\/wp\/v2\/comments?post=7956"}],"version-history":[{"count":5,"href":"https:\/\/spsc.pt\/curso\/wp-json\/wp\/v2\/pages\/7956\/revisions"}],"predecessor-version":[{"id":8087,"href":"https:\/\/spsc.pt\/curso\/wp-json\/wp\/v2\/pages\/7956\/revisions\/8087"}],"wp:attachment":[{"href":"https:\/\/spsc.pt\/curso\/wp-json\/wp\/v2\/media?parent=7956"}],"curies":[{"name":"wp","href":"https:\/\/api.w.org\/{rel}","templated":true}]}}