{"id":7966,"date":"2024-02-20T23:09:34","date_gmt":"2024-02-20T23:09:34","guid":{"rendered":"https:\/\/spsc.pt\/curso\/?page_id=7966"},"modified":"2024-02-21T23:23:02","modified_gmt":"2024-02-21T23:23:02","slug":"ines-tavares","status":"publish","type":"page","link":"https:\/\/spsc.pt\/curso\/ines-tavares\/","title":{"rendered":"In\u00eas Tavares"},"content":{"rendered":"\t\t<div data-elementor-type=\"wp-page\" data-elementor-id=\"7966\" class=\"elementor elementor-7966\">\n\t\t\t\t<div class=\"elementor-element elementor-element-3e2dc6b e-flex e-con-boxed e-con e-parent\" data-id=\"3e2dc6b\" data-element_type=\"container\">\n\t\t\t\t\t<div class=\"e-con-inner\">\n\t\t\t\t<div class=\"elementor-element elementor-element-cbeca59 elementor-widget elementor-widget-spacer\" data-id=\"cbeca59\" data-element_type=\"widget\" data-settings=\"{&quot;ekit_we_effect_on&quot;:&quot;none&quot;}\" data-widget_type=\"spacer.default\">\n\t\t\t\t<div class=\"elementor-widget-container\">\n\t\t\t\t\t\t\t<div class=\"elementor-spacer\">\n\t\t\t<div class=\"elementor-spacer-inner\"><\/div>\n\t\t<\/div>\n\t\t\t\t\t\t<\/div>\n\t\t\t\t<\/div>\n\t\t\t\t\t<\/div>\n\t\t\t\t<\/div>\n\t\t<div class=\"elementor-element elementor-element-13f03a7 e-flex e-con-boxed e-con e-parent\" data-id=\"13f03a7\" data-element_type=\"container\">\n\t\t\t\t\t<div class=\"e-con-inner\">\n\t\t<div class=\"elementor-element elementor-element-31de20c e-con-full e-flex e-con e-child\" data-id=\"31de20c\" data-element_type=\"container\">\n\t\t\t\t<div class=\"elementor-element elementor-element-6636381 elementor-widget elementor-widget-image\" data-id=\"6636381\" data-element_type=\"widget\" data-settings=\"{&quot;ekit_we_effect_on&quot;:&quot;none&quot;}\" data-widget_type=\"image.default\">\n\t\t\t\t<div class=\"elementor-widget-container\">\n\t\t\t\t\t\t\t\t\t\t\t\t\t\t\t<img decoding=\"async\" src=\"https:\/\/spsc.pt\/curso\/wp-content\/uploads\/elementor\/thumbs\/p1-r42d1mx8eho66fvfi9fijnk6ke081bsbapbk3vobkg.jpg\" title=\"p1\" alt=\"p1\" loading=\"lazy\" \/>\t\t\t\t\t\t\t\t\t\t\t\t\t\t\t<\/div>\n\t\t\t\t<\/div>\n\t\t\t\t<\/div>\n\t\t<div class=\"elementor-element elementor-element-59da249 e-con-full e-flex e-con e-child\" data-id=\"59da249\" data-element_type=\"container\">\n\t\t\t\t<div class=\"elementor-element elementor-element-7be944d elementor-widget elementor-widget-text-editor\" data-id=\"7be944d\" data-element_type=\"widget\" data-settings=\"{&quot;ekit_we_effect_on&quot;:&quot;none&quot;}\" data-widget_type=\"text-editor.default\">\n\t\t\t\t<div class=\"elementor-widget-container\">\n\t\t\t\t\t\t\t\t\t<p><strong>In\u00eas Tavares<\/strong><\/p><p>In\u00eas Tavares \u00e9 Professora Auxiliar na Universidade Lus\u00f3fona, Centro Universit\u00e1rio do Porto. <br \/>Doutorada em Psicologia pela Faculdade de Psicologia e de Ci\u00eancias da Educa\u00e7\u00e3o da Universidade do Porto, onde obteve tamb\u00e9m o Mestrado em Psicologia Cl\u00ednica. <br \/>Realizou o seu p\u00f3s-doutoramento nas Universidades de British Columbia e Dalhousie (Canad\u00e1). <br \/>Terapeuta sexual pela Sociedade Portuguesa de Sexologia Cl\u00ednica e Terapeuta de Casal em Forma\u00e7\u00e3o em Terapia de Casal Focada nas Emo\u00e7\u00f5es pelo International Centre for Excellence in Emotionally Focused Therapy. <br \/>As suas \u00e1reas de interesse incluem disfun\u00e7\u00f5es sexuais e determinantes psicol\u00f3gicos e relacionais do bem-estar sexual em adultos, particularmente em fases desafiantes de transi\u00e7\u00e3o, como a gravidez e o p\u00f3s-parto. <br \/>Desenvolve pr\u00e1tica cl\u00ednica privada com indiv\u00edduos e casais. <br \/>\u00c9 membro de um cons\u00f3rcio internacional sobre sa\u00fade sexual e reprodutiva, bem como de sociedades cient\u00edficas internacionais (International Academy of Sex Research, International Society for Sexual Medicine) e \u00e9 membro do Editorial Board de v\u00e1rias revistas cient\u00edficas (Journal of Sex Research, Journal of Sexual Medicine).\u00a0 <\/p>\t\t\t\t\t\t\t\t<\/div>\n\t\t\t\t<\/div>\n\t\t\t\t<\/div>\n\t\t\t\t\t<\/div>\n\t\t\t\t<\/div>\n\t\t\t\t<\/div>\n\t\t","protected":false},"excerpt":{"rendered":"<p>In\u00eas Tavares In\u00eas Tavares \u00e9 Professora Auxiliar na Universidade Lus\u00f3fona, Centro Universit\u00e1rio do Porto. Doutorada em Psicologia pela Faculdade de Psicologia e de Ci\u00eancias da Educa\u00e7\u00e3o da Universidade do Porto, onde obteve tamb\u00e9m o Mestrado em Psicologia Cl\u00ednica. Realizou o seu p\u00f3s-doutoramento nas Universidades de British Columbia e Dalhousie (Canad\u00e1). Terapeuta sexual pela Sociedade Portuguesa [&hellip;]<\/p>\n","protected":false},"author":1,"featured_media":0,"parent":0,"menu_order":0,"comment_status":"closed","ping_status":"closed","template":"template\/full-width-template.php","meta":{"footnotes":""},"class_list":["post-7966","page","type-page","status-publish","hentry"],"_links":{"self":[{"href":"https:\/\/spsc.pt\/curso\/wp-json\/wp\/v2\/pages\/7966","targetHints":{"allow":["GET"]}}],"collection":[{"href":"https:\/\/spsc.pt\/curso\/wp-json\/wp\/v2\/pages"}],"about":[{"href":"https:\/\/spsc.pt\/curso\/wp-json\/wp\/v2\/types\/page"}],"author":[{"embeddable":true,"href":"https:\/\/spsc.pt\/curso\/wp-json\/wp\/v2\/users\/1"}],"replies":[{"embeddable":true,"href":"https:\/\/spsc.pt\/curso\/wp-json\/wp\/v2\/comments?post=7966"}],"version-history":[{"count":8,"href":"https:\/\/spsc.pt\/curso\/wp-json\/wp\/v2\/pages\/7966\/revisions"}],"predecessor-version":[{"id":8119,"href":"https:\/\/spsc.pt\/curso\/wp-json\/wp\/v2\/pages\/7966\/revisions\/8119"}],"wp:attachment":[{"href":"https:\/\/spsc.pt\/curso\/wp-json\/wp\/v2\/media?parent=7966"}],"curies":[{"name":"wp","href":"https:\/\/api.w.org\/{rel}","templated":true}]}}