{"id":7971,"date":"2024-02-20T23:11:47","date_gmt":"2024-02-20T23:11:47","guid":{"rendered":"https:\/\/spsc.pt\/curso\/?page_id=7971"},"modified":"2024-02-21T00:04:58","modified_gmt":"2024-02-21T00:04:58","slug":"ricardo-barroso","status":"publish","type":"page","link":"https:\/\/spsc.pt\/curso\/ricardo-barroso\/","title":{"rendered":"Ricardo Barroso"},"content":{"rendered":"\t\t<div data-elementor-type=\"wp-page\" data-elementor-id=\"7971\" class=\"elementor elementor-7971\">\n\t\t\t\t<div class=\"elementor-element elementor-element-84eeaa9 e-flex e-con-boxed e-con e-parent\" data-id=\"84eeaa9\" data-element_type=\"container\">\n\t\t\t\t\t<div class=\"e-con-inner\">\n\t\t\t\t<div class=\"elementor-element elementor-element-77d9bea elementor-widget elementor-widget-spacer\" data-id=\"77d9bea\" data-element_type=\"widget\" data-settings=\"{&quot;ekit_we_effect_on&quot;:&quot;none&quot;}\" data-widget_type=\"spacer.default\">\n\t\t\t\t<div class=\"elementor-widget-container\">\n\t\t\t\t\t\t\t<div class=\"elementor-spacer\">\n\t\t\t<div class=\"elementor-spacer-inner\"><\/div>\n\t\t<\/div>\n\t\t\t\t\t\t<\/div>\n\t\t\t\t<\/div>\n\t\t\t\t\t<\/div>\n\t\t\t\t<\/div>\n\t\t<div class=\"elementor-element elementor-element-301b78c e-flex e-con-boxed e-con e-parent\" data-id=\"301b78c\" data-element_type=\"container\">\n\t\t\t\t\t<div class=\"e-con-inner\">\n\t\t<div class=\"elementor-element elementor-element-7e19d38 e-con-full e-flex e-con e-child\" data-id=\"7e19d38\" data-element_type=\"container\">\n\t\t\t\t<div class=\"elementor-element elementor-element-4959d1b elementor-widget elementor-widget-image\" data-id=\"4959d1b\" data-element_type=\"widget\" data-settings=\"{&quot;ekit_we_effect_on&quot;:&quot;none&quot;}\" data-widget_type=\"image.default\">\n\t\t\t\t<div class=\"elementor-widget-container\">\n\t\t\t\t\t\t\t\t\t\t\t\t\t\t\t<img decoding=\"async\" src=\"https:\/\/spsc.pt\/curso\/wp-content\/uploads\/elementor\/thumbs\/P4-r42d1mx8eho66fvfi9fijnk6ke081bsbapbk3vobkg.jpg\" title=\"P4\" alt=\"P4\" loading=\"lazy\" \/>\t\t\t\t\t\t\t\t\t\t\t\t\t\t\t<\/div>\n\t\t\t\t<\/div>\n\t\t\t\t<\/div>\n\t\t<div class=\"elementor-element elementor-element-b16d2de e-con-full e-flex e-con e-child\" data-id=\"b16d2de\" data-element_type=\"container\">\n\t\t\t\t<div class=\"elementor-element elementor-element-f1fb84f elementor-widget elementor-widget-text-editor\" data-id=\"f1fb84f\" data-element_type=\"widget\" data-settings=\"{&quot;ekit_we_effect_on&quot;:&quot;none&quot;}\" data-widget_type=\"text-editor.default\">\n\t\t\t\t<div class=\"elementor-widget-container\">\n\t\t\t\t\t\t\t\t\t<p><strong>Ricardo Barroso<\/strong><br \/><br \/>Psic\u00f3logo, com especializa\u00e7\u00e3o em Psicologia Cl\u00ednica e Psicologia Forense. Professor Associado na UTAD. <br \/>Desde h\u00e1 v\u00e1rios anos que tem dedicado especial aten\u00e7\u00e3o aos processos de avalia\u00e7\u00e3o e interven\u00e7\u00e3o cl\u00ednica nos comportamentos agressivos em jovens e adultos. <br \/>No \u00e2mbito da interven\u00e7\u00e3o psicol\u00f3gica com agressores sexuais j\u00e1 foi consultor de organiza\u00e7\u00f5es governamentais nacionais (ex: Minist\u00e9rio da Justi\u00e7a) e internacionais (ex: Na\u00e7\u00f5es Unidas). <br \/>Recentemente nomeado membro do Grupo VITA, criado pela Confer\u00eancia Episcopal Portuguesa no sentido de coordenar a resposta da Igreja aos abusos sexuais na igreja cat\u00f3lica. <br \/>Atual Presidente da Sociedade Portuguesa de Psiquiatria e Psicologia da Justi\u00e7a.<\/p>\t\t\t\t\t\t\t\t<\/div>\n\t\t\t\t<\/div>\n\t\t\t\t<\/div>\n\t\t\t\t\t<\/div>\n\t\t\t\t<\/div>\n\t\t\t\t<\/div>\n\t\t","protected":false},"excerpt":{"rendered":"<p>Ricardo Barroso Psic\u00f3logo, com especializa\u00e7\u00e3o em Psicologia Cl\u00ednica e Psicologia Forense. Professor Associado na UTAD. Desde h\u00e1 v\u00e1rios anos que tem dedicado especial aten\u00e7\u00e3o aos processos de avalia\u00e7\u00e3o e interven\u00e7\u00e3o cl\u00ednica nos comportamentos agressivos em jovens e adultos. No \u00e2mbito da interven\u00e7\u00e3o psicol\u00f3gica com agressores sexuais j\u00e1 foi consultor de organiza\u00e7\u00f5es governamentais nacionais (ex: Minist\u00e9rio [&hellip;]<\/p>\n","protected":false},"author":1,"featured_media":0,"parent":0,"menu_order":0,"comment_status":"closed","ping_status":"closed","template":"template\/full-width-template.php","meta":{"footnotes":""},"class_list":["post-7971","page","type-page","status-publish","hentry"],"_links":{"self":[{"href":"https:\/\/spsc.pt\/curso\/wp-json\/wp\/v2\/pages\/7971","targetHints":{"allow":["GET"]}}],"collection":[{"href":"https:\/\/spsc.pt\/curso\/wp-json\/wp\/v2\/pages"}],"about":[{"href":"https:\/\/spsc.pt\/curso\/wp-json\/wp\/v2\/types\/page"}],"author":[{"embeddable":true,"href":"https:\/\/spsc.pt\/curso\/wp-json\/wp\/v2\/users\/1"}],"replies":[{"embeddable":true,"href":"https:\/\/spsc.pt\/curso\/wp-json\/wp\/v2\/comments?post=7971"}],"version-history":[{"count":5,"href":"https:\/\/spsc.pt\/curso\/wp-json\/wp\/v2\/pages\/7971\/revisions"}],"predecessor-version":[{"id":8090,"href":"https:\/\/spsc.pt\/curso\/wp-json\/wp\/v2\/pages\/7971\/revisions\/8090"}],"wp:attachment":[{"href":"https:\/\/spsc.pt\/curso\/wp-json\/wp\/v2\/media?parent=7971"}],"curies":[{"name":"wp","href":"https:\/\/api.w.org\/{rel}","templated":true}]}}