{"id":7976,"date":"2024-02-20T23:13:39","date_gmt":"2024-02-20T23:13:39","guid":{"rendered":"https:\/\/spsc.pt\/curso\/?page_id=7976"},"modified":"2024-02-26T13:08:33","modified_gmt":"2024-02-26T13:08:33","slug":"ana-quinta-gomes","status":"publish","type":"page","link":"https:\/\/spsc.pt\/curso\/ana-quinta-gomes\/","title":{"rendered":"Ana Quinta Gomes"},"content":{"rendered":"\t\t<div data-elementor-type=\"wp-page\" data-elementor-id=\"7976\" class=\"elementor elementor-7976\">\n\t\t\t\t<div class=\"elementor-element elementor-element-07dd586 e-flex e-con-boxed e-con e-parent\" data-id=\"07dd586\" data-element_type=\"container\">\n\t\t\t\t\t<div class=\"e-con-inner\">\n\t\t\t\t<div class=\"elementor-element elementor-element-8f37be7 elementor-widget elementor-widget-spacer\" data-id=\"8f37be7\" data-element_type=\"widget\" data-settings=\"{&quot;ekit_we_effect_on&quot;:&quot;none&quot;}\" data-widget_type=\"spacer.default\">\n\t\t\t\t<div class=\"elementor-widget-container\">\n\t\t\t\t\t\t\t<div class=\"elementor-spacer\">\n\t\t\t<div class=\"elementor-spacer-inner\"><\/div>\n\t\t<\/div>\n\t\t\t\t\t\t<\/div>\n\t\t\t\t<\/div>\n\t\t\t\t\t<\/div>\n\t\t\t\t<\/div>\n\t\t<div class=\"elementor-element elementor-element-fae5fac e-flex e-con-boxed e-con e-parent\" data-id=\"fae5fac\" data-element_type=\"container\">\n\t\t\t\t\t<div class=\"e-con-inner\">\n\t\t<div class=\"elementor-element elementor-element-c3ccf58 e-con-full e-flex e-con e-child\" data-id=\"c3ccf58\" data-element_type=\"container\">\n\t\t\t\t<div class=\"elementor-element elementor-element-0586420 elementor-widget elementor-widget-image\" data-id=\"0586420\" data-element_type=\"widget\" data-settings=\"{&quot;ekit_we_effect_on&quot;:&quot;none&quot;}\" data-widget_type=\"image.default\">\n\t\t\t\t<div class=\"elementor-widget-container\">\n\t\t\t\t\t\t\t\t\t\t\t\t\t\t\t<img decoding=\"async\" src=\"https:\/\/spsc.pt\/curso\/wp-content\/uploads\/elementor\/thumbs\/p15-r42d1mx8eho66fvfi9fijnk6ke081bsbapbk3vobkg.jpg\" title=\"p15\" alt=\"p15\" loading=\"lazy\" \/>\t\t\t\t\t\t\t\t\t\t\t\t\t\t\t<\/div>\n\t\t\t\t<\/div>\n\t\t\t\t<\/div>\n\t\t<div class=\"elementor-element elementor-element-eca68e1 e-con-full e-flex e-con e-child\" data-id=\"eca68e1\" data-element_type=\"container\">\n\t\t\t\t<div class=\"elementor-element elementor-element-c57de23 elementor-widget elementor-widget-text-editor\" data-id=\"c57de23\" data-element_type=\"widget\" data-settings=\"{&quot;ekit_we_effect_on&quot;:&quot;none&quot;}\" data-widget_type=\"text-editor.default\">\n\t\t\t\t<div class=\"elementor-widget-container\">\n\t\t\t\t\t\t\t\t\t<p><strong>Ana Quinta Gomes<\/strong><\/p><p>Ana Lu\u00edsa Quinta Gomes \u00e9 doutorada em Psicologia e atualmente Investigadora Auxiliar do Centro de Psicologia da Universidade do Porto e do Grupo de Investiga\u00e7\u00e3o em Sexualidade e G\u00e9nero (SexLab) da Faculdade de Psicologia e de Ci\u00eancias da Educa\u00e7\u00e3o da Universidade do Porto. Integra o corpo docente do Programa Doutoral em Sexualidade Humana da Universidade do Porto. <br \/>\u00c9 especialista em Psicologia Cl\u00ednica, Psicoterapia e em Sexologia pela Ordem dos Psic\u00f3logos Portugueses e terapeuta sexual acreditada pela Sociedade Portuguesa de Sexologia Cl\u00ednica. <br \/>\u00c9 coordenadora da Consulta de Sa\u00fade Sexual (Sexologia Cl\u00ednica) da Universidade do Porto onde exerce tamb\u00e9m atividade cl\u00ednica. <br \/>Desenvolve investiga\u00e7\u00e3o em torno das \u00e1reas tem\u00e1ticas dos fatores de vulnerabilidade psicol\u00f3gica para disfun\u00e7\u00e3o sexual, determinantes da sa\u00fade sexual em doentes com cancro (Oncosexologia) e doen\u00e7as cr\u00f3nicas e interven\u00e7\u00f5es psicol\u00f3gicas baseadas na evid\u00eancia (convencionais e digitais).<br \/><a href=\"https:\/\/www.cienciavitae.pt\/cv\/\">https:\/\/www.cienciavitae.pt\/cv\/<\/a><\/p>\t\t\t\t\t\t\t\t<\/div>\n\t\t\t\t<\/div>\n\t\t\t\t<\/div>\n\t\t\t\t\t<\/div>\n\t\t\t\t<\/div>\n\t\t\t\t<\/div>\n\t\t","protected":false},"excerpt":{"rendered":"<p>Ana Quinta Gomes Ana Lu\u00edsa Quinta Gomes \u00e9 doutorada em Psicologia e atualmente Investigadora Auxiliar do Centro de Psicologia da Universidade do Porto e do Grupo de Investiga\u00e7\u00e3o em Sexualidade e G\u00e9nero (SexLab) da Faculdade de Psicologia e de Ci\u00eancias da Educa\u00e7\u00e3o da Universidade do Porto. Integra o corpo docente do Programa Doutoral em Sexualidade [&hellip;]<\/p>\n","protected":false},"author":1,"featured_media":0,"parent":0,"menu_order":0,"comment_status":"closed","ping_status":"closed","template":"template\/full-width-template.php","meta":{"footnotes":""},"class_list":["post-7976","page","type-page","status-publish","hentry"],"_links":{"self":[{"href":"https:\/\/spsc.pt\/curso\/wp-json\/wp\/v2\/pages\/7976","targetHints":{"allow":["GET"]}}],"collection":[{"href":"https:\/\/spsc.pt\/curso\/wp-json\/wp\/v2\/pages"}],"about":[{"href":"https:\/\/spsc.pt\/curso\/wp-json\/wp\/v2\/types\/page"}],"author":[{"embeddable":true,"href":"https:\/\/spsc.pt\/curso\/wp-json\/wp\/v2\/users\/1"}],"replies":[{"embeddable":true,"href":"https:\/\/spsc.pt\/curso\/wp-json\/wp\/v2\/comments?post=7976"}],"version-history":[{"count":14,"href":"https:\/\/spsc.pt\/curso\/wp-json\/wp\/v2\/pages\/7976\/revisions"}],"predecessor-version":[{"id":8180,"href":"https:\/\/spsc.pt\/curso\/wp-json\/wp\/v2\/pages\/7976\/revisions\/8180"}],"wp:attachment":[{"href":"https:\/\/spsc.pt\/curso\/wp-json\/wp\/v2\/media?parent=7976"}],"curies":[{"name":"wp","href":"https:\/\/api.w.org\/{rel}","templated":true}]}}