{"id":7981,"date":"2024-02-20T23:14:54","date_gmt":"2024-02-20T23:14:54","guid":{"rendered":"https:\/\/spsc.pt\/curso\/?page_id=7981"},"modified":"2024-02-21T00:05:34","modified_gmt":"2024-02-21T00:05:34","slug":"maria-joana-almeida","status":"publish","type":"page","link":"https:\/\/spsc.pt\/curso\/maria-joana-almeida\/","title":{"rendered":"Maria Joana Almeida"},"content":{"rendered":"\t\t<div data-elementor-type=\"wp-page\" data-elementor-id=\"7981\" class=\"elementor elementor-7981\">\n\t\t\t\t<div class=\"elementor-element elementor-element-376ad22 e-flex e-con-boxed e-con e-parent\" data-id=\"376ad22\" data-element_type=\"container\">\n\t\t\t\t\t<div class=\"e-con-inner\">\n\t\t\t\t<div class=\"elementor-element elementor-element-e2fcbd2 elementor-widget elementor-widget-spacer\" data-id=\"e2fcbd2\" data-element_type=\"widget\" data-settings=\"{&quot;ekit_we_effect_on&quot;:&quot;none&quot;}\" data-widget_type=\"spacer.default\">\n\t\t\t\t<div class=\"elementor-widget-container\">\n\t\t\t\t\t\t\t<div class=\"elementor-spacer\">\n\t\t\t<div class=\"elementor-spacer-inner\"><\/div>\n\t\t<\/div>\n\t\t\t\t\t\t<\/div>\n\t\t\t\t<\/div>\n\t\t\t\t\t<\/div>\n\t\t\t\t<\/div>\n\t\t<div class=\"elementor-element elementor-element-0a69b3e e-flex e-con-boxed e-con e-parent\" data-id=\"0a69b3e\" data-element_type=\"container\">\n\t\t\t\t\t<div class=\"e-con-inner\">\n\t\t<div class=\"elementor-element elementor-element-a6e8efc e-con-full e-flex e-con e-child\" data-id=\"a6e8efc\" data-element_type=\"container\">\n\t\t\t\t<div class=\"elementor-element elementor-element-89181b1 elementor-widget elementor-widget-image\" data-id=\"89181b1\" data-element_type=\"widget\" data-settings=\"{&quot;ekit_we_effect_on&quot;:&quot;none&quot;}\" data-widget_type=\"image.default\">\n\t\t\t\t<div class=\"elementor-widget-container\">\n\t\t\t\t\t\t\t\t\t\t\t\t\t\t\t<img decoding=\"async\" src=\"https:\/\/spsc.pt\/curso\/wp-content\/uploads\/elementor\/thumbs\/P6-r42d1mx8eho66fvfi9fijnk6ke081bsbapbk3vobkg.jpg\" title=\"P6\" alt=\"P6\" loading=\"lazy\" \/>\t\t\t\t\t\t\t\t\t\t\t\t\t\t\t<\/div>\n\t\t\t\t<\/div>\n\t\t\t\t<\/div>\n\t\t<div class=\"elementor-element elementor-element-acab045 e-con-full e-flex e-con e-child\" data-id=\"acab045\" data-element_type=\"container\">\n\t\t\t\t<div class=\"elementor-element elementor-element-1563a01 elementor-widget elementor-widget-text-editor\" data-id=\"1563a01\" data-element_type=\"widget\" data-settings=\"{&quot;ekit_we_effect_on&quot;:&quot;none&quot;}\" data-widget_type=\"text-editor.default\">\n\t\t\t\t<div class=\"elementor-widget-container\">\n\t\t\t\t\t\t\t\t\t<p><strong>Maria Joana Almeida<\/strong><br \/><br \/>Psic\u00f3loga Cl\u00ednica cognitivo-comportamental pela Faculdade de Psicologia da Universidade de Coimbra. <br \/>Especialista em Psicologia da Sa\u00fade e Especialidade Avan\u00e7ada em Sexologia da Ordem dos Psic\u00f3logos. <br \/>Terapeuta Sexual acreditada pela Sociedade Portuguesa de Sexologia Cl\u00ednica. Mestre em Sexologia Cl\u00ednica pela Universidade Lus\u00f3fona. <br \/>Terapeuta EMDR. <br \/>Actividade cl\u00ednica e formativa no Centro de Desenvolvimento Infantil \u2013 Diferen\u00e7as, na Consulta de Sexualidade\u00a0na\u00a0neurodiversidade.\u00a0<br \/>Exerce actividade cl\u00ednica e formativa tamb\u00e9m com a UNICEF no apoio ao staff e na empresa multinacional Workplace Options.<\/p>\t\t\t\t\t\t\t\t<\/div>\n\t\t\t\t<\/div>\n\t\t\t\t<\/div>\n\t\t\t\t\t<\/div>\n\t\t\t\t<\/div>\n\t\t\t\t<\/div>\n\t\t","protected":false},"excerpt":{"rendered":"<p>Maria Joana Almeida Psic\u00f3loga Cl\u00ednica cognitivo-comportamental pela Faculdade de Psicologia da Universidade de Coimbra. Especialista em Psicologia da Sa\u00fade e Especialidade Avan\u00e7ada em Sexologia da Ordem dos Psic\u00f3logos. Terapeuta Sexual acreditada pela Sociedade Portuguesa de Sexologia Cl\u00ednica. Mestre em Sexologia Cl\u00ednica pela Universidade Lus\u00f3fona. Terapeuta EMDR. Actividade cl\u00ednica e formativa no Centro de Desenvolvimento Infantil [&hellip;]<\/p>\n","protected":false},"author":1,"featured_media":0,"parent":0,"menu_order":0,"comment_status":"closed","ping_status":"closed","template":"template\/full-width-template.php","meta":{"footnotes":""},"class_list":["post-7981","page","type-page","status-publish","hentry"],"_links":{"self":[{"href":"https:\/\/spsc.pt\/curso\/wp-json\/wp\/v2\/pages\/7981","targetHints":{"allow":["GET"]}}],"collection":[{"href":"https:\/\/spsc.pt\/curso\/wp-json\/wp\/v2\/pages"}],"about":[{"href":"https:\/\/spsc.pt\/curso\/wp-json\/wp\/v2\/types\/page"}],"author":[{"embeddable":true,"href":"https:\/\/spsc.pt\/curso\/wp-json\/wp\/v2\/users\/1"}],"replies":[{"embeddable":true,"href":"https:\/\/spsc.pt\/curso\/wp-json\/wp\/v2\/comments?post=7981"}],"version-history":[{"count":5,"href":"https:\/\/spsc.pt\/curso\/wp-json\/wp\/v2\/pages\/7981\/revisions"}],"predecessor-version":[{"id":8092,"href":"https:\/\/spsc.pt\/curso\/wp-json\/wp\/v2\/pages\/7981\/revisions\/8092"}],"wp:attachment":[{"href":"https:\/\/spsc.pt\/curso\/wp-json\/wp\/v2\/media?parent=7981"}],"curies":[{"name":"wp","href":"https:\/\/api.w.org\/{rel}","templated":true}]}}