{"id":7991,"date":"2024-02-20T23:18:32","date_gmt":"2024-02-20T23:18:32","guid":{"rendered":"https:\/\/spsc.pt\/curso\/?page_id=7991"},"modified":"2024-02-21T00:06:10","modified_gmt":"2024-02-21T00:06:10","slug":"jose-alberto-ribeiro-goncalves","status":"publish","type":"page","link":"https:\/\/spsc.pt\/curso\/jose-alberto-ribeiro-goncalves\/","title":{"rendered":"Jos\u00e9 Alberto Ribeiro Gon\u00e7alves"},"content":{"rendered":"\t\t<div data-elementor-type=\"wp-page\" data-elementor-id=\"7991\" class=\"elementor elementor-7991\">\n\t\t\t\t<div class=\"elementor-element elementor-element-a552219 e-flex e-con-boxed e-con e-parent\" data-id=\"a552219\" data-element_type=\"container\">\n\t\t\t\t\t<div class=\"e-con-inner\">\n\t\t\t\t<div class=\"elementor-element elementor-element-73ce0fc elementor-widget elementor-widget-spacer\" data-id=\"73ce0fc\" data-element_type=\"widget\" data-settings=\"{&quot;ekit_we_effect_on&quot;:&quot;none&quot;}\" data-widget_type=\"spacer.default\">\n\t\t\t\t<div class=\"elementor-widget-container\">\n\t\t\t\t\t\t\t<div class=\"elementor-spacer\">\n\t\t\t<div class=\"elementor-spacer-inner\"><\/div>\n\t\t<\/div>\n\t\t\t\t\t\t<\/div>\n\t\t\t\t<\/div>\n\t\t\t\t\t<\/div>\n\t\t\t\t<\/div>\n\t\t<div class=\"elementor-element elementor-element-f7c6c4f e-flex e-con-boxed e-con e-parent\" data-id=\"f7c6c4f\" data-element_type=\"container\">\n\t\t\t\t\t<div class=\"e-con-inner\">\n\t\t<div class=\"elementor-element elementor-element-2496246 e-con-full e-flex e-con e-child\" data-id=\"2496246\" data-element_type=\"container\">\n\t\t\t\t<div class=\"elementor-element elementor-element-c6b2347 elementor-widget elementor-widget-image\" data-id=\"c6b2347\" data-element_type=\"widget\" data-settings=\"{&quot;ekit_we_effect_on&quot;:&quot;none&quot;}\" data-widget_type=\"image.default\">\n\t\t\t\t<div class=\"elementor-widget-container\">\n\t\t\t\t\t\t\t\t\t\t\t\t\t\t\t<img decoding=\"async\" src=\"https:\/\/spsc.pt\/curso\/wp-content\/uploads\/elementor\/thumbs\/P7-r42d1mx8eho66fvfi9fijnk6ke081bsbapbk3vobkg.jpg\" title=\"P7\" alt=\"P7\" loading=\"lazy\" \/>\t\t\t\t\t\t\t\t\t\t\t\t\t\t\t<\/div>\n\t\t\t\t<\/div>\n\t\t\t\t<\/div>\n\t\t<div class=\"elementor-element elementor-element-a706c69 e-con-full e-flex e-con e-child\" data-id=\"a706c69\" data-element_type=\"container\">\n\t\t\t\t<div class=\"elementor-element elementor-element-e78f549 elementor-widget elementor-widget-text-editor\" data-id=\"e78f549\" data-element_type=\"widget\" data-settings=\"{&quot;ekit_we_effect_on&quot;:&quot;none&quot;}\" data-widget_type=\"text-editor.default\">\n\t\t\t\t<div class=\"elementor-widget-container\">\n\t\t\t\t\t\t\t\t\t<p><strong>Jos\u00e9 Alberto Ribeiro Gon\u00e7alves<\/strong><br \/><br \/>Docente na \u00e1rea de Psicologia Cl\u00ednica e da Sa\u00fade no Ispa &#8211; Instituto Universit\u00e1rio e Investigador no William James Center for Research. <br \/>Educador Sexual, Counsellor Sexual e Sex\u00f3logo Cl\u00ednico pela Sociedade Portuguesa de Sexologia Cl\u00ednica. <br \/>Especialista em Psicoterapia pela Sociedad Espa\u00f1ola de Medicina Psicosom\u00e1tica y Psicoterapia (SEMPyP). <br \/>Coordenador da Comiss\u00e3o de Sexualidade e Envelhecimento da Sociedade Portuguesa de Sexologia Cl\u00ednica (SPSC).<\/p>\t\t\t\t\t\t\t\t<\/div>\n\t\t\t\t<\/div>\n\t\t\t\t<\/div>\n\t\t\t\t\t<\/div>\n\t\t\t\t<\/div>\n\t\t\t\t<\/div>\n\t\t","protected":false},"excerpt":{"rendered":"<p>Jos\u00e9 Alberto Ribeiro Gon\u00e7alves Docente na \u00e1rea de Psicologia Cl\u00ednica e da Sa\u00fade no Ispa &#8211; Instituto Universit\u00e1rio e Investigador no William James Center for Research. Educador Sexual, Counsellor Sexual e Sex\u00f3logo Cl\u00ednico pela Sociedade Portuguesa de Sexologia Cl\u00ednica. Especialista em Psicoterapia pela Sociedad Espa\u00f1ola de Medicina Psicosom\u00e1tica y Psicoterapia (SEMPyP). Coordenador da Comiss\u00e3o de [&hellip;]<\/p>\n","protected":false},"author":1,"featured_media":0,"parent":0,"menu_order":0,"comment_status":"closed","ping_status":"closed","template":"template\/full-width-template.php","meta":{"footnotes":""},"class_list":["post-7991","page","type-page","status-publish","hentry"],"_links":{"self":[{"href":"https:\/\/spsc.pt\/curso\/wp-json\/wp\/v2\/pages\/7991","targetHints":{"allow":["GET"]}}],"collection":[{"href":"https:\/\/spsc.pt\/curso\/wp-json\/wp\/v2\/pages"}],"about":[{"href":"https:\/\/spsc.pt\/curso\/wp-json\/wp\/v2\/types\/page"}],"author":[{"embeddable":true,"href":"https:\/\/spsc.pt\/curso\/wp-json\/wp\/v2\/users\/1"}],"replies":[{"embeddable":true,"href":"https:\/\/spsc.pt\/curso\/wp-json\/wp\/v2\/comments?post=7991"}],"version-history":[{"count":5,"href":"https:\/\/spsc.pt\/curso\/wp-json\/wp\/v2\/pages\/7991\/revisions"}],"predecessor-version":[{"id":8094,"href":"https:\/\/spsc.pt\/curso\/wp-json\/wp\/v2\/pages\/7991\/revisions\/8094"}],"wp:attachment":[{"href":"https:\/\/spsc.pt\/curso\/wp-json\/wp\/v2\/media?parent=7991"}],"curies":[{"name":"wp","href":"https:\/\/api.w.org\/{rel}","templated":true}]}}