{"id":7996,"date":"2024-02-20T23:20:15","date_gmt":"2024-02-20T23:20:15","guid":{"rendered":"https:\/\/spsc.pt\/curso\/?page_id=7996"},"modified":"2024-02-20T23:21:39","modified_gmt":"2024-02-20T23:21:39","slug":"lisa-vicente","status":"publish","type":"page","link":"https:\/\/spsc.pt\/curso\/lisa-vicente\/","title":{"rendered":"Lisa Vicente"},"content":{"rendered":"\t\t<div data-elementor-type=\"wp-page\" data-elementor-id=\"7996\" class=\"elementor elementor-7996\">\n\t\t\t\t<div class=\"elementor-element elementor-element-f556e9d e-flex e-con-boxed e-con e-parent\" data-id=\"f556e9d\" data-element_type=\"container\">\n\t\t\t\t\t<div class=\"e-con-inner\">\n\t\t\t\t\t<\/div>\n\t\t\t\t<\/div>\n\t\t<div class=\"elementor-element elementor-element-37adb41 e-flex e-con-boxed e-con e-parent\" data-id=\"37adb41\" data-element_type=\"container\">\n\t\t\t\t\t<div class=\"e-con-inner\">\n\t\t<div class=\"elementor-element elementor-element-388618b e-con-full e-flex e-con e-child\" data-id=\"388618b\" data-element_type=\"container\">\n\t\t\t\t<div class=\"elementor-element elementor-element-51dab4e elementor-widget elementor-widget-image\" data-id=\"51dab4e\" data-element_type=\"widget\" data-settings=\"{&quot;ekit_we_effect_on&quot;:&quot;none&quot;}\" data-widget_type=\"image.default\">\n\t\t\t\t<div class=\"elementor-widget-container\">\n\t\t\t\t\t\t\t\t\t\t\t\t\t\t\t<img decoding=\"async\" src=\"https:\/\/spsc.pt\/curso\/wp-content\/uploads\/elementor\/thumbs\/P8-r42d1mx8eho66fvfi9fijnk6ke081bsbapbk3vobkg.jpg\" title=\"P8\" alt=\"P8\" loading=\"lazy\" \/>\t\t\t\t\t\t\t\t\t\t\t\t\t\t\t<\/div>\n\t\t\t\t<\/div>\n\t\t\t\t<\/div>\n\t\t<div class=\"elementor-element elementor-element-09b2ead e-con-full e-flex e-con e-child\" data-id=\"09b2ead\" data-element_type=\"container\">\n\t\t\t\t<div class=\"elementor-element elementor-element-869f924 elementor-widget elementor-widget-text-editor\" data-id=\"869f924\" data-element_type=\"widget\" data-settings=\"{&quot;ekit_we_effect_on&quot;:&quot;none&quot;}\" data-widget_type=\"text-editor.default\">\n\t\t\t\t<div class=\"elementor-widget-container\">\n\t\t\t\t\t\t\t\t\t<p><strong>Lisa Vicente<br \/><\/strong><br \/>Assistente Graduada de Ginecologia-Obstetr\u00edcia, com P\u00f3s-Gradua\u00e7\u00e3o em Medicina Sexual. Coordenadora do Col\u00e9gio da Compet\u00eancia de Sexologia da Ordem dos M\u00e9dicos. <br \/>Coordenadora da Comiss\u00e3o da Comiss\u00e3o da Sexualidade Feminina e Desafios Culturais da Sociedade de Sexologia Cl\u00ednica (SPSC). <br \/>Criou e \u00e9 respons\u00e1vel pela Consulta de Sa\u00fade Reprodutiva da Associa\u00e7\u00e3o Protetora dos Diab\u00e9ticos de Portugal (APDP) desde 2002.<br \/>Participa em atividades de forma\u00e7\u00e3o, para profissionais de diferentes \u00e1reas do conhecimento, em temas como sa\u00fade sexual, sa\u00fade reprodutiva, sexualidade, sa\u00fade lgbtqia+, mutila\u00e7\u00e3o genital feminina, contrace\u00e7\u00e3o, menopausa, diabetes e aborto.<\/p>\t\t\t\t\t\t\t\t<\/div>\n\t\t\t\t<\/div>\n\t\t\t\t<\/div>\n\t\t\t\t\t<\/div>\n\t\t\t\t<\/div>\n\t\t\t\t<\/div>\n\t\t","protected":false},"excerpt":{"rendered":"<p>Lisa VicenteAssistente Graduada de Ginecologia-Obstetr\u00edcia, com P\u00f3s-Gradua\u00e7\u00e3o em Medicina Sexual. Coordenadora do Col\u00e9gio da Compet\u00eancia de Sexologia da Ordem dos M\u00e9dicos. Coordenadora da Comiss\u00e3o da Comiss\u00e3o da Sexualidade Feminina e Desafios Culturais da Sociedade de Sexologia Cl\u00ednica (SPSC). Criou e \u00e9 respons\u00e1vel pela Consulta de Sa\u00fade Reprodutiva da Associa\u00e7\u00e3o Protetora dos Diab\u00e9ticos de Portugal (APDP) [&hellip;]<\/p>\n","protected":false},"author":1,"featured_media":0,"parent":0,"menu_order":0,"comment_status":"closed","ping_status":"closed","template":"template\/full-width-template.php","meta":{"footnotes":""},"class_list":["post-7996","page","type-page","status-publish","hentry"],"_links":{"self":[{"href":"https:\/\/spsc.pt\/curso\/wp-json\/wp\/v2\/pages\/7996","targetHints":{"allow":["GET"]}}],"collection":[{"href":"https:\/\/spsc.pt\/curso\/wp-json\/wp\/v2\/pages"}],"about":[{"href":"https:\/\/spsc.pt\/curso\/wp-json\/wp\/v2\/types\/page"}],"author":[{"embeddable":true,"href":"https:\/\/spsc.pt\/curso\/wp-json\/wp\/v2\/users\/1"}],"replies":[{"embeddable":true,"href":"https:\/\/spsc.pt\/curso\/wp-json\/wp\/v2\/comments?post=7996"}],"version-history":[{"count":4,"href":"https:\/\/spsc.pt\/curso\/wp-json\/wp\/v2\/pages\/7996\/revisions"}],"predecessor-version":[{"id":8000,"href":"https:\/\/spsc.pt\/curso\/wp-json\/wp\/v2\/pages\/7996\/revisions\/8000"}],"wp:attachment":[{"href":"https:\/\/spsc.pt\/curso\/wp-json\/wp\/v2\/media?parent=7996"}],"curies":[{"name":"wp","href":"https:\/\/api.w.org\/{rel}","templated":true}]}}