{"id":8001,"date":"2024-02-20T23:22:13","date_gmt":"2024-02-20T23:22:13","guid":{"rendered":"https:\/\/spsc.pt\/curso\/?page_id=8001"},"modified":"2024-02-20T23:23:21","modified_gmt":"2024-02-20T23:23:21","slug":"rita-torres","status":"publish","type":"page","link":"https:\/\/spsc.pt\/curso\/rita-torres\/","title":{"rendered":"Rita Torres"},"content":{"rendered":"\t\t<div data-elementor-type=\"wp-page\" data-elementor-id=\"8001\" class=\"elementor elementor-8001\">\n\t\t\t\t<div class=\"elementor-element elementor-element-52be6c3 e-flex e-con-boxed e-con e-parent\" data-id=\"52be6c3\" data-element_type=\"container\">\n\t\t\t\t\t<div class=\"e-con-inner\">\n\t\t\t\t<div class=\"elementor-element elementor-element-849f0ef elementor-widget elementor-widget-spacer\" data-id=\"849f0ef\" data-element_type=\"widget\" data-settings=\"{&quot;ekit_we_effect_on&quot;:&quot;none&quot;}\" data-widget_type=\"spacer.default\">\n\t\t\t\t<div class=\"elementor-widget-container\">\n\t\t\t\t\t\t\t<div class=\"elementor-spacer\">\n\t\t\t<div class=\"elementor-spacer-inner\"><\/div>\n\t\t<\/div>\n\t\t\t\t\t\t<\/div>\n\t\t\t\t<\/div>\n\t\t\t\t\t<\/div>\n\t\t\t\t<\/div>\n\t\t<div class=\"elementor-element elementor-element-920508a e-flex e-con-boxed e-con e-parent\" data-id=\"920508a\" data-element_type=\"container\">\n\t\t\t\t\t<div class=\"e-con-inner\">\n\t\t<div class=\"elementor-element elementor-element-2225b1a e-con-full e-flex e-con e-child\" data-id=\"2225b1a\" data-element_type=\"container\">\n\t\t\t\t<div class=\"elementor-element elementor-element-79d34a9 elementor-widget elementor-widget-image\" data-id=\"79d34a9\" data-element_type=\"widget\" data-settings=\"{&quot;ekit_we_effect_on&quot;:&quot;none&quot;}\" data-widget_type=\"image.default\">\n\t\t\t\t<div class=\"elementor-widget-container\">\n\t\t\t\t\t\t\t\t\t\t\t\t\t\t\t<img decoding=\"async\" src=\"https:\/\/spsc.pt\/curso\/wp-content\/uploads\/elementor\/thumbs\/P9-r42d1mx8eho66fvfi9fijnk6ke081bsbapbk3vobkg.jpg\" title=\"P9\" alt=\"P9\" loading=\"lazy\" \/>\t\t\t\t\t\t\t\t\t\t\t\t\t\t\t<\/div>\n\t\t\t\t<\/div>\n\t\t\t\t<\/div>\n\t\t<div class=\"elementor-element elementor-element-fccaf8f e-con-full e-flex e-con e-child\" data-id=\"fccaf8f\" data-element_type=\"container\">\n\t\t\t\t<div class=\"elementor-element elementor-element-fcaa70a elementor-widget elementor-widget-text-editor\" data-id=\"fcaa70a\" data-element_type=\"widget\" data-settings=\"{&quot;ekit_we_effect_on&quot;:&quot;none&quot;}\" data-widget_type=\"text-editor.default\">\n\t\t\t\t<div class=\"elementor-widget-container\">\n\t\t\t\t\t\t\t\t\t<p><strong>Rita Torres<\/strong><br \/><br \/>Mestre em Psicologia Cl\u00ednica pela Faculdade de Psicologia e Ci\u00eancias da Educa\u00e7\u00e3o da Universidade de Coimbra. <br \/>Terapeuta sexual pela Sociedade Portuguesa de Sexologia Cl\u00ednica. Doutoranda no Programa de Sexualidade Humana da Faculdade do Psicologia e Ci\u00eancias da Educa\u00e7\u00e3o da Universidade do Porto. <br \/>Especialista em Igualdade de G\u00e9nero e Diversidade Sexual e G\u00e9nero pela CIG. <br \/>Diploma em Compulsive Sexual Behaviour pelo Contemporary Institute of Clinical Sexology. <br \/>Terapeuta Sexual na Consulta de Sexologia e Aconselhamento Conjugal da APF. <br \/>Pr\u00e1tica Cl\u00ednica em contexto hospitalar, associativo e de cl\u00ednica privada, desde 2010.<\/p>\t\t\t\t\t\t\t\t<\/div>\n\t\t\t\t<\/div>\n\t\t\t\t<\/div>\n\t\t\t\t\t<\/div>\n\t\t\t\t<\/div>\n\t\t\t\t<\/div>\n\t\t","protected":false},"excerpt":{"rendered":"<p>Rita Torres Mestre em Psicologia Cl\u00ednica pela Faculdade de Psicologia e Ci\u00eancias da Educa\u00e7\u00e3o da Universidade de Coimbra. Terapeuta sexual pela Sociedade Portuguesa de Sexologia Cl\u00ednica. Doutoranda no Programa de Sexualidade Humana da Faculdade do Psicologia e Ci\u00eancias da Educa\u00e7\u00e3o da Universidade do Porto. Especialista em Igualdade de G\u00e9nero e Diversidade Sexual e G\u00e9nero pela [&hellip;]<\/p>\n","protected":false},"author":1,"featured_media":0,"parent":0,"menu_order":0,"comment_status":"closed","ping_status":"closed","template":"template\/full-width-template.php","meta":{"footnotes":""},"class_list":["post-8001","page","type-page","status-publish","hentry"],"_links":{"self":[{"href":"https:\/\/spsc.pt\/curso\/wp-json\/wp\/v2\/pages\/8001","targetHints":{"allow":["GET"]}}],"collection":[{"href":"https:\/\/spsc.pt\/curso\/wp-json\/wp\/v2\/pages"}],"about":[{"href":"https:\/\/spsc.pt\/curso\/wp-json\/wp\/v2\/types\/page"}],"author":[{"embeddable":true,"href":"https:\/\/spsc.pt\/curso\/wp-json\/wp\/v2\/users\/1"}],"replies":[{"embeddable":true,"href":"https:\/\/spsc.pt\/curso\/wp-json\/wp\/v2\/comments?post=8001"}],"version-history":[{"count":7,"href":"https:\/\/spsc.pt\/curso\/wp-json\/wp\/v2\/pages\/8001\/revisions"}],"predecessor-version":[{"id":8008,"href":"https:\/\/spsc.pt\/curso\/wp-json\/wp\/v2\/pages\/8001\/revisions\/8008"}],"wp:attachment":[{"href":"https:\/\/spsc.pt\/curso\/wp-json\/wp\/v2\/media?parent=8001"}],"curies":[{"name":"wp","href":"https:\/\/api.w.org\/{rel}","templated":true}]}}