{"id":8014,"date":"2024-02-20T23:26:12","date_gmt":"2024-02-20T23:26:12","guid":{"rendered":"https:\/\/spsc.pt\/curso\/?page_id=8014"},"modified":"2024-07-22T13:53:04","modified_gmt":"2024-07-22T13:53:04","slug":"joao-moreira-de-sousa","status":"publish","type":"page","link":"https:\/\/spsc.pt\/curso\/joao-moreira-de-sousa\/","title":{"rendered":"Jo\u00e3o Moreira de Sousa"},"content":{"rendered":"\t\t<div data-elementor-type=\"wp-page\" data-elementor-id=\"8014\" class=\"elementor elementor-8014\">\n\t\t\t\t<div class=\"elementor-element elementor-element-ba1c91e e-flex e-con-boxed e-con e-parent\" data-id=\"ba1c91e\" data-element_type=\"container\">\n\t\t\t\t\t<div class=\"e-con-inner\">\n\t\t\t\t<div class=\"elementor-element elementor-element-21099c3 elementor-widget elementor-widget-spacer\" data-id=\"21099c3\" data-element_type=\"widget\" data-settings=\"{&quot;ekit_we_effect_on&quot;:&quot;none&quot;}\" data-widget_type=\"spacer.default\">\n\t\t\t\t<div class=\"elementor-widget-container\">\n\t\t\t\t\t\t\t<div class=\"elementor-spacer\">\n\t\t\t<div class=\"elementor-spacer-inner\"><\/div>\n\t\t<\/div>\n\t\t\t\t\t\t<\/div>\n\t\t\t\t<\/div>\n\t\t\t\t\t<\/div>\n\t\t\t\t<\/div>\n\t\t<div class=\"elementor-element elementor-element-6ffb512 e-flex e-con-boxed e-con e-parent\" data-id=\"6ffb512\" data-element_type=\"container\">\n\t\t\t\t\t<div class=\"e-con-inner\">\n\t\t<div class=\"elementor-element elementor-element-9c5b38d e-con-full e-flex e-con e-child\" data-id=\"9c5b38d\" data-element_type=\"container\">\n\t\t\t\t<div class=\"elementor-element elementor-element-4335631 elementor-widget elementor-widget-image\" data-id=\"4335631\" data-element_type=\"widget\" data-settings=\"{&quot;ekit_we_effect_on&quot;:&quot;none&quot;}\" data-widget_type=\"image.default\">\n\t\t\t\t<div class=\"elementor-widget-container\">\n\t\t\t\t\t\t\t\t\t\t\t\t\t\t\t<img decoding=\"async\" src=\"https:\/\/spsc.pt\/curso\/wp-content\/uploads\/elementor\/thumbs\/p13-r42d1mx8eho66fvfi9fijnk6ke081bsbapbk3vobkg.jpg\" title=\"p13\" alt=\"p13\" loading=\"lazy\" \/>\t\t\t\t\t\t\t\t\t\t\t\t\t\t\t<\/div>\n\t\t\t\t<\/div>\n\t\t\t\t<\/div>\n\t\t<div class=\"elementor-element elementor-element-df69be6 e-con-full e-flex e-con e-child\" data-id=\"df69be6\" data-element_type=\"container\">\n\t\t\t\t<div class=\"elementor-element elementor-element-982750c elementor-widget elementor-widget-text-editor\" data-id=\"982750c\" data-element_type=\"widget\" data-settings=\"{&quot;ekit_we_effect_on&quot;:&quot;none&quot;}\" data-widget_type=\"text-editor.default\">\n\t\t\t\t<div class=\"elementor-widget-container\">\n\t\t\t\t\t\t\t\t\t<p><strong>Jo\u00e3o Moreira de Sousa<\/strong><\/p><p>M\u00e9dico especialista em Medicina Geral e Familiar na USF da Luz, ULS Santa Maria, em Lisboa. <br \/>Trabalha ainda desde 2018 no Grupo de Ativistas em Tratamentos (GAT) como m\u00e9dico nas consultas de Infe\u00e7\u00f5es de Transmiss\u00e3o Sexual no GAT-CheckPointLx e GAT-Intendente. <br \/>Concluiu a Especializa\u00e7\u00e3o P\u00f3s-Universit\u00e1ria Avan\u00e7ada em Sexologia Cl\u00ednica e Terapia Sexual pela Sociedade Portuguesa de Sexologia Cl\u00ednica (SPSC) entre 2018 e 2023. <br \/>\u00c9 atualmente membro da Dire\u00e7\u00e3o da SPSC. <br \/>Integra o corpo docente do N\u00facleo Curricular Optativo de Sexualidade Humana da Faculdade de Medicina da Universidade de Lisboa (FMUL) e do III Curso de P\u00f3s-gradua\u00e7\u00e3o em Sexualidade Humana da FMUL em parceria\u00a0com\u00a0a\u00a0SPSC.<\/p>\t\t\t\t\t\t\t\t<\/div>\n\t\t\t\t<\/div>\n\t\t\t\t<\/div>\n\t\t\t\t\t<\/div>\n\t\t\t\t<\/div>\n\t\t\t\t<\/div>\n\t\t","protected":false},"excerpt":{"rendered":"<p>Jo\u00e3o Moreira de Sousa M\u00e9dico especialista em Medicina Geral e Familiar na USF da Luz, ULS Santa Maria, em Lisboa. Trabalha ainda desde 2018 no Grupo de Ativistas em Tratamentos (GAT) como m\u00e9dico nas consultas de Infe\u00e7\u00f5es de Transmiss\u00e3o Sexual no GAT-CheckPointLx e GAT-Intendente. Concluiu a Especializa\u00e7\u00e3o P\u00f3s-Universit\u00e1ria Avan\u00e7ada em Sexologia Cl\u00ednica e Terapia Sexual [&hellip;]<\/p>\n","protected":false},"author":1,"featured_media":0,"parent":0,"menu_order":0,"comment_status":"closed","ping_status":"closed","template":"template\/full-width-template.php","meta":{"footnotes":""},"class_list":["post-8014","page","type-page","status-publish","hentry"],"_links":{"self":[{"href":"https:\/\/spsc.pt\/curso\/wp-json\/wp\/v2\/pages\/8014","targetHints":{"allow":["GET"]}}],"collection":[{"href":"https:\/\/spsc.pt\/curso\/wp-json\/wp\/v2\/pages"}],"about":[{"href":"https:\/\/spsc.pt\/curso\/wp-json\/wp\/v2\/types\/page"}],"author":[{"embeddable":true,"href":"https:\/\/spsc.pt\/curso\/wp-json\/wp\/v2\/users\/1"}],"replies":[{"embeddable":true,"href":"https:\/\/spsc.pt\/curso\/wp-json\/wp\/v2\/comments?post=8014"}],"version-history":[{"count":13,"href":"https:\/\/spsc.pt\/curso\/wp-json\/wp\/v2\/pages\/8014\/revisions"}],"predecessor-version":[{"id":8417,"href":"https:\/\/spsc.pt\/curso\/wp-json\/wp\/v2\/pages\/8014\/revisions\/8417"}],"wp:attachment":[{"href":"https:\/\/spsc.pt\/curso\/wp-json\/wp\/v2\/media?parent=8014"}],"curies":[{"name":"wp","href":"https:\/\/api.w.org\/{rel}","templated":true}]}}