{"id":8021,"date":"2024-02-20T23:29:49","date_gmt":"2024-02-20T23:29:49","guid":{"rendered":"https:\/\/spsc.pt\/curso\/?page_id=8021"},"modified":"2024-02-27T23:31:39","modified_gmt":"2024-02-27T23:31:39","slug":"ana-beato","status":"publish","type":"page","link":"https:\/\/spsc.pt\/curso\/ana-beato\/","title":{"rendered":"Ana Beato"},"content":{"rendered":"\t\t<div data-elementor-type=\"wp-page\" data-elementor-id=\"8021\" class=\"elementor elementor-8021\">\n\t\t\t\t<div class=\"elementor-element elementor-element-cd3cb8f e-flex e-con-boxed e-con e-parent\" data-id=\"cd3cb8f\" data-element_type=\"container\">\n\t\t\t\t\t<div class=\"e-con-inner\">\n\t\t\t\t<div class=\"elementor-element elementor-element-d8d97f8 elementor-widget elementor-widget-spacer\" data-id=\"d8d97f8\" data-element_type=\"widget\" data-settings=\"{&quot;ekit_we_effect_on&quot;:&quot;none&quot;}\" data-widget_type=\"spacer.default\">\n\t\t\t\t<div class=\"elementor-widget-container\">\n\t\t\t\t\t\t\t<div class=\"elementor-spacer\">\n\t\t\t<div class=\"elementor-spacer-inner\"><\/div>\n\t\t<\/div>\n\t\t\t\t\t\t<\/div>\n\t\t\t\t<\/div>\n\t\t\t\t\t<\/div>\n\t\t\t\t<\/div>\n\t\t<div class=\"elementor-element elementor-element-0ef62ba e-flex e-con-boxed e-con e-parent\" data-id=\"0ef62ba\" data-element_type=\"container\">\n\t\t\t\t\t<div class=\"e-con-inner\">\n\t\t<div class=\"elementor-element elementor-element-8c9a7e9 e-con-full e-flex e-con e-child\" data-id=\"8c9a7e9\" data-element_type=\"container\">\n\t\t\t\t<div class=\"elementor-element elementor-element-4a2908a elementor-widget elementor-widget-image\" data-id=\"4a2908a\" data-element_type=\"widget\" data-settings=\"{&quot;ekit_we_effect_on&quot;:&quot;none&quot;}\" data-widget_type=\"image.default\">\n\t\t\t\t<div class=\"elementor-widget-container\">\n\t\t\t\t\t\t\t\t\t\t\t\t\t\t\t<img decoding=\"async\" src=\"https:\/\/spsc.pt\/curso\/wp-content\/uploads\/elementor\/thumbs\/ana-r42d1mx8eho66fvfi9fijnk6ke081bsbapbk3vobkg.jpg\" title=\"ana\" alt=\"ana\" loading=\"lazy\" \/>\t\t\t\t\t\t\t\t\t\t\t\t\t\t\t<\/div>\n\t\t\t\t<\/div>\n\t\t\t\t<\/div>\n\t\t<div class=\"elementor-element elementor-element-b43b87e e-con-full e-flex e-con e-child\" data-id=\"b43b87e\" data-element_type=\"container\">\n\t\t\t\t<div class=\"elementor-element elementor-element-6ac874f elementor-widget elementor-widget-text-editor\" data-id=\"6ac874f\" data-element_type=\"widget\" data-settings=\"{&quot;ekit_we_effect_on&quot;:&quot;none&quot;}\" data-widget_type=\"text-editor.default\">\n\t\t\t\t<div class=\"elementor-widget-container\">\n\t\t\t\t\t\t\t\t\t<p><strong>Ana Beato<\/strong><\/p><p>Psic\u00f3loga cl\u00ednica e terapeuta sexual. <br \/>Doutorada em Psicologia Cl\u00ednica. Professora na Universidade Lus\u00f3fona e da Universidade de Lisboa. Subdiretora do mestrado transdisciplinar de sexologia na Universidade Lus\u00f3fona. <br \/>Educadora sexual e especialista em sexualidade na inf\u00e2ncia e adolesc\u00eancia. <br \/>Coordenadora da consulta da sexualidade no centro de desenvolvimento PIN: Partners in Neuroscience.<br \/>Membro integrado do centro de investiga\u00e7\u00e3o HEI-Lab. Membro da Dire\u00e7\u00e3o da Sociedade Portuguesa de Sexologia Cl\u00ednica. ORCID: 0000-0003-3177-3578<\/p>\t\t\t\t\t\t\t\t<\/div>\n\t\t\t\t<\/div>\n\t\t\t\t<\/div>\n\t\t\t\t\t<\/div>\n\t\t\t\t<\/div>\n\t\t\t\t<\/div>\n\t\t","protected":false},"excerpt":{"rendered":"<p>Ana Beato Psic\u00f3loga cl\u00ednica e terapeuta sexual. Doutorada em Psicologia Cl\u00ednica. Professora na Universidade Lus\u00f3fona e da Universidade de Lisboa. Subdiretora do mestrado transdisciplinar de sexologia na Universidade Lus\u00f3fona. Educadora sexual e especialista em sexualidade na inf\u00e2ncia e adolesc\u00eancia. Coordenadora da consulta da sexualidade no centro de desenvolvimento PIN: Partners in Neuroscience.Membro integrado do centro [&hellip;]<\/p>\n","protected":false},"author":1,"featured_media":0,"parent":0,"menu_order":0,"comment_status":"closed","ping_status":"closed","template":"template\/full-width-template.php","meta":{"footnotes":""},"class_list":["post-8021","page","type-page","status-publish","hentry"],"_links":{"self":[{"href":"https:\/\/spsc.pt\/curso\/wp-json\/wp\/v2\/pages\/8021","targetHints":{"allow":["GET"]}}],"collection":[{"href":"https:\/\/spsc.pt\/curso\/wp-json\/wp\/v2\/pages"}],"about":[{"href":"https:\/\/spsc.pt\/curso\/wp-json\/wp\/v2\/types\/page"}],"author":[{"embeddable":true,"href":"https:\/\/spsc.pt\/curso\/wp-json\/wp\/v2\/users\/1"}],"replies":[{"embeddable":true,"href":"https:\/\/spsc.pt\/curso\/wp-json\/wp\/v2\/comments?post=8021"}],"version-history":[{"count":10,"href":"https:\/\/spsc.pt\/curso\/wp-json\/wp\/v2\/pages\/8021\/revisions"}],"predecessor-version":[{"id":8206,"href":"https:\/\/spsc.pt\/curso\/wp-json\/wp\/v2\/pages\/8021\/revisions\/8206"}],"wp:attachment":[{"href":"https:\/\/spsc.pt\/curso\/wp-json\/wp\/v2\/media?parent=8021"}],"curies":[{"name":"wp","href":"https:\/\/api.w.org\/{rel}","templated":true}]}}