{"id":8031,"date":"2024-02-20T23:32:51","date_gmt":"2024-02-20T23:32:51","guid":{"rendered":"https:\/\/spsc.pt\/curso\/?page_id=8031"},"modified":"2025-04-22T18:17:38","modified_gmt":"2025-04-22T18:17:38","slug":"corpo-docente","status":"publish","type":"page","link":"https:\/\/spsc.pt\/curso\/corpo-docente\/","title":{"rendered":"Corpo Docente"},"content":{"rendered":"\t\t<div data-elementor-type=\"wp-page\" data-elementor-id=\"8031\" class=\"elementor elementor-8031\">\n\t\t\t\t<div class=\"elementor-element elementor-element-21c5fa7 e-flex e-con-boxed e-con e-parent\" data-id=\"21c5fa7\" data-element_type=\"container\">\n\t\t\t\t\t<div class=\"e-con-inner\">\n\t\t\t\t<div class=\"elementor-element elementor-element-9b664ab elementor-widget elementor-widget-spacer\" data-id=\"9b664ab\" data-element_type=\"widget\" data-settings=\"{&quot;ekit_we_effect_on&quot;:&quot;none&quot;}\" data-widget_type=\"spacer.default\">\n\t\t\t\t<div class=\"elementor-widget-container\">\n\t\t\t\t\t\t\t<div class=\"elementor-spacer\">\n\t\t\t<div class=\"elementor-spacer-inner\"><\/div>\n\t\t<\/div>\n\t\t\t\t\t\t<\/div>\n\t\t\t\t<\/div>\n\t\t\t\t\t<\/div>\n\t\t\t\t<\/div>\n\t\t<div class=\"elementor-element elementor-element-4a60e9f e-flex e-con-boxed e-con e-parent\" data-id=\"4a60e9f\" data-element_type=\"container\">\n\t\t\t\t\t<div class=\"e-con-inner\">\n\t\t<div class=\"elementor-element elementor-element-545f2ff e-con-full e-flex e-con e-child\" data-id=\"545f2ff\" data-element_type=\"container\">\n\t\t\t\t<div class=\"elementor-element elementor-element-e62ca2b elementor-widget elementor-widget-image\" data-id=\"e62ca2b\" data-element_type=\"widget\" data-settings=\"{&quot;ekit_we_effect_on&quot;:&quot;none&quot;}\" data-widget_type=\"image.default\">\n\t\t\t\t<div class=\"elementor-widget-container\">\n\t\t\t\t\t\t\t\t\t\t\t\t\t\t\t\t<a href=\"https:\/\/spsc.pt\/curso\/joana-carvalho\/\">\n\t\t\t\t\t\t\t<img decoding=\"async\" src=\"https:\/\/spsc.pt\/curso\/wp-content\/uploads\/elementor\/thumbs\/joana-carvakho-r42d1mx7ska8lqgpguc5r6208n4ice61njrw1np6pw.jpg\" title=\"joana carvakho\" alt=\"joana carvakho\" loading=\"lazy\" \/>\t\t\t\t\t\t\t\t<\/a>\n\t\t\t\t\t\t\t\t\t\t\t\t\t\t\t<\/div>\n\t\t\t\t<\/div>\n\t\t\t\t<div class=\"elementor-element elementor-element-62c7022 elementor-widget elementor-widget-text-editor\" data-id=\"62c7022\" data-element_type=\"widget\" data-settings=\"{&quot;ekit_we_effect_on&quot;:&quot;none&quot;}\" data-widget_type=\"text-editor.default\">\n\t\t\t\t<div class=\"elementor-widget-container\">\n\t\t\t\t\t\t\t\t\t<p><a href=\"https:\/\/spsc.pt\/curso\/joana-carvalho\/\"><strong>Joana Carvalho<\/strong><\/a><\/p>\t\t\t\t\t\t\t\t<\/div>\n\t\t\t\t<\/div>\n\t\t\t\t<\/div>\n\t\t<div class=\"elementor-element elementor-element-0617b92 e-con-full e-flex e-con e-child\" data-id=\"0617b92\" data-element_type=\"container\">\n\t\t\t\t<div class=\"elementor-element elementor-element-2e14ed6 elementor-widget elementor-widget-image\" data-id=\"2e14ed6\" data-element_type=\"widget\" data-settings=\"{&quot;ekit_we_effect_on&quot;:&quot;none&quot;}\" data-widget_type=\"image.default\">\n\t\t\t\t<div class=\"elementor-widget-container\">\n\t\t\t\t\t\t\t\t\t\t\t\t\t\t\t\t<a href=\"https:\/\/spsc.pt\/curso\/corpo-docente\/ana-carvalheira\/\">\n\t\t\t\t\t\t\t<img decoding=\"async\" src=\"https:\/\/spsc.pt\/curso\/wp-content\/uploads\/elementor\/thumbs\/paulapinto-r42d1mx7ska8lqgpguc5r6208n4ice61njrw1np6pw.png\" title=\"paulapinto\" alt=\"paulapinto\" loading=\"lazy\" \/>\t\t\t\t\t\t\t\t<\/a>\n\t\t\t\t\t\t\t\t\t\t\t\t\t\t\t<\/div>\n\t\t\t\t<\/div>\n\t\t\t\t<div class=\"elementor-element elementor-element-640663c elementor-widget elementor-widget-text-editor\" data-id=\"640663c\" data-element_type=\"widget\" data-settings=\"{&quot;ekit_we_effect_on&quot;:&quot;none&quot;}\" data-widget_type=\"text-editor.default\">\n\t\t\t\t<div class=\"elementor-widget-container\">\n\t\t\t\t\t\t\t\t\t<p><strong><a href=\"https:\/\/spsc.pt\/curso\/paula-pinto\/\">Paula Pinto<\/a><br \/><\/strong><\/p>\t\t\t\t\t\t\t\t<\/div>\n\t\t\t\t<\/div>\n\t\t\t\t<\/div>\n\t\t<div class=\"elementor-element elementor-element-ad0133f e-con-full e-flex e-con e-child\" data-id=\"ad0133f\" data-element_type=\"container\">\n\t\t\t\t<div class=\"elementor-element elementor-element-19389b2 elementor-widget elementor-widget-image\" data-id=\"19389b2\" data-element_type=\"widget\" data-settings=\"{&quot;ekit_we_effect_on&quot;:&quot;none&quot;}\" data-widget_type=\"image.default\">\n\t\t\t\t<div class=\"elementor-widget-container\">\n\t\t\t\t\t\t\t\t\t\t\t\t\t\t\t\t<a href=\"https:\/\/spsc.pt\/curso\/jorge-gato\/\">\n\t\t\t\t\t\t\t<img decoding=\"async\" src=\"https:\/\/spsc.pt\/curso\/wp-content\/uploads\/elementor\/thumbs\/P3-r42d1mx7ska8lqgpguc5r6208n4ice61njrw1np6pw.jpg\" title=\"P3\" alt=\"P3\" loading=\"lazy\" \/>\t\t\t\t\t\t\t\t<\/a>\n\t\t\t\t\t\t\t\t\t\t\t\t\t\t\t<\/div>\n\t\t\t\t<\/div>\n\t\t\t\t<div class=\"elementor-element elementor-element-35bc963 elementor-widget elementor-widget-text-editor\" data-id=\"35bc963\" data-element_type=\"widget\" data-settings=\"{&quot;ekit_we_effect_on&quot;:&quot;none&quot;}\" data-widget_type=\"text-editor.default\">\n\t\t\t\t<div class=\"elementor-widget-container\">\n\t\t\t\t\t\t\t\t\t<p><strong><a href=\"https:\/\/spsc.pt\/curso\/jorge-gato\/\">Jorge Gato<\/a><br \/><\/strong><\/p>\t\t\t\t\t\t\t\t<\/div>\n\t\t\t\t<\/div>\n\t\t\t\t<\/div>\n\t\t<div class=\"elementor-element elementor-element-4a85964 e-con-full e-flex e-con e-child\" data-id=\"4a85964\" data-element_type=\"container\">\n\t\t\t\t<div class=\"elementor-element elementor-element-d04b0a3 elementor-widget elementor-widget-image\" data-id=\"d04b0a3\" data-element_type=\"widget\" data-settings=\"{&quot;ekit_we_effect_on&quot;:&quot;none&quot;}\" data-widget_type=\"image.default\">\n\t\t\t\t<div class=\"elementor-widget-container\">\n\t\t\t\t\t\t\t\t\t\t\t\t\t\t\t\t<a href=\"https:\/\/spsc.pt\/curso\/pedro-teixeira\/\">\n\t\t\t\t\t\t\t<img decoding=\"async\" src=\"https:\/\/spsc.pt\/curso\/wp-content\/uploads\/elementor\/thumbs\/p2-r42d1mx7ska8lqgpguc5r6208n4ice61njrw1np6pw.jpg\" title=\"p2\" alt=\"p2\" loading=\"lazy\" \/>\t\t\t\t\t\t\t\t<\/a>\n\t\t\t\t\t\t\t\t\t\t\t\t\t\t\t<\/div>\n\t\t\t\t<\/div>\n\t\t\t\t<div class=\"elementor-element elementor-element-49d5bb5 elementor-widget elementor-widget-text-editor\" data-id=\"49d5bb5\" data-element_type=\"widget\" data-settings=\"{&quot;ekit_we_effect_on&quot;:&quot;none&quot;}\" data-widget_type=\"text-editor.default\">\n\t\t\t\t<div class=\"elementor-widget-container\">\n\t\t\t\t\t\t\t\t\t<p><strong><a href=\"https:\/\/spsc.pt\/curso\/pedro-teixeira\/\">Pedro Teixeira<\/a><br \/><\/strong><\/p>\t\t\t\t\t\t\t\t<\/div>\n\t\t\t\t<\/div>\n\t\t\t\t<\/div>\n\t\t\t\t\t<\/div>\n\t\t\t\t<\/div>\n\t\t<div class=\"elementor-element elementor-element-4e9f855 e-flex e-con-boxed e-con e-parent\" data-id=\"4e9f855\" data-element_type=\"container\">\n\t\t\t\t\t<div class=\"e-con-inner\">\n\t\t<div class=\"elementor-element elementor-element-506405e e-con-full e-flex e-con e-child\" data-id=\"506405e\" data-element_type=\"container\">\n\t\t\t\t<div class=\"elementor-element elementor-element-33e734f elementor-widget elementor-widget-image\" data-id=\"33e734f\" data-element_type=\"widget\" data-settings=\"{&quot;ekit_we_effect_on&quot;:&quot;none&quot;}\" data-widget_type=\"image.default\">\n\t\t\t\t<div class=\"elementor-widget-container\">\n\t\t\t\t\t\t\t\t\t\t\t\t\t\t\t\t<a href=\"https:\/\/spsc.pt\/curso\/ines-tavares\/\">\n\t\t\t\t\t\t\t<img decoding=\"async\" src=\"https:\/\/spsc.pt\/curso\/wp-content\/uploads\/elementor\/thumbs\/p1-r42d1mx7ska8lqgpguc5r6208n4ice61njrw1np6pm.jpg\" title=\"p1\" alt=\"p1\" loading=\"lazy\" \/>\t\t\t\t\t\t\t\t<\/a>\n\t\t\t\t\t\t\t\t\t\t\t\t\t\t\t<\/div>\n\t\t\t\t<\/div>\n\t\t\t\t<div class=\"elementor-element elementor-element-c66197a elementor-widget elementor-widget-text-editor\" data-id=\"c66197a\" data-element_type=\"widget\" data-settings=\"{&quot;ekit_we_effect_on&quot;:&quot;none&quot;}\" data-widget_type=\"text-editor.default\">\n\t\t\t\t<div class=\"elementor-widget-container\">\n\t\t\t\t\t\t\t\t\t<p><strong><a href=\"https:\/\/spsc.pt\/curso\/ines-tavares\/\">In\u00eas Tavares<\/a><br \/><\/strong><\/p>\t\t\t\t\t\t\t\t<\/div>\n\t\t\t\t<\/div>\n\t\t\t\t<\/div>\n\t\t<div class=\"elementor-element elementor-element-1404382 e-con-full e-flex e-con e-child\" data-id=\"1404382\" data-element_type=\"container\">\n\t\t\t\t<div class=\"elementor-element elementor-element-82fa8d7 elementor-widget elementor-widget-image\" data-id=\"82fa8d7\" data-element_type=\"widget\" data-settings=\"{&quot;ekit_we_effect_on&quot;:&quot;none&quot;}\" data-widget_type=\"image.default\">\n\t\t\t\t<div class=\"elementor-widget-container\">\n\t\t\t\t\t\t\t\t\t\t\t\t\t\t\t\t<a href=\"https:\/\/spsc.pt\/curso\/ricardo-barroso\/\">\n\t\t\t\t\t\t\t<img decoding=\"async\" src=\"https:\/\/spsc.pt\/curso\/wp-content\/uploads\/elementor\/thumbs\/P4-r42d1mx7ska8lqgpguc5r6208n4ice61njrw1np6pw.jpg\" title=\"P4\" alt=\"P4\" loading=\"lazy\" \/>\t\t\t\t\t\t\t\t<\/a>\n\t\t\t\t\t\t\t\t\t\t\t\t\t\t\t<\/div>\n\t\t\t\t<\/div>\n\t\t\t\t<div class=\"elementor-element elementor-element-5448de8 elementor-widget elementor-widget-text-editor\" data-id=\"5448de8\" data-element_type=\"widget\" data-settings=\"{&quot;ekit_we_effect_on&quot;:&quot;none&quot;}\" data-widget_type=\"text-editor.default\">\n\t\t\t\t<div class=\"elementor-widget-container\">\n\t\t\t\t\t\t\t\t\t<p><strong><a href=\"https:\/\/spsc.pt\/curso\/ricardo-barroso\/\">Ricardo Barroso<\/a><br \/><\/strong><\/p>\t\t\t\t\t\t\t\t<\/div>\n\t\t\t\t<\/div>\n\t\t\t\t<\/div>\n\t\t<div class=\"elementor-element elementor-element-10f2ba1 e-con-full e-flex e-con e-child\" data-id=\"10f2ba1\" data-element_type=\"container\">\n\t\t\t\t<div class=\"elementor-element elementor-element-1b65011 elementor-widget elementor-widget-image\" data-id=\"1b65011\" data-element_type=\"widget\" data-settings=\"{&quot;ekit_we_effect_on&quot;:&quot;none&quot;}\" data-widget_type=\"image.default\">\n\t\t\t\t<div class=\"elementor-widget-container\">\n\t\t\t\t\t\t\t\t\t\t\t\t\t\t\t\t<a href=\"https:\/\/spsc.pt\/curso\/ana-quinta-gomes\/\">\n\t\t\t\t\t\t\t<img decoding=\"async\" src=\"https:\/\/spsc.pt\/curso\/wp-content\/uploads\/elementor\/thumbs\/p15-r42d1mx7ska8lqgpguc5r6208n4ice61njrw1np6pw.jpg\" title=\"p15\" alt=\"p15\" loading=\"lazy\" \/>\t\t\t\t\t\t\t\t<\/a>\n\t\t\t\t\t\t\t\t\t\t\t\t\t\t\t<\/div>\n\t\t\t\t<\/div>\n\t\t\t\t<div class=\"elementor-element elementor-element-19cd918 elementor-widget elementor-widget-text-editor\" data-id=\"19cd918\" data-element_type=\"widget\" data-settings=\"{&quot;ekit_we_effect_on&quot;:&quot;none&quot;}\" data-widget_type=\"text-editor.default\">\n\t\t\t\t<div class=\"elementor-widget-container\">\n\t\t\t\t\t\t\t\t\t<p><strong><a href=\"https:\/\/spsc.pt\/curso\/ana-quinta-gomes\/\">Ana Quinta Gomes<\/a><br \/><\/strong><\/p>\t\t\t\t\t\t\t\t<\/div>\n\t\t\t\t<\/div>\n\t\t\t\t<\/div>\n\t\t<div class=\"elementor-element elementor-element-8705635 e-con-full e-flex e-con e-child\" data-id=\"8705635\" data-element_type=\"container\">\n\t\t\t\t<div class=\"elementor-element elementor-element-ba43b30 elementor-widget elementor-widget-image\" data-id=\"ba43b30\" data-element_type=\"widget\" data-settings=\"{&quot;ekit_we_effect_on&quot;:&quot;none&quot;}\" data-widget_type=\"image.default\">\n\t\t\t\t<div class=\"elementor-widget-container\">\n\t\t\t\t\t\t\t\t\t\t\t\t\t\t\t\t<a href=\"https:\/\/spsc.pt\/curso\/maria-joana-almeida\/\">\n\t\t\t\t\t\t\t<img decoding=\"async\" src=\"https:\/\/spsc.pt\/curso\/wp-content\/uploads\/elementor\/thumbs\/P6-r42d1mx7ska8lqgpguc5r6208n4ice61njrw1np6pw.jpg\" title=\"P6\" alt=\"P6\" loading=\"lazy\" \/>\t\t\t\t\t\t\t\t<\/a>\n\t\t\t\t\t\t\t\t\t\t\t\t\t\t\t<\/div>\n\t\t\t\t<\/div>\n\t\t\t\t<div class=\"elementor-element elementor-element-5ea4779 elementor-widget elementor-widget-text-editor\" data-id=\"5ea4779\" data-element_type=\"widget\" data-settings=\"{&quot;ekit_we_effect_on&quot;:&quot;none&quot;}\" data-widget_type=\"text-editor.default\">\n\t\t\t\t<div class=\"elementor-widget-container\">\n\t\t\t\t\t\t\t\t\t<p><strong><a href=\"https:\/\/spsc.pt\/curso\/maria-joana-almeida\/\">Maria Joana Almeida<\/a><br \/><\/strong><\/p>\t\t\t\t\t\t\t\t<\/div>\n\t\t\t\t<\/div>\n\t\t\t\t<\/div>\n\t\t\t\t\t<\/div>\n\t\t\t\t<\/div>\n\t\t<div class=\"elementor-element elementor-element-f7d20f9 e-flex e-con-boxed e-con e-parent\" data-id=\"f7d20f9\" data-element_type=\"container\">\n\t\t\t\t\t<div class=\"e-con-inner\">\n\t\t<div class=\"elementor-element elementor-element-d37d4c8 e-con-full e-flex e-con e-child\" data-id=\"d37d4c8\" data-element_type=\"container\">\n\t\t\t\t<div class=\"elementor-element elementor-element-940ad67 elementor-widget elementor-widget-image\" data-id=\"940ad67\" data-element_type=\"widget\" data-settings=\"{&quot;ekit_we_effect_on&quot;:&quot;none&quot;}\" data-widget_type=\"image.default\">\n\t\t\t\t<div class=\"elementor-widget-container\">\n\t\t\t\t\t\t\t\t\t\t\t\t\t\t\t\t<a href=\"https:\/\/spsc.pt\/curso\/rui-soares\/\">\n\t\t\t\t\t\t\t<img decoding=\"async\" src=\"https:\/\/spsc.pt\/curso\/wp-content\/uploads\/elementor\/thumbs\/P5-r42d1mx7ska8lqgpguc5r6208n4ice61njrw1np6pm.jpg\" title=\"P5\" alt=\"P5\" loading=\"lazy\" \/>\t\t\t\t\t\t\t\t<\/a>\n\t\t\t\t\t\t\t\t\t\t\t\t\t\t\t<\/div>\n\t\t\t\t<\/div>\n\t\t\t\t<div class=\"elementor-element elementor-element-7faf6b0 elementor-widget elementor-widget-text-editor\" data-id=\"7faf6b0\" data-element_type=\"widget\" data-settings=\"{&quot;ekit_we_effect_on&quot;:&quot;none&quot;}\" data-widget_type=\"text-editor.default\">\n\t\t\t\t<div class=\"elementor-widget-container\">\n\t\t\t\t\t\t\t\t\t<p><strong><a href=\"https:\/\/spsc.pt\/curso\/rui-soares\/\">Rui Soares<\/a><br \/><\/strong><\/p>\t\t\t\t\t\t\t\t<\/div>\n\t\t\t\t<\/div>\n\t\t\t\t<\/div>\n\t\t<div class=\"elementor-element elementor-element-b502c10 e-con-full e-flex e-con e-child\" data-id=\"b502c10\" data-element_type=\"container\">\n\t\t\t\t<div class=\"elementor-element elementor-element-b755ecf elementor-widget elementor-widget-image\" data-id=\"b755ecf\" data-element_type=\"widget\" data-settings=\"{&quot;ekit_we_effect_on&quot;:&quot;none&quot;}\" data-widget_type=\"image.default\">\n\t\t\t\t<div class=\"elementor-widget-container\">\n\t\t\t\t\t\t\t\t\t\t\t\t\t\t\t\t<a href=\"https:\/\/spsc.pt\/curso\/jose-alberto-ribeiro-goncalves\/\">\n\t\t\t\t\t\t\t<img decoding=\"async\" src=\"https:\/\/spsc.pt\/curso\/wp-content\/uploads\/elementor\/thumbs\/P7-r42d1mx7ska8lqgpguc5r6208n4ice61njrw1np6pw.jpg\" title=\"P7\" alt=\"P7\" loading=\"lazy\" \/>\t\t\t\t\t\t\t\t<\/a>\n\t\t\t\t\t\t\t\t\t\t\t\t\t\t\t<\/div>\n\t\t\t\t<\/div>\n\t\t\t\t<div class=\"elementor-element elementor-element-89b3534 elementor-widget elementor-widget-text-editor\" data-id=\"89b3534\" data-element_type=\"widget\" data-settings=\"{&quot;ekit_we_effect_on&quot;:&quot;none&quot;}\" data-widget_type=\"text-editor.default\">\n\t\t\t\t<div class=\"elementor-widget-container\">\n\t\t\t\t\t\t\t\t\t<p><a href=\"https:\/\/spsc.pt\/curso\/jose-alberto-ribeiro-goncalves\/\"><strong>Jos\u00e9 Alberto Ribeiro Gon\u00e7alves<\/strong><\/a><\/p>\t\t\t\t\t\t\t\t<\/div>\n\t\t\t\t<\/div>\n\t\t\t\t<\/div>\n\t\t<div class=\"elementor-element elementor-element-4ff99e1 e-con-full e-flex e-con e-child\" data-id=\"4ff99e1\" data-element_type=\"container\">\n\t\t\t\t<div class=\"elementor-element elementor-element-7dc6ff3 elementor-widget elementor-widget-image\" data-id=\"7dc6ff3\" data-element_type=\"widget\" data-settings=\"{&quot;ekit_we_effect_on&quot;:&quot;none&quot;}\" data-widget_type=\"image.default\">\n\t\t\t\t<div class=\"elementor-widget-container\">\n\t\t\t\t\t\t\t\t\t\t\t\t\t\t\t\t<a href=\"https:\/\/spsc.pt\/curso\/lisa-vicente\/\">\n\t\t\t\t\t\t\t<img decoding=\"async\" src=\"https:\/\/spsc.pt\/curso\/wp-content\/uploads\/elementor\/thumbs\/P8-r42d1mx7ska8lqgpguc5r6208n4ice61njrw1np6pw.jpg\" title=\"P8\" alt=\"P8\" loading=\"lazy\" \/>\t\t\t\t\t\t\t\t<\/a>\n\t\t\t\t\t\t\t\t\t\t\t\t\t\t\t<\/div>\n\t\t\t\t<\/div>\n\t\t\t\t<div class=\"elementor-element elementor-element-1c97a10 elementor-widget elementor-widget-text-editor\" data-id=\"1c97a10\" data-element_type=\"widget\" data-settings=\"{&quot;ekit_we_effect_on&quot;:&quot;none&quot;}\" data-widget_type=\"text-editor.default\">\n\t\t\t\t<div class=\"elementor-widget-container\">\n\t\t\t\t\t\t\t\t\t<p><strong><a href=\"https:\/\/spsc.pt\/curso\/lisa-vicente\/\">Lisa Vicente<\/a><br \/><\/strong><\/p>\t\t\t\t\t\t\t\t<\/div>\n\t\t\t\t<\/div>\n\t\t\t\t<\/div>\n\t\t<div class=\"elementor-element elementor-element-3ea7cc8 e-con-full e-flex e-con e-child\" data-id=\"3ea7cc8\" data-element_type=\"container\">\n\t\t\t\t<div class=\"elementor-element elementor-element-9aeacaa elementor-widget elementor-widget-image\" data-id=\"9aeacaa\" data-element_type=\"widget\" data-settings=\"{&quot;ekit_we_effect_on&quot;:&quot;none&quot;}\" data-widget_type=\"image.default\">\n\t\t\t\t<div class=\"elementor-widget-container\">\n\t\t\t\t\t\t\t\t\t\t\t\t\t\t\t\t<a href=\"https:\/\/spsc.pt\/curso\/rita-torres\/\">\n\t\t\t\t\t\t\t<img decoding=\"async\" src=\"https:\/\/spsc.pt\/curso\/wp-content\/uploads\/elementor\/thumbs\/P9-r42d1mx7ska8lqgpguc5r6208n4ice61njrw1np6pw.jpg\" title=\"P9\" alt=\"P9\" loading=\"lazy\" \/>\t\t\t\t\t\t\t\t<\/a>\n\t\t\t\t\t\t\t\t\t\t\t\t\t\t\t<\/div>\n\t\t\t\t<\/div>\n\t\t\t\t<div class=\"elementor-element elementor-element-21d20bb elementor-widget elementor-widget-text-editor\" data-id=\"21d20bb\" data-element_type=\"widget\" data-settings=\"{&quot;ekit_we_effect_on&quot;:&quot;none&quot;}\" data-widget_type=\"text-editor.default\">\n\t\t\t\t<div class=\"elementor-widget-container\">\n\t\t\t\t\t\t\t\t\t<p><strong><a href=\"https:\/\/spsc.pt\/curso\/rita-torres\/\">Rita Torres<\/a><br \/><\/strong><\/p>\t\t\t\t\t\t\t\t<\/div>\n\t\t\t\t<\/div>\n\t\t\t\t<\/div>\n\t\t\t\t\t<\/div>\n\t\t\t\t<\/div>\n\t\t<div class=\"elementor-element elementor-element-2219371 e-flex e-con-boxed e-con e-parent\" data-id=\"2219371\" data-element_type=\"container\">\n\t\t\t\t\t<div class=\"e-con-inner\">\n\t\t<div class=\"elementor-element elementor-element-d185cbf e-con-full e-flex e-con e-child\" data-id=\"d185cbf\" data-element_type=\"container\">\n\t\t\t\t<div class=\"elementor-element elementor-element-45d867d elementor-widget elementor-widget-image\" data-id=\"45d867d\" data-element_type=\"widget\" data-settings=\"{&quot;ekit_we_effect_on&quot;:&quot;none&quot;}\" data-widget_type=\"image.default\">\n\t\t\t\t<div class=\"elementor-widget-container\">\n\t\t\t\t\t\t\t\t\t\t\t\t\t\t\t\t<a href=\"https:\/\/spsc.pt\/curso\/rui-carvalho\/\">\n\t\t\t\t\t\t\t<img decoding=\"async\" src=\"https:\/\/spsc.pt\/curso\/wp-content\/uploads\/elementor\/thumbs\/P10-r42d1lzdlq8ya4i2mbxj6oajn9954p2bbf4ekdqkw4.jpg\" title=\"P10\" alt=\"P10\" loading=\"lazy\" \/>\t\t\t\t\t\t\t\t<\/a>\n\t\t\t\t\t\t\t\t\t\t\t\t\t\t\t<\/div>\n\t\t\t\t<\/div>\n\t\t\t\t<div class=\"elementor-element elementor-element-6bf96e6 elementor-widget elementor-widget-text-editor\" data-id=\"6bf96e6\" data-element_type=\"widget\" data-settings=\"{&quot;ekit_we_effect_on&quot;:&quot;none&quot;}\" data-widget_type=\"text-editor.default\">\n\t\t\t\t<div class=\"elementor-widget-container\">\n\t\t\t\t\t\t\t\t\t<p><strong><a href=\"https:\/\/spsc.pt\/curso\/rui-carvalho\/\">Rui Ferreira Carvalho<\/a><br \/><\/strong><\/p>\t\t\t\t\t\t\t\t<\/div>\n\t\t\t\t<\/div>\n\t\t\t\t<\/div>\n\t\t<div class=\"elementor-element elementor-element-1c5a60c e-con-full e-flex e-con e-child\" data-id=\"1c5a60c\" data-element_type=\"container\">\n\t\t\t\t<div class=\"elementor-element elementor-element-7d08308 elementor-widget elementor-widget-image\" data-id=\"7d08308\" data-element_type=\"widget\" data-settings=\"{&quot;ekit_we_effect_on&quot;:&quot;none&quot;}\" data-widget_type=\"image.default\">\n\t\t\t\t<div class=\"elementor-widget-container\">\n\t\t\t\t\t\t\t\t\t\t\t\t\t\t\t\t<a href=\"https:\/\/spsc.pt\/curso\/joao-moreira-de-sousa\/\">\n\t\t\t\t\t\t\t<img decoding=\"async\" src=\"https:\/\/spsc.pt\/curso\/wp-content\/uploads\/elementor\/thumbs\/p13-r42d1mx7ska8lqgpguc5r6208n4ice61njrw1np6pm.jpg\" title=\"p13\" alt=\"p13\" loading=\"lazy\" \/>\t\t\t\t\t\t\t\t<\/a>\n\t\t\t\t\t\t\t\t\t\t\t\t\t\t\t<\/div>\n\t\t\t\t<\/div>\n\t\t\t\t<div class=\"elementor-element elementor-element-faa3fb8 elementor-widget elementor-widget-text-editor\" data-id=\"faa3fb8\" data-element_type=\"widget\" data-settings=\"{&quot;ekit_we_effect_on&quot;:&quot;none&quot;}\" data-widget_type=\"text-editor.default\">\n\t\t\t\t<div class=\"elementor-widget-container\">\n\t\t\t\t\t\t\t\t\t<p><a href=\"https:\/\/spsc.pt\/curso\/joao-moreira-de-sousa\/\"><strong>Jo\u00e3o Moreira de Sousa<\/strong><\/a><\/p>\t\t\t\t\t\t\t\t<\/div>\n\t\t\t\t<\/div>\n\t\t\t\t<\/div>\n\t\t<div class=\"elementor-element elementor-element-3e479e8 e-con-full e-flex e-con e-child\" data-id=\"3e479e8\" data-element_type=\"container\">\n\t\t\t\t<div class=\"elementor-element elementor-element-ffa5c4c elementor-widget elementor-widget-image\" data-id=\"ffa5c4c\" data-element_type=\"widget\" data-settings=\"{&quot;ekit_we_effect_on&quot;:&quot;none&quot;}\" data-widget_type=\"image.default\">\n\t\t\t\t<div class=\"elementor-widget-container\">\n\t\t\t\t\t\t\t\t\t\t\t\t\t\t\t\t<a href=\"https:\/\/spsc.pt\/curso\/ana-beato\/\">\n\t\t\t\t\t\t\t<img decoding=\"async\" src=\"https:\/\/spsc.pt\/curso\/wp-content\/uploads\/elementor\/thumbs\/ana-r42d1mx7ska8lqgpguc5r6208n4ice61njrw1np6pw.jpg\" title=\"ana\" alt=\"ana\" loading=\"lazy\" \/>\t\t\t\t\t\t\t\t<\/a>\n\t\t\t\t\t\t\t\t\t\t\t\t\t\t\t<\/div>\n\t\t\t\t<\/div>\n\t\t\t\t<div class=\"elementor-element elementor-element-7c13bf6 elementor-widget elementor-widget-text-editor\" data-id=\"7c13bf6\" data-element_type=\"widget\" data-settings=\"{&quot;ekit_we_effect_on&quot;:&quot;none&quot;}\" data-widget_type=\"text-editor.default\">\n\t\t\t\t<div class=\"elementor-widget-container\">\n\t\t\t\t\t\t\t\t\t<p><strong><a href=\"https:\/\/spsc.pt\/curso\/ana-beato\/\">Ana Beato<\/a><br \/><\/strong><\/p>\t\t\t\t\t\t\t\t<\/div>\n\t\t\t\t<\/div>\n\t\t\t\t<\/div>\n\t\t<div class=\"elementor-element elementor-element-147ae16 e-con-full e-flex e-con e-child\" data-id=\"147ae16\" data-element_type=\"container\">\n\t\t\t\t<div class=\"elementor-element elementor-element-5551038 elementor-widget elementor-widget-image\" data-id=\"5551038\" data-element_type=\"widget\" data-settings=\"{&quot;ekit_we_effect_on&quot;:&quot;none&quot;}\" data-widget_type=\"image.default\">\n\t\t\t\t<div class=\"elementor-widget-container\">\n\t\t\t\t\t\t\t\t\t\t\t\t\t\t\t\t<a href=\"https:\/\/spsc.pt\/curso\/patricia-m-pascoal\/\">\n\t\t\t\t\t\t\t<img decoding=\"async\" src=\"https:\/\/spsc.pt\/curso\/wp-content\/uploads\/elementor\/thumbs\/patricia-r42d1mx7ska8lqgpguc5r6208n4ice61njrw1np6pm.jpg\" title=\"patricia\" alt=\"patricia\" loading=\"lazy\" \/>\t\t\t\t\t\t\t\t<\/a>\n\t\t\t\t\t\t\t\t\t\t\t\t\t\t\t<\/div>\n\t\t\t\t<\/div>\n\t\t\t\t<div class=\"elementor-element elementor-element-caa8159 elementor-widget elementor-widget-text-editor\" data-id=\"caa8159\" data-element_type=\"widget\" data-settings=\"{&quot;ekit_we_effect_on&quot;:&quot;none&quot;}\" data-widget_type=\"text-editor.default\">\n\t\t\t\t<div class=\"elementor-widget-container\">\n\t\t\t\t\t\t\t\t\t<p><strong><a href=\"https:\/\/spsc.pt\/curso\/patricia-m-pascoal\/\">Patr\u00edcia M. Pascoal<\/a><br \/><\/strong><\/p>\t\t\t\t\t\t\t\t<\/div>\n\t\t\t\t<\/div>\n\t\t\t\t<\/div>\n\t\t\t\t\t<\/div>\n\t\t\t\t<\/div>\n\t\t<div class=\"elementor-element elementor-element-29581f4 e-flex e-con-boxed e-con e-parent\" data-id=\"29581f4\" data-element_type=\"container\">\n\t\t\t\t\t<div class=\"e-con-inner\">\n\t\t<div class=\"elementor-element elementor-element-0c828e3 e-con-full e-flex e-con e-child\" data-id=\"0c828e3\" data-element_type=\"container\">\n\t\t\t\t<div class=\"elementor-element elementor-element-48d218b elementor-widget elementor-widget-image\" data-id=\"48d218b\" data-element_type=\"widget\" data-settings=\"{&quot;ekit_we_effect_on&quot;:&quot;none&quot;}\" data-widget_type=\"image.default\">\n\t\t\t\t<div class=\"elementor-widget-container\">\n\t\t\t\t\t\t\t\t\t\t\t\t\t\t\t\t<a href=\"https:\/\/spsc.pt\/curso\/corpo-docente\/ana-carvalheira\/\">\n\t\t\t\t\t\t\t<img decoding=\"async\" src=\"https:\/\/spsc.pt\/curso\/wp-content\/uploads\/elementor\/thumbs\/ana-r42d1mx7ska8lqgpguc5r6208n4ice61njrw1np6pm.png\" title=\"ana\" alt=\"ana\" loading=\"lazy\" \/>\t\t\t\t\t\t\t\t<\/a>\n\t\t\t\t\t\t\t\t\t\t\t\t\t\t\t<\/div>\n\t\t\t\t<\/div>\n\t\t\t\t<div class=\"elementor-element elementor-element-a0e820f elementor-widget elementor-widget-text-editor\" data-id=\"a0e820f\" data-element_type=\"widget\" data-settings=\"{&quot;ekit_we_effect_on&quot;:&quot;none&quot;}\" data-widget_type=\"text-editor.default\">\n\t\t\t\t<div class=\"elementor-widget-container\">\n\t\t\t\t\t\t\t\t\t<p><strong><a href=\"https:\/\/spsc.pt\/curso\/corpo-docente\/ana-carvalheira\/\">Ana Carvalheira<\/a><br \/><\/strong><\/p>\t\t\t\t\t\t\t\t<\/div>\n\t\t\t\t<\/div>\n\t\t\t\t<\/div>\n\t\t<div class=\"elementor-element elementor-element-be118ed e-con-full e-flex e-con e-child\" data-id=\"be118ed\" data-element_type=\"container\">\n\t\t\t\t<\/div>\n\t\t<div class=\"elementor-element elementor-element-9c596a0 e-con-full e-flex e-con e-child\" data-id=\"9c596a0\" data-element_type=\"container\">\n\t\t\t\t<\/div>\n\t\t<div class=\"elementor-element elementor-element-6cf68da e-con-full e-flex e-con e-child\" data-id=\"6cf68da\" data-element_type=\"container\">\n\t\t\t\t<\/div>\n\t\t\t\t\t<\/div>\n\t\t\t\t<\/div>\n\t\t\t\t<\/div>\n\t\t","protected":false},"excerpt":{"rendered":"<p>Joana Carvalho Paula Pinto Jorge Gato Pedro Teixeira In\u00eas Tavares Ricardo Barroso Ana Quinta Gomes Maria Joana Almeida Rui Soares Jos\u00e9 Alberto Ribeiro Gon\u00e7alves Lisa Vicente Rita Torres Rui Ferreira Carvalho Jo\u00e3o Moreira de Sousa Ana Beato Patr\u00edcia M. Pascoal Ana Carvalheira<\/p>\n","protected":false},"author":1,"featured_media":0,"parent":0,"menu_order":0,"comment_status":"closed","ping_status":"closed","template":"template\/full-width-template.php","meta":{"footnotes":""},"class_list":["post-8031","page","type-page","status-publish","hentry"],"_links":{"self":[{"href":"https:\/\/spsc.pt\/curso\/wp-json\/wp\/v2\/pages\/8031","targetHints":{"allow":["GET"]}}],"collection":[{"href":"https:\/\/spsc.pt\/curso\/wp-json\/wp\/v2\/pages"}],"about":[{"href":"https:\/\/spsc.pt\/curso\/wp-json\/wp\/v2\/types\/page"}],"author":[{"embeddable":true,"href":"https:\/\/spsc.pt\/curso\/wp-json\/wp\/v2\/users\/1"}],"replies":[{"embeddable":true,"href":"https:\/\/spsc.pt\/curso\/wp-json\/wp\/v2\/comments?post=8031"}],"version-history":[{"count":64,"href":"https:\/\/spsc.pt\/curso\/wp-json\/wp\/v2\/pages\/8031\/revisions"}],"predecessor-version":[{"id":8531,"href":"https:\/\/spsc.pt\/curso\/wp-json\/wp\/v2\/pages\/8031\/revisions\/8531"}],"wp:attachment":[{"href":"https:\/\/spsc.pt\/curso\/wp-json\/wp\/v2\/media?parent=8031"}],"curies":[{"name":"wp","href":"https:\/\/api.w.org\/{rel}","templated":true}]}}