{"id":8120,"date":"2024-02-21T23:23:59","date_gmt":"2024-02-21T23:23:59","guid":{"rendered":"https:\/\/spsc.pt\/curso\/?page_id=8120"},"modified":"2024-02-21T23:26:37","modified_gmt":"2024-02-21T23:26:37","slug":"comissao-pedagogica","status":"publish","type":"page","link":"https:\/\/spsc.pt\/curso\/comissao-pedagogica\/","title":{"rendered":"Comiss\u00e3o Pedag\u00f3gica"},"content":{"rendered":"\t\t<div data-elementor-type=\"wp-page\" data-elementor-id=\"8120\" class=\"elementor elementor-8120\">\n\t\t\t\t<div class=\"elementor-element elementor-element-3d674de e-flex e-con-boxed e-con e-parent\" data-id=\"3d674de\" data-element_type=\"container\">\n\t\t\t\t\t<div class=\"e-con-inner\">\n\t\t\t\t<div class=\"elementor-element elementor-element-2f0d1d9 elementor-widget elementor-widget-spacer\" data-id=\"2f0d1d9\" data-element_type=\"widget\" data-settings=\"{&quot;ekit_we_effect_on&quot;:&quot;none&quot;}\" data-widget_type=\"spacer.default\">\n\t\t\t\t<div class=\"elementor-widget-container\">\n\t\t\t\t\t\t\t<div class=\"elementor-spacer\">\n\t\t\t<div class=\"elementor-spacer-inner\"><\/div>\n\t\t<\/div>\n\t\t\t\t\t\t<\/div>\n\t\t\t\t<\/div>\n\t\t\t\t<div class=\"elementor-element elementor-element-32371d5 elementor-widget elementor-widget-text-editor\" data-id=\"32371d5\" data-element_type=\"widget\" data-settings=\"{&quot;ekit_we_effect_on&quot;:&quot;none&quot;}\" data-widget_type=\"text-editor.default\">\n\t\t\t\t<div class=\"elementor-widget-container\">\n\t\t\t\t\t\t\t\t\t<p><b>Comiss\u00e3o Pedag\u00f3gica:<\/b><\/p><p>Coordena\u00e7\u00e3o da Comiss\u00e3o Pedag\u00f3gica: <br \/>Ana Gomes<\/p>\t\t\t\t\t\t\t\t<\/div>\n\t\t\t\t<\/div>\n\t\t\t\t<div class=\"elementor-element elementor-element-f6a5213 elementor-widget-divider--view-line elementor-widget elementor-widget-divider\" data-id=\"f6a5213\" data-element_type=\"widget\" data-settings=\"{&quot;ekit_we_effect_on&quot;:&quot;none&quot;}\" data-widget_type=\"divider.default\">\n\t\t\t\t<div class=\"elementor-widget-container\">\n\t\t\t\t\t\t\t<div class=\"elementor-divider\">\n\t\t\t<span class=\"elementor-divider-separator\">\n\t\t\t\t\t\t<\/span>\n\t\t<\/div>\n\t\t\t\t\t\t<\/div>\n\t\t\t\t<\/div>\n\t\t\t\t\t<\/div>\n\t\t\t\t<\/div>\n\t\t<div class=\"elementor-element elementor-element-da746d7 e-flex e-con-boxed e-con e-parent\" data-id=\"da746d7\" data-element_type=\"container\">\n\t\t\t\t\t<div class=\"e-con-inner\">\n\t\t<div class=\"elementor-element elementor-element-408790a e-con-full e-flex e-con e-child\" data-id=\"408790a\" data-element_type=\"container\">\n\t\t\t\t<div class=\"elementor-element elementor-element-a969093 elementor-widget elementor-widget-text-editor\" data-id=\"a969093\" data-element_type=\"widget\" data-settings=\"{&quot;ekit_we_effect_on&quot;:&quot;none&quot;}\" data-widget_type=\"text-editor.default\">\n\t\t\t\t<div class=\"elementor-widget-container\">\n\t\t\t\t\t\t\t\t\t<p>Rui Soares<\/p>\t\t\t\t\t\t\t\t<\/div>\n\t\t\t\t<\/div>\n\t\t\t\t<\/div>\n\t\t<div class=\"elementor-element elementor-element-242968b e-con-full e-flex e-con e-child\" data-id=\"242968b\" data-element_type=\"container\">\n\t\t\t\t<div class=\"elementor-element elementor-element-0cdba9a elementor-widget elementor-widget-text-editor\" data-id=\"0cdba9a\" data-element_type=\"widget\" data-settings=\"{&quot;ekit_we_effect_on&quot;:&quot;none&quot;}\" data-widget_type=\"text-editor.default\">\n\t\t\t\t<div class=\"elementor-widget-container\">\n\t\t\t\t\t\t\t\t\t<p>Joana Carvalho<\/p>\t\t\t\t\t\t\t\t<\/div>\n\t\t\t\t<\/div>\n\t\t\t\t<\/div>\n\t\t<div class=\"elementor-element elementor-element-7a56699 e-con-full e-flex e-con e-child\" data-id=\"7a56699\" data-element_type=\"container\">\n\t\t\t\t<div class=\"elementor-element elementor-element-ec474c3 elementor-widget elementor-widget-text-editor\" data-id=\"ec474c3\" data-element_type=\"widget\" data-settings=\"{&quot;ekit_we_effect_on&quot;:&quot;none&quot;}\" data-widget_type=\"text-editor.default\">\n\t\t\t\t<div class=\"elementor-widget-container\">\n\t\t\t\t\t\t\t\t\t<p>Ana Beato<\/p>\t\t\t\t\t\t\t\t<\/div>\n\t\t\t\t<\/div>\n\t\t\t\t<\/div>\n\t\t<div class=\"elementor-element elementor-element-e950942 e-con-full e-flex e-con e-child\" data-id=\"e950942\" data-element_type=\"container\">\n\t\t\t\t<div class=\"elementor-element elementor-element-be01fb1 elementor-widget elementor-widget-text-editor\" data-id=\"be01fb1\" data-element_type=\"widget\" data-settings=\"{&quot;ekit_we_effect_on&quot;:&quot;none&quot;}\" data-widget_type=\"text-editor.default\">\n\t\t\t\t<div class=\"elementor-widget-container\">\n\t\t\t\t\t\t\t\t\t<p>Jo\u00e3o Moreira de Sousa<\/p>\t\t\t\t\t\t\t\t<\/div>\n\t\t\t\t<\/div>\n\t\t\t\t<\/div>\n\t\t\t\t\t<\/div>\n\t\t\t\t<\/div>\n\t\t<div class=\"elementor-element elementor-element-5cbb010 e-flex e-con-boxed e-con e-parent\" data-id=\"5cbb010\" data-element_type=\"container\">\n\t\t\t\t\t<div class=\"e-con-inner\">\n\t\t\t\t<div class=\"elementor-element elementor-element-103cbae elementor-widget-divider--view-line elementor-widget elementor-widget-divider\" data-id=\"103cbae\" data-element_type=\"widget\" data-settings=\"{&quot;ekit_we_effect_on&quot;:&quot;none&quot;}\" data-widget_type=\"divider.default\">\n\t\t\t\t<div class=\"elementor-widget-container\">\n\t\t\t\t\t\t\t<div class=\"elementor-divider\">\n\t\t\t<span class=\"elementor-divider-separator\">\n\t\t\t\t\t\t<\/span>\n\t\t<\/div>\n\t\t\t\t\t\t<\/div>\n\t\t\t\t<\/div>\n\t\t\t\t\t<\/div>\n\t\t\t\t<\/div>\n\t\t\t\t<\/div>\n\t\t","protected":false},"excerpt":{"rendered":"<p>Comiss\u00e3o Pedag\u00f3gica: Coordena\u00e7\u00e3o da Comiss\u00e3o Pedag\u00f3gica: Ana Gomes Rui Soares Joana Carvalho Ana Beato Jo\u00e3o Moreira de Sousa<\/p>\n","protected":false},"author":1,"featured_media":0,"parent":0,"menu_order":0,"comment_status":"closed","ping_status":"closed","template":"template\/full-width-template.php","meta":{"footnotes":""},"class_list":["post-8120","page","type-page","status-publish","hentry"],"_links":{"self":[{"href":"https:\/\/spsc.pt\/curso\/wp-json\/wp\/v2\/pages\/8120","targetHints":{"allow":["GET"]}}],"collection":[{"href":"https:\/\/spsc.pt\/curso\/wp-json\/wp\/v2\/pages"}],"about":[{"href":"https:\/\/spsc.pt\/curso\/wp-json\/wp\/v2\/types\/page"}],"author":[{"embeddable":true,"href":"https:\/\/spsc.pt\/curso\/wp-json\/wp\/v2\/users\/1"}],"replies":[{"embeddable":true,"href":"https:\/\/spsc.pt\/curso\/wp-json\/wp\/v2\/comments?post=8120"}],"version-history":[{"count":4,"href":"https:\/\/spsc.pt\/curso\/wp-json\/wp\/v2\/pages\/8120\/revisions"}],"predecessor-version":[{"id":8124,"href":"https:\/\/spsc.pt\/curso\/wp-json\/wp\/v2\/pages\/8120\/revisions\/8124"}],"wp:attachment":[{"href":"https:\/\/spsc.pt\/curso\/wp-json\/wp\/v2\/media?parent=8120"}],"curies":[{"name":"wp","href":"https:\/\/api.w.org\/{rel}","templated":true}]}}