{"id":8242,"date":"2024-03-06T23:01:53","date_gmt":"2024-03-06T23:01:53","guid":{"rendered":"https:\/\/spsc.pt\/curso\/?page_id=8242"},"modified":"2024-03-06T23:04:20","modified_gmt":"2024-03-06T23:04:20","slug":"ana-carvalheira","status":"publish","type":"page","link":"https:\/\/spsc.pt\/curso\/corpo-docente\/ana-carvalheira\/","title":{"rendered":"Ana Carvalheira"},"content":{"rendered":"\t\t<div data-elementor-type=\"wp-page\" data-elementor-id=\"8242\" class=\"elementor elementor-8242\">\n\t\t\t\t<div class=\"elementor-element elementor-element-c38b18c e-flex e-con-boxed e-con e-parent\" data-id=\"c38b18c\" data-element_type=\"container\">\n\t\t\t\t\t<div class=\"e-con-inner\">\n\t\t\t\t<div class=\"elementor-element elementor-element-2c28d77 elementor-widget elementor-widget-spacer\" data-id=\"2c28d77\" data-element_type=\"widget\" data-settings=\"{&quot;ekit_we_effect_on&quot;:&quot;none&quot;}\" data-widget_type=\"spacer.default\">\n\t\t\t\t<div class=\"elementor-widget-container\">\n\t\t\t\t\t\t\t<div class=\"elementor-spacer\">\n\t\t\t<div class=\"elementor-spacer-inner\"><\/div>\n\t\t<\/div>\n\t\t\t\t\t\t<\/div>\n\t\t\t\t<\/div>\n\t\t\t\t\t<\/div>\n\t\t\t\t<\/div>\n\t\t<div class=\"elementor-element elementor-element-2adb39a e-flex e-con-boxed e-con e-parent\" data-id=\"2adb39a\" data-element_type=\"container\">\n\t\t\t\t\t<div class=\"e-con-inner\">\n\t\t<div class=\"elementor-element elementor-element-b2d3765 e-con-full e-flex e-con e-child\" data-id=\"b2d3765\" data-element_type=\"container\">\n\t\t\t\t<div class=\"elementor-element elementor-element-fc02d43 elementor-widget elementor-widget-image\" data-id=\"fc02d43\" data-element_type=\"widget\" data-settings=\"{&quot;ekit_we_effect_on&quot;:&quot;none&quot;}\" data-widget_type=\"image.default\">\n\t\t\t\t<div class=\"elementor-widget-container\">\n\t\t\t\t\t\t\t\t\t\t\t\t\t\t\t<img decoding=\"async\" src=\"https:\/\/spsc.pt\/curso\/wp-content\/uploads\/elementor\/thumbs\/ana-r42d1mx8eho66fvfi9fijnk6ke081bsbapbk3vobkg.png\" title=\"ana\" alt=\"ana\" loading=\"lazy\" \/>\t\t\t\t\t\t\t\t\t\t\t\t\t\t\t<\/div>\n\t\t\t\t<\/div>\n\t\t\t\t<\/div>\n\t\t<div class=\"elementor-element elementor-element-17f49b1 e-con-full e-flex e-con e-child\" data-id=\"17f49b1\" data-element_type=\"container\">\n\t\t\t\t<div class=\"elementor-element elementor-element-6bd0899 elementor-widget elementor-widget-text-editor\" data-id=\"6bd0899\" data-element_type=\"widget\" data-settings=\"{&quot;ekit_we_effect_on&quot;:&quot;none&quot;}\" data-widget_type=\"text-editor.default\">\n\t\t\t\t<div class=\"elementor-widget-container\">\n\t\t\t\t\t\t\t\t\t<p>Ana Carvalheira \u00e9 professora auxiliar e investigadora integrada no William James Center for Research, ISPA &#8211; Instituto Universit\u00e1rio, Lisboa. <br \/>Tem doutoramento europeu em Psicologia da Sexualidade na Universidade de Salamanca (2001-2005). <br \/>Fez p\u00f3s-doutoramento no Ispa em colabora\u00e7\u00e3o com o <em>Sexual Health Lab<\/em>, Universidade British Columbia, Vancouver (2006-2012). <br \/>Investigadora visitante do Instituto Kinsey. <br \/>Foi presidente da Sociedade Portuguesa de Sexologia Cl\u00ednica em 2011\/2013. <br \/>Realiza investiga\u00e7\u00e3o cl\u00ednica decorrente da sua atividade em sexologia cl\u00ednica desde 1997.<\/p><p><a href=\"https:\/\/www.cienciavitae.pt\/portal\/1617-E364-7218\">https:\/\/www.cienciavitae.pt\/portal\/1617-E364-7218<\/a><\/p>\t\t\t\t\t\t\t\t<\/div>\n\t\t\t\t<\/div>\n\t\t\t\t<\/div>\n\t\t\t\t\t<\/div>\n\t\t\t\t<\/div>\n\t\t\t\t<\/div>\n\t\t","protected":false},"excerpt":{"rendered":"<p>Ana Carvalheira \u00e9 professora auxiliar e investigadora integrada no William James Center for Research, ISPA &#8211; Instituto Universit\u00e1rio, Lisboa. Tem doutoramento europeu em Psicologia da Sexualidade na Universidade de Salamanca (2001-2005). Fez p\u00f3s-doutoramento no Ispa em colabora\u00e7\u00e3o com o Sexual Health Lab, Universidade British Columbia, Vancouver (2006-2012). Investigadora visitante do Instituto Kinsey. Foi presidente da [&hellip;]<\/p>\n","protected":false},"author":1,"featured_media":0,"parent":8031,"menu_order":0,"comment_status":"closed","ping_status":"closed","template":"template\/full-width-template.php","meta":{"footnotes":""},"class_list":["post-8242","page","type-page","status-publish","hentry"],"_links":{"self":[{"href":"https:\/\/spsc.pt\/curso\/wp-json\/wp\/v2\/pages\/8242","targetHints":{"allow":["GET"]}}],"collection":[{"href":"https:\/\/spsc.pt\/curso\/wp-json\/wp\/v2\/pages"}],"about":[{"href":"https:\/\/spsc.pt\/curso\/wp-json\/wp\/v2\/types\/page"}],"author":[{"embeddable":true,"href":"https:\/\/spsc.pt\/curso\/wp-json\/wp\/v2\/users\/1"}],"replies":[{"embeddable":true,"href":"https:\/\/spsc.pt\/curso\/wp-json\/wp\/v2\/comments?post=8242"}],"version-history":[{"count":4,"href":"https:\/\/spsc.pt\/curso\/wp-json\/wp\/v2\/pages\/8242\/revisions"}],"predecessor-version":[{"id":8247,"href":"https:\/\/spsc.pt\/curso\/wp-json\/wp\/v2\/pages\/8242\/revisions\/8247"}],"up":[{"embeddable":true,"href":"https:\/\/spsc.pt\/curso\/wp-json\/wp\/v2\/pages\/8031"}],"wp:attachment":[{"href":"https:\/\/spsc.pt\/curso\/wp-json\/wp\/v2\/media?parent=8242"}],"curies":[{"name":"wp","href":"https:\/\/api.w.org\/{rel}","templated":true}]}}