{"id":190,"date":"2025-02-18T21:15:30","date_gmt":"2025-02-18T21:15:30","guid":{"rendered":"https:\/\/spsc.pt\/encontro2025\/?page_id=190"},"modified":"2025-06-08T13:59:28","modified_gmt":"2025-06-08T13:59:28","slug":"submissao-de-posteres","status":"publish","type":"page","link":"https:\/\/spsc.pt\/encontro2025\/submissao-de-posteres\/","title":{"rendered":"Submiss\u00e3o de Posteres"},"content":{"rendered":"\t\t<div data-elementor-type=\"wp-page\" data-elementor-id=\"190\" class=\"elementor elementor-190\">\n\t\t\t\t<div class=\"elementor-element elementor-element-acf6de3 e-flex e-con-boxed e-con e-parent\" data-id=\"acf6de3\" data-element_type=\"container\">\n\t\t\t\t\t<div class=\"e-con-inner\">\n\t\t\t\t<div class=\"elementor-element elementor-element-131fd10 elementor-widget elementor-widget-spacer\" data-id=\"131fd10\" data-element_type=\"widget\" data-widget_type=\"spacer.default\">\n\t\t\t\t<div class=\"elementor-widget-container\">\n\t\t\t\t\t\t\t<div class=\"elementor-spacer\">\n\t\t\t<div class=\"elementor-spacer-inner\"><\/div>\n\t\t<\/div>\n\t\t\t\t\t\t<\/div>\n\t\t\t\t<\/div>\n\t\t\t\t<div class=\"elementor-element elementor-element-c84c77f elementor-widget elementor-widget-heading\" data-id=\"c84c77f\" data-element_type=\"widget\" data-widget_type=\"heading.default\">\n\t\t\t\t<div class=\"elementor-widget-container\">\n\t\t\t\t\t<h4 class=\"elementor-heading-title elementor-size-default\">Submiss\u00e3o de Posteres<\/h4>\t\t\t\t<\/div>\n\t\t\t\t<\/div>\n\t\t\t\t<div class=\"elementor-element elementor-element-3896f53 elementor-align-center elementor-widget elementor-widget-button\" data-id=\"3896f53\" data-element_type=\"widget\" data-widget_type=\"button.default\">\n\t\t\t\t<div class=\"elementor-widget-container\">\n\t\t\t\t\t\t\t\t\t<div class=\"elementor-button-wrapper\">\n\t\t\t\t\t<a class=\"elementor-button elementor-button-link elementor-size-sm\" href=\"#\">\n\t\t\t\t\t\t<span class=\"elementor-button-content-wrapper\">\n\t\t\t\t\t\t\t\t\t<span class=\"elementor-button-text\">NOVO PRAZO AT\u00c9 15 DE JUNHO 2025!<\/span>\n\t\t\t\t\t<\/span>\n\t\t\t\t\t<\/a>\n\t\t\t\t<\/div>\n\t\t\t\t\t\t\t\t<\/div>\n\t\t\t\t<\/div>\n\t\t\t\t<div class=\"elementor-element elementor-element-cda5928 elementor-widget elementor-widget-text-editor\" data-id=\"cda5928\" data-element_type=\"widget\" data-widget_type=\"text-editor.default\">\n\t\t\t\t<div class=\"elementor-widget-container\">\n\t\t\t\t\t\t\t\t\t<p style=\"text-align: center;\">A estrutura dos posteres \u00e9 livre, devendo estes ser formatados na vertical. <br \/>A submiss\u00e3o dos resumos deve incluir o t\u00edtulo, os autores e sua afilia\u00e7\u00e3o e conter um m\u00e1ximo de 300 palavras.<\/p><p style=\"text-align: center;\">A dimens\u00e3o aconselhada para os posteres \u00e9 tamanhoA0.<\/p><p style=\"text-align: center;\"><strong>PRAZO PARA A SUBMISS\u00c3O DE POSTERES: 15 JUNHO 2025<\/strong><\/p>\t\t\t\t\t\t\t\t<\/div>\n\t\t\t\t<\/div>\n\t\t\t\t<div class=\"elementor-element elementor-element-079b0b1 elementor-widget elementor-widget-wpforms\" data-id=\"079b0b1\" data-element_type=\"widget\" data-widget_type=\"wpforms.default\">\n\t\t\t\t<div class=\"elementor-widget-container\">\n\t\t\t\t\t<style id=\"wpforms-css-vars-elementor-widget-079b0b1\">\n\t\t\t\t.elementor-widget-wpforms.elementor-element-079b0b1 {\n\t\t\t\t--wpforms-field-size-input-height: 43px;\n--wpforms-field-size-input-spacing: 15px;\n--wpforms-field-size-font-size: 16px;\n--wpforms-field-size-line-height: 19px;\n--wpforms-field-size-padding-h: 14px;\n--wpforms-field-size-checkbox-size: 16px;\n--wpforms-field-size-sublabel-spacing: 5px;\n--wpforms-field-size-icon-size: 1;\n--wpforms-label-size-font-size: 16px;\n--wpforms-label-size-line-height: 19px;\n--wpforms-label-size-sublabel-font-size: 14px;\n--wpforms-label-size-sublabel-line-height: 17px;\n--wpforms-button-size-font-size: 17px;\n--wpforms-button-size-height: 41px;\n--wpforms-button-size-padding-h: 15px;\n--wpforms-button-size-margin-top: 10px;\n\n\t\t\t}\n\t\t\t<\/style><!-- WPForms: no fields, form hidden -->\t\t\t\t<\/div>\n\t\t\t\t<\/div>\n\t\t\t\t\t<\/div>\n\t\t\t\t<\/div>\n\t\t\t\t<\/div>\n\t\t","protected":false},"excerpt":{"rendered":"<p>Submiss\u00e3o de Posteres NOVO PRAZO AT\u00c9 15 DE JUNHO 2025! A estrutura dos posteres \u00e9 livre, devendo estes ser formatados na vertical. A submiss\u00e3o dos resumos<span class=\"excerpt-hellip\"> [\u2026]<\/span><\/p>\n","protected":false},"author":1,"featured_media":0,"parent":0,"menu_order":0,"comment_status":"closed","ping_status":"closed","template":"","meta":{"footnotes":""},"class_list":["post-190","page","type-page","status-publish","hentry"],"_links":{"self":[{"href":"https:\/\/spsc.pt\/encontro2025\/wp-json\/wp\/v2\/pages\/190","targetHints":{"allow":["GET"]}}],"collection":[{"href":"https:\/\/spsc.pt\/encontro2025\/wp-json\/wp\/v2\/pages"}],"about":[{"href":"https:\/\/spsc.pt\/encontro2025\/wp-json\/wp\/v2\/types\/page"}],"author":[{"embeddable":true,"href":"https:\/\/spsc.pt\/encontro2025\/wp-json\/wp\/v2\/users\/1"}],"replies":[{"embeddable":true,"href":"https:\/\/spsc.pt\/encontro2025\/wp-json\/wp\/v2\/comments?post=190"}],"version-history":[{"count":25,"href":"https:\/\/spsc.pt\/encontro2025\/wp-json\/wp\/v2\/pages\/190\/revisions"}],"predecessor-version":[{"id":289,"href":"https:\/\/spsc.pt\/encontro2025\/wp-json\/wp\/v2\/pages\/190\/revisions\/289"}],"wp:attachment":[{"href":"https:\/\/spsc.pt\/encontro2025\/wp-json\/wp\/v2\/media?parent=190"}],"curies":[{"name":"wp","href":"https:\/\/api.w.org\/{rel}","templated":true}]}}