{"id":10335,"date":"2022-08-11T16:46:59","date_gmt":"2022-08-11T16:46:59","guid":{"rendered":"https:\/\/spsc.pt\/?page_id=10335"},"modified":"2024-09-09T22:41:35","modified_gmt":"2024-09-09T22:41:35","slug":"corpos-sociais-2024","status":"publish","type":"page","link":"https:\/\/spsc.pt\/index.php\/corpos-sociais-2024\/","title":{"rendered":"Corpos Sociais 2024"},"content":{"rendered":"<div class=\"wpb-content-wrapper\"><p>[vc_row][vc_column][vc_empty_space][\/vc_column][\/vc_row][vc_row content_placement=&#8221;bottom&#8221;][vc_column][vc_text_separator title=&#8221;Dire\u00e7\u00e3o&#8221;][\/vc_column][\/vc_row][vc_row][vc_column width=&#8221;1\/3&#8243;][vc_single_image image=&#8221;10343&#8243; alignment=&#8221;center&#8221;][vc_column_text]<\/p>\n<p style=\"text-align: center;\"><strong>Joana Carvalho<\/strong><br \/>\nPresidente<\/p>\n<p style=\"text-align: center;\">Joana Carvalho \u00e9 doutorada em Psicologia, professora universit\u00e1ria e diretora do Sexual Behavior and Health Lab no Departamento de Educa\u00e7\u00e3o e Psicologia da Universidade de Aveiro, e investigadora integrada no William James Center for Research.<br \/>\nDet\u00e9m as especialidades avan\u00e7adas em Sexologia e Psicologia da Justi\u00e7a pela Ordem dos Psic\u00f3logos Portugueses, sendo coordenadora do Comit\u00e9 de Revis\u00e3o Cient\u00edfica da Sociedade Internacional de Medicina Sexual, consultora s\u00e9nior do Comit\u00e9 de Diretrizes Cl\u00ednicas em Sa\u00fade Sexual e Reprodutiva Masculina da Associa\u00e7\u00e3o Europeia de Urologia, e editora associada do Journal of Sexual Medicine.<br \/>\nInvestiga nas \u00e1reas tem\u00e1ticas da (dis)fun\u00e7\u00e3o sexual, viol\u00eancia sexual, compulsividade sexual, com especial interesse na investiga\u00e7\u00e3o laboratorial acerca da resposta sexual humana <a href=\"https:\/\/www.cienciavitae.pt\/portal\/en\/C418-C0B5-A998\">https:\/\/www.cienciavitae.pt\/portal\/en\/C418-C0B5-A998<\/a>.<\/p>\n<p>[\/vc_column_text][vc_empty_space height=&#8221;60px&#8221;][\/vc_column][vc_column width=&#8221;1\/3&#8243;][vc_single_image image=&#8221;10345&#8243; alignment=&#8221;center&#8221;][vc_column_text]<\/p>\n<p style=\"text-align: center;\"><strong>Rui Soares<\/strong><br \/>\nVice-presidente<\/p>\n<p style=\"text-align: center;\">Assistente hospitalar em Patologia Cl\u00ednica (IPO Coimbra)<br \/>\nConsultor em Sexologia Cl\u00ednica (Grupo Multidisciplinar em OncoSexologia IPO Coimbra)<br \/>\nAssistente convidado (Faculdade de Medicina da Universidade de Coimbra)<br \/>\nSex\u00f3logo Cl\u00ednico (Sociedade Portuguesa de Sexologia Cl\u00ednica)<br \/>\nMembro do Col\u00e9gio da Compet\u00eancia em Sexologia Cl\u00ednica (Ordem dos M\u00e9dicos)<br \/>\nFundador e respons\u00e1vel do ramo HIV e IST&#8217;s da AWISHE (AWISHE &#8211; Association for World Innovation in Science and Health Education)[\/vc_column_text][\/vc_column][vc_column width=&#8221;1\/3&#8243;][vc_single_image image=&#8221;10344&#8243; alignment=&#8221;center&#8221;][vc_column_text]<\/p>\n<p style=\"text-align: center;\"><strong>Pedro Teixeira<\/strong><br \/>\nVice-presidente<\/p>\n<p style=\"text-align: center;\">M\u00e9dico assistente graduado de Psiquiatria<br \/>\nCurso de Diretor de Psicodrama da Sociedade Portuguesa de Psicodrama<br \/>\n<em>Fellowship<\/em> na <em>Personality Disorders Institute<\/em> do <em>New York Presbyterian Hospital<\/em> (<em>Cornell University<\/em>)<br \/>\nMestrado Internacional em Pol\u00edticas e Servi\u00e7os de Sa\u00fade Mental na Universidade Nova de Lisboa<br \/>\nP\u00f3s-Gradua\u00e7\u00e3o em Gest\u00e3o na Sa\u00fade na Cat\u00f3lica Porto Business School<br \/>\nSex\u00f3logo Cl\u00ednico e Terapeuta Sexual pela SPSC<br \/>\nCoordenador da Consulta de Sexologia no Centro Hospitalar do M\u00e9dio Ave (2016\/\u2026)[\/vc_column_text][\/vc_column][\/vc_row][vc_row][vc_column width=&#8221;1\/4&#8243;][vc_single_image image=&#8221;10346&#8243; alignment=&#8221;center&#8221;][vc_column_text]<\/p>\n<p style=\"text-align: center;\"><strong>Ana Beato<\/strong><br \/>\nSecret\u00e1ria Geral<\/p>\n<p style=\"text-align: center;\">Psic\u00f3loga Cl\u00ednica e da Sa\u00fade<br \/>\nSex\u00f3loga Cl\u00ednica e Terapeuta Sexual pela Sociedade Portuguesa de Sexologia Cl\u00ednica<br \/>\nProfessora universit\u00e1ria, sub-coordenadora do Mestrado Transdisciplinar de Sexologia na Escola de Psicologia e Ci\u00eancias da Vida da Universidade Lus\u00f3fona.<br \/>\nCoordenadora da Consulta de Sexualidade do centro de desenvolvimento PIN: <em>Partners in Neuroscience<\/em><br \/>\nMembro da SPSC (ex-coordenadora do curso p\u00f3s-graduado, Comiss\u00e3o de Inf\u00e2ncia e Adolesc\u00eancia)[\/vc_column_text][\/vc_column][vc_column width=&#8221;1\/4&#8243;][vc_single_image image=&#8221;10794&#8243; alignment=&#8221;center&#8221; onclick=&#8221;custom_link&#8221; link=&#8221;https:\/\/spsc.pt\/index.php\/elemento\/rui-ferreira-carvalho\/&#8221;][vc_column_text]<\/p>\n<p style=\"text-align: center;\"><strong>In\u00eas Tavares<\/strong><br \/>\nTesoureira<\/p>\n<div style=\"text-align: center;\">\n<p>Psic\u00f3loga Cl\u00ednica e da Sa\u00fade<br \/>\nTerapeuta Sexual e Sex\u00f3loga Cl\u00ednica pela Sociedade Portuguesa de Sexologia Cl\u00ednica. Docente Universit\u00e1ria (Prof. Auxiliar) na Universidade Lus\u00f3fona, Centro Universit\u00e1rio do Porto. Membro da SPSC e da Comiss\u00e3o Cient\u00edfica, ex-membro da Comiss\u00e3o Media\/Dia da Sa\u00fade Sexual da SPSC (2023-2024). Membro do Comit\u00e9 sobre Dimens\u00f5es psicol\u00f3gicas e interpessoais da fun\u00e7\u00e3o e disfun\u00e7\u00e3o<br \/>\nsexual &#8211; Sociedade Internacional em Medicina Sexual. Membro do Corpo Editorial \u2013 Journal of Sexual Medicine, Journal of Sex Research<\/p>\n<\/div>\n<p>[\/vc_column_text][\/vc_column][vc_column width=&#8221;1\/4&#8243;][vc_single_image image=&#8221;10348&#8243; alignment=&#8221;center&#8221;][vc_column_text]<\/p>\n<p style=\"text-align: center;\"><strong>Sofia Costa<\/strong><br \/>\nSecret\u00e1ria Adjunta<\/p>\n<p style=\"text-align: center;\">Assistente Hospitalar de Ginecologia\/Obstetr\u00edcia no Hospital Senhora da Oliveira &#8211; Guimar\u00e3es<br \/>\nCompet\u00eancia em Sexologia\u00a0 pela Ordem dos M\u00e9dicos<br \/>\nP\u00f3s-graduada em Sexologia Cl\u00ednica\u00a0 e Terapia Sexual pela SPSC<br \/>\nFellow of the European Committee of Sexual Medicine[\/vc_column_text][\/vc_column][vc_column width=&#8221;1\/4&#8243;][vc_single_image image=&#8221;10349&#8243; alignment=&#8221;center&#8221;][vc_column_text]<\/p>\n<p style=\"text-align: center;\"><strong>Jo\u00e3o Sousa<\/strong><br \/>\nSecret\u00e1rio Adjunto<\/p>\n<p style=\"text-align: center;\">M\u00e9dico especialista em Medicina Geral e Familiar, UCSP Sete Rios (ACES Lisboa Norte)<br \/>\nM\u00e9dico do GAT (Grupo de Ativistas em Tratamentos), consulta de Infec\u00e7\u00f5es de Transmiss\u00e3o Sexual do GAT CheckpointLx e GAT Intendente (2018-presente)<br \/>\nEspecializa\u00e7\u00e3o P\u00f3s-Universit\u00e1ria Avan\u00e7ada em Sexologia Cl\u00ednica pela Sociedade Portuguesa de Sexologia Clinica (SPSC) (2018-2022)<br \/>\nMembro da SPSC e da Comiss\u00e3o para a Educa\u00e7\u00e3o Sexual da SPSC (2017-presente)[\/vc_column_text][\/vc_column][\/vc_row][vc_row][vc_column][vc_empty_space][vc_text_separator title=&#8221;Suplentes&#8221;][vc_row_inner][vc_column_inner][vc_column_text]<\/p>\n<p style=\"text-align: center;\"><strong>Joana Florindo<\/strong><br \/>\nPsic\u00f3loga[\/vc_column_text][vc_column_text]<\/p>\n<p style=\"text-align: center;\"><strong>Catarina Raposo<\/strong><br \/>\nPsic\u00f3loga[\/vc_column_text][\/vc_column_inner][\/vc_row_inner][vc_empty_space height=&#8221;60px&#8221;][\/vc_column][\/vc_row][vc_row content_placement=&#8221;bottom&#8221;][vc_column][vc_text_separator title=&#8221;Mesa da Assembleia Geral&#8221;][\/vc_column][\/vc_row][vc_row][vc_column width=&#8221;1\/3&#8243;][vc_column_text]<\/p>\n<p style=\"text-align: center;\"><strong>Patr\u00edcia Pascoal<\/strong><br \/>\nPresidente<i><br \/>\n<\/i>[\/vc_column_text][\/vc_column][vc_column width=&#8221;1\/3&#8243;][vc_column_text]<\/p>\n<p style=\"text-align: center;\"><strong>Susana Renca<\/strong><br \/>\nVice-presidente<i><br \/>\n<\/i>[\/vc_column_text][\/vc_column][vc_column width=&#8221;1\/3&#8243;][vc_column_text]<\/p>\n<p style=\"text-align: center;\"><strong>Joana Almeida<\/strong><br \/>\nSecret\u00e1ria[\/vc_column_text][\/vc_column][\/vc_row][vc_row][vc_column][vc_empty_space][\/vc_column][\/vc_row][vc_row content_placement=&#8221;bottom&#8221;][vc_column][vc_text_separator title=&#8221;Conselho Fiscal&#8221;][\/vc_column][\/vc_row][vc_row][vc_column width=&#8221;1\/3&#8243;][vc_column_text]<\/p>\n<p style=\"text-align: center;\"><strong>Sara Magano<\/strong><br \/>\nPresidente[\/vc_column_text][\/vc_column][vc_column width=&#8221;1\/3&#8243;][vc_column_text]<\/p>\n<p style=\"text-align: center;\"><strong>Lisa Vicente<\/strong><br \/>\nVogal Relator[\/vc_column_text][\/vc_column][vc_column width=&#8221;1\/3&#8243;][vc_column_text]<\/p>\n<p style=\"text-align: center;\"><strong>Paula Pinheiro<\/strong><br \/>\nVogal[\/vc_column_text][\/vc_column][\/vc_row][vc_row][vc_column][vc_empty_space][vc_empty_space][vc_text_separator title=&#8221;Apoio Secretariado&#8221;][vc_column_text]<\/p>\n<p style=\"text-align: center;\"><strong>Eunice Carmo<br \/>\n<\/strong>Licenciatura em Psicologia na King&#8217;s College London e Mestrado em Psicologia Cl\u00ednica e da Sa\u00fade na Faculdade de Psicologia e Ci\u00eancias da Educa\u00e7\u00e3o da Universidade do Porto. Experi\u00eancia cl\u00ednica e de investiga\u00e7\u00e3o nas \u00e1reas da Psicologia Cl\u00ednica e Forense. Estudante de doutoramento em Psicologia e Sexologia Forense na Universidade do Porto<\/p>\n<p style=\"text-align: center;\"><strong>B\u00e1rbara Moreira<\/strong><br \/>\nMestrado Integrado em Psicologia do Comportamento Desviante e da Justi\u00e7a na Faculdade de Psicologia e Ci\u00eancias da Educa\u00e7\u00e3o da Universidade do Porto. Experi\u00eancia de investiga\u00e7\u00e3o na \u00e1rea da Psicologia Forense. Estudante de doutoramento em Psicologia na Universidade do Porto. Membro da Comiss\u00e3o da SPSC.<\/p>\n<p>&nbsp;[\/vc_column_text][\/vc_column][\/vc_row]<\/p>\n<\/div>","protected":false},"excerpt":{"rendered":"<p>[vc_row][vc_column][vc_empty_space][\/vc_column][\/vc_row][vc_row content_placement=&#8221;bottom&#8221;][vc_column][vc_text_separator title=&#8221;Dire\u00e7\u00e3o&#8221;][\/vc_column][\/vc_row][vc_row][vc_column width=&#8221;1\/3&#8243;][vc_single_image image=&#8221;10343&#8243; alignment=&#8221;center&#8221;][vc_column_text] Joana Carvalho Presidente Joana Carvalho \u00e9 doutorada em Psicologia, professora universit\u00e1ria e diretora do Sexual Behavior and Health Lab no Departamento de Educa\u00e7\u00e3o e Psicologia da Universidade de Aveiro, e investigadora integrada no William James Center for Research. Det\u00e9m as especialidades avan\u00e7adas em Sexologia e Psicologia da Justi\u00e7a pela [&hellip;]<\/p>\n","protected":false},"author":1,"featured_media":0,"parent":0,"menu_order":0,"comment_status":"closed","ping_status":"closed","template":"","meta":{"footnotes":""},"class_list":["post-10335","page","type-page","status-publish","hentry"],"_links":{"self":[{"href":"https:\/\/spsc.pt\/index.php\/wp-json\/wp\/v2\/pages\/10335","targetHints":{"allow":["GET"]}}],"collection":[{"href":"https:\/\/spsc.pt\/index.php\/wp-json\/wp\/v2\/pages"}],"about":[{"href":"https:\/\/spsc.pt\/index.php\/wp-json\/wp\/v2\/types\/page"}],"author":[{"embeddable":true,"href":"https:\/\/spsc.pt\/index.php\/wp-json\/wp\/v2\/users\/1"}],"replies":[{"embeddable":true,"href":"https:\/\/spsc.pt\/index.php\/wp-json\/wp\/v2\/comments?post=10335"}],"version-history":[{"count":16,"href":"https:\/\/spsc.pt\/index.php\/wp-json\/wp\/v2\/pages\/10335\/revisions"}],"predecessor-version":[{"id":10832,"href":"https:\/\/spsc.pt\/index.php\/wp-json\/wp\/v2\/pages\/10335\/revisions\/10832"}],"wp:attachment":[{"href":"https:\/\/spsc.pt\/index.php\/wp-json\/wp\/v2\/media?parent=10335"}],"curies":[{"name":"wp","href":"https:\/\/api.w.org\/{rel}","templated":true}]}}