{"id":10496,"date":"2023-06-29T10:22:30","date_gmt":"2023-06-29T10:22:30","guid":{"rendered":"https:\/\/spsc.pt\/?page_id=10496"},"modified":"2026-01-21T16:58:44","modified_gmt":"2026-01-21T16:58:44","slug":"teleconsulta","status":"publish","type":"page","link":"https:\/\/spsc.pt\/index.php\/teleconsulta\/","title":{"rendered":"Teleconsulta"},"content":{"rendered":"<div class=\"wpb-content-wrapper\"><p>[vc_row][vc_column][vc_column_text]A informa\u00e7\u00e3o disponibilizada no nosso site \u00e9 informativa dos terapeutas que disponibilizam a consulta de sexologia via teleconsulta. O facto de ser s\u00f3cio n\u00e3o indica que tenha car\u00e1ter de exce\u00e7\u00e3o nestas situa\u00e7\u00f5es, aplicam-se aqui as normas de acesso aos servi\u00e7os privados, que \u00e9 feito atrav\u00e9s de contacto direto com o servi\u00e7o\/prestador de servi\u00e7os.[\/vc_column_text][\/vc_column][\/vc_row][vc_row][vc_column][vc_tta_accordion toggle=&#8221;1&#8243; title_size=&#8221;19px&#8221; css=&#8221;.vc_custom_1467815505939{background-color: #ffffff !important;}&#8221;][vc_tta_section icon=&#8221;fa-map-marker&#8221; text_color=&#8221;#4c4c4c&#8221; title=&#8221;Piedade Le\u00e3o&#8221; tab_id=&#8221;1687353402354-8782af2b-5fee&#8221;][vc_column_text]<span style=\"font-family: verdana, sans-serif;\">Psic\u00f3loga cl\u00ednica, terapeuta familiar e de casal, sex\u00f3loga cl\u00ednica.<br \/>\nTelefone: 964468714<br \/>\nE-mail: <a class=\"moz-txt-link-abbreviated\" href=\"mailto:psicologia.piedade.leao@gmail.com\">psicologia.piedade.leao@gmail.com<\/a><\/span>[\/vc_column_text][\/vc_tta_section][\/vc_tta_accordion][\/vc_column][\/vc_row][vc_row][vc_column][vc_tta_accordion toggle=&#8221;1&#8243; title_size=&#8221;19px&#8221; css=&#8221;.vc_custom_1467815505939{background-color: #ffffff !important;}&#8221;][vc_tta_section icon=&#8221;fa-map-marker&#8221; text_color=&#8221;#4c4c4c&#8221; title=&#8221;Ana Alexandra Carvalheira&#8221; tab_id=&#8221;1688034930273-7c7f9761-192e&#8221;][vc_column_text]Ana Alexandra Carvalheira<br \/>\n<a href=\"http:\/\/www.anacarvalheira.com\">www.anacarvalheira.com<\/a>[\/vc_column_text][\/vc_tta_section][\/vc_tta_accordion][\/vc_column][\/vc_row][vc_row][vc_column][vc_tta_accordion toggle=&#8221;1&#8243; title_size=&#8221;19px&#8221; css=&#8221;.vc_custom_1467815505939{background-color: #ffffff !important;}&#8221;][vc_tta_section icon=&#8221;fa-map-marker&#8221; text_color=&#8221;#4c4c4c&#8221; title=&#8221;Ana Cristina Nave&#8221; tab_id=&#8221;1688034972238-25db5346-c729&#8243;][vc_column_text]Ana Cristina Nave<br \/>\n968078547[\/vc_column_text][\/vc_tta_section][\/vc_tta_accordion][\/vc_column][\/vc_row][vc_row][vc_column][vc_tta_accordion toggle=&#8221;1&#8243; title_size=&#8221;19px&#8221; css=&#8221;.vc_custom_1467815505939{background-color: #ffffff !important;}&#8221;][vc_tta_section icon=&#8221;fa-map-marker&#8221; text_color=&#8221;#4c4c4c&#8221; title=&#8221;C\u00e1tia Oliveira&#8221; tab_id=&#8221;1690969172652-88542c5f-13a7&#8243;][vc_column_text]<strong>Especializa\u00e7\u00e3o:<\/strong> Dificuldades no funcionamento sexual; Dor Sexual; Dificuldades sexuais na gravidez e p\u00f3s-parto; Diversidades Sexuais e de G\u00e9nero; Mindfulness e Terapias Cognitivo-Comportamentais de 3\u00aa Gera\u00e7\u00e3o, outras dificuldades psicol\u00f3gicas e emocionais com\u00f3rbidas.<\/p>\n<p>Email: <a class=\"moz-txt-link-freetext\" href=\"mailto:catioliveira@gmail.com\">catioliveira@gmail.com<\/a>[\/vc_column_text][\/vc_tta_section][\/vc_tta_accordion][\/vc_column][\/vc_row][vc_row][vc_column][vc_tta_accordion toggle=&#8221;1&#8243; title_size=&#8221;19px&#8221; css=&#8221;.vc_custom_1467815505939{background-color: #ffffff !important;}&#8221;][vc_tta_section icon=&#8221;fa-map-marker&#8221; text_color=&#8221;#4c4c4c&#8221; title=&#8221;Erika Morbeck&#8221; tab_id=&#8221;1688035004354-f01b6086-dc3c&#8221;][vc_column_text]Erika Morbeck<strong><br \/>\n<\/strong><a href=\"mailto:erikamorbeck@hotmail.com\">erikamorbeck@hotmail.com<\/a>[\/vc_column_text][\/vc_tta_section][\/vc_tta_accordion][\/vc_column][\/vc_row][vc_row][vc_column][vc_tta_accordion toggle=&#8221;1&#8243; title_size=&#8221;19px&#8221; css=&#8221;.vc_custom_1467815505939{background-color: #ffffff !important;}&#8221;][vc_tta_section icon=&#8221;fa-map-marker&#8221; text_color=&#8221;#4c4c4c&#8221; title=&#8221;In\u00eas Tavares&#8221; tab_id=&#8221;1688036496358-44b95b02-3744&#8243;][vc_column_text]In\u00eas Tavares<br \/>\nEmail: <a href=\"mailto:inestavares.uterus@gmail.com\">inestavares.uterus@gmail.com<\/a><\/p>\n<p>UTERUS &#8211; Sa\u00fade Integrativa da Mulher<\/p>\n<p>Av. da Boavista n.\u00ba1015, Sala 201, 2\u00ba andar 4100-128 Porto<\/p>\n<p><a href=\"https:\/\/uterus.pt\">https:\/\/uterus.pt<\/a><\/p>\n<p><a href=\"mailto:geral@uterus.pt\">geral@uterus.pt<\/a> | +351 93 433 8827<\/p>\n<p>\u00c1reas de especializa\u00e7\u00e3o: disfun\u00e7\u00f5es sexuais, sexualidade na gravidez e p\u00f3s-parto<\/p>\n<p>&nbsp;[\/vc_column_text][\/vc_tta_section][\/vc_tta_accordion][\/vc_column][\/vc_row][vc_row][vc_column][vc_tta_accordion toggle=&#8221;1&#8243; title_size=&#8221;19px&#8221; css=&#8221;.vc_custom_1467815505939{background-color: #ffffff !important;}&#8221;][vc_tta_section icon=&#8221;fa-map-marker&#8221; text_color=&#8221;#4c4c4c&#8221; title=&#8221;Joana Almeida&#8221; tab_id=&#8221;1688035031988-2b290686-da8b&#8221;][vc_column_text]Joana Almeida<br \/>\nTel: 963 484 636<br \/>\nhttps:\/\/www.mjoanaalmeida.pt\/ | facebook<br \/>\nEspecialidades: Dificuldades psicol\u00f3gicas e emocionais. Dificuldades da sexualidade; Diversidades sexuais e de g\u00e9nero na adolesc\u00eancia e adultos. Sexualidade e neurodiversidade\/perturba\u00e7\u00f5es do neurodesenvolvimento. Apoio em situa\u00e7\u00f5es de crise e traum\u00e1ticas.<\/p>\n<p><a href=\"mailto:joana.raposogomes@gmail.com\">Atendimento presencial e online a indiv\u00edduos ou a casais.<\/a>[\/vc_column_text][\/vc_tta_section][\/vc_tta_accordion][\/vc_column][\/vc_row][vc_row][vc_column][vc_tta_accordion toggle=&#8221;1&#8243; title_size=&#8221;19px&#8221; css=&#8221;.vc_custom_1467815505939{background-color: #ffffff !important;}&#8221;][vc_tta_section icon=&#8221;fa-map-marker&#8221; text_color=&#8221;#4c4c4c&#8221; title=&#8221;Joana Florindo&#8221; tab_id=&#8221;1706054856103-9d7254e9-ea00&#8243;][vc_column_text]<\/p>\n<p class=\"elementToProof\"><b>Joana Florindo<\/b><\/p>\n<p class=\"elementToProof\"><strong>\u00c1reas especializa\u00e7\u00e3o:<\/strong> Psicologia Cl\u00ednica, Psicoterapia e Terapia Sexual<br \/>\n<strong>\u00c1reas actua\u00e7\u00e3o:<\/strong> Dificuldades Psicol\u00f3gicas e Emocionais; Dificuldades e Disfun\u00e7\u00f5es Sexuais; Apoio Psicol\u00f3gico no Per\u00edodo Perinatal: Preconcep\u00e7\u00e3o, Gravidez e P\u00f3s-parto;<\/p>\n<p class=\"elementToProof\"><a id=\"OWA988dd9cb-656f-bc28-cead-07d6b5f53a70\" class=\"OWAAutoLink\" href=\"http:\/\/www.joanaflorindopsi.pt\">www.joanaflorindopsi.pt<\/a><\/p>\n<p class=\"elementToProof\"><a class=\"moz-txt-link-abbreviated\" href=\"mailto:joana.florindo@netcabo.pt\">joana.florindo@netcabo.pt<\/a><\/p>\n<p>&nbsp;[\/vc_column_text][\/vc_tta_section][\/vc_tta_accordion][\/vc_column][\/vc_row][vc_row][vc_column][vc_tta_accordion toggle=&#8221;1&#8243; title_size=&#8221;19px&#8221; css=&#8221;.vc_custom_1467815505939{background-color: #ffffff !important;}&#8221;][vc_tta_section icon=&#8221;fa-map-marker&#8221; text_color=&#8221;#4c4c4c&#8221; title=&#8221;Joana Raposo Gomes&#8221; tab_id=&#8221;1688303142688-7fb7f68c-7020&#8243;][vc_column_text]Joana Raposo Gomes<br \/>\n<a href=\"mailto:joana.raposogomes@gmail.com\">joana.raposogomes@gmail.com<\/a>[\/vc_column_text][\/vc_tta_section][\/vc_tta_accordion][\/vc_column][\/vc_row][vc_row][vc_column][vc_tta_accordion toggle=&#8221;1&#8243; title_size=&#8221;19px&#8221; css=&#8221;.vc_custom_1467815505939{background-color: #ffffff !important;}&#8221;][vc_tta_section icon=&#8221;fa-map-marker&#8221; text_color=&#8221;#4c4c4c&#8221; title=&#8221;Jos\u00e9 Belicha&#8221; tab_id=&#8221;1688035103048-171e89ce-13ab&#8221;][vc_column_text]Jos\u00e9 Belicha<br \/>\nContacto: 965623444<br \/>\nj24belicha@gmail.com<\/p>\n<p><strong>\u00c1reas de atua\u00e7\u00e3o:<\/strong> Comportamento sexual compulsivo, adi\u00e7\u00e3o\/depend\u00eancia sexual;<br \/>\nUso de subst\u00e2ncias qu\u00edmicas em contexto sexual\/CHEMSEX; Agress\u00e3o\/abuso sexual.[\/vc_column_text][\/vc_tta_section][\/vc_tta_accordion][\/vc_column][\/vc_row][vc_row][vc_column][vc_tta_accordion toggle=&#8221;1&#8243; title_size=&#8221;19px&#8221; css=&#8221;.vc_custom_1467815505939{background-color: #ffffff !important;}&#8221;][vc_tta_section icon=&#8221;fa-map-marker&#8221; text_color=&#8221;#4c4c4c&#8221; title=&#8221;Manuela Moura&#8221; tab_id=&#8221;1688035140393-af148b90-24f3&#8243;][vc_column_text]Manuela Moura<br \/>\n225 518\u00a0553<br \/>\n<a href=\"http:\/\/www.terapiasexual.com.pt\">www.terapiasexual.com.pt<\/a>[\/vc_column_text][\/vc_tta_section][\/vc_tta_accordion][\/vc_column][\/vc_row][vc_row][vc_column][vc_tta_accordion toggle=&#8221;1&#8243; title_size=&#8221;19px&#8221; css=&#8221;.vc_custom_1467815505939{background-color: #ffffff !important;}&#8221;][vc_tta_section icon=&#8221;fa-map-marker&#8221; text_color=&#8221;#4c4c4c&#8221; title=&#8221;Manuela Peixoto&#8221; tab_id=&#8221;1769014607276-ede0313b-28cc&#8221;][vc_column_text css=&#8221;&#8221; css_params=&#8221;&#8221;]Manuela Peixoto<br \/>\nP5 &#8211; Centro de Medicina Digital<br \/>\n<a href=\"http:\/\/www.p5.pt\">www.p5.pt<\/a><\/p>\n<p><strong>\u00c1reas de atua\u00e7\u00e3o:<\/strong> Sexologia Cl\u00ednica; Oncossexologia[\/vc_column_text][\/vc_tta_section][\/vc_tta_accordion][\/vc_column][\/vc_row][vc_row][vc_column][vc_tta_accordion toggle=&#8221;1&#8243; title_size=&#8221;19px&#8221; css=&#8221;.vc_custom_1467815505939{background-color: #ffffff !important;}&#8221;][vc_tta_section icon=&#8221;fa-map-marker&#8221; text_color=&#8221;#4c4c4c&#8221; title=&#8221;M\u00f3nica Subtil&#8221; tab_id=&#8221;1688035201568-320f9206-6c3b&#8221;][vc_column_text]M\u00f3nica Subtil<br \/>\n<strong>Tlm: 918644928<br \/>\nEmail:<\/strong> msubtil@gmail.com[\/vc_column_text][\/vc_tta_section][\/vc_tta_accordion][\/vc_column][\/vc_row][vc_row][vc_column][vc_tta_accordion toggle=&#8221;1&#8243; title_size=&#8221;19px&#8221; css=&#8221;.vc_custom_1467815505939{background-color: #ffffff !important;}&#8221;][vc_tta_section icon=&#8221;fa-map-marker&#8221; text_color=&#8221;#4c4c4c&#8221; title=&#8221;Patr\u00edcia Pascoal&#8221; tab_id=&#8221;1688035342267-0e58a2e4-dcef&#8221;][vc_column_text]Patr\u00edcia Pascoal<br \/>\n<a href=\"mailto:pascoal.patricia@gmail.com\">pascoal.patricia@gmail.com<\/a>[\/vc_column_text][\/vc_tta_section][\/vc_tta_accordion][\/vc_column][\/vc_row][vc_row][vc_column][vc_tta_accordion toggle=&#8221;1&#8243; title_size=&#8221;19px&#8221; css=&#8221;.vc_custom_1467815505939{background-color: #ffffff !important;}&#8221;][vc_tta_section icon=&#8221;fa-map-marker&#8221; text_color=&#8221;#4c4c4c&#8221; title=&#8221;Paula Pinto&#8221; tab_id=&#8221;1689161231520-380f4d7c-a1ca&#8221;][vc_column_text]<\/p>\n<div>Paula Pinto<\/div>\n<div>Tel. 933366568<\/div>\n<div><a class=\"moz-txt-link-abbreviated\" href=\"mailto:paulampinto@sapo.pt\">paulampinto@sapo.pt<\/a><\/div>\n<p>[\/vc_column_text][\/vc_tta_section][\/vc_tta_accordion][\/vc_column][\/vc_row][vc_row][vc_column][vc_tta_accordion toggle=&#8221;1&#8243; title_size=&#8221;19px&#8221; css=&#8221;.vc_custom_1467815505939{background-color: #ffffff !important;}&#8221;][vc_tta_section icon=&#8221;fa-map-marker&#8221; text_color=&#8221;#4c4c4c&#8221; title=&#8221;Pedro J. Teixeira&#8221; tab_id=&#8221;1732698227954-e1e70988-75e0&#8243;][vc_column_text css=&#8221;&#8221;]<\/p>\n<div>\n<p>Formul\u00e1rio de contacto:<\/p>\n<p><a href=\"https:\/\/forms.gle\/ExsieCmvCp9FrKHb8\">https:\/\/forms.gle\/ExsieCmvCp9FrKHb8<\/a><\/p>\n<p>E-mail: <a href=\"mailto:pedrojpt@gmail.com\">pedrojpt@gmail.com<\/a><\/p>\n<p><em>\u00c1reas preferenciais:<\/em> Orienta\u00e7\u00f5es afetivo-sexuais diversas (adolesc\u00eancia e idade adulta); Identidades e express\u00f5es de g\u00e9nero diversas (inf\u00e2ncia, adolesc\u00eancia e idade adulta); Configura\u00e7\u00f5es relacionais diversas (n\u00e3o monogamias consensuais\/\u00e9ticas); Dificuldades sexuais masculinas e femininas; Problemas sexuais desviantes (e.g., comportamentos abusivos, pornografia infantil).<\/p>\n<p>_____________________________<\/p>\n<\/div>\n<p>[\/vc_column_text][\/vc_tta_section][\/vc_tta_accordion][\/vc_column][\/vc_row][vc_row][vc_column][vc_tta_accordion toggle=&#8221;1&#8243; title_size=&#8221;19px&#8221; css=&#8221;.vc_custom_1467815505939{background-color: #ffffff !important;}&#8221;][vc_tta_section icon=&#8221;fa-map-marker&#8221; text_color=&#8221;#4c4c4c&#8221; title=&#8221;Piedade Le\u00e3o&#8221; tab_id=&#8221;1688035415655-ee05ab5f-ed80&#8243;][vc_column_text]Piedade Le\u00e3o<br \/>\nPsic\u00f3loga cl\u00ednica, terapeuta familiar e de casal, sex\u00f3loga cl\u00ednica.<br \/>\nelefone: 964468714<br \/>\nE-mail: psicologia.piedade.leao@gmail.com<br \/>\n\u00c1reas de interesse e especializa\u00e7\u00e3o: Terapia de casal. Dificuldades sexuais masculinas e femininas. Sexualidade na doen\u00e7a cr\u00f3nica.[\/vc_column_text][\/vc_tta_section][\/vc_tta_accordion][\/vc_column][\/vc_row][vc_row][vc_column][vc_tta_accordion toggle=&#8221;1&#8243; title_size=&#8221;19px&#8221; css=&#8221;.vc_custom_1467815505939{background-color: #ffffff !important;}&#8221;][vc_tta_section icon=&#8221;fa-map-marker&#8221; text_color=&#8221;#4c4c4c&#8221; title=&#8221;Raquel Pereira&#8221; tab_id=&#8221;1688303069335-50e68aaf-8318&#8243;][vc_column_text]Raquel Pereira<br \/>\n<strong>Tlm:<\/strong> 91 252 05 34<br \/>\n<strong>Email:<\/strong><a href=\"mailto:psi.arlpereira@gmail.com\"> psi.arlpereira@gmail.com<\/a>[\/vc_column_text][\/vc_tta_section][\/vc_tta_accordion][\/vc_column][\/vc_row][vc_row][vc_column][vc_tta_accordion toggle=&#8221;1&#8243; title_size=&#8221;19px&#8221; css=&#8221;.vc_custom_1467815505939{background-color: #ffffff !important;}&#8221;][vc_tta_section icon=&#8221;fa-map-marker&#8221; text_color=&#8221;#4c4c4c&#8221; title=&#8221;Rita Torres&#8221; tab_id=&#8221;1696971508003-141f9282-e6bea&#8221;][vc_column_text]<\/p>\n<div class=\"moz-forward-container\">\n<div dir=\"ltr\">\n<div dir=\"ltr\">\n<div dir=\"ltr\">\n<div dir=\"ltr\">\n<div dir=\"ltr\">\n<div dir=\"ltr\">\n<div dir=\"ltr\">\n<div dir=\"ltr\">\n<p>-\u00c1reas de Especializa\u00e7\u00e3o: Disfun\u00e7\u00f5es e Dificuldades Sexuais; Satisfa\u00e7\u00e3o e Prazer Sexual; Diversidade Sexual e de G\u00e9nero em adolescentes e adultos; Dor Genito-P\u00e9lvica; Gravidez e P\u00f3s-Parto; Comportamento Sexual Compulsivo; N\u00e3o Monogamias Consensuais,Psicoterapia Integrativa e EMDR, Interven\u00e7\u00e3o em Crise<\/p>\n<p><strong>Contactos:<\/strong><br \/>\n-Para marca\u00e7\u00f5es nos consult\u00f3rios particulares de Lisboa ou Santar\u00e9m, ou para consulta online:<br \/>\n936686874 | <a class=\"moz-txt-link-freetext\" href=\"mailto:ritaztorres@gmail.com\">ritaztorres@gmail.com<\/a><\/p>\n<\/div>\n<\/div>\n<\/div>\n<\/div>\n<\/div>\n<\/div>\n<\/div>\n<\/div>\n<\/div>\n<p>[\/vc_column_text][\/vc_tta_section][\/vc_tta_accordion][\/vc_column][\/vc_row][vc_row][vc_column][vc_tta_accordion toggle=&#8221;1&#8243; title_size=&#8221;19px&#8221; css=&#8221;.vc_custom_1467815505939{background-color: #ffffff !important;}&#8221;][vc_tta_section icon=&#8221;fa-map-marker&#8221; text_color=&#8221;#4c4c4c&#8221; title=&#8221;Rui Soares&#8221; tab_id=&#8221;1688035462853-3dcab7e8-c6c2&#8243;][vc_column_text]Rui Soares<br \/>\n<strong>Email:<\/strong> <a href=\"mailto:ruinetsoares@gmail.com\">ruinetsoares@gmail.com<\/a><\/p>\n<p>231 516\u00a0400 &#8211; <strong>Centro M\u00e9dico Ibervita<br \/>\n<\/strong>239 440\u00a0184 &#8211; <strong>Clinic4You<br \/>\n<\/strong>239 700\u00a0720 &#8211; <strong>Hospital CUF Coimbra<\/strong>[\/vc_column_text][\/vc_tta_section][\/vc_tta_accordion][\/vc_column][\/vc_row][vc_row][vc_column][vc_tta_accordion toggle=&#8221;1&#8243; title_size=&#8221;19px&#8221; css=&#8221;.vc_custom_1467815505939{background-color: #ffffff !important;}&#8221;][vc_tta_section icon=&#8221;fa-map-marker&#8221; text_color=&#8221;#4c4c4c&#8221; title=&#8221;Rui Ferreira Carvalho&#8221; tab_id=&#8221;1701801490423-3161004d-5883&#8243;][vc_column_text]<b>Rui Ferreira Carvalho<\/p>\n<p><\/b><b><\/b><b>Oak Tree Clinic<\/b>\u00a0<a href=\"https:\/\/oaktreeclinic.pt\/\">www.oaktreeclinic.pt<\/a><b><br \/>\n<\/b><b>O Consult\u00f3rio<\/b> (Areeiro \u2013 Lisboa)<br \/>\nTel: 217 959 168<br \/>\ne-mail: <a href=\"mailto:geral@oconsultorio.pt\" target=\"_blank\" rel=\"noopener\">geral@oconsultorio.pt<\/a><br \/>\n\u00c1reas de Especializa\u00e7\u00e3o: Disforia de G\u00e9nero, Disfun\u00e7\u00f5es Sexuais, Terapia Sexual, Psiquiatria da Inf\u00e2ncia e Adolesc\u00eancia, Psicofarmacologia (<a href=\"https:\/\/oaktreeclinic.pt\/biografia\">https:\/\/oaktreeclinic.pt\/biografia<\/a>)[\/vc_column_text][\/vc_tta_section][\/vc_tta_accordion][\/vc_column][\/vc_row][vc_row][vc_column][vc_tta_accordion toggle=&#8221;1&#8243; title_size=&#8221;19px&#8221; css=&#8221;.vc_custom_1467815505939{background-color: #ffffff !important;}&#8221;][vc_tta_section icon=&#8221;fa-map-marker&#8221; text_color=&#8221;#4c4c4c&#8221; title=&#8221;Vera Carnapete&#8221; tab_id=&#8221;1688035502564-29fc3298-938b&#8221;][vc_column_text]Vera Carnapete<br \/>\n<strong>Tlm:<\/strong> 919513884<br \/>\n<strong>Email:<\/strong> vera_carnapete@hotmail.com[\/vc_column_text][\/vc_tta_section][\/vc_tta_accordion][\/vc_column][\/vc_row][vc_row][vc_column][vc_tta_accordion toggle=&#8221;1&#8243; title_size=&#8221;19px&#8221; css=&#8221;.vc_custom_1467815505939{background-color: #ffffff !important;}&#8221;][vc_tta_section icon=&#8221;fa-map-marker&#8221; text_color=&#8221;#4c4c4c&#8221; title=&#8221;In\u00eas Tavares&#8221; tab_id=&#8221;1688035559540-43a15920-d6f0&#8243;][vc_column_text]In\u00eas Tavares<br \/>\n<strong>Email:<\/strong> inestavares.uterus@gmail.com<\/p>\n<p>\u00c1reas de especializa\u00e7\u00e3o: disfun\u00e7\u00f5es sexuais, sexualidade na gravidez e p\u00f3s-parto[\/vc_column_text][\/vc_tta_section][\/vc_tta_accordion][\/vc_column][\/vc_row]<\/p>\n<\/div>","protected":false},"excerpt":{"rendered":"<p>[vc_row][vc_column][vc_column_text]A informa\u00e7\u00e3o disponibilizada no nosso site \u00e9 informativa dos terapeutas que disponibilizam a consulta de sexologia via teleconsulta. O facto de ser s\u00f3cio n\u00e3o indica que tenha car\u00e1ter de exce\u00e7\u00e3o nestas situa\u00e7\u00f5es, aplicam-se aqui as normas de acesso aos servi\u00e7os privados, que \u00e9 feito atrav\u00e9s de contacto direto com o servi\u00e7o\/prestador de servi\u00e7os.[\/vc_column_text][\/vc_column][\/vc_row][vc_row][vc_column][vc_tta_accordion toggle=&#8221;1&#8243; title_size=&#8221;19px&#8221; [&hellip;]<\/p>\n","protected":false},"author":1,"featured_media":0,"parent":0,"menu_order":0,"comment_status":"closed","ping_status":"closed","template":"","meta":{"footnotes":""},"class_list":["post-10496","page","type-page","status-publish","hentry"],"_links":{"self":[{"href":"https:\/\/spsc.pt\/index.php\/wp-json\/wp\/v2\/pages\/10496","targetHints":{"allow":["GET"]}}],"collection":[{"href":"https:\/\/spsc.pt\/index.php\/wp-json\/wp\/v2\/pages"}],"about":[{"href":"https:\/\/spsc.pt\/index.php\/wp-json\/wp\/v2\/types\/page"}],"author":[{"embeddable":true,"href":"https:\/\/spsc.pt\/index.php\/wp-json\/wp\/v2\/users\/1"}],"replies":[{"embeddable":true,"href":"https:\/\/spsc.pt\/index.php\/wp-json\/wp\/v2\/comments?post=10496"}],"version-history":[{"count":13,"href":"https:\/\/spsc.pt\/index.php\/wp-json\/wp\/v2\/pages\/10496\/revisions"}],"predecessor-version":[{"id":11077,"href":"https:\/\/spsc.pt\/index.php\/wp-json\/wp\/v2\/pages\/10496\/revisions\/11077"}],"wp:attachment":[{"href":"https:\/\/spsc.pt\/index.php\/wp-json\/wp\/v2\/media?parent=10496"}],"curies":[{"name":"wp","href":"https:\/\/api.w.org\/{rel}","templated":true}]}}