{"id":10596,"date":"2023-12-11T14:32:30","date_gmt":"2023-12-11T14:32:30","guid":{"rendered":"https:\/\/spsc.pt\/?page_id=10596"},"modified":"2023-12-11T14:34:54","modified_gmt":"2023-12-11T14:34:54","slug":"livro-intervencao-psicologica-em-sexologia-clinica","status":"publish","type":"page","link":"https:\/\/spsc.pt\/index.php\/livro-intervencao-psicologica-em-sexologia-clinica\/","title":{"rendered":"Livro: Interven\u00e7\u00e3o Psicol\u00f3gica em Sexologia Cl\u00ednica"},"content":{"rendered":"<div class=\"wpb-content-wrapper\"><p>[vc_row][vc_column width=&#8221;1\/2&#8243;][vc_single_image image=&#8221;10598&#8243; img_size=&#8221;large&#8221; label=&#8221;&#8221;][\/vc_column][vc_column width=&#8221;1\/2&#8243;][vc_column_text]&#8221;O livro &#8220;Interven\u00e7\u00e3o Psicol\u00f3gica em Sexologia Cl\u00ednica&#8221; j\u00e1 se encontra \u00e0 venda. Esta \u00e9 a terceira obra com o cunho da Sociedade Portuguesa de Sexologia Cl\u00ednica, um processo iniciado em 1987 com a edi\u00e7\u00e3o do livro &#8220;Sexologia em Portugal&#8221;. Acreditamos que, tal como os seus antecessores, este livro marca a hist\u00f3ria da sexologia portuguesa.<\/p>\n<p>O livro \u00e9 coordenado por Patr\u00edcia M. Pascoal presidente da SPSC entre 2018 e 2022, com coordena\u00e7\u00e3o adjunta dos ex-membros das dire\u00e7\u00f5es anteriores Gra\u00e7a Santos, J\u00falio Machado Vaz, Gabriela Moita, Sandra Vilarinho e A. Santos Pereira. Os autores dos cap\u00edtulos s\u00e3o elementos ativos dos corpos sociais da SPSC, bem como elementos com importante contributo na implementa\u00e7\u00e3o da Sexologia em Portugal. Editado pela Editora Pactor. &#8220;[\/vc_column_text][\/vc_column][\/vc_row]<\/p>\n<\/div>","protected":false},"excerpt":{"rendered":"<p>[vc_row][vc_column width=&#8221;1\/2&#8243;][vc_single_image image=&#8221;10598&#8243; img_size=&#8221;large&#8221; label=&#8221;&#8221;][\/vc_column][vc_column width=&#8221;1\/2&#8243;][vc_column_text]&#8221;O livro &#8220;Interven\u00e7\u00e3o Psicol\u00f3gica em Sexologia Cl\u00ednica&#8221; j\u00e1 se encontra \u00e0 venda. Esta \u00e9 a terceira obra com o cunho da Sociedade Portuguesa de Sexologia Cl\u00ednica, um processo iniciado em 1987 com a edi\u00e7\u00e3o do livro &#8220;Sexologia em Portugal&#8221;. Acreditamos que, tal como os seus antecessores, este livro marca a [&hellip;]<\/p>\n","protected":false},"author":1,"featured_media":0,"parent":0,"menu_order":0,"comment_status":"closed","ping_status":"closed","template":"","meta":{"footnotes":""},"class_list":["post-10596","page","type-page","status-publish","hentry"],"_links":{"self":[{"href":"https:\/\/spsc.pt\/index.php\/wp-json\/wp\/v2\/pages\/10596","targetHints":{"allow":["GET"]}}],"collection":[{"href":"https:\/\/spsc.pt\/index.php\/wp-json\/wp\/v2\/pages"}],"about":[{"href":"https:\/\/spsc.pt\/index.php\/wp-json\/wp\/v2\/types\/page"}],"author":[{"embeddable":true,"href":"https:\/\/spsc.pt\/index.php\/wp-json\/wp\/v2\/users\/1"}],"replies":[{"embeddable":true,"href":"https:\/\/spsc.pt\/index.php\/wp-json\/wp\/v2\/comments?post=10596"}],"version-history":[{"count":2,"href":"https:\/\/spsc.pt\/index.php\/wp-json\/wp\/v2\/pages\/10596\/revisions"}],"predecessor-version":[{"id":10599,"href":"https:\/\/spsc.pt\/index.php\/wp-json\/wp\/v2\/pages\/10596\/revisions\/10599"}],"wp:attachment":[{"href":"https:\/\/spsc.pt\/index.php\/wp-json\/wp\/v2\/media?parent=10596"}],"curies":[{"name":"wp","href":"https:\/\/api.w.org\/{rel}","templated":true}]}}