{"id":10797,"date":"2024-08-30T10:16:57","date_gmt":"2024-08-30T10:16:57","guid":{"rendered":"https:\/\/spsc.pt\/?page_id=10797"},"modified":"2024-09-02T10:09:58","modified_gmt":"2024-09-02T10:09:58","slug":"workshops2024","status":"publish","type":"page","link":"https:\/\/spsc.pt\/index.php\/workshops2024\/","title":{"rendered":"Workshops2024"},"content":{"rendered":"<div class=\"wpb-content-wrapper\"><p>[vc_row][vc_column][vc_empty_space][vc_column_text]<\/p>\n<p style=\"text-align: center;\"><strong>CICLO DE WORKSHOPS PROMOVIDOS PELA SOCIEDADE PORTUGUESA DE SEXOLOGIA CL\u00cdNICA, <\/strong><br \/>\n<strong>APROVEITANDO AS COMEMORA\u00c7\u00d5ES DE 4 DE SETEMBRO, DIA NACIONAL DA SA\u00daDE SEXUAL.<\/strong>[\/vc_column_text][vc_column_text]<\/p>\n<p style=\"text-align: center;\">Em baixo, selecione o workshop que pretende assistir e clique em cima para abrir a liga\u00e7\u00e3o ZOOM.<br \/>\nCaso seja solicitada password, a mesma est\u00e1 por baixo da imagem do workshop correspondente.[\/vc_column_text][\/vc_column][\/vc_row][vc_row][vc_column][vc_empty_space][vc_single_image image=&#8221;10820&#8243; img_size=&#8221;full&#8221; alignment=&#8221;center&#8221; label=&#8221;&#8221;][vc_separator][vc_empty_space][vc_single_image image=&#8221;10799&#8243; img_size=&#8221;full&#8221; alignment=&#8221;center&#8221; onclick=&#8221;custom_link&#8221; link=&#8221;https:\/\/us02web.zoom.us\/j\/85970997151?pwd=4IF97OxADiqpi7bODwsiWHIpm7aUsN.1&#8243;][vc_column_text]<\/p>\n<p style=\"text-align: center;\"><strong>ID da reuni\u00e3o:<\/strong> 859 7099 7151<br \/>\n<strong>Senha:\u00a0<\/strong>460675[\/vc_column_text][vc_empty_space][vc_separator][vc_empty_space][vc_single_image image=&#8221;10800&#8243; img_size=&#8221;full&#8221; alignment=&#8221;center&#8221; onclick=&#8221;custom_link&#8221; link=&#8221;https:\/\/us02web.zoom.us\/j\/8401688514?pwd=VFYraDVNTHZtYS82SXMrNU9yNzRVUT09&#038;omn=85123427295&#8243;][vc_column_text]<\/p>\n<p style=\"text-align: center;\"><strong>ID da reuni\u00e3o:<\/strong> 840 168 8514<br \/>\n<strong>Senha:<\/strong>\u00a0FML-SPSC[\/vc_column_text][vc_empty_space][vc_separator][vc_empty_space][vc_empty_space][vc_single_image image=&#8221;10801&#8243; img_size=&#8221;full&#8221; alignment=&#8221;center&#8221; onclick=&#8221;custom_link&#8221; link=&#8221;https:\/\/us02web.zoom.us\/j\/8401688514?pwd=VFYraDVNTHZtYS82SXMrNU9yNzRVUT09&#038;omn=87639495286&#8243;][vc_column_text]<\/p>\n<p style=\"text-align: center;\"><strong>ID da reuni\u00e3o:<\/strong> 840 168 8514<br \/>\n<strong>Senha:<\/strong>\u00a0FML-SPSC[\/vc_column_text][vc_empty_space][vc_separator][vc_empty_space][vc_single_image image=&#8221;10802&#8243; img_size=&#8221;full&#8221; alignment=&#8221;center&#8221; onclick=&#8221;custom_link&#8221; link=&#8221;https:\/\/us02web.zoom.us\/j\/8401688514?pwd=VFYraDVNTHZtYS82SXMrNU9yNzRVUT09&#038;omn=83340421143&#8243;][vc_column_text]<\/p>\n<p style=\"text-align: center;\"><strong>ID da reuni\u00e3o:<\/strong> 840 168 8514<br \/>\n<strong>Senha:<\/strong>\u00a0FML-SPSC[\/vc_column_text][vc_empty_space][vc_separator][\/vc_column][\/vc_row][vc_row][vc_column width=&#8221;1\/3&#8243;][\/vc_column][vc_column width=&#8221;1\/3&#8243;][vc_single_image image=&#8221;10803&#8243; img_size=&#8221;full&#8221;][\/vc_column][vc_column width=&#8221;1\/3&#8243;][\/vc_column][\/vc_row][vc_row][vc_column][\/vc_column][\/vc_row][vc_row][vc_column][\/vc_column][\/vc_row]<\/p>\n<\/div>","protected":false},"excerpt":{"rendered":"<p>[vc_row][vc_column][vc_empty_space][vc_column_text] CICLO DE WORKSHOPS PROMOVIDOS PELA SOCIEDADE PORTUGUESA DE SEXOLOGIA CL\u00cdNICA, APROVEITANDO AS COMEMORA\u00c7\u00d5ES DE 4 DE SETEMBRO, DIA NACIONAL DA SA\u00daDE SEXUAL.[\/vc_column_text][vc_column_text] Em baixo, selecione o workshop que pretende assistir e clique em cima para abrir a liga\u00e7\u00e3o ZOOM. Caso seja solicitada password, a mesma est\u00e1 por baixo da imagem do workshop correspondente.[\/vc_column_text][\/vc_column][\/vc_row][vc_row][vc_column][vc_empty_space][vc_single_image image=&#8221;10820&#8243; [&hellip;]<\/p>\n","protected":false},"author":1,"featured_media":0,"parent":0,"menu_order":0,"comment_status":"closed","ping_status":"closed","template":"","meta":{"footnotes":""},"class_list":["post-10797","page","type-page","status-publish","hentry"],"_links":{"self":[{"href":"https:\/\/spsc.pt\/index.php\/wp-json\/wp\/v2\/pages\/10797","targetHints":{"allow":["GET"]}}],"collection":[{"href":"https:\/\/spsc.pt\/index.php\/wp-json\/wp\/v2\/pages"}],"about":[{"href":"https:\/\/spsc.pt\/index.php\/wp-json\/wp\/v2\/types\/page"}],"author":[{"embeddable":true,"href":"https:\/\/spsc.pt\/index.php\/wp-json\/wp\/v2\/users\/1"}],"replies":[{"embeddable":true,"href":"https:\/\/spsc.pt\/index.php\/wp-json\/wp\/v2\/comments?post=10797"}],"version-history":[{"count":5,"href":"https:\/\/spsc.pt\/index.php\/wp-json\/wp\/v2\/pages\/10797\/revisions"}],"predecessor-version":[{"id":10821,"href":"https:\/\/spsc.pt\/index.php\/wp-json\/wp\/v2\/pages\/10797\/revisions\/10821"}],"wp:attachment":[{"href":"https:\/\/spsc.pt\/index.php\/wp-json\/wp\/v2\/media?parent=10797"}],"curies":[{"name":"wp","href":"https:\/\/api.w.org\/{rel}","templated":true}]}}