{"id":10911,"date":"2024-12-18T15:35:26","date_gmt":"2024-12-18T15:35:26","guid":{"rendered":"https:\/\/spsc.pt\/?page_id=10911"},"modified":"2024-12-18T15:37:19","modified_gmt":"2024-12-18T15:37:19","slug":"doacoes","status":"publish","type":"page","link":"https:\/\/spsc.pt\/index.php\/doacoes\/","title":{"rendered":"Doa\u00e7\u00f5es"},"content":{"rendered":"<div class=\"wpb-content-wrapper\"><p>[vc_row][vc_column][vc_column_text css=&#8221;&#8221;]<strong>Gostaria de contribuir para o crescimento da SPSC?<\/strong><\/p>\n<p>A Sociedade Portuguesa de Sexologia Cl\u00ednica (SPSC) \u00e9 uma organiza\u00e7\u00e3o sem fins lucrativos que, desde 1985, tem trabalhado para promover a sa\u00fade sexual e reprodutiva. A miss\u00e3o da SPSC centra-se na promo\u00e7\u00e3o da sa\u00fade sexual, conciliando a sua dimens\u00e3o cl\u00ednica, com as vertentes de investiga\u00e7\u00e3o cient\u00edfica, apoio \u00e0 comunidade e educa\u00e7\u00e3o para a sexualidade.<br \/>\nPorqu\u00ea apoiar a SPSC?<\/p>\n<p><strong>Com o seu apoio, a SPSC ir\u00e1:<\/strong><br \/>\n\u2022 Promover forma\u00e7\u00e3o cient\u00edfica e profissional em sexologia cl\u00ednica, capacitando profissionais de sa\u00fade para melhor atender \u00e0s necessidades das popula\u00e7\u00f5es;<\/p>\n<p>\u2022 Realizar estudos e investiga\u00e7\u00f5es que geram conhecimento inovador sobre a sa\u00fade sexual e reprodutiva sobre a popula\u00e7\u00e3o residente em Portugal;<\/p>\n<p>\u2022 Dinamizar iniciativas de divulga\u00e7\u00e3o cient\u00edfica que permitam \u00e0 popula\u00e7\u00e3o geral aceder a informa\u00e7\u00e3o acerca da sa\u00fade sexual e reprodutiva;<\/p>\n<p>\u2022 Desenvolver parcerias com institui\u00e7\u00f5es acad\u00e9micas e da sociedade civil que facilitem a implementa\u00e7\u00e3o de servi\u00e7os de sa\u00fade sexual e reprodutiva e reprodutiva de qualidade;<\/p>\n<p><strong>Como pode contribuir?<\/strong><br \/>\nConvidamo-l@ a juntar-se \u00e0 nossa miss\u00e3o atrav\u00e9s de uma doa\u00e7\u00e3o, que permitir\u00e1 \u00e0 SPSC expandir as suas atividades. Todas as doa\u00e7\u00f5es, sejam individuais ou institucionais, s\u00e3o aplicadas diretamente nos nossos projetos e reconhecidas publicamente.<br \/>\nJuntos, podemos fazer a diferen\u00e7a e criar uma sociedade mais consciente, inclusiva e informada. Apoie-nos e invista no futuro da sa\u00fade sexual e reprodutiva em Portugal.<\/p>\n<p>Para mais informa\u00e7\u00f5es sobre como contribuir, entre em contacto connosco atrav\u00e9s do e-mail\u00a0<strong>geral@spsc.pt.<\/strong>[\/vc_column_text][\/vc_column][\/vc_row]<\/p>\n<\/div>","protected":false},"excerpt":{"rendered":"<p>[vc_row][vc_column][vc_column_text css=&#8221;&#8221;]Gostaria de contribuir para o crescimento da SPSC? A Sociedade Portuguesa de Sexologia Cl\u00ednica (SPSC) \u00e9 uma organiza\u00e7\u00e3o sem fins lucrativos que, desde 1985, tem trabalhado para promover a sa\u00fade sexual e reprodutiva. A miss\u00e3o da SPSC centra-se na promo\u00e7\u00e3o da sa\u00fade sexual, conciliando a sua dimens\u00e3o cl\u00ednica, com as vertentes de investiga\u00e7\u00e3o cient\u00edfica, [&hellip;]<\/p>\n","protected":false},"author":1,"featured_media":0,"parent":0,"menu_order":0,"comment_status":"closed","ping_status":"closed","template":"","meta":{"footnotes":""},"class_list":["post-10911","page","type-page","status-publish","hentry"],"_links":{"self":[{"href":"https:\/\/spsc.pt\/index.php\/wp-json\/wp\/v2\/pages\/10911","targetHints":{"allow":["GET"]}}],"collection":[{"href":"https:\/\/spsc.pt\/index.php\/wp-json\/wp\/v2\/pages"}],"about":[{"href":"https:\/\/spsc.pt\/index.php\/wp-json\/wp\/v2\/types\/page"}],"author":[{"embeddable":true,"href":"https:\/\/spsc.pt\/index.php\/wp-json\/wp\/v2\/users\/1"}],"replies":[{"embeddable":true,"href":"https:\/\/spsc.pt\/index.php\/wp-json\/wp\/v2\/comments?post=10911"}],"version-history":[{"count":3,"href":"https:\/\/spsc.pt\/index.php\/wp-json\/wp\/v2\/pages\/10911\/revisions"}],"predecessor-version":[{"id":10914,"href":"https:\/\/spsc.pt\/index.php\/wp-json\/wp\/v2\/pages\/10911\/revisions\/10914"}],"wp:attachment":[{"href":"https:\/\/spsc.pt\/index.php\/wp-json\/wp\/v2\/media?parent=10911"}],"curies":[{"name":"wp","href":"https:\/\/api.w.org\/{rel}","templated":true}]}}