{"id":10966,"date":"2025-07-02T18:35:38","date_gmt":"2025-07-02T18:35:38","guid":{"rendered":"https:\/\/spsc.pt\/?page_id=10966"},"modified":"2025-07-02T19:14:35","modified_gmt":"2025-07-02T19:14:35","slug":"2a-edicao-do-guia-de-recursos-para-a-pessoa-com-doenca-oncologica-e-seus-cuidadores","status":"publish","type":"page","link":"https:\/\/spsc.pt\/index.php\/2a-edicao-do-guia-de-recursos-para-a-pessoa-com-doenca-oncologica-e-seus-cuidadores\/","title":{"rendered":"2\u00aa edi\u00e7\u00e3o do Guia de Recursos para a Pessoa com Doen\u00e7a Oncol\u00f3gica e seus Cuidadores"},"content":{"rendered":"<div class=\"wpb-content-wrapper\"><p>[vc_row][vc_column width=&#8221;1\/2&#8243;][vc_column_text css=&#8221;&#8221;]A Comiss\u00e3o Oncosexologia, representada pela Professora Doutora Ana Gomes, contribuiu para a publica\u00e7\u00e3o da 2\u00aa edi\u00e7\u00e3o do Guia de Recursos para a Pessoa com Doen\u00e7a Oncol\u00f3gica e seus Cuidadores, um recurso baseado em informa\u00e7\u00e3o validada, acess\u00edvel e \u00fatil para a pessoas com cancro, familiares e cuidadores.<\/p>\n<p>&nbsp;<\/p>\n<p>Veja a vers\u00e3o <a href=\"https:\/\/aicib.pt\/?wpdmdl=9449\">PDF AQUI<\/a>[\/vc_column_text][\/vc_column][vc_column width=&#8221;1\/2&#8243;][vc_single_image image=&#8221;10968&#8243; img_size=&#8221;full&#8221; css=&#8221;&#8221;][\/vc_column][\/vc_row]<\/p>\n<\/div>","protected":false},"excerpt":{"rendered":"<p>[vc_row][vc_column width=&#8221;1\/2&#8243;][vc_column_text css=&#8221;&#8221;]A Comiss\u00e3o Oncosexologia, representada pela Professora Doutora Ana Gomes, contribuiu para a publica\u00e7\u00e3o da 2\u00aa edi\u00e7\u00e3o do Guia de Recursos para a Pessoa com Doen\u00e7a Oncol\u00f3gica e seus Cuidadores, um recurso baseado em informa\u00e7\u00e3o validada, acess\u00edvel e \u00fatil para a pessoas com cancro, familiares e cuidadores. &nbsp; Veja a vers\u00e3o PDF AQUI[\/vc_column_text][\/vc_column][vc_column width=&#8221;1\/2&#8243;][vc_single_image [&hellip;]<\/p>\n","protected":false},"author":1,"featured_media":0,"parent":0,"menu_order":0,"comment_status":"closed","ping_status":"closed","template":"","meta":{"footnotes":""},"class_list":["post-10966","page","type-page","status-publish","hentry"],"_links":{"self":[{"href":"https:\/\/spsc.pt\/index.php\/wp-json\/wp\/v2\/pages\/10966","targetHints":{"allow":["GET"]}}],"collection":[{"href":"https:\/\/spsc.pt\/index.php\/wp-json\/wp\/v2\/pages"}],"about":[{"href":"https:\/\/spsc.pt\/index.php\/wp-json\/wp\/v2\/types\/page"}],"author":[{"embeddable":true,"href":"https:\/\/spsc.pt\/index.php\/wp-json\/wp\/v2\/users\/1"}],"replies":[{"embeddable":true,"href":"https:\/\/spsc.pt\/index.php\/wp-json\/wp\/v2\/comments?post=10966"}],"version-history":[{"count":3,"href":"https:\/\/spsc.pt\/index.php\/wp-json\/wp\/v2\/pages\/10966\/revisions"}],"predecessor-version":[{"id":10971,"href":"https:\/\/spsc.pt\/index.php\/wp-json\/wp\/v2\/pages\/10966\/revisions\/10971"}],"wp:attachment":[{"href":"https:\/\/spsc.pt\/index.php\/wp-json\/wp\/v2\/media?parent=10966"}],"curies":[{"name":"wp","href":"https:\/\/api.w.org\/{rel}","templated":true}]}}