{"id":150,"date":"2017-02-23T00:47:54","date_gmt":"2017-02-23T00:47:54","guid":{"rendered":"http:\/\/sw-themes.com\/porto_dummy\/?page_id=150"},"modified":"2025-03-03T14:43:14","modified_gmt":"2025-03-03T14:43:14","slug":"afiliacao-was-efs-e-flasses","status":"publish","type":"page","link":"https:\/\/spsc.pt\/index.php\/afiliacao-was-efs-e-flasses\/","title":{"rendered":"Afilia\u00e7\u00e3o WAS, EFS e FLASSES"},"content":{"rendered":"<div class=\"wpb-content-wrapper\"><p>[vc_row][vc_column][vc_empty_space css_params=&#8221;&#8221;][\/vc_column][\/vc_row][vc_row][vc_column][vc_column_text css=&#8221;&#8221; css_params=&#8221;&#8221;]<\/p>\n<p style=\"text-align: center;\">A<strong> SPSC<\/strong> e\u0301 membro de tre\u0302s organizac\u0327o\u0303es internacionais focadas na Sau\u0301de Sexual e Reprodutiva: A World Association for Sexual Health (WAS), a European Federation of Sexology (EFS) e a Federacio\u0301n Latinoamericana de Sociedades de Sexologi\u0301a (FLASSES). Esta afiliac\u0327a\u0303o tem vantagens para as pessoas so\u0301cias da SPSC. Conhec\u0327a-as\u00a0aqui:<\/p>\n<p>[\/vc_column_text][\/vc_column][\/vc_row][vc_row][vc_column][vc_empty_space css_params=&#8221;&#8221;][\/vc_column][\/vc_row][vc_row][vc_column][vc_separator][\/vc_column][\/vc_row][vc_row][vc_column width=&#8221;2\/3&#8243;][vc_column_text css=&#8221;&#8221; css_params=&#8221;&#8221;]<strong>WAS<\/strong><\/p>\n<p><strong>Vantagens para membros individuais:<\/strong><\/p>\n<ul>\n<li>Taxa de inscri\u00e7\u00e3o reduzida no congresso bianual da WAS: os s\u00f3cios da SPSC receber\u00e3o c\u00f3digos de desconto para aceder a taxas de inscri\u00e7\u00e3o reduzidas aquando da inscri\u00e7\u00e3o;<\/li>\n<li>Subscri\u00e7\u00e3o gratuita das Newsletters da WAS;<\/li>\n<li>Os s\u00f3cios da SPSC, ao tornarem-se membros individuais da WAS &#8211; a uma taxa reduzida de $50 por ano (a taxa normal \u00e9 de $75 por ano) &#8211; acedem ao International Journal of Sexual Health gratuitamente;<\/li>\n<li>Publica\u00e7\u00e3o de artigos na Newsletter da WAS;<\/li>\n<\/ul>\n<p><strong>Vantagens enquanto membros da SPSC:<\/strong><\/p>\n<ul>\n<li>An\u00fancio de eventos atrav\u00e9s da WAS;<\/li>\n<li>Participa\u00e7\u00e3o em comit\u00e9s e projetos da WAS;<\/li>\n<li>Participa\u00e7\u00e3o e direito de voto na Assembleia Geral da WAS.<\/li>\n<\/ul>\n<p>Mais aqui: <a href=\"https:\/\/www.worldsexualhealth.net\/members\">https:\/\/www.worldsexualhealth.net\/members<\/a>[\/vc_column_text][\/vc_column][vc_column width=&#8221;1\/3&#8243;][vc_single_image image=&#8221;10928&#8243; css=&#8221;&#8221; css_params=&#8221;&#8221;][\/vc_column][\/vc_row][vc_row][vc_column][vc_separator][\/vc_column][\/vc_row][vc_row][vc_column width=&#8221;2\/3&#8243;][vc_column_text css=&#8221;&#8221; css_params=&#8221;&#8221;]<strong>EFS<\/strong><\/p>\n<p><strong>Vantagens enquanto membros da SPSC:<\/strong><\/p>\n<ul>\n<li>Patroc\u00ednio da EFS<\/li>\n<li>Participa\u00e7\u00e3o de membros do comit\u00e9 executivo da EFS como oradores em confer\u00eancias locais<\/li>\n<li>Aconselhamento a cada pa\u00eds sobre um padr\u00e3o europeu de excel\u00eancia para a forma\u00e7\u00e3o de profissionais<\/li>\n<li>Apoio em situa\u00e7\u00f5es em que os direitos sexuais humanos n\u00e3o s\u00e3o respeitados<\/li>\n<\/ul>\n<p>&nbsp;<\/p>\n<p>Mais aqui: <a href=\"https:\/\/europeansexology.com\/members\/\">https:\/\/europeansexology.com\/members\/<\/a>[\/vc_column_text][\/vc_column][vc_column width=&#8221;1\/3&#8243;][vc_single_image image=&#8221;10929&#8243; css=&#8221;&#8221; css_params=&#8221;&#8221;][\/vc_column][\/vc_row][vc_row][vc_column][vc_separator][\/vc_column][\/vc_row][vc_row][vc_column width=&#8221;2\/3&#8243;][vc_column_text css=&#8221;&#8221; css_params=&#8221;&#8221;]<strong>FLASSES<\/strong><\/p>\n<p><strong>Vantagens para membros individuais:<\/strong><\/p>\n<ul>\n<li>Taxas de inscri\u00e7\u00e3o reduzidas para os congressos semestrais da Federa\u00e7\u00e3o Latino-Americana de Sexologia e Educa\u00e7\u00e3o Sexual (CLASES) \u2013 Os s\u00f3cios da SPSC devem indicar ao secretariado que t\u00eam interesse em usufruir deste desconto, para que esta informa\u00e7\u00e3o seja confirmada \u00e0 Presid\u00eancia do congresso; aquando da inscri\u00e7\u00e3o, devem indicar que s\u00e3o membros da FLASSES;<\/li>\n<li>Publica\u00e7\u00e3o de artigos no Boletim bimestral FLASSES;<\/li>\n<li><strong>Vantagens enquanto membros da SPSC:<\/strong><\/li>\n<li>Propor simp\u00f3sios ou mesas redondas nas CLASES;<\/li>\n<li>Ser eleito e eleg\u00edvel para cargos executivos, para as Comiss\u00f5es Especiais e ser sede de Congressos da Federa\u00e7\u00e3o;<\/li>\n<li>Integrar a Assembleia Geral;<\/li>\n<li>Obter o patroc\u00ednio da Federa\u00e7\u00e3o para suas atividades acad\u00e9micas ou cient\u00edficas;<\/li>\n<li>Apresentar propostas ao Comit\u00e9 Executivo;<\/li>\n<li>Assinatura gratuita do boletim informativo bimestral FLASSES;<\/li>\n<li>An\u00fancio de eventos na Newsletter bimestral;<\/li>\n<\/ul>\n<p>Mais aqui: <a href=\"https:\/\/www.flasses.net\/asociarse\">https:\/\/www.flasses.net\/asociarse<\/a>[\/vc_column_text][\/vc_column][vc_column width=&#8221;1\/3&#8243;][vc_single_image image=&#8221;10927&#8243; css=&#8221;&#8221; css_params=&#8221;&#8221;][\/vc_column][\/vc_row][vc_row][vc_column][vc_separator][\/vc_column][\/vc_row]<\/p>\n<\/div>","protected":false},"excerpt":{"rendered":"<p>[vc_row][vc_column][vc_empty_space css_params=&#8221;&#8221;][\/vc_column][\/vc_row][vc_row][vc_column][vc_column_text css=&#8221;&#8221; css_params=&#8221;&#8221;] A SPSC e\u0301 membro de tre\u0302s organizac\u0327o\u0303es internacionais focadas na Sau\u0301de Sexual e Reprodutiva: A World Association for Sexual Health (WAS), a European Federation of Sexology (EFS) e a Federacio\u0301n Latinoamericana de Sociedades de Sexologi\u0301a (FLASSES). Esta afiliac\u0327a\u0303o tem vantagens para as pessoas so\u0301cias da SPSC. Conhec\u0327a-as\u00a0aqui: [\/vc_column_text][\/vc_column][\/vc_row][vc_row][vc_column][vc_empty_space css_params=&#8221;&#8221;][\/vc_column][\/vc_row][vc_row][vc_column][vc_separator][\/vc_column][\/vc_row][vc_row][vc_column width=&#8221;2\/3&#8243;][vc_column_text css=&#8221;&#8221; [&hellip;]<\/p>\n","protected":false},"author":1,"featured_media":0,"parent":0,"menu_order":0,"comment_status":"closed","ping_status":"closed","template":"","meta":{"footnotes":""},"class_list":["post-150","page","type-page","status-publish","hentry"],"_links":{"self":[{"href":"https:\/\/spsc.pt\/index.php\/wp-json\/wp\/v2\/pages\/150","targetHints":{"allow":["GET"]}}],"collection":[{"href":"https:\/\/spsc.pt\/index.php\/wp-json\/wp\/v2\/pages"}],"about":[{"href":"https:\/\/spsc.pt\/index.php\/wp-json\/wp\/v2\/types\/page"}],"author":[{"embeddable":true,"href":"https:\/\/spsc.pt\/index.php\/wp-json\/wp\/v2\/users\/1"}],"replies":[{"embeddable":true,"href":"https:\/\/spsc.pt\/index.php\/wp-json\/wp\/v2\/comments?post=150"}],"version-history":[{"count":8,"href":"https:\/\/spsc.pt\/index.php\/wp-json\/wp\/v2\/pages\/150\/revisions"}],"predecessor-version":[{"id":10940,"href":"https:\/\/spsc.pt\/index.php\/wp-json\/wp\/v2\/pages\/150\/revisions\/10940"}],"wp:attachment":[{"href":"https:\/\/spsc.pt\/index.php\/wp-json\/wp\/v2\/media?parent=150"}],"curies":[{"name":"wp","href":"https:\/\/api.w.org\/{rel}","templated":true}]}}