{"id":4184,"date":"2016-05-11T14:46:30","date_gmt":"2016-05-11T14:46:30","guid":{"rendered":"http:\/\/spsc.pt\/?page_id=4184"},"modified":"2025-06-30T16:41:35","modified_gmt":"2025-06-30T16:41:35","slug":"comissoes","status":"publish","type":"page","link":"https:\/\/spsc.pt\/index.php\/comissoes\/","title":{"rendered":"Comiss\u00f5es"},"content":{"rendered":"<div class=\"wpb-content-wrapper\"><p>[vc_row][vc_column][vc_column_text]As Comiss\u00f5es Eventuais s\u00e3o um dos \u00f3rg\u00e3os sociais da SPSC, respons\u00e1vel por dinamizar a atividade da mesma. Cabe \u00e0s Comiss\u00f5es Eventuais, dar resposta \u00e0s solicita\u00e7\u00f5es da comunidade, bem como auxiliar na produ\u00e7\u00e3o e dissemina\u00e7\u00e3o de conte\u00fados da SPSC. Estas Comiss\u00f5es cobrem variadas \u00e1reas tem\u00e1ticas e podem ser revisitadas em fun\u00e7\u00e3o das solicita\u00e7\u00f5es feitas \u00e0 SPSC e dos desenvolvimentos na \u00e1rea da Sexologia Cl\u00ednica.[\/vc_column_text][\/vc_column][\/vc_row][vc_row][vc_column][vc_empty_space][vc_column_text css=&#8221;&#8221;]<\/p>\n<p style=\"text-align: center;\"><strong>Comiss\u00e3o cient\u00edfica<\/strong><br \/>\nPatr\u00edcia Pascoal<\/p>\n<p style=\"text-align: center;\"><strong>Comiss\u00e3o pedag\u00f3gica<\/strong><br \/>\nAna Gomes<\/p>\n<p style=\"text-align: center;\"><strong>Subcomiss\u00e3o para a Multidisciplinariedade da Comiss\u00e3o Pedag\u00f3gica<\/strong><br \/>\nJoana Pais, Violeta Alarc\u00e3o, Rosa Sim\u00f5es, Helder Louren\u00e7o , Gilberta Sousa, Alexandre Oliveira, Manuela Madeira e Catarina Ribeiro<\/p>\n<p style=\"text-align: center;\"><strong>Sexualidade feminina<\/strong><br \/>\nLisa Vicente<\/p>\n<p style=\"text-align: center;\"><strong>Boas pr\u00e1ticas cl\u00ednicas<\/strong><br \/>\nFilipe Gomes, Joana Almeida e Manuela Peixoto<\/p>\n<p style=\"text-align: center;\"><strong>Dia Nacional Sa\u00fade Sexual e Media<\/strong><br \/>\nCatarina N\u00f3brega<\/p>\n<p style=\"text-align: center;\"><strong>Sexualidade e cuidados de sa\u00fade prim\u00e1rios<\/strong><br \/>\nSara Ferreira, Jo\u00e3o Moreira de Sousa<\/p>\n<p style=\"text-align: center;\"><strong>Oncosexologia<\/strong><br \/>\nAna Gomes<\/p>\n<p style=\"text-align: center;\"><strong>Diversidade e ciclo de vida<\/strong><br \/>\nMariana Marques<\/p>\n<p style=\"text-align: center;\"><strong>Educa\u00e7\u00e3o em sexualidade<\/strong><br \/>\nPaula Pinto<\/p>\n<p style=\"text-align: center;\"><strong>Viol\u00eancia sexual<\/strong><br \/>\nRicardo Barroso<\/p>\n<p style=\"text-align: center;\"><strong>Direitos sexuais e estigma<\/strong><br \/>\nAlexandra Oliveira<\/p>\n<p style=\"text-align: center;\"><strong>Descentraliza\u00e7\u00e3o<\/strong><br \/>\nMariana Bettencourt, Carla C\u00e2mara<\/p>\n<p style=\"text-align: center;\"><strong>Alumni<\/strong><br \/>\nPaula Pinheiro, Liliana Ribeiro<\/p>\n<p>[\/vc_column_text][\/vc_column][\/vc_row]<\/p>\n<\/div>","protected":false},"excerpt":{"rendered":"<p>[vc_row][vc_column][vc_column_text]As Comiss\u00f5es Eventuais s\u00e3o um dos \u00f3rg\u00e3os sociais da SPSC, respons\u00e1vel por dinamizar a atividade da mesma. Cabe \u00e0s Comiss\u00f5es Eventuais, dar resposta \u00e0s solicita\u00e7\u00f5es da comunidade, bem como auxiliar na produ\u00e7\u00e3o e dissemina\u00e7\u00e3o de conte\u00fados da SPSC. Estas Comiss\u00f5es cobrem variadas \u00e1reas tem\u00e1ticas e podem ser revisitadas em fun\u00e7\u00e3o das solicita\u00e7\u00f5es feitas \u00e0 SPSC [&hellip;]<\/p>\n","protected":false},"author":1,"featured_media":0,"parent":0,"menu_order":0,"comment_status":"closed","ping_status":"open","template":"","meta":{"footnotes":""},"class_list":["post-4184","page","type-page","status-publish","hentry"],"_links":{"self":[{"href":"https:\/\/spsc.pt\/index.php\/wp-json\/wp\/v2\/pages\/4184","targetHints":{"allow":["GET"]}}],"collection":[{"href":"https:\/\/spsc.pt\/index.php\/wp-json\/wp\/v2\/pages"}],"about":[{"href":"https:\/\/spsc.pt\/index.php\/wp-json\/wp\/v2\/types\/page"}],"author":[{"embeddable":true,"href":"https:\/\/spsc.pt\/index.php\/wp-json\/wp\/v2\/users\/1"}],"replies":[{"embeddable":true,"href":"https:\/\/spsc.pt\/index.php\/wp-json\/wp\/v2\/comments?post=4184"}],"version-history":[{"count":33,"href":"https:\/\/spsc.pt\/index.php\/wp-json\/wp\/v2\/pages\/4184\/revisions"}],"predecessor-version":[{"id":10965,"href":"https:\/\/spsc.pt\/index.php\/wp-json\/wp\/v2\/pages\/4184\/revisions\/10965"}],"wp:attachment":[{"href":"https:\/\/spsc.pt\/index.php\/wp-json\/wp\/v2\/media?parent=4184"}],"curies":[{"name":"wp","href":"https:\/\/api.w.org\/{rel}","templated":true}]}}