{"id":4187,"date":"2016-05-11T14:49:12","date_gmt":"2016-05-11T14:49:12","guid":{"rendered":"http:\/\/spsc.pt\/?page_id=4187"},"modified":"2019-08-29T18:25:29","modified_gmt":"2019-08-29T18:25:29","slug":"revista","status":"publish","type":"page","link":"https:\/\/spsc.pt\/index.php\/revista\/","title":{"rendered":"Acta Portuguesa de Sexologia, uma publica\u00e7\u00e3o da SPSC"},"content":{"rendered":"<div class=\"wpb-content-wrapper\"><p>[vc_row][vc_column width=&#8221;1\/2&#8243;][vc_column_text]A Sociedade Portuguesa de Sexologia Cl\u00ednica publicou entre 1994 e 2010 a revista <strong><em>Acta Portuguesa de Sexologia<\/em><\/strong>, que teve entre os seus diretores, Ant\u00f3nio Pacheco Palha, Maria Fernanda Mendes e Francisco Allen Gomes. Segundo Jos\u00e9 Pacheco, editor da Revista, trata-se de &#8220;um marco na hist\u00f3ria da sexologia portuguesa, com s\u00ednteses muito interessantes para a sua compreens\u00e3o&#8221;. No editorial do n\u00famero de estreia (Vol. 1, n\u00ba 0) definem-se os objetivos e a vis\u00e3o estrat\u00e9gica da publica\u00e7\u00e3o:[\/vc_column_text][\/vc_column][vc_column width=&#8221;1\/2&#8243;][vc_column_text]<em>\u00c9 dado, deste modo, corporiza\u00e7\u00e3o a um sonho dos membros da Sociedade Portuguesa de Sexologia Cl\u00ednica, com a cria\u00e7\u00e3o de um \u00f3rg\u00e3o escrito que veicule conhecimento e informa\u00e7\u00e3o no \u00e2mbito da Sexologia, onde os aspectos cl\u00ednicos pr\u00e1ticos e te\u00f3ricos, os culturais, os jur\u00eddicos e os morais sejam tratados numa perspectiva inter e transdisciplinar. Esta ser\u00e1 a linha de orienta\u00e7\u00e3o desta publica\u00e7\u00e3o, ou seja, a de uma grande abertura para todas as correntes que se interessam por esta \u00e1rea do conhecimento cient\u00edfico.<\/em> (Ant\u00f3nio Pacheco Palha)[\/vc_column_text][\/vc_column][\/vc_row]<\/p>\n<\/div>","protected":false},"excerpt":{"rendered":"<p>[vc_row][vc_column width=&#8221;1\/2&#8243;][vc_column_text]A Sociedade Portuguesa de Sexologia Cl\u00ednica publicou entre 1994 e 2010 a revista Acta Portuguesa de Sexologia, que teve entre os seus diretores, Ant\u00f3nio Pacheco Palha, Maria Fernanda Mendes e Francisco Allen Gomes. Segundo Jos\u00e9 Pacheco, editor da Revista, trata-se de &#8220;um marco na hist\u00f3ria da sexologia portuguesa, com s\u00ednteses muito interessantes para a [&hellip;]<\/p>\n","protected":false},"author":1,"featured_media":0,"parent":0,"menu_order":0,"comment_status":"closed","ping_status":"open","template":"","meta":{"footnotes":""},"class_list":["post-4187","page","type-page","status-publish","hentry"],"_links":{"self":[{"href":"https:\/\/spsc.pt\/index.php\/wp-json\/wp\/v2\/pages\/4187","targetHints":{"allow":["GET"]}}],"collection":[{"href":"https:\/\/spsc.pt\/index.php\/wp-json\/wp\/v2\/pages"}],"about":[{"href":"https:\/\/spsc.pt\/index.php\/wp-json\/wp\/v2\/types\/page"}],"author":[{"embeddable":true,"href":"https:\/\/spsc.pt\/index.php\/wp-json\/wp\/v2\/users\/1"}],"replies":[{"embeddable":true,"href":"https:\/\/spsc.pt\/index.php\/wp-json\/wp\/v2\/comments?post=4187"}],"version-history":[{"count":25,"href":"https:\/\/spsc.pt\/index.php\/wp-json\/wp\/v2\/pages\/4187\/revisions"}],"predecessor-version":[{"id":9653,"href":"https:\/\/spsc.pt\/index.php\/wp-json\/wp\/v2\/pages\/4187\/revisions\/9653"}],"wp:attachment":[{"href":"https:\/\/spsc.pt\/index.php\/wp-json\/wp\/v2\/media?parent=4187"}],"curies":[{"name":"wp","href":"https:\/\/api.w.org\/{rel}","templated":true}]}}