{"id":4192,"date":"2016-05-11T14:51:45","date_gmt":"2016-05-11T14:51:45","guid":{"rendered":"http:\/\/spsc.pt\/?page_id=4192"},"modified":"2023-02-06T19:27:46","modified_gmt":"2023-02-06T19:27:46","slug":"representacao-internacional","status":"publish","type":"page","link":"https:\/\/spsc.pt\/index.php\/representacao-internacional\/","title":{"rendered":"Representa\u00e7\u00e3o Internacional"},"content":{"rendered":"<div class=\"wpb-content-wrapper\"><p>[vc_row][vc_column][vc_separator style=&#8221;solid&#8221;][vc_column_text]<strong>Patricia Pascoal<\/strong><br \/>\nComiss\u00e3o cient\u00edfica da WAS<br \/>\n<a href=\"http:\/\/www.worldsexology.org\/\"><b>World Association for Sexual Health (WAS)<\/b><\/a><\/p>\n<p>Dire\u00e7\u00e3o da EFS<br \/>\n<a href=\"https:\/\/europeansexologycongress.org\/\"><strong>European Sexology Congress<\/strong><\/a><\/p>\n<p>Comiss\u00e3o Cient\u00edfica da se\u00e7\u00e3o de Sexologia da ESSM<br \/>\n<strong><a href=\"https:\/\/www.essm.org\/\">European Society for Sexual Medicine<\/a><\/strong>[\/vc_column_text][vc_separator style=&#8221;solid&#8221;][vc_column_text]<strong>Joana Carvalho<br \/>\n<\/strong>Comiss\u00e3o Cient\u00edfica da se\u00e7\u00e3o de Sexologia da ESSM<br \/>\n<a href=\"http:\/\/www.essm.org\/\"><b>European\u00a0Society for Sexual Medicine (ESSM)<\/b><\/a><\/p>\n<p>Comiss\u00e3o cient\u00edfica da WAS<br \/>\n<a href=\"http:\/\/www.worldsexology.org\/\"><b>World Association for Sexual Health (WAS)<\/b><\/a><\/p>\n<p>Membro da European Sexual Medicine Network Co-chair of the Scientific Review Committee, International Society of Sexual Medicine (ISSM)<br \/>\n<a href=\"https:\/\/www.issm.info\/\"><strong>International Society of Sexual Medicine<\/strong> <\/a><\/p>\n<p>Senior member of the Guideline Panel for the European Clinical Guidelines in Male Sexual and Reproductive Health, European Association of Urology (EAU)<br \/>\n<a href=\"https:\/\/uroweb.org\/\"><strong>European Association of Urology<\/strong><\/a><\/p>\n<p>Member of the Accreditation Committee, Latin American Federation of Societies of Sexology and Sexual Education (FLASSES)<br \/>\n<a href=\"https:\/\/uia.org\/\"><strong>Latin American Federation of Societies of Sexology and Sexual Education<\/strong> <\/a>[\/vc_column_text][vc_separator style=&#8221;solid&#8221;][\/vc_column][\/vc_row][vc_row][vc_column][\/vc_column][\/vc_row][vc_row][vc_column][\/vc_column][\/vc_row]<\/p>\n<\/div>","protected":false},"excerpt":{"rendered":"<p>[vc_row][vc_column][vc_separator style=&#8221;solid&#8221;][vc_column_text]Patricia Pascoal Comiss\u00e3o cient\u00edfica da WAS World Association for Sexual Health (WAS) Dire\u00e7\u00e3o da EFS European Sexology Congress Comiss\u00e3o Cient\u00edfica da se\u00e7\u00e3o de Sexologia da ESSM European Society for Sexual Medicine[\/vc_column_text][vc_separator style=&#8221;solid&#8221;][vc_column_text]Joana Carvalho Comiss\u00e3o Cient\u00edfica da se\u00e7\u00e3o de Sexologia da ESSM European\u00a0Society for Sexual Medicine (ESSM) Comiss\u00e3o cient\u00edfica da WAS World Association for Sexual [&hellip;]<\/p>\n","protected":false},"author":1,"featured_media":0,"parent":0,"menu_order":0,"comment_status":"closed","ping_status":"open","template":"","meta":{"footnotes":""},"class_list":["post-4192","page","type-page","status-publish","hentry"],"_links":{"self":[{"href":"https:\/\/spsc.pt\/index.php\/wp-json\/wp\/v2\/pages\/4192","targetHints":{"allow":["GET"]}}],"collection":[{"href":"https:\/\/spsc.pt\/index.php\/wp-json\/wp\/v2\/pages"}],"about":[{"href":"https:\/\/spsc.pt\/index.php\/wp-json\/wp\/v2\/types\/page"}],"author":[{"embeddable":true,"href":"https:\/\/spsc.pt\/index.php\/wp-json\/wp\/v2\/users\/1"}],"replies":[{"embeddable":true,"href":"https:\/\/spsc.pt\/index.php\/wp-json\/wp\/v2\/comments?post=4192"}],"version-history":[{"count":18,"href":"https:\/\/spsc.pt\/index.php\/wp-json\/wp\/v2\/pages\/4192\/revisions"}],"predecessor-version":[{"id":10467,"href":"https:\/\/spsc.pt\/index.php\/wp-json\/wp\/v2\/pages\/4192\/revisions\/10467"}],"wp:attachment":[{"href":"https:\/\/spsc.pt\/index.php\/wp-json\/wp\/v2\/media?parent=4192"}],"curies":[{"name":"wp","href":"https:\/\/api.w.org\/{rel}","templated":true}]}}