{"id":4293,"date":"2016-05-12T15:43:20","date_gmt":"2016-05-12T15:43:20","guid":{"rendered":"http:\/\/spsc.pt\/?page_id=4293"},"modified":"2019-03-22T11:31:05","modified_gmt":"2019-03-22T11:31:05","slug":"livros","status":"publish","type":"page","link":"https:\/\/spsc.pt\/index.php\/livros\/","title":{"rendered":"&#8220;Sexologia em Portugal&#8221;: a obra que reuniu em 1987 os principais especialistas"},"content":{"rendered":"<div class=\"wpb-content-wrapper\"><p>[vc_row][vc_column width=&#8221;1\/2&#8243;][vc_single_image image=&#8221;9077&#8243; img_size=&#8221;full&#8221;][\/vc_column][vc_column width=&#8221;1\/2&#8243;][vc_column_text]A obra <em>Sexologia em Portugal <\/em>foi lan\u00e7ada pela SPSC em 1987, sob coordena\u00e7\u00e3o de Francisco Allen Gomes, Afonso de Albuquerque e J\u00falio Silveira Nunes. Pretendia-se com a sua publica\u00e7\u00e3o preencher um vazio bibliogr\u00e1fico em torno da sexualidade, na l\u00edngua portuguesa. A amplitude tem\u00e1tica reflete a inten\u00e7\u00e3o de se constituir como um suporte de refer\u00eancia no exerc\u00edcio da cl\u00ednica, da forma\u00e7\u00e3o e da educa\u00e7\u00e3o para a sexualidade.<\/p>\n<p><em>Sexologia em Portugal<\/em> re\u00fane, divulga e reflete acerca dos estudos da sexualidade realizados no nosso pa\u00eds e no mundo, a partir de perspetivas m\u00e9dicas, psicol\u00f3gicas, sociais, culturais, art\u00edsticas e hist\u00f3ricas.<\/p>\n<p>A obra tem dois volumes: <em>Sexologia Cl\u00ednica<\/em> e <em>Sexualidade e Cultura<\/em>. Foi apresentada por altura do II Congresso Nacional de Sexologia, em Coimbra. \u00abSe \u00e9 real a complementaridade entre os dois volumes da obra, \u00e9 tamb\u00e9m certo que qualquer um deles tem um significado pr\u00f3prio\u00bb, l\u00ea-se na introdu\u00e7\u00e3o.<\/p>\n<p><em>Sexologia em Portugal \u2013 A Sexologia Cl\u00ednica<\/em> (Volume 1) aborda assuntos como a resposta sexual (masculina\/feminina), a identidade sexual, a progress\u00e3o da sexualidade ao longo da vida, o imagin\u00e1rio er\u00f3tico, a comunica\u00e7\u00e3o em sexologia, a transexualidade, as parafilias, a homossexualidade, as disfun\u00e7\u00f5es sexuais (masculinas\/femininas) e a sexualidade na defici\u00eancia.<\/p>\n<p>Na introdu\u00e7\u00e3o, Allen Gomes, Afonso de Albuquerque e Silveira Nunes fazem uma breve retrospetiva dos caminhos da sexologia desde o s\u00e9culo XIX. Referem os principais contributos internacionais para o seu avan\u00e7o enquanto especialidade cient\u00edfica, tanto no mundo como em Portugal, e situam a d\u00e9cada de 1970 como o tempo em que \u00abse inicia o trabalho em sexologia\u00bb no nosso pa\u00eds.<\/p>\n<p>No final do 1\u00ba volume listam-se as institui\u00e7\u00f5es onde se fazia terapia sexual \u00e0 data (em 1987) em Portugal: Hospitais de S\u00e3o Jo\u00e3o, de Santo Ant\u00f3nio e Magalh\u00e3es Lemos, no Porto; em Coimbra os Hospitais da Universidade; em Lisboa, o J\u00falio de Matos, a Maternidade Magalh\u00e3es Coutinho, o Santa Maria, o Egas Moniz e o Curry Cabral; finalmente a Associa\u00e7\u00e3o para o Planeamento da Fam\u00edlia, na cidade de Lisboa, Coimbra e Porto.<\/p>\n<p>Entre os autores que colaboram neste volume est\u00e3o: Ana Cardoso Allen Gomes, Ana Cruz Pereira, Adriano Pimenta, Adriano Vaz Serra, Afonso de Albuquerque, Alexandre Moreira, Almeida Ruas, Am\u00e9rico Baptista, Ant\u00f3nio Filipe Requixa, Ant\u00f3nio Pacheco Palla, Ant\u00f3nio Santinho Martins, Catarina Soares, Fani Lopes Rios, Fernanda Mendes, Francisco Allen Gomes, Jo\u00e3o Abel Amaro, John Bancroft, Jos\u00e9 Pacheco, Judy Greenwood, J\u00falio Gon\u00e7alves, J\u00falio P\u00eago, J\u00falio Silveira Nunes, Lu\u00eds Soczka, L\u00edgia Fonseca, Lu\u00eds Trindade, Maria Isabel Ara\u00fajo, Nuno Miguel, Rocha Mendes e Sousa Sampaio.[\/vc_column_text][\/vc_column][\/vc_row][vc_row][vc_column][vc_separator][\/vc_column][\/vc_row][vc_row][vc_column width=&#8221;1\/2&#8243;][vc_single_image image=&#8221;9074&#8243; img_size=&#8221;full&#8221;][\/vc_column][vc_column width=&#8221;1\/2&#8243;][vc_column_text]<em>Sexologia em Portugal \u2013 Sexualidade e Cultura <\/em>(volume 2) integra reflex\u00f5es sobre a sexualidade a partir das vis\u00f5es das ci\u00eancias sociais e humanas, mas tamb\u00e9m das artes e do campo jur\u00eddico. A sexualidade \u00e9 pensada pela hist\u00f3ria, pela religi\u00e3o, pela antropologia, pela epistemologia, bem como pela literatura, pintura, escultura, cinema, teatro e dan\u00e7a. Num cap\u00edtulo sobre sociedade abordam-se diversos assuntos, nomeadamente a feminilidade, o feminismo, o planeamento familiar, a contrace\u00e7\u00e3o, o aborto, a fertiliza\u00e7\u00e3o in vitro, os bancos de esperma, a educa\u00e7\u00e3o sexual e os mitos da homossexualidade. O livro finaliza com um cap\u00edtulo sobre a sexualidade e a lei, em que se analisam princ\u00edpios jur\u00eddicos e ofensas sexuais.<\/p>\n<p>Os organizadores da obra \u2013 Allen Gomes, Afonso de Albuquerque e Silveira Nunes \u2013 escrevem no pref\u00e1cio: \u00abSe estamos ainda numa fase que poder\u00e1 justamente considerar-se como a da pr\u00e9-hist\u00f3ria da Sexologia, n\u00e3o ser\u00e1 mais poss\u00edvel parar o impulso de uma corrente que se engrossa um pouco por todo o lado\u00bb.<\/p>\n<p>Entre os colaboradores deste volume est\u00e3o: A. Galv\u00e3o-Teles, Afonso de Albuquerque, Ana Allen Gomes, Adolfo Gutkin, Carlos Oliveira, Catarina Soares, David Rebelo, Duarte Vilar, Eduardo Geada, Eurico Gon\u00e7alves, Garcia Pereira, Helena Neves, Id\u00e1lia Correia, Jo\u00e3o Cutileiro, Jos\u00e9 Calisto Santos, Jos\u00e9 Fialho, Jos\u00e9 Machado Pais, Judy Greenwood, J\u00falio Machado Vaz, Lu\u00eds Gamito, Lu\u00edsa Ramos, Mois\u00e9s Esp\u00edrito Santo, Nat\u00e1lia Correia, Pereira Coelho, Pinto da Costa e Purifica\u00e7\u00e3o Ara\u00fajo.[\/vc_column_text][\/vc_column][\/vc_row]<\/p>\n<\/div>","protected":false},"excerpt":{"rendered":"<p>[vc_row][vc_column width=&#8221;1\/2&#8243;][vc_single_image image=&#8221;9077&#8243; img_size=&#8221;full&#8221;][\/vc_column][vc_column width=&#8221;1\/2&#8243;][vc_column_text]A obra Sexologia em Portugal foi lan\u00e7ada pela SPSC em 1987, sob coordena\u00e7\u00e3o de Francisco Allen Gomes, Afonso de Albuquerque e J\u00falio Silveira Nunes. Pretendia-se com a sua publica\u00e7\u00e3o preencher um vazio bibliogr\u00e1fico em torno da sexualidade, na l\u00edngua portuguesa. A amplitude tem\u00e1tica reflete a inten\u00e7\u00e3o de se constituir como um [&hellip;]<\/p>\n","protected":false},"author":1,"featured_media":0,"parent":0,"menu_order":0,"comment_status":"closed","ping_status":"closed","template":"","meta":{"footnotes":""},"class_list":["post-4293","page","type-page","status-publish","hentry"],"_links":{"self":[{"href":"https:\/\/spsc.pt\/index.php\/wp-json\/wp\/v2\/pages\/4293","targetHints":{"allow":["GET"]}}],"collection":[{"href":"https:\/\/spsc.pt\/index.php\/wp-json\/wp\/v2\/pages"}],"about":[{"href":"https:\/\/spsc.pt\/index.php\/wp-json\/wp\/v2\/types\/page"}],"author":[{"embeddable":true,"href":"https:\/\/spsc.pt\/index.php\/wp-json\/wp\/v2\/users\/1"}],"replies":[{"embeddable":true,"href":"https:\/\/spsc.pt\/index.php\/wp-json\/wp\/v2\/comments?post=4293"}],"version-history":[{"count":15,"href":"https:\/\/spsc.pt\/index.php\/wp-json\/wp\/v2\/pages\/4293\/revisions"}],"predecessor-version":[{"id":9120,"href":"https:\/\/spsc.pt\/index.php\/wp-json\/wp\/v2\/pages\/4293\/revisions\/9120"}],"wp:attachment":[{"href":"https:\/\/spsc.pt\/index.php\/wp-json\/wp\/v2\/media?parent=4293"}],"curies":[{"name":"wp","href":"https:\/\/api.w.org\/{rel}","templated":true}]}}