{"id":4297,"date":"2016-05-12T15:45:29","date_gmt":"2016-05-12T15:45:29","guid":{"rendered":"http:\/\/spsc.pt\/?page_id=4297"},"modified":"2016-08-05T08:54:08","modified_gmt":"2016-08-05T08:54:08","slug":"comunicados","status":"publish","type":"page","link":"https:\/\/spsc.pt\/index.php\/comunicados\/","title":{"rendered":"Comunicados"},"content":{"rendered":"<div class=\"wpb-content-wrapper\"><p>[vc_row][vc_column][vc_column_text]<strong><a href=\"http:\/\/www.associapro.com\/docdownload.aspx?file=doc1569.pdf\"><span style=\"color: #aa082d;\">PROPOSTA DE LEI DA CO-ADOP\u00c7\u00c3O<\/span><\/a><\/strong><\/p>\n<p>\u00abA Dire\u00e7\u00e3o da Sociedade Portuguesa de Sexologia Cl\u00ednica, reunida na passada semana, congratula-se com a aprova\u00e7\u00e3o, por parte da Assembleia da Rep\u00fablica, da proposta de lei que estende a possibilidade de co-adop\u00e7\u00e3o em casais do mesmo sexo\u00bb [&#8230;]<\/p>\n<p>&nbsp;<\/p>\n<p><strong><a href=\"http:\/\/www.associapro.com\/docdownload.aspx?file=doc1964.pdf\"><span style=\"color: #aa082d;\">T\u00cdTULO DE TERAPEUTA SEXUAL<\/span><\/a><\/strong><\/p>\n<p>\u00abFace \u00e0 oferta de cursos de P\u00f3s-gradua\u00e7\u00e3o em Terapia Sexual promovidos pelas mais diversas entidades, a Dire\u00e7\u00e3o da Sociedade Portuguesa de Sexologia Cl\u00ednica vem por este meio manifestar a sua posi\u00e7\u00e3o sobre esta mat\u00e9ria. A Sociedade Portuguesa de Sexologia Cl\u00ednica \u00e9 a \u00fanica entidade habilitada a acreditar Terapeutas Sexuais em Portugal reconhecidos pela Associa\u00e7\u00e3o Mundial de Sa\u00fade Sexual e pela Federa\u00e7\u00e3o Europeia de Sexologia\u00bb [&#8230;]<\/p>\n<p>&nbsp;<\/p>\n<p><strong><a href=\"http:\/\/www.associapro.com\/docdownload.aspx?file=doc1868.pdf\"><span style=\"color: #aa082d;\">ALBINO AROSO<\/span><\/a><\/strong><\/p>\n<p>\u00abA dire\u00e7\u00e3o da Sociedade Portuguesa de Sexologia Cl\u00ednica (SPSC) solidariza-se com o pesar da perda da personalidade inspiradora, que tanto contribuiu para as pol\u00edticas de promo\u00e7\u00e3o dos direitos sexuais, como o foi Albino Aroso. \u00c9 a perda de um ativista que se mobilizou por todo o pa\u00eds e aliou esta milit\u00e2ncia b\u00e1sica \u00e0 efic\u00e1cia do legislador\u00bb [&#8230;]<\/p>\n<p>&nbsp;<\/p>\n<p><span style=\"color: #aa082d;\"><strong>\u00a0<a style=\"color: #aa082d;\" href=\"http:\/\/www.associapro.com\/docdownload.aspx?file=doc2719.pdf\">TERAPIAS PARA MUDAR A ORIENTA\u00c7\u00c3O SEXUAL<\/a><\/strong><\/span><\/p>\n<p>\u00abA dire\u00e7\u00e3o da Sociedade Portuguesa de Sexologia Cl\u00ednica vem por este meio tomar uma posi\u00e7\u00e3o p\u00fablica face \u00e0 recente discuss\u00e3o decorrente da reportagem publicada no Jornal <em>P\u00fablico<\/em> de 2\/5\/2009 acerca da utiliza\u00e7\u00e3o de terapias de reorienta\u00e7\u00e3o ou reconvers\u00e3o sexual. Os estudos realizados em diversos campos, nomeadamente nos da Hist\u00f3ria, Antropologia, Sociologia, Psicologia e da pr\u00f3pria Medicina revelam que qualquer associa\u00e7\u00e3o da homossexualidade com patologia \u00e9 desprovida de sentido e desde 1973 que a Associa\u00e7\u00e3o Americana de Psiquiatria, reconhecendo esta evid\u00eancia, a retirou da sua lista de doen\u00e7as mentais e passou a condenar explicitamente qualquer tentativa daquilo a que alguns chamam reorienta\u00e7\u00e3o ou reconvers\u00e3o\u00bb [&#8230;][\/vc_column_text][\/vc_column][\/vc_row]<\/p>\n<\/div>","protected":false},"excerpt":{"rendered":"<p>[vc_row][vc_column][vc_column_text]PROPOSTA DE LEI DA CO-ADOP\u00c7\u00c3O \u00abA Dire\u00e7\u00e3o da Sociedade Portuguesa de Sexologia Cl\u00ednica, reunida na passada semana, congratula-se com a aprova\u00e7\u00e3o, por parte da Assembleia da Rep\u00fablica, da proposta de lei que estende a possibilidade de co-adop\u00e7\u00e3o em casais do mesmo sexo\u00bb [&#8230;] &nbsp; T\u00cdTULO DE TERAPEUTA SEXUAL \u00abFace \u00e0 oferta de cursos de P\u00f3s-gradua\u00e7\u00e3o [&hellip;]<\/p>\n","protected":false},"author":1,"featured_media":0,"parent":0,"menu_order":0,"comment_status":"closed","ping_status":"closed","template":"","meta":{"footnotes":""},"class_list":["post-4297","page","type-page","status-publish","hentry"],"_links":{"self":[{"href":"https:\/\/spsc.pt\/index.php\/wp-json\/wp\/v2\/pages\/4297","targetHints":{"allow":["GET"]}}],"collection":[{"href":"https:\/\/spsc.pt\/index.php\/wp-json\/wp\/v2\/pages"}],"about":[{"href":"https:\/\/spsc.pt\/index.php\/wp-json\/wp\/v2\/types\/page"}],"author":[{"embeddable":true,"href":"https:\/\/spsc.pt\/index.php\/wp-json\/wp\/v2\/users\/1"}],"replies":[{"embeddable":true,"href":"https:\/\/spsc.pt\/index.php\/wp-json\/wp\/v2\/comments?post=4297"}],"version-history":[{"count":6,"href":"https:\/\/spsc.pt\/index.php\/wp-json\/wp\/v2\/pages\/4297\/revisions"}],"predecessor-version":[{"id":5201,"href":"https:\/\/spsc.pt\/index.php\/wp-json\/wp\/v2\/pages\/4297\/revisions\/5201"}],"wp:attachment":[{"href":"https:\/\/spsc.pt\/index.php\/wp-json\/wp\/v2\/media?parent=4297"}],"curies":[{"name":"wp","href":"https:\/\/api.w.org\/{rel}","templated":true}]}}