{"id":4325,"date":"2016-05-12T16:26:42","date_gmt":"2016-05-12T16:26:42","guid":{"rendered":"http:\/\/spsc.pt\/?page_id=4325"},"modified":"2017-02-15T11:24:55","modified_gmt":"2017-02-15T11:24:55","slug":"consultas-publicas-de-sexologia","status":"publish","type":"page","link":"https:\/\/spsc.pt\/index.php\/consultas-publicas-de-sexologia\/","title":{"rendered":"Consultas p\u00fablicas de Sexologia"},"content":{"rendered":"<div class=\"wpb-content-wrapper\"><p>[vc_row][vc_column][vc_column_text]<\/p>\n<h5><span style=\"color: #aa082d;\"><strong>SERVI\u00c7OS P\u00daBLICOS<\/strong><\/span><\/h5>\n<p>(A informa\u00e7\u00e3o disponibilizada no nosso site \u00e9 informativa dos servi\u00e7os p\u00fablicos onde existe consulta de sexologia. O facto de ser s\u00f3cio n\u00e3o indica que tenha car\u00e1cter de excep\u00e7\u00e3o nestas situa\u00e7\u00f5es, aplicam-se aqui as normas de acesso aos servi\u00e7os p\u00fablicos, que \u00e9 feito atrav\u00e9s de contacto directo com o servi\u00e7o\/prestador de servi\u00e7os.)\u00a0<strong>\u00a0\u00a0\u00a0<\/strong><strong>\u00a0\u00a0\u00a0\u00a0<\/strong><\/p>\n<p>&nbsp;<\/p>\n<p><span style=\"color: #aa082d;\"><strong>Almada<\/strong><\/span><\/p>\n<p><strong>\u00a0<\/strong><strong>Hospital Garcia de Orta<\/strong><\/p>\n<p>Departamento de Psiquiatria<\/p>\n<p>Avenida Dr. Torrado da Silva<\/p>\n<p>Pragal &#8211; Almada<\/p>\n<p><strong>\u00a0<\/strong><\/p>\n<p><span style=\"color: #aa082d;\"><strong>Carcavelos<\/strong><\/span><\/p>\n<p><strong>PIN<\/strong><\/p>\n<p>Rua Pedro \u00c1lvares Cabral, N\u00ba47<\/p>\n<p>Edif\u00edcio Sanremo Est\u00fadio Junqueiro<\/p>\n<p>2775-551 Carcavelos<\/p>\n<p><u>Telefone<\/u>\u00a0: 214 582 140<\/p>\n<p>Email:\u00a0<a href=\"mailto:pin.rececao@pin.com.pt\">pin.rececao@pin.com.pt\u00a0<\/a><\/p>\n<p>&nbsp;<\/p>\n<p><span style=\"color: #aa082d;\"><strong>Coimbra\u00a0<\/strong><\/span><\/p>\n<p><strong>Hospitais da Universidade de Coimbra (Servi\u00e7o de Psiquiatria)<\/strong><br \/>\nPraceta Prof. Mota Pinto<br \/>\n3000-075 Coimbra<br \/>\n239 400 454\u00a0\u00a0\u00a0 ext 12704\/ 12712<\/p>\n<p><strong>Hospital dos Cov\u00f5es (Servi\u00e7o de Psiquiatria)<\/strong><br \/>\nQuinta dos Vales<br \/>\n3041-801 S. Martinho do Bispo<br \/>\n239 800 100<\/p>\n<p><strong>Consulta de Sexologia da Maternidade Bissaya Barreto<\/strong><strong><br \/>\n<\/strong>Rua Augusta<br \/>\n3000-061 Coimbra<br \/>\n239 480400<\/p>\n<p>&nbsp;<\/p>\n<p><span style=\"color: #aa082d;\"><strong>Funchal<\/strong><\/span><\/p>\n<p><strong>Centro de Sa\u00fade do Bom Jesus<\/strong><\/p>\n<p><strong>A<\/strong>\u00a0v. Luis de Cam\u00f5es, 9004-514 Funchal<\/p>\n<p>&nbsp;<\/p>\n<p><span style=\"color: #aa082d;\"><strong>Guimar\u00e3es<\/strong><\/span><\/p>\n<p><strong>Centro Hospitalar do Alto Ave<\/strong><br \/>\nDepartamento de Psiquiatria<br \/>\nConsulta de Psicoterapia do Casal<br \/>\n253540330<\/p>\n<p>&nbsp;<\/p>\n<p><span style=\"color: #aa082d;\"><strong>Lisboa<\/strong><\/span><\/p>\n<p><strong>Hospital de Santa Maria (Servi\u00e7o de Psiquiatria)<\/strong><strong><br \/>\n<\/strong>Avenida Professor Egas Moniz<br \/>\n1649-035 Lisboa<br \/>\n21 780 5000<\/p>\n<p><strong>Centro\u00a0Hospitalar Psiquiatrico de Lisboa (Consulta Externa)<\/strong><br \/>\nAvenida do Brasil, 53<br \/>\n1700 Lisboa<br \/>\n217917000<\/p>\n<p><strong>Centro de Desenvolvimento Diferen\u00e7as<\/strong><strong><br \/>\n<strong>Institui\u00e7\u00e3o Particular de Solidariedade Social<\/strong><\/strong><br \/>\nConsulta de Sexologia<br \/>\nCentro Comercial Bela Vista, loja 32,<br \/>\nAvenida Santo Condest\u00e1vel, Via Central de Chelas<br \/>\n1900-806 Lisboa<br \/>\n21 839 4222<br \/>\n918141615<\/p>\n<p><strong>Faculdade de Psicologia da Universidade de Lisboa<\/strong><\/p>\n<p><strong>Servi\u00e7o \u00e0 Comunidade<\/strong><\/p>\n<p>Consulta de Sexologia Cl\u00ednica<\/p>\n<p>Alameda da Universidade<br \/>\n1649-013 Lisboa<\/p>\n<p>21 794 39 04<\/p>\n<p><strong>E-mail geral:\u00a0\u00a0<\/strong><u><a href=\"mailto:scomunidade@fp.ul.pt\">mailto:scomunidade@fp.ul.pt<\/a><\/u><\/p>\n<p>&nbsp;<\/p>\n<p><span style=\"color: #aa082d;\"><strong>Porto\u00a0<\/strong><\/span><\/p>\n<p><strong>Hospital de S\u00e3o Jo\u00e3o<\/strong><br \/>\nAlameda Prof. Hern\u00e2ni Monteiro<br \/>\n4200 \u2013 319 Porto<br \/>\n225 512 100<\/p>\n<p><strong>Hospital de Santo Ant\u00f3nio<\/strong><strong><br \/>\n<\/strong>Largo Prof. Abel Salazar<br \/>\n4099 &#8211; 001 Porto<br \/>\nTelefone: 222 077 500<\/p>\n<p><strong>Hospital Magalh\u00e3es Lemos<\/strong><strong><br \/>\n<\/strong>Rua Professor \u00c1lvaro Rodrigues &#8211; Aldoar<\/p>\n<p>4149-003 Porto<br \/>\nTelefone: 226 192 400<\/p>\n<p>&nbsp;<\/p>\n<p><span style=\"color: #aa082d;\"><strong>Viseu<\/strong><\/span><\/p>\n<p><strong>Hospital de S\u00e3o Teot\u00f3nio \u2013 Viseu<\/strong><\/p>\n<p>Av. Rei D. Duarte<\/p>\n<p>3504 509 &#8211; Viseu<\/p>\n<p>Telefone: 232 420 500<\/p>\n<p>&nbsp;<\/p>\n<h5><span style=\"color: #aa082d;\"><strong>CONSULT\u00d3RIOS PRIVADOS<\/strong><\/span><\/h5>\n<p>&nbsp;<\/p>\n<p><span style=\"color: #aa082d;\"><strong>ALMADA<\/strong><\/span><\/p>\n<p><strong>Marcelino Mota\u00a0<\/strong>212 752 921\/ 96 700 6107<\/p>\n<p><strong>Maria Maceiras:\u00a0<\/strong>212723054<\/p>\n<p>&nbsp;<\/p>\n<p><span style=\"color: #aa082d;\"><strong>AVEIRO<\/strong><\/span><\/p>\n<p><strong>Let\u00edcia Martins\u00a0<\/strong>964610459 \/\u00a0\u00a0<a href=\"mailto:leticia.t.martins@gmail.com\">leticia.t.martins@gmail.com\u00a0<\/a><\/p>\n<p>&nbsp;<\/p>\n<p><span style=\"color: #aa082d;\"><strong>CANTANHEDE\u00a0<\/strong><\/span><br \/>\n<strong>Vera Carnapete<\/strong>\u00a0Tel: 919513884<\/p>\n<p>&nbsp;<\/p>\n<p><span style=\"color: #aa082d;\"><strong>COIMBRA<\/strong><strong>\u00a0<\/strong><\/span><strong><span style=\"color: #aa082d;\">\u00a0\u00a0\u00a0\u00a0\u00a0\u00a0\u00a0<\/span>\u00a0\u00a0\u00a0\u00a0\u00a0\u00a0 \u00a0\u00a0\u00a0\u00a0\u00a0\u00a0\u00a0\u00a0\u00a0\u00a0\u00a0\u00a0\u00a0\u00a0\u00a0\u00a0\u00a0\u00a0\u00a0\u00a0\u00a0\u00a0\u00a0\u00a0\u00a0\u00a0\u00a0\u00a0\u00a0\u00a0\u00a0\u00a0\u00a0\u00a0\u00a0\u00a0\u00a0\u00a0\u00a0\u00a0\u00a0\u00a0\u00a0\u00a0\u00a0\u00a0\u00a0\u00a0\u00a0\u00a0\u00a0\u00a0\u00a0\u00a0\u00a0\u00a0\u00a0\u00a0\u00a0\u00a0\u00a0\u00a0\u00a0\u00a0\u00a0\u00a0\u00a0\u00a0\u00a0\u00a0\u00a0\u00a0\u00a0\u00a0\u00a0<\/strong><\/p>\n<p><strong>L\u00edgia Fonseca<\/strong>\u00a0Tel: 239 096 900<\/p>\n<p><strong>C\u00e1tia Oliveira\u00a0<\/strong>Tel: 239 826 863\/239 645 200<\/p>\n<p><strong>Vera Carnapete<\/strong>\u00a0Tel: 919513884<\/p>\n<p><strong>Ana Lu\u00edsa Quinta Gomes<\/strong>\u00a0Tel: 239 821 294<\/p>\n<p>&nbsp;<\/p>\n<p><span style=\"color: #aa082d;\"><strong>LISBOA<\/strong><\/span><\/p>\n<p><strong>Jos\u00e9 Pacheco\u00a0<\/strong><br \/>\nTel: 218 146\u00a0093<\/p>\n<p><strong>Jorge Cardoso\u00a0<\/strong><br \/>\n<a href=\"https:\/\/sites.google.com\/site\/jorgecardosopsicologosexologo\/\">https:\/\/sites.google.com\/site\/jorgecardosopsicologosexologo\/<\/a><br \/>\nTel: 213 542\u00a0569<\/p>\n<p><strong>Gabriela Moita\u00a0<\/strong><br \/>\nTel:\u00a0933 087 529\u00a0(enviar mensagem com refer\u00eancia a inten\u00e7\u00e3o de marcar consulta)<br \/>\nRua da Escola Polit\u00e9cnica, 167, 1 dt\u00ba \u00a0<a href=\"http:\/\/gabrielamoita.com\/\">http:\/\/gabrielamoita.com<\/a>\u00a0\u00a0<a href=\"http:\/\/spsc.pt\/gabnobmoita@gmail.com\">gabnobmoita@gmail.com<\/a><\/p>\n<p><strong>Paula Pinto<\/strong><br \/>\nTel: 213 573 370 \/ 214 100 480<\/p>\n<p><strong>Patr\u00edcia Pascoal<\/strong><br \/>\nAv. Marqu\u00eas de Tomar, n\u00ba 44, 1\u00ba,\u00a01050-156 Lisboa\u00a0Telef:\u00a0217801241\/2\u00a0\u00a0\u00a0210967320\u00a0Telem:\u00a0918961643\u00a0\u00a0\u00a0969544849<br \/>\n935330630\u00a0\u00a0Email:\u00a0\u00a0<a href=\"mailto:pascoal.patricia@gmail.com\">pascoal.patricia@gmail.com<\/a><\/p>\n<p><strong>Maria do Ros\u00e1rio Marques Gomes<\/strong><br \/>\nConsult\u00f3rio: Av. das For\u00e7as Armadas, 4- 3\u00baJ,<br \/>\nTel: 217 932 375 telm: 912 431 097 (das 14h \u00e0s 20h)<\/p>\n<p><strong>Marta Crawford<\/strong><br \/>\nTel: 218 438\u00a0080<\/p>\n<p><strong>Maria Maceiras<\/strong><br \/>\nTel:\u00a0925 348\u00a0273<\/p>\n<p><strong>Marcelino Mota<\/strong><br \/>\nTel: 914 425 342\/ 96 700 6107<\/p>\n<p><strong>Joana Almeida<\/strong><br \/>\nTel: 218 473 573 \/\u00a0963 484\u00a0636<br \/>\n<a href=\"http:\/\/mjoanaalmeida.wix.com\/site\">http:\/\/mjoanaalmeida.wix.com\/site<\/a>|\u00a0<a href=\"https:\/\/www.associapro.com\/https:\/www.facebook.com\/pages\/Consulta-de-Sexologia\/135215503208740\">facebook<\/a><\/p>\n<p><strong>Ana Filipa Beato<\/strong>\u00a0(Cl\u00ednica Alto dos Moinhos)<br \/>\nTel: 217 718\u00a0040<\/p>\n<p><strong>Ana Cristina Pablo<\/strong><br \/>\nTel: 213 259\u00a0055<\/p>\n<p><strong>Ana Cristina Nave<\/strong><br \/>\nTel: 213 544\u00a0658<\/p>\n<p><strong>Ana Alexandra Carvalheira<\/strong><br \/>\nTel: 914755354\u00a0\u00a0\u00a0\u00a0<a href=\"https:\/\/sites.google.com\/site\/anaalexandracarvalheira\/\">https:\/\/sites.google.com\/site\/anaalexandracarvalheira\/\u00a0<\/a><\/p>\n<p><strong>Jos\u00e9 Pacheco\u00a0<\/strong><br \/>\nTel: 218 146\u00a0093<\/p>\n<p>&nbsp;<\/p>\n<p><span style=\"color: #aa082d;\"><strong>MACEDO DE CAVALEIROS\u00a0<\/strong><\/span><\/p>\n<p><strong>Sandra Vilarinho\u00a0<\/strong>Tel: 963 083 411<\/p>\n<p>&nbsp;<\/p>\n<p><span style=\"color: #aa082d;\"><strong>MIRANDELA<\/strong><\/span><\/p>\n<p><strong>Ant\u00f3nio Am\u00e9rico Salema\u00a0<\/strong><\/p>\n<p>Telf:\u00a0960 089 464\u00a0&#8211;\u00a0Rua de Santa Luzia, lote 4 1\u00ba.andar n\u00ba.:16<\/p>\n<p>&nbsp;<\/p>\n<p><span style=\"color: #aa082d;\"><strong>PORTO\u00a0<\/strong><\/span><\/p>\n<p><strong>S\u00edlvia Ribeiro<\/strong><\/p>\n<p>Tel: 225 103 853\/ 912 525 444<\/p>\n<p><strong>Serafim Carvalho\u00a0<\/strong><\/p>\n<p>Tel: 225 107 632\u00a0\u00a0\u00a0\u00a0\u00a0<a href=\"http:\/\/www.psimedi.pt\/\">http:\/\/www.psimedi.pt\/\u00a0\u00a0\u00a0<\/a><\/p>\n<p><strong>Sandra Vilarinho<\/strong><\/p>\n<p>Tel: 963 083 411\u00a0\u00a0\u00a0\u00a0\u00a0\u00a0\u00a0\u00a0\u00a0<a href=\"mailto:sandravilarinho@gmail.com\">sandravilarinho@gmail.com<\/a>\u00a0\u00a0\u00a0\u00a0\u00a0\u00a0<a href=\"http:\/\/tempuri.org\/tempuri.html\">\u00a0<\/a><\/p>\n<p><strong>L\u00edgia Cat\u00e3o<\/strong><\/p>\n<p>Tel: 914590057 \/ P\u00e7 D. Filipa de\u00a0\u00a0\u00a0\u00a0Lencastre, 22, 4\u00ba andar, sala 69<\/p>\n<p><strong>M\u00f3nica S\u00e1 Rodrigue<\/strong>s<\/p>\n<p>Tel: 223 389 697\/98 Telm: 914984207.\u00a0\u00a0<a href=\"http:\/\/spsc.pt\/monicarodrigue@gmail.com\">monicarodrigue@gmail.com\u00a0<\/a><\/p>\n<p><strong>Manuela Moura<\/strong><\/p>\n<p>Rua da Alegria, 2083 | 4200-027 PORTO | Tel. 225 518 553 |\u00a0\u00a0<a href=\"https:\/\/www.associapro.com\/gestao\/www.terapiasexual.com.pt\">www.terapiasexual.com.pt<\/a><\/p>\n<p><strong>Ant\u00f3nio Pacheco Palha\u00a0<\/strong><\/p>\n<p>Tel: 222 080 672\/225 093 242<\/p>\n<p><strong>Ant\u00f3nio Am\u00e9rico Salema\u00a0<\/strong><\/p>\n<p>Telf: 960089 464 &#8211; P\u00e7. D. Filipa de Lencastre, 22 &#8211; 6\u00ba. &#8211; sala 97<\/p>\n<p><strong>C\u00e1tia Oliveira<\/strong><\/p>\n<p>220 934 050\/ 910 196 002<\/p>\n<p><strong>J\u00falio Machado Vaz<\/strong><\/p>\n<p>Tel: 223 389 697<\/p>\n<p><strong>Gabriela Moita<\/strong><\/p>\n<p>Tel: 933 087 529\u00a0\u00a0P\u00e7. D. Filipa de Lencastre, 22 &#8211; 6\u00ba. &#8211; sala 101<\/p>\n<p>&nbsp;<\/p>\n<p><span style=\"color: #aa082d;\"><strong>SANTO TIRSO<\/strong><\/span><\/p>\n<p><strong>Sandra Vilarinho<\/strong>\u00a0Tel: 963 083 411<\/p>\n<p>&nbsp;<\/p>\n<p><span style=\"color: #aa082d;\"><strong>TORRES NOVAS<\/strong><\/span><\/p>\n<p><strong>Ana Lu\u00edsa Quinta Gomes<\/strong>\u00a0Tel: 249 822 223<\/p>\n<p>&nbsp;<\/p>\n<p><span style=\"color: #aa082d;\"><strong>MADEIRA<\/strong><\/span><\/p>\n<p><strong>Carla C\u00e2mara<\/strong>\u00a0Tel: 291700070\/ 910795511\/ 915718999<\/p>\n<p>&nbsp;[\/vc_column_text][vc_column_text]<\/p>\n<h5><span style=\"color: #aa082d;\"><strong>SERVI\u00c7OS P\u00daBLICOS<\/strong><\/span><\/h5>\n<p>(A informa\u00e7\u00e3o disponibilizada no nosso site \u00e9 informativa dos servi\u00e7os p\u00fablicos onde existe consulta de sexologia. O facto de ser s\u00f3cio n\u00e3o indica que tenha car\u00e1cter de excep\u00e7\u00e3o nestas situa\u00e7\u00f5es, aplicam-se aqui as normas de acesso aos servi\u00e7os p\u00fablicos, que \u00e9 feito atrav\u00e9s de contacto directo com o servi\u00e7o\/prestador de servi\u00e7os.)\u00a0<strong>\u00a0\u00a0\u00a0<\/strong><strong>\u00a0\u00a0\u00a0\u00a0<\/strong><\/p>\n<p>&nbsp;<\/p>\n<p><span style=\"color: #aa082d;\"><strong>Almada<\/strong><\/span><\/p>\n<p><strong>Hospital Garcia de Orta<\/strong><\/p>\n<p>Departamento de Psiquiatria<\/p>\n<p>Avenida Dr. Torrado da Silva<\/p>\n<p>Pragal &#8211; Almada<\/p>\n<p>&nbsp;<\/p>\n<p><span style=\"color: #aa082d;\"><strong>Braga<\/strong><\/span><\/p>\n<p><strong>Servi\u00e7o de Psicologia &#8211; ServPsi\u00a0<\/strong><\/p>\n<p>Escola de Psicologia da\u00a0Universidade do Minho &#8211;\u00a0Campus de Gualtar<\/p>\n<p>4710-057 Braga<\/p>\n<p>Telefone: 253 604 245 ou 253 604 681<\/p>\n<p>&nbsp;<\/p>\n<p><span style=\"color: #aa082d;\"><strong>Carcavelos<\/strong><\/span><\/p>\n<p><strong>PIN<\/strong><\/p>\n<p>Rua Pedro \u00c1lvares Cabral, N\u00ba47<\/p>\n<p>Edif\u00edcio Sanremo Est\u00fadio Junqueiro<\/p>\n<p>2775-551 Carcavelos<\/p>\n<p><u>Telefone<\/u>\u00a0: 214 582 140<\/p>\n<p>Email:\u00a0<a href=\"mailto:pin.rececao@pin.com.pt\">pin.rececao@pin.com.pt\u00a0<\/a><\/p>\n<p>&nbsp;<\/p>\n<p><span style=\"color: #aa082d;\"><strong>Coimbra\u00a0<\/strong><\/span><\/p>\n<p><strong>Hospitais da Universidade de Coimbra (Servi\u00e7o de Psiquiatria)<\/strong><br \/>\nPraceta Prof. Mota Pinto<br \/>\n3000-075 Coimbra<br \/>\n239 400 454\u00a0\u00a0\u00a0 ext 12704\/ 12712<\/p>\n<p><strong>Hospital dos Cov\u00f5es (Servi\u00e7o de Psiquiatria)<\/strong><br \/>\nQuinta dos Vales<br \/>\n3041-801 S. Martinho do Bispo<br \/>\n239 800 100<\/p>\n<p><strong>Consulta de Sexologia da Maternidade Bissaya Barreto<\/strong><strong><br \/>\n<\/strong>Rua Augusta<br \/>\n3000-061 Coimbra<br \/>\n239 480400<\/p>\n<p>&nbsp;<\/p>\n<p><span style=\"color: #aa082d;\"><strong>Funchal<\/strong><\/span><\/p>\n<p><strong>Centro de Sa\u00fade do Bom Jesus<\/strong><\/p>\n<p><strong>A<\/strong>\u00a0v. Luis de Cam\u00f5es, 9004-514 Funchal<\/p>\n<p>&nbsp;<\/p>\n<p><span style=\"color: #aa082d;\"><strong>Guimar\u00e3es<\/strong><\/span><\/p>\n<p><strong>Centro Hospitalar do Alto Ave<\/strong><br \/>\nDepartamento de Psiquiatria<br \/>\nConsulta de Psicoterapia do Casal<br \/>\n253540330<\/p>\n<p>&nbsp;<\/p>\n<p><span style=\"color: #aa082d;\"><strong>Lisboa<\/strong><\/span><\/p>\n<p><strong>Hospital de Santa Maria (Servi\u00e7o de Psiquiatria)<\/strong><strong><br \/>\n<\/strong>Avenida Professor Egas Moniz<br \/>\n1649-035 Lisboa<br \/>\n21 780 5000<\/p>\n<p><strong>Centro\u00a0Hospitalar Psiquiatrico de Lisboa (Consulta Externa)<\/strong><br \/>\nAvenida do Brasil, 53<br \/>\n1700 Lisboa<br \/>\n217917000<\/p>\n<p><strong>Centro de Desenvolvimento Diferen\u00e7as<\/strong><strong><br \/>\n<strong>Institui\u00e7\u00e3o Particular de Solidariedade Social<\/strong><\/strong><br \/>\nConsulta de Sexologia<br \/>\nCentro Comercial Bela Vista, loja 32,<br \/>\nAvenida Santo Condest\u00e1vel, Via Central de Chelas<br \/>\n1900-806 Lisboa<br \/>\n21 839 4222<br \/>\n918141615<\/p>\n<p><strong>Faculdade de Psicologia da Universidade de Lisboa<\/strong><\/p>\n<p><strong>Servi\u00e7o \u00e0 Comunidade<\/strong><\/p>\n<p>Consulta de Sexologia Cl\u00ednica<\/p>\n<p>Alameda da Universidade<br \/>\n1649-013 Lisboa<\/p>\n<p>21 794 39 04<\/p>\n<p><strong>E-mail geral:\u00a0\u00a0<\/strong><u><a href=\"mailto:scomunidade@fp.ul.pt\">mailto:scomunidade@fp.ul.pt<\/a><\/u><\/p>\n<p>&nbsp;<\/p>\n<p><span style=\"color: #aa082d;\"><strong>Porto\u00a0<\/strong><\/span><\/p>\n<p><strong>Hospital de S\u00e3o Jo\u00e3o<\/strong><br \/>\nAlameda Prof. Hern\u00e2ni Monteiro<br \/>\n4200 \u2013 319 Porto<br \/>\n225 512 100<\/p>\n<p><strong>Hospital de Santo Ant\u00f3nio<\/strong><strong><br \/>\n<\/strong>Largo Prof. Abel Salazar<br \/>\n4099 &#8211; 001 Porto<br \/>\nTelefone: 222 077 500<\/p>\n<p><strong>Hospital Magalh\u00e3es Lemos<\/strong><strong><br \/>\n<\/strong>Rua Professor \u00c1lvaro Rodrigues &#8211; Aldoar<\/p>\n<p>4149-003 Porto<br \/>\nTelefone: 226 192 400<\/p>\n<p>&nbsp;<\/p>\n<p><span style=\"color: #aa082d;\"><strong>Viseu<\/strong><\/span><\/p>\n<p><strong>Hospital de S\u00e3o Teot\u00f3nio \u2013 Viseu<\/strong><\/p>\n<p>Av. Rei D. Duarte<\/p>\n<p>3504 509 &#8211; Viseu<\/p>\n<p>Telefone: 232 420 500<\/p>\n<p>&nbsp;<\/p>\n<h5><span style=\"color: #aa082d;\"><strong>CONSULT\u00d3RIOS PRIVADOS<\/strong><\/span><\/h5>\n<p>&nbsp;<\/p>\n<p><span style=\"color: #aa082d;\"><strong>ALMADA<\/strong><\/span><\/p>\n<p><strong>Marcelino Mota\u00a0<\/strong>212 752 921\/ 96 700 6107<\/p>\n<p><strong>Maria Maceiras:\u00a0<\/strong>212723054<\/p>\n<p>&nbsp;<\/p>\n<p><span style=\"color: #aa082d;\"><strong>AVEIRO<\/strong><\/span><\/p>\n<p><strong>Let\u00edcia Martins\u00a0<\/strong>964610459 \/\u00a0\u00a0<a href=\"mailto:leticia.t.martins@gmail.com\">leticia.t.martins@gmail.com\u00a0<\/a><\/p>\n<p>&nbsp;<\/p>\n<p><span style=\"color: #aa082d;\"><strong>CANTANHEDE\u00a0<\/strong><\/span><br \/>\n<strong>Vera Carnapete<\/strong>\u00a0Tel: 919513884<\/p>\n<p>&nbsp;<\/p>\n<p><span style=\"color: #aa082d;\"><strong>COIMBRA<\/strong><strong>\u00a0<\/strong><\/span><strong><span style=\"color: #aa082d;\">\u00a0\u00a0\u00a0\u00a0\u00a0\u00a0\u00a0<\/span>\u00a0\u00a0\u00a0\u00a0\u00a0\u00a0 \u00a0\u00a0\u00a0\u00a0\u00a0\u00a0\u00a0\u00a0\u00a0\u00a0\u00a0\u00a0\u00a0\u00a0\u00a0\u00a0\u00a0\u00a0\u00a0\u00a0\u00a0\u00a0\u00a0\u00a0\u00a0\u00a0\u00a0\u00a0\u00a0\u00a0\u00a0\u00a0\u00a0\u00a0\u00a0\u00a0\u00a0\u00a0\u00a0\u00a0\u00a0\u00a0\u00a0\u00a0\u00a0\u00a0\u00a0\u00a0\u00a0\u00a0\u00a0\u00a0\u00a0\u00a0\u00a0\u00a0\u00a0\u00a0\u00a0\u00a0\u00a0\u00a0\u00a0\u00a0\u00a0\u00a0\u00a0\u00a0\u00a0\u00a0\u00a0\u00a0\u00a0\u00a0\u00a0<\/strong><\/p>\n<p><strong>L\u00edgia Fonseca<\/strong>\u00a0Tel: 239 096 900<\/p>\n<p><strong>C\u00e1tia Oliveira\u00a0<\/strong>Tel: 239 826 863\/239 645 200<\/p>\n<p><strong>Vera Carnapete<\/strong>\u00a0Tel: 919513884<\/p>\n<p><strong>Ana Lu\u00edsa Quinta Gomes<\/strong>\u00a0Tel: 239 821 294<\/p>\n<p>&nbsp;<\/p>\n<p><span style=\"color: #aa082d;\"><strong>LISBOA<\/strong><\/span><\/p>\n<p><strong>Jos\u00e9 Pacheco\u00a0<\/strong><br \/>\nTel: 218 146\u00a0093<\/p>\n<p><strong>Jorge Cardoso\u00a0<\/strong><br \/>\n<a href=\"https:\/\/sites.google.com\/site\/jorgecardosopsicologosexologo\/\">https:\/\/sites.google.com\/site\/jorgecardosopsicologosexologo\/<\/a><br \/>\nTel: 213 542\u00a0569<\/p>\n<p><strong>Gabriela Moita\u00a0<\/strong><br \/>\nTel:\u00a0933 087 529\u00a0(enviar mensagem com refer\u00eancia a inten\u00e7\u00e3o de marcar consulta)<br \/>\nRua da Escola Polit\u00e9cnica, 167, 1 dt\u00ba \u00a0<a href=\"http:\/\/gabrielamoita.com\/\">http:\/\/gabrielamoita.com<\/a>\u00a0\u00a0<a href=\"http:\/\/spsc.pt\/gabnobmoita@gmail.com\">gabnobmoita@gmail.com<\/a><\/p>\n<p><strong>Paula Pinto<\/strong><br \/>\nTel: 213 573 370 \/ 214 100 480<\/p>\n<p><strong>Patr\u00edcia Pascoal<\/strong><br \/>\nAv. Marqu\u00eas de Tomar, n\u00ba 44, 1\u00ba,\u00a01050-156 Lisboa\u00a0Telef:\u00a0217801241\/2\u00a0\u00a0\u00a0210967320\u00a0Telem:\u00a0918961643\u00a0\u00a0\u00a0969544849<br \/>\n935330630\u00a0\u00a0Email:\u00a0\u00a0<a href=\"mailto:pascoal.patricia@gmail.com\">pascoal.patricia@gmail.com<\/a><\/p>\n<p><strong>Maria do Ros\u00e1rio Marques Gomes<\/strong><br \/>\nConsult\u00f3rio: Av. das For\u00e7as Armadas, 4- 3\u00baJ,<br \/>\nTel: 217 932 375 telm: 912 431 097 (das 14h \u00e0s 20h)<\/p>\n<p><strong>Marta Crawford<\/strong><br \/>\nTel: 218 438\u00a0080<\/p>\n<p><strong>Maria Maceiras<\/strong><br \/>\nTel:\u00a0925 348\u00a0273<\/p>\n<p><strong>Marcelino Mota<\/strong><br \/>\nTel: 914 425 342\/ 96 700 6107<\/p>\n<p><strong>Joana Almeida<\/strong><br \/>\nTel: 218 473 573 \/\u00a0963 484\u00a0636<br \/>\n<a href=\"http:\/\/mjoanaalmeida.wix.com\/site\">http:\/\/mjoanaalmeida.wix.com\/site<\/a>|\u00a0<a href=\"https:\/\/www.associapro.com\/https:\/www.facebook.com\/pages\/Consulta-de-Sexologia\/135215503208740\">facebook<\/a><\/p>\n<p><strong>Ana Filipa Beato<\/strong>\u00a0(Cl\u00ednica Alto dos Moinhos)<br \/>\nTel: 217 718\u00a0040<\/p>\n<p><strong>Ana Cristina Pablo<\/strong><br \/>\nTel: 213 259\u00a0055<\/p>\n<p><strong>Ana Cristina Nave<\/strong><br \/>\nTel: 213 544\u00a0658<\/p>\n<p><strong>Ana Alexandra Carvalheira<\/strong><br \/>\nTel: 914755354\u00a0\u00a0\u00a0\u00a0<a href=\"https:\/\/sites.google.com\/site\/anaalexandracarvalheira\/\">https:\/\/sites.google.com\/site\/anaalexandracarvalheira\/\u00a0<\/a><\/p>\n<p><strong>Jos\u00e9 Pacheco\u00a0<\/strong><br \/>\nTel: 218 146\u00a0093<\/p>\n<p>&nbsp;<\/p>\n<p><span style=\"color: #aa082d;\"><strong>MACEDO DE CAVALEIROS\u00a0<\/strong><\/span><\/p>\n<p><strong>Sandra Vilarinho\u00a0<\/strong>Tel: 963 083 411<\/p>\n<p>&nbsp;<\/p>\n<p><span style=\"color: #aa082d;\"><strong>MIRANDELA<\/strong><\/span><\/p>\n<p><strong>Ant\u00f3nio Am\u00e9rico Salema\u00a0<\/strong><\/p>\n<p>Telf:\u00a0960 089 464\u00a0&#8211;\u00a0Rua de Santa Luzia, lote 4 1\u00ba.andar n\u00ba.:16<\/p>\n<p>&nbsp;<\/p>\n<p><span style=\"color: #aa082d;\"><strong>PORTO\u00a0<\/strong><\/span><\/p>\n<p><strong>S\u00edlvia Ribeiro<\/strong><\/p>\n<p>Tel: 225 103 853\/ 912 525 444<\/p>\n<p><strong>Serafim Carvalho\u00a0<\/strong><\/p>\n<p>Tel: 225 107 632\u00a0\u00a0\u00a0\u00a0\u00a0<a href=\"http:\/\/www.psimedi.pt\/\">http:\/\/www.psimedi.pt\/\u00a0\u00a0\u00a0<\/a><\/p>\n<p><strong>Sandra Vilarinho<\/strong><\/p>\n<p>Tel: 963 083 411\u00a0\u00a0\u00a0\u00a0\u00a0\u00a0\u00a0\u00a0\u00a0<a href=\"mailto:sandravilarinho@gmail.com\">sandravilarinho@gmail.com<\/a>\u00a0\u00a0\u00a0\u00a0\u00a0\u00a0<a href=\"http:\/\/tempuri.org\/tempuri.html\">\u00a0<\/a><\/p>\n<p><strong>L\u00edgia Cat\u00e3o<\/strong><\/p>\n<p>Tel: 914590057 \/ P\u00e7 D. Filipa de\u00a0\u00a0\u00a0\u00a0Lencastre, 22, 4\u00ba andar, sala 69<\/p>\n<p><strong>M\u00f3nica S\u00e1 Rodrigue<\/strong>s<\/p>\n<p>Tel: 223 389 697\/98 Telm: 914984207.\u00a0\u00a0<a href=\"http:\/\/spsc.pt\/monicarodrigue@gmail.com\">monicarodrigue@gmail.com\u00a0<\/a><\/p>\n<p><strong>Manuela Moura<\/strong><\/p>\n<p>Rua da Alegria, 2083 | 4200-027 PORTO | Tel. 225 518 553 |\u00a0\u00a0<a href=\"https:\/\/www.associapro.com\/gestao\/www.terapiasexual.com.pt\">www.terapiasexual.com.pt<\/a><\/p>\n<p><strong>Ant\u00f3nio Pacheco Palha\u00a0<\/strong><\/p>\n<p>Tel: 222 080 672\/225 093 242<\/p>\n<p><strong>Ant\u00f3nio Am\u00e9rico Salema\u00a0<\/strong><\/p>\n<p>Telf: 960089 464 &#8211; P\u00e7. D. Filipa de Lencastre, 22 &#8211; 6\u00ba. &#8211; sala 97<\/p>\n<p><strong>C\u00e1tia Oliveira<\/strong><\/p>\n<p>220 934 050\/ 910 196 002<\/p>\n<p><strong>J\u00falio Machado Vaz<\/strong><\/p>\n<p>Tel: 223 389 697<\/p>\n<p><strong>Gabriela Moita<\/strong><\/p>\n<p>Tel: 933 087 529\u00a0\u00a0P\u00e7. D. Filipa de Lencastre, 22 &#8211; 6\u00ba. &#8211; sala 101<\/p>\n<p>&nbsp;<\/p>\n<p><span style=\"color: #aa082d;\"><strong>SANTO TIRSO<\/strong><\/span><\/p>\n<p><strong>Sandra Vilarinho<\/strong>\u00a0Tel: 963 083 411<\/p>\n<p>&nbsp;<\/p>\n<p><span style=\"color: #aa082d;\"><strong>TORRES NOVAS<\/strong><\/span><\/p>\n<p><strong>Ana Lu\u00edsa Quinta Gomes<\/strong>\u00a0Tel: 249 822 223<\/p>\n<p>&nbsp;<\/p>\n<p><span style=\"color: #aa082d;\"><strong>MADEIRA<\/strong><\/span><\/p>\n<p><strong>Carla C\u00e2mara<\/strong>\u00a0Tel: 291700070\/ 910795511\/ 915718999<\/p>\n<p>&nbsp;[\/vc_column_text][\/vc_column][\/vc_row][vc_row][vc_column][vc_column_text]<strong><span id=\"rvm_shortcode_to_copy\">[rvm_map mapid=&#8221;4483&#8243;]<\/span><\/strong>[\/vc_column_text][\/vc_column][\/vc_row]<\/p>\n<\/div>","protected":false},"excerpt":{"rendered":"<p>[vc_row][vc_column][vc_column_text] SERVI\u00c7OS P\u00daBLICOS (A informa\u00e7\u00e3o disponibilizada no nosso site \u00e9 informativa dos servi\u00e7os p\u00fablicos onde existe consulta de sexologia. O facto de ser s\u00f3cio n\u00e3o indica que tenha car\u00e1cter de excep\u00e7\u00e3o nestas situa\u00e7\u00f5es, aplicam-se aqui as normas de acesso aos servi\u00e7os p\u00fablicos, que \u00e9 feito atrav\u00e9s de contacto directo com o servi\u00e7o\/prestador de servi\u00e7os.)\u00a0\u00a0\u00a0\u00a0\u00a0\u00a0\u00a0\u00a0 &nbsp; [&hellip;]<\/p>\n","protected":false},"author":1,"featured_media":0,"parent":0,"menu_order":0,"comment_status":"closed","ping_status":"closed","template":"","meta":{"footnotes":""},"class_list":["post-4325","page","type-page","status-publish","hentry"],"_links":{"self":[{"href":"https:\/\/spsc.pt\/index.php\/wp-json\/wp\/v2\/pages\/4325","targetHints":{"allow":["GET"]}}],"collection":[{"href":"https:\/\/spsc.pt\/index.php\/wp-json\/wp\/v2\/pages"}],"about":[{"href":"https:\/\/spsc.pt\/index.php\/wp-json\/wp\/v2\/types\/page"}],"author":[{"embeddable":true,"href":"https:\/\/spsc.pt\/index.php\/wp-json\/wp\/v2\/users\/1"}],"replies":[{"embeddable":true,"href":"https:\/\/spsc.pt\/index.php\/wp-json\/wp\/v2\/comments?post=4325"}],"version-history":[{"count":10,"href":"https:\/\/spsc.pt\/index.php\/wp-json\/wp\/v2\/pages\/4325\/revisions"}],"predecessor-version":[{"id":6869,"href":"https:\/\/spsc.pt\/index.php\/wp-json\/wp\/v2\/pages\/4325\/revisions\/6869"}],"wp:attachment":[{"href":"https:\/\/spsc.pt\/index.php\/wp-json\/wp\/v2\/media?parent=4325"}],"curies":[{"name":"wp","href":"https:\/\/api.w.org\/{rel}","templated":true}]}}