{"id":4334,"date":"2016-05-12T16:42:59","date_gmt":"2016-05-12T16:42:59","guid":{"rendered":"http:\/\/spsc.pt\/?page_id=4334"},"modified":"2016-12-04T22:07:21","modified_gmt":"2016-12-04T22:07:21","slug":"consultorios-privados-de-terapeutas-formados-pela-spsc","status":"publish","type":"page","link":"https:\/\/spsc.pt\/index.php\/consultorios-privados-de-terapeutas-formados-pela-spsc\/","title":{"rendered":"Consultas privadas"},"content":{"rendered":"<div class=\"wpb-content-wrapper\"><p>[vc_row][vc_column][vc_column_text]<\/p>\n<p><span style=\"color: #aa082d;\"><strong>Almada<\/strong><\/span>[\/vc_column_text][vc_tta_accordion toggle=&#8221;1&#8243; title_size=&#8221;15PX&#8221;][vc_tta_section icon=&#8221;fa-account_box&#8221; title=&#8221;Marcelino Mota&#8221; tab_id=&#8221;1467975156136-d76ebbb5-a4c8&#8243;][vc_column_text]212 752 921\u00a0|\u00a096 700 6107[\/vc_column_text][\/vc_tta_section][\/vc_tta_accordion][us_separator type=&#8221;invisible&#8221;][vc_column_text]<\/p>\n<p><span style=\"color: #aa082d;\"><strong>Aveiro<\/strong><\/span>[\/vc_column_text][vc_tta_accordion toggle=&#8221;1&#8243; title_size=&#8221;15px&#8221;][vc_tta_section icon=&#8221;fa-account_box&#8221; title=&#8221;Let\u00edcia Martins&#8221; tab_id=&#8221;1467973552127-fd6b4d85-b9a0&#8243;][vc_column_text]Tlm: 964610459<\/p>\n<p><a href=\"mailto:leticia.t.martins@gmail.com\">leticia.t.martins@gmail.com<\/a>\u00a0[\/vc_column_text][\/vc_tta_section][\/vc_tta_accordion][us_separator type=&#8221;invisible&#8221;][vc_column_text]<\/p>\n<p><span style=\"color: #aa082d;\"><strong>Cantanhede<\/strong><\/span>[\/vc_column_text][vc_tta_accordion toggle=&#8221;1&#8243; title_size=&#8221;15px&#8221;][vc_tta_section icon=&#8221;fa-account_box&#8221; title=&#8221;S\u00f3nia Araujo &#8211; Cl\u00ednica Idealmed&#8221; tab_id=&#8221;1473171020316-c48683e2-06bd&#8221;][vc_column_text]231 027 053<\/p>\n<p><a id=\"LPlnk134003\" href=\"http:\/\/www.idealmed.pt\/pt\/page\/clinical_area_psychology?option=4\">http:\/\/www.idealmed.pt\/pt\/page\/clinical_area_psychology?option=4<\/a><\/p>\n<p><a id=\"LPlnk235952\" href=\"https:\/\/www.facebook.com\/SoniaAraujoPsi7\/\">https:\/\/www.facebook.com\/SoniaAraujoPsi7\/<\/a>[\/vc_column_text][\/vc_tta_section][vc_tta_section icon=&#8221;fa-account_box&#8221; title=&#8221;Vera Carnapete&#8221; tab_id=&#8221;1467973796566-4c3bd403-83ba&#8221;][vc_column_text]Tel: 919513884[\/vc_column_text][\/vc_tta_section][\/vc_tta_accordion][us_separator type=&#8221;invisible&#8221;][vc_column_text]<span style=\"color: #aa082d;\"><strong>Coimbra<\/strong><\/span>[\/vc_column_text][us_separator type=&#8221;invisible&#8221; size=&#8221;small&#8221;][vc_tta_accordion toggle=&#8221;1&#8243; title_size=&#8221;15px&#8221;][vc_tta_section icon=&#8221;fa-account_box&#8221; title=&#8221;L\u00edgia Fonseca&#8221; tab_id=&#8221;1467973943998-fad3e33a-8993&#8243;][vc_column_text]Tel: 239 096 900[\/vc_column_text][\/vc_tta_section][\/vc_tta_accordion][vc_tta_accordion toggle=&#8221;1&#8243; title_size=&#8221;15px&#8221;][vc_tta_section icon=&#8221;fa-account_box&#8221; title=&#8221;C\u00e1tia Oliveira&#8221; tab_id=&#8221;1467974048835-cb6c12ea-f4b2&#8243;][vc_column_text]Tel: 239 826 863\u00a0|\u00a0239 645 200[\/vc_column_text][\/vc_tta_section][\/vc_tta_accordion][vc_tta_accordion toggle=&#8221;1&#8243; title_size=&#8221;15px&#8221;][vc_tta_section icon=&#8221;fa-account_box&#8221; title=&#8221;Vera Carnapete&#8221; tab_id=&#8221;1467974085810-0a5488a3-fa2a&#8221;][vc_column_text]Tel: 919513884[\/vc_column_text][\/vc_tta_section][\/vc_tta_accordion][vc_tta_accordion toggle=&#8221;1&#8243; title_size=&#8221;15px&#8221;][vc_tta_section icon=&#8221;fa-account_box&#8221; title=&#8221;Ana Lu\u00edsa Quinta Gomes&#8221; tab_id=&#8221;1467974076093-85d90b5d-ad0f&#8221;][vc_column_text]Tel: 239 821 294[\/vc_column_text][\/vc_tta_section][\/vc_tta_accordion][us_separator type=&#8221;invisible&#8221;][vc_column_text]<\/p>\n<p><span style=\"color: #993300;\"><strong><span style=\"color: #aa082d;\">Lisboa<\/span>[\/vc_column_text][vc_tta_accordion toggle=&#8221;1&#8243; title_size=&#8221;15PX&#8221;]<\/strong><\/span>[vc_tta_section icon=&#8221;fa-account_box&#8221; title=&#8221;Jos\u00e9 Pacheco &#8221; tab_id=&#8221;1467975341966-a0888cba-f7d6&#8243;][vc_column_text]Tel: 218 146\u00a0093[\/vc_column_text][\/vc_tta_section][\/vc_tta_accordion][vc_tta_accordion toggle=&#8221;1&#8243; title_size=&#8221;15PX&#8221;][vc_tta_section icon=&#8221;fa-account_box&#8221; title=&#8221;Jorge Cardoso &#8221; tab_id=&#8221;1467975384853-9012a4ec-6399&#8243;][vc_column_text]Tel: 213 542\u00a0569<\/p>\n<p><a href=\"https:\/\/sites.google.com\/site\/jorgecardosopsicologosexologo\/\">https:\/\/sites.google.com\/site\/jorgecardosopsicologosexologo\/<\/a>[\/vc_column_text][\/vc_tta_section][\/vc_tta_accordion][vc_tta_accordion toggle=&#8221;1&#8243; title_size=&#8221;15PX&#8221;][vc_tta_section icon=&#8221;fa-account_box&#8221; title=&#8221;Gabriela Moita &#8221; tab_id=&#8221;1467975430302-416ac73c-1b4a&#8221;][vc_column_text]Tel:\u00a0933 087 529\u00a0(enviar mensagem com refer\u00eancia a inten\u00e7\u00e3o de marcar consulta)<\/p>\n<p>Rua da Escola Polit\u00e9cnica, 167, 1 dt\u00ba<\/p>\n<p><a href=\"http:\/\/gabrielamoita.com\/\">http:\/\/gabrielamoita.com<\/a>\u00a0\u00a0<a href=\"http:\/\/spsc.pt\/gabnobmoita@gmail.com\">gabnobmoita@gmail.com<\/a>[\/vc_column_text][\/vc_tta_section][\/vc_tta_accordion][vc_tta_accordion toggle=&#8221;1&#8243; title_size=&#8221;15PX&#8221;][vc_tta_section icon=&#8221;fa-account_box&#8221; title=&#8221;Paula Pinto&#8221; tab_id=&#8221;1467975589734-e440bbfe-cab7&#8243;][vc_column_text]Tel: 213 573 370 \/ 214 100 480[\/vc_column_text][\/vc_tta_section][\/vc_tta_accordion][vc_tta_accordion toggle=&#8221;1&#8243; title_size=&#8221;15PX&#8221;][vc_tta_section icon=&#8221;fa-account_box&#8221; title=&#8221;Patr\u00edcia Pascoal&#8221; tab_id=&#8221;1467975620070-d83be138-91e0&#8243;][vc_column_text]Tlf:\u00a0217801241\/2\u00a0\u00a0\u00a0210967320<\/p>\n<p>Tlm:\u00a0918961643 | 969544849 |\u00a0935330630<\/p>\n<p>Av. Marqu\u00eas de Tomar, n\u00ba 44, 1\u00ba,\u00a01050-156 Lisboa<\/p>\n<p>@mail:\u00a0\u00a0<a href=\"mailto:pascoal.patricia@gmail.com\">pascoal.patricia@gmail.com<\/a>[\/vc_column_text][\/vc_tta_section][\/vc_tta_accordion][vc_tta_accordion toggle=&#8221;1&#8243; title_size=&#8221;15PX&#8221;][vc_tta_section icon=&#8221;fa-account_box&#8221; title=&#8221;Maria do Ros\u00e1rio Marques Gomes&#8221; tab_id=&#8221;1467975737318-65f9944b-b69b&#8221;][vc_column_text]Tel: 217 932 375<\/p>\n<p>Tlm: 912 431 097 (das 14h \u00e0s 20h)<\/p>\n<p>Consult\u00f3rio: Av. das For\u00e7as Armadas, 4- 3\u00baJ,[\/vc_column_text][\/vc_tta_section][\/vc_tta_accordion][vc_tta_accordion toggle=&#8221;1&#8243; title_size=&#8221;15PX&#8221;][vc_tta_section icon=&#8221;fa-account_box&#8221; title=&#8221;Marta Crawford&#8221; tab_id=&#8221;1467975786054-6337237e-491a&#8221;][vc_column_text]Tel: 218 438\u00a0080[\/vc_column_text][\/vc_tta_section][\/vc_tta_accordion][vc_tta_accordion toggle=&#8221;1&#8243; title_size=&#8221;15PX&#8221;][vc_tta_section icon=&#8221;fa-account_box&#8221; title=&#8221;Maria Maceiras&#8221; tab_id=&#8221;1467975818294-e2d531f2-01f8&#8243;][vc_column_text]Tel:\u00a0925 348\u00a0273[\/vc_column_text][\/vc_tta_section][\/vc_tta_accordion][vc_tta_accordion toggle=&#8221;1&#8243; title_size=&#8221;15PX&#8221;][vc_tta_section icon=&#8221;fa-account_box&#8221; title=&#8221;Marcelino Mota&#8221; tab_id=&#8221;1467975896622-20f3b3b4-0688&#8243;][vc_column_text]Tel: 914 425 342\u00a0|\u00a096 700 6107[\/vc_column_text][\/vc_tta_section][\/vc_tta_accordion][vc_tta_accordion toggle=&#8221;1&#8243; title_size=&#8221;15PX&#8221;][vc_tta_section icon=&#8221;fa-account_box&#8221; title=&#8221;Joana Almeida&#8221; tab_id=&#8221;1467976310757-a3090a4e-03d8&#8243;][vc_column_text]Tel: 218 473 573 \/\u00a0963 484\u00a0636<\/p>\n<p><a href=\"http:\/\/mjoanaalmeida.wix.com\/site\">http:\/\/mjoanaalmeida.wix.com\/site<\/a>|\u00a0<a href=\"https:\/\/www.associapro.com\/https:\/www.facebook.com\/pages\/Consulta-de-Sexologia\/135215503208740\">facebook<\/a>[\/vc_column_text][\/vc_tta_section][\/vc_tta_accordion][vc_tta_accordion toggle=&#8221;1&#8243; title_size=&#8221;15PX&#8221;][vc_tta_section icon=&#8221;fa-account_box&#8221; title=&#8221;Ana Filipa Beato (Cl\u00ednica Alto dos Moinhos)&#8221; tab_id=&#8221;1467976361722-58b8dfe0-a837&#8243;][vc_column_text]Tel: 217 718\u00a0040[\/vc_column_text][\/vc_tta_section][\/vc_tta_accordion][vc_tta_accordion toggle=&#8221;1&#8243; title_size=&#8221;15PX&#8221;][vc_tta_section icon=&#8221;fa-account_box&#8221; title=&#8221;Jos\u00e9 Pacheco &#8221; tab_id=&#8221;1467976400789-ca59df4f-feb9&#8243;][vc_column_text]Tel: 218 146\u00a0093[\/vc_column_text][\/vc_tta_section][\/vc_tta_accordion][vc_tta_accordion toggle=&#8221;1&#8243; title_size=&#8221;15PX&#8221;][vc_tta_section icon=&#8221;fa-account_box&#8221; title=&#8221;Ana Alexandra Carvalheira&#8221; tab_id=&#8221;1467976402605-5d45efbf-b0f8&#8243;][vc_column_text]Tel: 914755354<\/p>\n<p><a href=\"https:\/\/sites.google.com\/site\/anaalexandracarvalheira\/\">https:\/\/sites.google.com\/site\/anaalexandracarvalheira\/\u00a0<\/a>[\/vc_column_text][\/vc_tta_section][\/vc_tta_accordion][vc_tta_accordion toggle=&#8221;1&#8243; title_size=&#8221;15PX&#8221;][vc_tta_section icon=&#8221;fa-account_box&#8221; title=&#8221;Ana Cristina Nave&#8221; tab_id=&#8221;1467976404316-d2ff3f94-efcc&#8221;][vc_column_text]Tel: 213 544\u00a0658[\/vc_column_text][\/vc_tta_section][\/vc_tta_accordion][vc_tta_accordion toggle=&#8221;1&#8243; title_size=&#8221;15PX&#8221;][vc_tta_section icon=&#8221;fa-account_box&#8221; title=&#8221;Ana Cristina Pablo&#8221; tab_id=&#8221;1467976406605-7e67555d-7d7a&#8221;][vc_column_text]Tel: 213 259\u00a0055[\/vc_column_text][\/vc_tta_section][\/vc_tta_accordion][us_separator type=&#8221;invisible&#8221;][vc_column_text]<\/p>\n<p><span style=\"color: #aa082d;\"><strong>Macedo de Cavaleiros<\/strong><\/span>[\/vc_column_text][vc_tta_accordion toggle=&#8221;1&#8243; title_size=&#8221;15px&#8221;][vc_tta_section icon=&#8221;fa-account_box&#8221; title=&#8221;Sandra Vilarinho&#8221; tab_id=&#8221;1467973193123-5666c8a8-6b12&#8243;][vc_column_text]Tel: 963 083 411[\/vc_column_text][\/vc_tta_section][\/vc_tta_accordion][us_separator type=&#8221;invisible&#8221;][vc_column_text]<\/p>\n<p><strong><span style=\"color: #aa082d;\">Madeira<\/span> [\/vc_column_text][us_separator type=&#8221;invisible&#8221; size=&#8221;small&#8221;][vc_tta_accordion toggle=&#8221;1&#8243; title_size=&#8221;15px&#8221;]<\/strong>[vc_tta_section icon=&#8221;fa-account_box&#8221; title=&#8221;Carla C\u00e2mara&#8221; tab_id=&#8221;1467980783445-4a442dc5-9df6&#8243;][vc_column_text]Tel: 291700070<\/p>\n<p>Tlm: 910795511 | 915718999[\/vc_column_text][\/vc_tta_section][\/vc_tta_accordion][us_separator type=&#8221;invisible&#8221;][vc_column_text]<\/p>\n<p><span style=\"color: #aa082d;\"><strong>Mirandela<\/strong><\/span>[\/vc_column_text][us_separator type=&#8221;invisible&#8221; size=&#8221;small&#8221;][vc_tta_accordion toggle=&#8221;1&#8243; title_size=&#8221;15px&#8221;][vc_tta_section icon=&#8221;fa-account_box&#8221; title=&#8221;Ant\u00f3nio Am\u00e9rico Salema &#8221; tab_id=&#8221;1467973332398-fd8dca78-fb8c&#8221;][vc_column_text]Telf:\u00a0960 089 464<\/p>\n<p>Rua de Santa Luzia, lote 4 1\u00ba.andar n\u00ba.:16[\/vc_column_text][\/vc_tta_section][\/vc_tta_accordion][vc_column_text]<\/p>\n<p>&nbsp;<\/p>\n<p><span style=\"color: #aa082d;\"><strong><span style=\"color: #aa082d;\">Porto<\/span>[\/vc_column_text][vc_tta_accordion toggle=&#8221;1&#8243; title_size=&#8221;15PX&#8221;]<\/strong><\/span>[vc_tta_section icon=&#8221;fa-account_box&#8221; title=&#8221;S\u00edlvia Ribeiro&#8221; tab_id=&#8221;1467823041255-0ac3bda9-1042&#8243;][vc_column_text]Tel: 225 103 853\/ 912 525 444[\/vc_column_text][\/vc_tta_section][\/vc_tta_accordion][vc_tta_accordion toggle=&#8221;1&#8243; title_size=&#8221;15px&#8221;][vc_tta_section icon=&#8221;fa-account_box&#8221; title=&#8221;Serafim Carvalho&#8221; tab_id=&#8221;1467823320676-ecadc931-ba21&#8243;][vc_column_text]Tel: 225 107 632<\/p>\n<p><a href=\"http:\/\/www.psimedi.pt\/\">http:\/\/www.psimedi.pt\/\u00a0\u00a0\u00a0<\/a>[\/vc_column_text][\/vc_tta_section][\/vc_tta_accordion][vc_tta_accordion toggle=&#8221;1&#8243; title_size=&#8221;15px&#8221;][vc_tta_section icon=&#8221;fa-account_box&#8221; title=&#8221;Sandra Vilarinho&#8221; tab_id=&#8221;1467823357690-d75a49f8-220f&#8221;][vc_column_text]Tel: 963 083 411<\/p>\n<p><a href=\"mailto:sandravilarinho@gmail.com\">sandravilarinho@gmail.com<\/a>\u00a0\u00a0\u00a0\u00a0\u00a0\u00a0<a href=\"http:\/\/tempuri.org\/tempuri.html\">\u00a0<\/a>[\/vc_column_text][\/vc_tta_section][\/vc_tta_accordion][vc_tta_accordion toggle=&#8221;1&#8243; title_size=&#8221;15px&#8221;][vc_tta_section icon=&#8221;fa-account_box&#8221; title=&#8221;L\u00edgia Cat\u00e3o&#8221; tab_id=&#8221;1467823387622-5e1b6426-cb45&#8243;][vc_column_text]Tel: 914590057<\/p>\n<p>Pra\u00e7a D. Filipa de Lencastre, 22, 4\u00ba andar, sala 69[\/vc_column_text][\/vc_tta_section][\/vc_tta_accordion][vc_tta_accordion toggle=&#8221;1&#8243; title_size=&#8221;15px&#8221;][vc_tta_section icon=&#8221;fa-account_box&#8221; title=&#8221;M\u00f3nica S\u00e1 Rodrigues&#8221; tab_id=&#8221;1467823433844-e900e7f7-db1f&#8221;][vc_column_text]Tel: 223 389 697\/98<\/p>\n<p>Tlm: 914984207<\/p>\n<p><a href=\"http:\/\/spsc.pt\/monicarodrigue@gmail.com\">monicarodrigues@gmail.com<\/a>[\/vc_column_text][\/vc_tta_section][\/vc_tta_accordion][vc_tta_accordion toggle=&#8221;1&#8243; title_size=&#8221;15px&#8221;][vc_tta_section icon=&#8221;fa-account_box&#8221; title=&#8221;Manuela Moura&#8221; tab_id=&#8221;1467823479053-84db4202-d26b&#8221;][vc_column_text]Tel. 225 518 553<\/p>\n<p><a href=\"https:\/\/www.associapro.com\/gestao\/www.terapiasexual.com.pt\">www.terapiasexual.com.pt<\/a><\/p>\n<p>Rua da Alegria, 2083 | 4200-027 Porto[\/vc_column_text][\/vc_tta_section][\/vc_tta_accordion][vc_tta_accordion toggle=&#8221;1&#8243; title_size=&#8221;15px&#8221;][vc_tta_section icon=&#8221;fa-account_box&#8221; title=&#8221;Ant\u00f3nio Pacheco Palha&#8221; tab_id=&#8221;1467823523575-4c10256a-2194&#8243;][vc_column_text]Tel: 222 080 672 \/ 225 093 242[\/vc_column_text][\/vc_tta_section][\/vc_tta_accordion][vc_tta_accordion toggle=&#8221;1&#8243; title_size=&#8221;15px&#8221;][vc_tta_section icon=&#8221;fa-account_box&#8221; title=&#8221;Ant\u00f3nio Am\u00e9rico Salema &#8221; tab_id=&#8221;1467823551435-856ef173-8576&#8243;][vc_column_text]Tlm: 960089 464<\/p>\n<p>P\u00e7. D. Filipa de Lencastre, 22 \u2013 6\u00ba. \u2013 sala 97[\/vc_column_text][\/vc_tta_section][\/vc_tta_accordion][vc_tta_accordion toggle=&#8221;1&#8243; title_size=&#8221;15px&#8221;][vc_tta_section icon=&#8221;fa-account_box&#8221; title=&#8221;C\u00e1tia Oliveira&#8221; tab_id=&#8221;1467823582976-c0a706ac-36a0&#8243;][vc_column_text]220 934 050\/ 910 196 002[\/vc_column_text][\/vc_tta_section][\/vc_tta_accordion][vc_tta_accordion toggle=&#8221;1&#8243; title_size=&#8221;15px&#8221;][vc_tta_section icon=&#8221;fa-account_box&#8221; title=&#8221;J\u00falio Machado Vaz&#8221; tab_id=&#8221;1467823608157-dd588c70-e57d&#8221;][vc_column_text]Tel: 223 389 697[\/vc_column_text][\/vc_tta_section][\/vc_tta_accordion][vc_tta_accordion toggle=&#8221;1&#8243; title_size=&#8221;15px&#8221;][vc_tta_section icon=&#8221;fa-account_box&#8221; title=&#8221;Gabriela Moita&#8221; tab_id=&#8221;1467823631861-6a51c94f-5e4b&#8221;][vc_column_text]Tel: 933 087 529<\/p>\n<p>P\u00e7. D. Filipa de Lencastre, 22 \u2013 6\u00ba. \u2013 sala 101[\/vc_column_text][\/vc_tta_section][\/vc_tta_accordion][us_separator type=&#8221;invisible&#8221;][vc_column_text]<span style=\"color: #aa082d;\"><strong>Santo Tirso<\/strong><\/span>[\/vc_column_text][us_separator type=&#8221;invisible&#8221; size=&#8221;small&#8221;][vc_tta_accordion toggle=&#8221;1&#8243; title_size=&#8221;15px&#8221;][vc_tta_section icon=&#8221;fa-account_box&#8221; title=&#8221;Sandra Vilarinho&#8221; tab_id=&#8221;1467823809921-458e9153-52f6&#8243;][vc_column_text]Tel: 963 083 411<\/p>\n<p>[\/vc_column_text][\/vc_tta_section][\/vc_tta_accordion][us_separator type=&#8221;invisible&#8221;][vc_column_text]<\/p>\n<p><span style=\"color: #aa082d;\"><strong>Torres Novas<\/strong><\/span><\/p>\n<p><strong>[\/vc_column_text][vc_tta_accordion toggle=&#8221;1&#8243; title_size=&#8221;15PX&#8221;]<\/strong>[vc_tta_section icon=&#8221;fa-account_box&#8221; title=&#8221;Ana Lu\u00edsa Quinta Gomes&#8221; tab_id=&#8221;1467974274944-3e278a13-14e7&#8243;][vc_column_text]Tel: 249 822 223[\/vc_column_text][\/vc_tta_section][\/vc_tta_accordion][\/vc_column][\/vc_row][vc_row][vc_column][vc_column_text]<\/p>\n<p>&nbsp;<\/p>\n<p>[\/vc_column_text][\/vc_column][\/vc_row]<\/p>\n<\/div>","protected":false},"excerpt":{"rendered":"<p>[vc_row][vc_column][vc_column_text] Almada[\/vc_column_text][vc_tta_accordion toggle=&#8221;1&#8243; title_size=&#8221;15PX&#8221;][vc_tta_section icon=&#8221;fa-account_box&#8221; title=&#8221;Marcelino Mota&#8221; tab_id=&#8221;1467975156136-d76ebbb5-a4c8&#8243;][vc_column_text]212 752 921\u00a0|\u00a096 700 6107[\/vc_column_text][\/vc_tta_section][\/vc_tta_accordion][us_separator type=&#8221;invisible&#8221;][vc_column_text] Aveiro[\/vc_column_text][vc_tta_accordion toggle=&#8221;1&#8243; title_size=&#8221;15px&#8221;][vc_tta_section icon=&#8221;fa-account_box&#8221; title=&#8221;Let\u00edcia Martins&#8221; tab_id=&#8221;1467973552127-fd6b4d85-b9a0&#8243;][vc_column_text]Tlm: 964610459 leticia.t.martins@gmail.com\u00a0[\/vc_column_text][\/vc_tta_section][\/vc_tta_accordion][us_separator type=&#8221;invisible&#8221;][vc_column_text] Cantanhede[\/vc_column_text][vc_tta_accordion toggle=&#8221;1&#8243; title_size=&#8221;15px&#8221;][vc_tta_section icon=&#8221;fa-account_box&#8221; title=&#8221;S\u00f3nia Araujo &#8211; Cl\u00ednica Idealmed&#8221; tab_id=&#8221;1473171020316-c48683e2-06bd&#8221;][vc_column_text]231 027 053 http:\/\/www.idealmed.pt\/pt\/page\/clinical_area_psychology?option=4 https:\/\/www.facebook.com\/SoniaAraujoPsi7\/[\/vc_column_text][\/vc_tta_section][vc_tta_section icon=&#8221;fa-account_box&#8221; title=&#8221;Vera Carnapete&#8221; tab_id=&#8221;1467973796566-4c3bd403-83ba&#8221;][vc_column_text]Tel: 919513884[\/vc_column_text][\/vc_tta_section][\/vc_tta_accordion][us_separator type=&#8221;invisible&#8221;][vc_column_text]Coimbra[\/vc_column_text][us_separator type=&#8221;invisible&#8221; size=&#8221;small&#8221;][vc_tta_accordion toggle=&#8221;1&#8243; title_size=&#8221;15px&#8221;][vc_tta_section icon=&#8221;fa-account_box&#8221; title=&#8221;L\u00edgia Fonseca&#8221; tab_id=&#8221;1467973943998-fad3e33a-8993&#8243;][vc_column_text]Tel: 239 096 900[\/vc_column_text][\/vc_tta_section][\/vc_tta_accordion][vc_tta_accordion toggle=&#8221;1&#8243; [&hellip;]<\/p>\n","protected":false},"author":1,"featured_media":0,"parent":0,"menu_order":0,"comment_status":"closed","ping_status":"closed","template":"","meta":{"footnotes":""},"class_list":["post-4334","page","type-page","status-publish","hentry"],"_links":{"self":[{"href":"https:\/\/spsc.pt\/index.php\/wp-json\/wp\/v2\/pages\/4334","targetHints":{"allow":["GET"]}}],"collection":[{"href":"https:\/\/spsc.pt\/index.php\/wp-json\/wp\/v2\/pages"}],"about":[{"href":"https:\/\/spsc.pt\/index.php\/wp-json\/wp\/v2\/types\/page"}],"author":[{"embeddable":true,"href":"https:\/\/spsc.pt\/index.php\/wp-json\/wp\/v2\/users\/1"}],"replies":[{"embeddable":true,"href":"https:\/\/spsc.pt\/index.php\/wp-json\/wp\/v2\/comments?post=4334"}],"version-history":[{"count":52,"href":"https:\/\/spsc.pt\/index.php\/wp-json\/wp\/v2\/pages\/4334\/revisions"}],"predecessor-version":[{"id":6384,"href":"https:\/\/spsc.pt\/index.php\/wp-json\/wp\/v2\/pages\/4334\/revisions\/6384"}],"wp:attachment":[{"href":"https:\/\/spsc.pt\/index.php\/wp-json\/wp\/v2\/media?parent=4334"}],"curies":[{"name":"wp","href":"https:\/\/api.w.org\/{rel}","templated":true}]}}