{"id":4348,"date":"2016-05-12T17:19:03","date_gmt":"2016-05-12T17:19:03","guid":{"rendered":"http:\/\/spsc.pt\/?page_id=4348"},"modified":"2019-03-19T19:18:00","modified_gmt":"2019-03-19T19:18:00","slug":"organizacoes-parceiras","status":"publish","type":"page","link":"https:\/\/spsc.pt\/index.php\/organizacoes-parceiras\/","title":{"rendered":"Em Portugal"},"content":{"rendered":"<div class=\"wpb-content-wrapper\"><p>[vc_row][vc_column][vc_empty_space][vc_column_text]<span style=\"color: #aa082d;\"><strong><a style=\"color: #aa082d;\" href=\"http:\/\/www.spginecologia.pt\/\">Sociedade Portuguesa de Ginecologia<\/a><\/strong><\/span><\/p>\n<p><span style=\"color: #aa082d;\"><strong><a style=\"color: #aa082d;\" href=\"http:\/\/www.apurologia.pt\/\">Sociedade Portuguesa de Urologia<\/a><\/strong><\/span><\/p>\n<p><span style=\"color: #aa082d;\"><strong><a style=\"color: #aa082d;\" href=\"http:\/\/www.spandrologia.pt\/\">Sociedade Portuguesa de Andrologia<\/a><\/strong><\/span><\/p>\n<p><span style=\"color: #aa082d;\"><strong><a style=\"color: #aa082d;\" href=\"http:\/\/www.spedm.org\/website\/\">Sociedade Portuguesa de Endocrinologia<\/a><\/strong><\/span><\/p>\n<p><span style=\"color: #aa082d;\"><strong><a style=\"color: #aa082d;\" href=\"http:\/\/www.apmgf.pt\/index.php?section=home\">Sociedade Portuguesa de Medicina Geral e Familiar<\/a><\/strong><\/span><\/p>\n<p><span style=\"color: #aa082d;\"><strong><a style=\"color: #aa082d;\" href=\"https:\/\/www.ordemdosmedicos.pt\/\">Ordem dos M\u00e9dicos<\/a><\/strong><\/span><\/p>\n<p><span style=\"color: #aa082d;\"><strong><a style=\"color: #aa082d;\" href=\"https:\/\/www.ordemdospsicologos.pt\/pt\">Ordem dos Psic\u00f3logos <\/a><\/strong><\/span><\/p>\n<p><span style=\"color: #aa082d;\"><strong><a style=\"color: #aa082d;\" href=\"http:\/\/www.ordemenfermeiros.pt\/Paginas\/default.aspx\">Ordem dos Enfermeiros<\/a><\/strong><\/span><\/p>\n<p><span style=\"color: #aa082d;\"><strong><a style=\"color: #aa082d;\" href=\"http:\/\/www.apf.pt\/\">Associa\u00e7\u00e3o para o Planeamento da Fam\u00edlia <\/a><\/strong><\/span><\/p>\n<p><span style=\"color: #aa082d;\"><strong><a style=\"color: #aa082d;\" href=\"http:\/\/www.fpce.up.pt\/sexlab\/\">SexLab<\/a><\/strong><\/span>[\/vc_column_text][\/vc_column][\/vc_row][vc_row][vc_column][\/vc_column][\/vc_row]<\/p>\n<\/div>","protected":false},"excerpt":{"rendered":"<p>[vc_row][vc_column][vc_empty_space][vc_column_text]Sociedade Portuguesa de Ginecologia Sociedade Portuguesa de Urologia Sociedade Portuguesa de Andrologia Sociedade Portuguesa de Endocrinologia Sociedade Portuguesa de Medicina Geral e Familiar Ordem dos M\u00e9dicos Ordem dos Psic\u00f3logos Ordem dos Enfermeiros Associa\u00e7\u00e3o para o Planeamento da Fam\u00edlia SexLab[\/vc_column_text][\/vc_column][\/vc_row][vc_row][vc_column][\/vc_column][\/vc_row]<\/p>\n","protected":false},"author":1,"featured_media":0,"parent":0,"menu_order":0,"comment_status":"closed","ping_status":"closed","template":"","meta":{"footnotes":""},"class_list":["post-4348","page","type-page","status-publish","hentry"],"_links":{"self":[{"href":"https:\/\/spsc.pt\/index.php\/wp-json\/wp\/v2\/pages\/4348","targetHints":{"allow":["GET"]}}],"collection":[{"href":"https:\/\/spsc.pt\/index.php\/wp-json\/wp\/v2\/pages"}],"about":[{"href":"https:\/\/spsc.pt\/index.php\/wp-json\/wp\/v2\/types\/page"}],"author":[{"embeddable":true,"href":"https:\/\/spsc.pt\/index.php\/wp-json\/wp\/v2\/users\/1"}],"replies":[{"embeddable":true,"href":"https:\/\/spsc.pt\/index.php\/wp-json\/wp\/v2\/comments?post=4348"}],"version-history":[{"count":13,"href":"https:\/\/spsc.pt\/index.php\/wp-json\/wp\/v2\/pages\/4348\/revisions"}],"predecessor-version":[{"id":9040,"href":"https:\/\/spsc.pt\/index.php\/wp-json\/wp\/v2\/pages\/4348\/revisions\/9040"}],"wp:attachment":[{"href":"https:\/\/spsc.pt\/index.php\/wp-json\/wp\/v2\/media?parent=4348"}],"curies":[{"name":"wp","href":"https:\/\/api.w.org\/{rel}","templated":true}]}}