{"id":4486,"date":"2016-05-25T21:04:35","date_gmt":"2016-05-25T21:04:35","guid":{"rendered":"http:\/\/spsc.pt\/?page_id=4486"},"modified":"2016-12-04T22:07:21","modified_gmt":"2016-12-04T22:07:21","slug":"lisboa","status":"publish","type":"page","link":"https:\/\/spsc.pt\/index.php\/lisboa\/","title":{"rendered":"Lisboa"},"content":{"rendered":"<div class=\"wpb-content-wrapper\"><p>[vc_row][vc_column][vc_column_text]<\/p>\n<h5><span style=\"color: #aa082d;\"><strong>CONSULT\u00d3RIOS PRIVADOS<\/strong><\/span><\/h5>\n<p>&nbsp;<\/p>\n<p><span style=\"color: #aa082d;\"><strong>Almada<\/strong><\/span>[\/vc_column_text][vc_tta_accordion toggle=&#8221;1&#8243; title_size=&#8221;15PX&#8221;][vc_tta_section icon=&#8221;fa-account_box&#8221; title=&#8221;Marcelino Mota&#8221; tab_id=&#8221;1467975156136-d76ebbb5-a4c8&#8243;][vc_column_text]212 752 921\u00a0|\u00a096 700 6107[\/vc_column_text][\/vc_tta_section][\/vc_tta_accordion][us_separator type=&#8221;invisible&#8221;][vc_column_text]<span style=\"color: #aa082d;\"><strong>Lisboa<\/strong><\/span>[\/vc_column_text][us_separator type=&#8221;invisible&#8221; size=&#8221;small&#8221;][vc_tta_accordion toggle=&#8221;1&#8243; title_size=&#8221;15PX&#8221;][vc_tta_section icon=&#8221;fa-account_box&#8221; title=&#8221;Jos\u00e9 Pacheco &#8221; tab_id=&#8221;1467975341966-a0888cba-f7d6&#8243;][vc_column_text]Tel: 218 146\u00a0093[\/vc_column_text][\/vc_tta_section][\/vc_tta_accordion][vc_tta_accordion toggle=&#8221;1&#8243; title_size=&#8221;15PX&#8221;][vc_tta_section icon=&#8221;fa-account_box&#8221; title=&#8221;Jorge Cardoso &#8221; tab_id=&#8221;1467975384853-9012a4ec-6399&#8243;][vc_column_text]Tel: 213 542\u00a0569<\/p>\n<p><a href=\"https:\/\/sites.google.com\/site\/jorgecardosopsicologosexologo\/\">https:\/\/sites.google.com\/site\/jorgecardosopsicologosexologo\/<\/a>[\/vc_column_text][\/vc_tta_section][\/vc_tta_accordion][vc_tta_accordion toggle=&#8221;1&#8243; title_size=&#8221;15PX&#8221;][vc_tta_section icon=&#8221;fa-account_box&#8221; title=&#8221;Gabriela Moita &#8221; tab_id=&#8221;1467975430302-416ac73c-1b4a&#8221;][vc_column_text]Tel:\u00a0933 087 529\u00a0<span style=\"color: #808080;\">(enviar mensagem com refer\u00eancia a inten\u00e7\u00e3o de marcar consulta)<\/span><\/p>\n<p>Rua da Escola Polit\u00e9cnica, 167, 1 dt\u00ba<\/p>\n<p><a href=\"http:\/\/gabrielamoita.com\/\">http:\/\/gabrielamoita.com<\/a>\u00a0\u00a0<a href=\"http:\/\/spsc.pt\/gabnobmoita@gmail.com\">gabnobmoita@gmail.com<\/a>[\/vc_column_text][\/vc_tta_section][\/vc_tta_accordion][vc_tta_accordion toggle=&#8221;1&#8243; title_size=&#8221;15PX&#8221;][vc_tta_section icon=&#8221;fa-account_box&#8221; title=&#8221;Paula Pinto&#8221; tab_id=&#8221;1467975589734-e440bbfe-cab7&#8243;][vc_column_text]Tel: 213 573 370 \/ 214 100 480[\/vc_column_text][\/vc_tta_section][\/vc_tta_accordion][vc_tta_accordion toggle=&#8221;1&#8243; title_size=&#8221;15PX&#8221;][vc_tta_section icon=&#8221;fa-account_box&#8221; title=&#8221;Patr\u00edcia Pascoal&#8221; tab_id=&#8221;1467975620070-d83be138-91e0&#8243;][vc_column_text]Tlf:\u00a0217801241\/2\u00a0\u00a0\u00a0210967320<\/p>\n<p>Tlm:\u00a0918961643 | 969544849 |\u00a0935330630<\/p>\n<p>Av. Marqu\u00eas de Tomar, n\u00ba 44, 1\u00ba,\u00a01050-156 Lisboa<\/p>\n<p>@mail:\u00a0\u00a0<a href=\"mailto:pascoal.patricia@gmail.com\">pascoal.patricia@gmail.com<\/a>[\/vc_column_text][\/vc_tta_section][\/vc_tta_accordion][vc_tta_accordion toggle=&#8221;1&#8243; title_size=&#8221;15PX&#8221;][vc_tta_section icon=&#8221;fa-account_box&#8221; title=&#8221;Maria do Ros\u00e1rio Marques Gomes&#8221; tab_id=&#8221;1467975737318-65f9944b-b69b&#8221;][vc_column_text]Tel: 217 932 375<\/p>\n<p>Tlm: 912 431 097 (das 14h \u00e0s 20h)<\/p>\n<p>Consult\u00f3rio: Av. das For\u00e7as Armadas, 4- 3\u00baJ,[\/vc_column_text][\/vc_tta_section][\/vc_tta_accordion][vc_tta_accordion toggle=&#8221;1&#8243; title_size=&#8221;15PX&#8221;][vc_tta_section icon=&#8221;fa-account_box&#8221; title=&#8221;Marta Crawford&#8221; tab_id=&#8221;1467975786054-6337237e-491a&#8221;][vc_column_text]Tel: 218 438\u00a0080[\/vc_column_text][\/vc_tta_section][\/vc_tta_accordion][vc_tta_accordion toggle=&#8221;1&#8243; title_size=&#8221;15PX&#8221;][vc_tta_section icon=&#8221;fa-account_box&#8221; title=&#8221;Maria Maceiras&#8221; tab_id=&#8221;1467975818294-e2d531f2-01f8&#8243;][vc_column_text]Tel:\u00a0925 348\u00a0273[\/vc_column_text][\/vc_tta_section][\/vc_tta_accordion][vc_tta_accordion toggle=&#8221;1&#8243; title_size=&#8221;15PX&#8221;][vc_tta_section icon=&#8221;fa-account_box&#8221; title=&#8221;Marcelino Mota&#8221; tab_id=&#8221;1467975896622-20f3b3b4-0688&#8243;][vc_column_text]Tel: 914 425 342\u00a0|\u00a096 700 6107[\/vc_column_text][\/vc_tta_section][\/vc_tta_accordion][vc_tta_accordion toggle=&#8221;1&#8243; title_size=&#8221;15PX&#8221;][vc_tta_section icon=&#8221;fa-account_box&#8221; title=&#8221;Joana Almeida&#8221; tab_id=&#8221;1467976310757-a3090a4e-03d8&#8243;][vc_column_text]Tel: 218 473 573 \/\u00a0963 484\u00a0636<\/p>\n<p><a href=\"http:\/\/mjoanaalmeida.wix.com\/site\">http:\/\/mjoanaalmeida.wix.com\/site<\/a>|\u00a0<a href=\"https:\/\/www.associapro.com\/https:\/www.facebook.com\/pages\/Consulta-de-Sexologia\/135215503208740\">facebook<\/a>[\/vc_column_text][\/vc_tta_section][\/vc_tta_accordion][vc_tta_accordion toggle=&#8221;1&#8243; title_size=&#8221;15PX&#8221;][vc_tta_section icon=&#8221;fa-account_box&#8221; title=&#8221;Ana Filipa Beato (Cl\u00ednica Alto dos Moinhos)&#8221; tab_id=&#8221;1467976361722-58b8dfe0-a837&#8243;][vc_column_text]Tel: 217 718\u00a0040[\/vc_column_text][\/vc_tta_section][\/vc_tta_accordion][vc_tta_accordion toggle=&#8221;1&#8243; title_size=&#8221;15PX&#8221;][vc_tta_section icon=&#8221;fa-account_box&#8221; title=&#8221;Jos\u00e9 Pacheco &#8221; tab_id=&#8221;1467976400789-ca59df4f-feb9&#8243;][vc_column_text]Tel: 218 146\u00a0093[\/vc_column_text][\/vc_tta_section][\/vc_tta_accordion][vc_tta_accordion toggle=&#8221;1&#8243; title_size=&#8221;15PX&#8221;][vc_tta_section icon=&#8221;fa-account_box&#8221; title=&#8221;Ana Alexandra Carvalheira&#8221; tab_id=&#8221;1467976402605-5d45efbf-b0f8&#8243;][vc_column_text]Tel: 914755354<\/p>\n<p><a href=\"https:\/\/sites.google.com\/site\/anaalexandracarvalheira\/\">https:\/\/sites.google.com\/site\/anaalexandracarvalheira\/\u00a0<\/a>[\/vc_column_text][\/vc_tta_section][\/vc_tta_accordion][vc_tta_accordion toggle=&#8221;1&#8243; title_size=&#8221;15PX&#8221;][vc_tta_section icon=&#8221;fa-account_box&#8221; title=&#8221;Ana Cristina Nave&#8221; tab_id=&#8221;1467976404316-d2ff3f94-efcc&#8221;][vc_column_text]Tel: 213 544\u00a0658[\/vc_column_text][\/vc_tta_section][\/vc_tta_accordion][vc_tta_accordion toggle=&#8221;1&#8243; title_size=&#8221;15PX&#8221;][vc_tta_section icon=&#8221;fa-account_box&#8221; title=&#8221;Ana Cristina Pablo&#8221; tab_id=&#8221;1467976406605-7e67555d-7d7a&#8221;][vc_column_text]Tel: 213 259\u00a0055[\/vc_column_text][\/vc_tta_section][\/vc_tta_accordion][\/vc_column][\/vc_row]<\/p>\n<\/div>","protected":false},"excerpt":{"rendered":"<p>[vc_row][vc_column][vc_column_text] CONSULT\u00d3RIOS PRIVADOS &nbsp; Almada[\/vc_column_text][vc_tta_accordion toggle=&#8221;1&#8243; title_size=&#8221;15PX&#8221;][vc_tta_section icon=&#8221;fa-account_box&#8221; title=&#8221;Marcelino Mota&#8221; tab_id=&#8221;1467975156136-d76ebbb5-a4c8&#8243;][vc_column_text]212 752 921\u00a0|\u00a096 700 6107[\/vc_column_text][\/vc_tta_section][\/vc_tta_accordion][us_separator type=&#8221;invisible&#8221;][vc_column_text]Lisboa[\/vc_column_text][us_separator type=&#8221;invisible&#8221; size=&#8221;small&#8221;][vc_tta_accordion toggle=&#8221;1&#8243; title_size=&#8221;15PX&#8221;][vc_tta_section icon=&#8221;fa-account_box&#8221; title=&#8221;Jos\u00e9 Pacheco &#8221; tab_id=&#8221;1467975341966-a0888cba-f7d6&#8243;][vc_column_text]Tel: 218 146\u00a0093[\/vc_column_text][\/vc_tta_section][\/vc_tta_accordion][vc_tta_accordion toggle=&#8221;1&#8243; title_size=&#8221;15PX&#8221;][vc_tta_section icon=&#8221;fa-account_box&#8221; title=&#8221;Jorge Cardoso &#8221; tab_id=&#8221;1467975384853-9012a4ec-6399&#8243;][vc_column_text]Tel: 213 542\u00a0569 https:\/\/sites.google.com\/site\/jorgecardosopsicologosexologo\/[\/vc_column_text][\/vc_tta_section][\/vc_tta_accordion][vc_tta_accordion toggle=&#8221;1&#8243; title_size=&#8221;15PX&#8221;][vc_tta_section icon=&#8221;fa-account_box&#8221; title=&#8221;Gabriela Moita &#8221; tab_id=&#8221;1467975430302-416ac73c-1b4a&#8221;][vc_column_text]Tel:\u00a0933 087 529\u00a0(enviar mensagem com refer\u00eancia a inten\u00e7\u00e3o de marcar consulta) Rua [&hellip;]<\/p>\n","protected":false},"author":1,"featured_media":0,"parent":0,"menu_order":0,"comment_status":"closed","ping_status":"closed","template":"","meta":{"footnotes":""},"class_list":["post-4486","page","type-page","status-publish","hentry"],"_links":{"self":[{"href":"https:\/\/spsc.pt\/index.php\/wp-json\/wp\/v2\/pages\/4486","targetHints":{"allow":["GET"]}}],"collection":[{"href":"https:\/\/spsc.pt\/index.php\/wp-json\/wp\/v2\/pages"}],"about":[{"href":"https:\/\/spsc.pt\/index.php\/wp-json\/wp\/v2\/types\/page"}],"author":[{"embeddable":true,"href":"https:\/\/spsc.pt\/index.php\/wp-json\/wp\/v2\/users\/1"}],"replies":[{"embeddable":true,"href":"https:\/\/spsc.pt\/index.php\/wp-json\/wp\/v2\/comments?post=4486"}],"version-history":[{"count":14,"href":"https:\/\/spsc.pt\/index.php\/wp-json\/wp\/v2\/pages\/4486\/revisions"}],"predecessor-version":[{"id":6383,"href":"https:\/\/spsc.pt\/index.php\/wp-json\/wp\/v2\/pages\/4486\/revisions\/6383"}],"wp:attachment":[{"href":"https:\/\/spsc.pt\/index.php\/wp-json\/wp\/v2\/media?parent=4486"}],"curies":[{"name":"wp","href":"https:\/\/api.w.org\/{rel}","templated":true}]}}