{"id":4602,"date":"2016-06-28T13:36:36","date_gmt":"2016-06-28T13:36:36","guid":{"rendered":"http:\/\/spsc.pt\/?page_id=4602"},"modified":"2020-06-22T12:56:34","modified_gmt":"2020-06-22T12:56:34","slug":"formacao","status":"publish","type":"page","link":"https:\/\/spsc.pt\/index.php\/formacao\/","title":{"rendered":"Especializa\u00e7\u00f5es: n\u00edvel 1 e 2"},"content":{"rendered":"<div class=\"wpb-content-wrapper\"><p>[vc_row height=&#8221;auto&#8221;][vc_column][vc_empty_space][vc_separator][vc_column_text]A Sociedade Portuguesa de Sexologia Cl\u00ednica disponibiliza tr\u00eas especializa\u00e7\u00f5es na \u00e1rea da Sexologia, que s\u00e3o estruturadas de modo cumulativo e que culminam no N\u00edvel 3, que corresponde \u00e0s especializa\u00e7\u00f5es em <a href=\"http:\/\/spsc.pt\/index.php\/o-curso\/\">Sexologia Cl\u00ednica \/ Terapia Sexual.<\/a><br \/>\nVai iniciar-se um novo ciclo formativo em Setembro de 2019.<br \/>\nPode candidatar-se enviando e-mail candidatando-se onde conste nome, forma\u00e7\u00e3o de base, profiss\u00e3o e local de trabalho e CV para curso@spsc.pt at\u00e9 9 de Agosto.<\/p>\n<p><strong>Leia por favor a informa\u00e7\u00e3o referente aos diferentes n\u00edveis antes de enviar o seu e-mail.<\/strong>[\/vc_column_text][vc_separator][\/vc_column][\/vc_row][vc_row height=&#8221;auto&#8221;][vc_column width=&#8221;1\/2&#8243;][vc_separator][vc_empty_space height=&#8221;10&#8243;][vc_column_text]<span style=\"color: #993300;\"><strong>Especializa\u00e7\u00e3o de N\u00edvel 1 | SEXOLOGIA EDUCACIONAL<\/strong><\/span>[\/vc_column_text][vc_separator][vc_column_text]<strong>Certificado:<\/strong><br \/>\nEspecializa\u00e7\u00e3o P\u00f3s-Universit\u00e1ria Avan\u00e7ada em Sexologia Educacional<br \/>\n<strong>P\u00fablico-alvo:<\/strong><br \/>\nProfissionais da \u00e1rea da sa\u00fade, ensino, ci\u00eancias sociais, entre outras mediante avalia\u00e7\u00e3o da coordena\u00e7\u00e3o do curso.<br \/>\n<strong>Vagas:<br \/>\n<\/strong>40<br \/>\n<strong>Dura\u00e7\u00e3o Estimada:<\/strong><br \/>\nSetembro 2019 &#8211; Janeiro 2020, num total de 100 horas<br \/>\n<strong>Local:<br \/>\n<\/strong>Coimbra (sede da Sec\u00e7\u00e3o Regional do Centro da Ordem dos M\u00e9dicos)<br \/>\nLisboa (Faculdade de Ci\u00eancias Socias e Humanas da Universidade Nova de Lisboa)<br \/>\n<strong>Hor\u00e1rio:<br \/>\n<\/strong>Aproximadamente todos os S\u00e1bados (10h-19h), quase sempre de forma alternada entre Coimbra e Lisboa. O cronograma definitivo \u00e9 enviado antes do in\u00edcio da forma\u00e7\u00e3o.<br \/>\n<strong>Programa Formativo: <\/strong>Consulte <a href=\"http:\/\/spsc.pt\/wp-content\/uploads\/2019\/07\/Cronograma-SPSC_2019-2020_N\u00edvel-1.pdf\"><u>aqui<\/u><\/a> o nosso cronograma.<\/p>\n<p><strong>Pre\u00e7o N\u00edvel 1:<br \/>\n<\/strong>1670\u20ac (c\/ IVA inclu\u00eddo) &#8211; Sem desconto<br \/>\n1336\u20ac (c\/ IVA inclu\u00eddo) &#8211; A pronto pagamento<b><br \/>\n<\/b>1230\u20ac (c\/ IVA inclu\u00eddo) &#8211; Com desconto: pessoas associadas da SPSC, pessoas associadas, funcion\u00e1ri@s e volunt\u00e1ri@s da Associa\u00e7\u00e3o para o Planeamento da Fam\u00edlia (APF) e da Associa\u00e7\u00e3o ILGA- Portugal, pessoas associadas da Sociedade Portuguesa de Andrologia (SPA) e da Associa\u00e7\u00e3o Portuguesa de Internos de Psiquiatria (APIP), da Associa\u00e7\u00e3o Portuguesa de Terapia do Comportamento (APTC) e estudantes de 2\u00ba e 3\u00ba ciclo da FCSH-UNL.<\/p>\n<div class=\"gmail_default\"><\/div>\n<p>A serem pagos a pronto pagamento ou da seguinte forma:<\/p>\n<table>\n<tbody>\n<tr>\n<td width=\"208\"><strong>N\u00edvel 1<\/strong> &#8211; sem desconto (1670\u20ac)<\/td>\n<td width=\"198\"><strong>N\u00edvel 1<\/strong> &#8211; com desconto (1230\u20ac)<\/td>\n<\/tr>\n<tr>\n<td width=\"208\">at\u00e9 28 de Ago &#8211; 400\u20ac<\/td>\n<td width=\"198\">at\u00e9 28 de Ago &#8211; 400\u20ac<\/td>\n<\/tr>\n<tr>\n<td width=\"208\">at\u00e9 28 de Set &#8211; 254\u20ac<\/td>\n<td width=\"198\">at\u00e9 28 de Set &#8211; 166\u20ac<\/td>\n<\/tr>\n<tr>\n<td width=\"208\">at\u00e9 28 de Out \u2013 254\u20ac<\/td>\n<td width=\"198\">at\u00e9 28 de Out &#8211; 166\u20ac<\/td>\n<\/tr>\n<tr>\n<td width=\"208\">at\u00e9 28 de Nov &#8211; 254\u20ac<\/td>\n<td width=\"198\">at\u00e9 28 de Nov &#8211; 166\u20ac<\/td>\n<\/tr>\n<tr>\n<td width=\"208\">at\u00e9 28 de Dez &#8211; 254\u20ac<\/td>\n<td width=\"198\">at\u00e9 28 de Dez &#8211; 166\u20ac<\/td>\n<\/tr>\n<tr>\n<td width=\"208\">at\u00e9 28 de Jan &#8211; 254\u20ac<\/td>\n<td width=\"198\">at\u00e9 28 de Jan &#8211; 166\u20ac<\/td>\n<\/tr>\n<\/tbody>\n<\/table>\n<p>Ap\u00f3s receber a confirma\u00e7\u00e3o em como \u00e9 eleg\u00edvel para frequentar o curso, inicia-se o per\u00edodo de inscri\u00e7\u00f5es. As inscri\u00e7\u00f5es s\u00f3 ficam efetivadas ap\u00f3s o pagamento da primeira tranche no valor de 400\u20ac ou de 1336\u20ac, no caso da modalidade a pronto pagamento, at\u00e9 28 de Agosto, para o IBAN: <strong>PT50 0033 0000 0168 0199 2566 2 <\/strong>e o envio do respetivo comprovativo de transfer\u00eancia para o email <a href=\"mailto:curso@spsc.pt\">curso@spsc.pt<\/a>.<\/p>\n<p>A desist\u00eancia do curso implica a perda de 50% do valor j\u00e1 pago.<\/p>\n<p><strong><u>Este n\u00edvel s\u00f3 abre se houver um m\u00ednimo de 27 inscri\u00e7\u00f5es<\/u><\/strong>[\/vc_column_text][\/vc_column][vc_column width=&#8221;1\/2&#8243;][vc_separator][vc_empty_space height=&#8221;10&#8243;][vc_column_text]<span style=\"color: #993300;\"><strong>Especializa\u00e7\u00e3o de N\u00edvel 2 | COUNSELLING\/ ACONSELHAMENTO<\/strong><\/span>[\/vc_column_text][vc_separator][vc_column_text]<strong>Certificado:<\/strong><br \/>\nEspecializa\u00e7\u00e3o P\u00f3s-Universit\u00e1ria Avan\u00e7ada em Sexologia \u2013 N\u00edvel de <em>Counselling<\/em>\/Aconselhamento (pressup\u00f5e que se conclua com sucesso o n\u00edvel 1)<br \/>\n<strong>P\u00fablico-alvo:<\/strong> Profissionais com forma\u00e7\u00e3o de base em \u00e1reas relacionadas com o aconselhamento em tem\u00e1ticas ligadas \u00e0 intimidade e\/ou \u00e0 sexualidade (e.g., enfermeiros\/as, m\u00e9dicos\/as, professores\/as, psic\u00f3logos\/as, psiquiatras, assistentes sociais), desde que tenham conclu\u00eddo com sucesso o n\u00edvel 1.<br \/>\n<strong>Vagas:<br \/>\n<\/strong>36<br \/>\n<strong>Dura\u00e7\u00e3o Estimada:<\/strong><br \/>\nFevereiro 2020 &#8211; Julho 2020, num total de 100 horas<br \/>\n<strong>Local:<br \/>\n<\/strong>Coimbra (sede da Sec\u00e7\u00e3o Regional do Centro da Ordem dos M\u00e9dicos)<br \/>\nLisboa (Faculdade de Ci\u00eancias Socias e Humanas da Universidade Nova de Lisboa)<br \/>\n<strong>Hor\u00e1rio:<br \/>\n<\/strong>Aproximadamente todos os S\u00e1bados (10h-19h), quase sempre alternadamente entre Coimbra e Lisboa. O cronograma definitivo \u00e9 enviado antes do in\u00edcio da forma\u00e7\u00e3o.<\/p>\n<p><strong>Pre\u00e7o N\u00edvel 2:<br \/>\n<\/strong>1000 euros (IVA inclu\u00eddo)<br \/>\nA serem pagos a pronto pagamento ou da seguinte forma:<\/p>\n<p><strong>at\u00e9 5 de Fev \u2013<\/strong> 300\u20ac<br \/>\n<strong>at\u00e9 28 de Abr \u2013<\/strong> 200\u20ac<br \/>\n<strong>at\u00e9 28 de Mai<\/strong> \u2013 200\u20ac<br \/>\n<strong>at\u00e9 28 de Jun<\/strong>&#8211; 300\u20ac<\/p>\n<p>Ap\u00f3s receber a confirma\u00e7\u00e3o em como \u00e9 eleg\u00edvel para frequentar o curso, inicia-se o per\u00edodo de inscri\u00e7\u00f5es. As inscri\u00e7\u00f5es s\u00f3 ficam efetivadas ap\u00f3s o pagamento da primeira tranche no valor de 300\u20ac ou de 1000\u20ac, no caso da modalidade a pronto pagamento, at\u00e9 5 de Fevereiro, para o IBAN: <span style=\"color: #000000;\"><strong>PT50 0033 0000 0168 0199 2566 2 <\/strong><\/span>e o envio do respetivo comprovativo de transfer\u00eancia para o email <a href=\"mailto:curso@spsc.pt\">curso@spsc.pt<\/a>.<\/p>\n<p>A desist\u00eancia do curso implica a perda de 50% do valor j\u00e1 pago.<\/p>\n<p><strong><u>Este n\u00edvel s\u00f3 abre se houver um m\u00ednimo de 29 inscri\u00e7\u00f5es<\/u><\/strong>[\/vc_column_text][\/vc_column][\/vc_row][vc_row][vc_column width=&#8221;1\/4&#8243;][vc_single_image image=&#8221;9572&#8243; img_size=&#8221;medium&#8221;][\/vc_column][vc_column width=&#8221;1\/4&#8243;][vc_single_image image=&#8221;9571&#8243; img_size=&#8221;medium&#8221;][\/vc_column][vc_column width=&#8221;1\/4&#8243;][vc_single_image image=&#8221;9569&#8243; img_size=&#8221;medium&#8221;][\/vc_column][vc_column width=&#8221;1\/4&#8243;][vc_single_image image=&#8221;9570&#8243; img_size=&#8221;medium&#8221;][\/vc_column][\/vc_row][vc_row][vc_column][vc_separator][vc_column_text]<span style=\"color: #993300;\"><strong>Regime de faltas N\u00edveis 1 e 2<br \/>\n<\/strong><\/span>S\u00e3o permitidas faltas at\u00e9 25% do total de horas que constituem a componente formativa.<\/p>\n<p><strong><span style=\"color: #993300;\">Avalia\u00e7\u00e3o N\u00edveis 1 e 2<br \/>\n<\/span><\/strong>Metodologias diversas de avalia\u00e7\u00e3o: escritas e orais, individuais e em grupo.<\/p>\n<p><strong><span style=\"color: #993300;\">Apoio<br \/>\n<\/span><\/strong>Sec\u00e7\u00e3o Regional do Centro da Ordem dos M\u00e9dicos<br \/>\nFaculdade de Ci\u00eancias Sociais e Humanas da Universidade Nova de Lisboa<\/p>\n<p>Al\u00e9m destes dois n\u00edveis de forma\u00e7\u00e3o avan\u00e7ada, a SPSC oferece ainda um terceiro n\u00edvel de forma\u00e7\u00e3o de natureza cl\u00ednica, em <a href=\"http:\/\/spsc.pt\/index.php\/o-curso\/\">Terapia Sexual<\/a>\u00a0 reservada exclusivamente a um p\u00fablico-alvo espec\u00edfico.<br \/>\n<strong>O n\u00edvel 3 est\u00e1 suspenso devido \u00e0 Pandemia COVID- 2019 pelo que a informa\u00e7\u00e3o relativa ao n\u00edvel 3 ter\u00e1 de ser revista em fun\u00e7\u00e3o da evolu\u00e7\u00e3o da pandemia e seu impacto.<\/strong><\/p>\n<p><strong><span style=\"color: #993300;\">Coordena\u00e7\u00e3o da forma\u00e7\u00e3o P\u00f3s-Universit\u00e1ria Avan\u00e7ada<\/span><\/strong><\/p>\n<p><strong><span style=\"color: #993300;\">Joana Florindo<\/span><\/strong> &#8211; Psic\u00f3loga Cl\u00ednica, Terapeuta Sexual pela SPSC, Colaboradora da Consulta de Sexologia da FPUL (<a href=\"https:\/\/www.psicologia.ulisboa.pt\/servico-a-comunidade\/servicosclinicos-2\/%231517257421564-6b4ecfdb-2607\">https:\/\/www.psicologia.ulisboa.pt\/servico-a-comunidade\/servicosclinicos-2\/#1517257421564-6b4ecfdb-2607<\/a>)<br \/>\n<strong><span style=\"color: #993300;\">Rui Soares<\/span> <\/strong>&#8211; M\u00e9dico, Sex\u00f3logo Cl\u00ednico pela SPSC, membro do Grupo Multidisciplinar de OncoSexologia do IPO Coimbra, Assistente Convidado da Faculdade de Medicina da Universidade de Coimbra, aluno de Doutoramento em Ci\u00eancias da Sa\u00fade da mesma faculdade, s\u00f3cio fundador da AWISHE (Association for World Innovation in Science and Health Education)[\/vc_column_text][vc_separator][\/vc_column][\/vc_row][vc_row][vc_column width=&#8221;1\/2&#8243;][vc_btn title=&#8221;Curso N\u00edvel 3 -Sexologia Cl\u00ednica\/Terapia Sexual&#8221; align=&#8221;center&#8221; link=&#8221;url:http%3A%2F%2Fspsc.pt%2Findex.php%2Fo-curso%2F|title:Curso%20N%C3%ADvel%203%20-Sexologia%20Cl%C3%ADnica%2FTerapia%20Sexual||&#8221;][\/vc_column][vc_column width=&#8221;1\/2&#8243;][vc_btn title=&#8221;D\u00favidas? Ler as FAQ.&#8221; align=&#8221;center&#8221; link=&#8221;url:http%3A%2F%2Fspsc.pt%2Findex.php%2Fperguntas-frequentes-formacao%2F|title:Perguntas%20Frequentas%20Forma%C3%A7%C3%A3o||&#8221;][\/vc_column][\/vc_row]<\/p>\n<\/div>","protected":false},"excerpt":{"rendered":"<p>[vc_row height=&#8221;auto&#8221;][vc_column][vc_empty_space][vc_separator][vc_column_text]A Sociedade Portuguesa de Sexologia Cl\u00ednica disponibiliza tr\u00eas especializa\u00e7\u00f5es na \u00e1rea da Sexologia, que s\u00e3o estruturadas de modo cumulativo e que culminam no N\u00edvel 3, que corresponde \u00e0s especializa\u00e7\u00f5es em Sexologia Cl\u00ednica \/ Terapia Sexual. Vai iniciar-se um novo ciclo formativo em Setembro de 2019. Pode candidatar-se enviando e-mail candidatando-se onde conste nome, forma\u00e7\u00e3o [&hellip;]<\/p>\n","protected":false},"author":1,"featured_media":0,"parent":0,"menu_order":0,"comment_status":"closed","ping_status":"closed","template":"","meta":{"footnotes":""},"class_list":["post-4602","page","type-page","status-publish","hentry"],"_links":{"self":[{"href":"https:\/\/spsc.pt\/index.php\/wp-json\/wp\/v2\/pages\/4602","targetHints":{"allow":["GET"]}}],"collection":[{"href":"https:\/\/spsc.pt\/index.php\/wp-json\/wp\/v2\/pages"}],"about":[{"href":"https:\/\/spsc.pt\/index.php\/wp-json\/wp\/v2\/types\/page"}],"author":[{"embeddable":true,"href":"https:\/\/spsc.pt\/index.php\/wp-json\/wp\/v2\/users\/1"}],"replies":[{"embeddable":true,"href":"https:\/\/spsc.pt\/index.php\/wp-json\/wp\/v2\/comments?post=4602"}],"version-history":[{"count":91,"href":"https:\/\/spsc.pt\/index.php\/wp-json\/wp\/v2\/pages\/4602\/revisions"}],"predecessor-version":[{"id":9916,"href":"https:\/\/spsc.pt\/index.php\/wp-json\/wp\/v2\/pages\/4602\/revisions\/9916"}],"wp:attachment":[{"href":"https:\/\/spsc.pt\/index.php\/wp-json\/wp\/v2\/media?parent=4602"}],"curies":[{"name":"wp","href":"https:\/\/api.w.org\/{rel}","templated":true}]}}