{"id":4808,"date":"2016-07-18T19:34:26","date_gmt":"2016-07-18T19:34:26","guid":{"rendered":"http:\/\/spsc.pt\/?page_id=4808"},"modified":"2020-06-22T12:50:18","modified_gmt":"2020-06-22T12:50:18","slug":"o-curso","status":"publish","type":"page","link":"https:\/\/spsc.pt\/index.php\/o-curso\/","title":{"rendered":"O Curso de terapeuta sexual"},"content":{"rendered":"<div class=\"wpb-content-wrapper\"><p>[vc_row][vc_column][vc_separator][vc_empty_space height=&#8221;10&#8243;][vc_column_text]<\/p>\n<p style=\"text-align: left;\"><span style=\"color: #993300;\"><strong>O n\u00edvel 3 est\u00e1 suspenso em fun\u00e7\u00e3o da Pandemia COVID19.<br \/>\n<\/strong><\/span><\/p>\n<p>[\/vc_column_text][vc_separator][\/vc_column][\/vc_row]<\/p>\n<\/div>","protected":false},"excerpt":{"rendered":"<p>[vc_row][vc_column][vc_separator][vc_empty_space height=&#8221;10&#8243;][vc_column_text] O n\u00edvel 3 est\u00e1 suspenso em fun\u00e7\u00e3o da Pandemia COVID19. [\/vc_column_text][vc_separator][\/vc_column][\/vc_row]<\/p>\n","protected":false},"author":1,"featured_media":0,"parent":0,"menu_order":0,"comment_status":"closed","ping_status":"closed","template":"","meta":{"footnotes":""},"class_list":["post-4808","page","type-page","status-publish","hentry"],"_links":{"self":[{"href":"https:\/\/spsc.pt\/index.php\/wp-json\/wp\/v2\/pages\/4808","targetHints":{"allow":["GET"]}}],"collection":[{"href":"https:\/\/spsc.pt\/index.php\/wp-json\/wp\/v2\/pages"}],"about":[{"href":"https:\/\/spsc.pt\/index.php\/wp-json\/wp\/v2\/types\/page"}],"author":[{"embeddable":true,"href":"https:\/\/spsc.pt\/index.php\/wp-json\/wp\/v2\/users\/1"}],"replies":[{"embeddable":true,"href":"https:\/\/spsc.pt\/index.php\/wp-json\/wp\/v2\/comments?post=4808"}],"version-history":[{"count":39,"href":"https:\/\/spsc.pt\/index.php\/wp-json\/wp\/v2\/pages\/4808\/revisions"}],"predecessor-version":[{"id":9914,"href":"https:\/\/spsc.pt\/index.php\/wp-json\/wp\/v2\/pages\/4808\/revisions\/9914"}],"wp:attachment":[{"href":"https:\/\/spsc.pt\/index.php\/wp-json\/wp\/v2\/media?parent=4808"}],"curies":[{"name":"wp","href":"https:\/\/api.w.org\/{rel}","templated":true}]}}