{"id":4811,"date":"2016-07-18T21:08:49","date_gmt":"2016-07-18T21:08:49","guid":{"rendered":"http:\/\/spsc.pt\/?page_id=4811"},"modified":"2019-03-19T22:20:19","modified_gmt":"2019-03-19T22:20:19","slug":"comissao-cientifico-pedagogica","status":"publish","type":"page","link":"https:\/\/spsc.pt\/index.php\/comissao-cientifico-pedagogica\/","title":{"rendered":"Comiss\u00e3o Cient\u00edfico-Pedag\u00f3gica"},"content":{"rendered":"<div class=\"wpb-content-wrapper\"><p>[vc_row][vc_column][vc_empty_space][vc_column_text]<\/p>\n<div><strong><span style=\"color: #993300;\">Presidente da Comiss\u00e3o Cient\u00edfico-Pedag\u00f3gica:<\/span><\/strong><\/div>\n<div>\n<p>L\u00edgia Fonseca<\/p>\n<p><span style=\"color: #993300;\"><strong>Membros:<\/strong><\/span><\/p>\n<\/div>\n<div>Ana Alexandra Carvalheira<\/div>\n<div>Ana Allen Gomes<\/div>\n<div>Andr\u00e9 Catarino<\/div>\n<div>Ant\u00f3nio Pacheco Palha<\/div>\n<div>Ant\u00f3nio Santos Pereira<\/div>\n<div>Fernanda Mendes<\/div>\n<div>Francisco Allen Gomes<\/div>\n<div>Gra\u00e7a Santos<\/div>\n<div>Jo\u00e3o Amilcar Teixeira<\/div>\n<div>Jorge Cardoso<\/div>\n<div>Jos\u00e9 Pacheco<\/div>\n<div>Jos\u00e9 Teixeira de Sousa<\/div>\n<div>J\u00falio Machado Vaz<\/div>\n<div>J\u00falio Silveira Nunes<\/div>\n<div>M\u00e1rio Louren\u00e7o<\/div>\n<div>Nuno Monteiro Pereira<\/div>\n<div>Patr\u00edcia Pascoal<\/div>\n<div>Paulo Abrantes<\/div>\n<div>Pedro Nobre<\/div>\n<div>Rui Xavier Vieira<\/div>\n<div>Sandra Vilarinho<\/div>\n<div>Santinho Martins<\/div>\n<div>Tiago Reis Marques<\/div>\n<p>[\/vc_column_text][\/vc_column][\/vc_row][vc_row][vc_column][\/vc_column][\/vc_row]<\/p>\n<\/div>","protected":false},"excerpt":{"rendered":"<p>[vc_row][vc_column][vc_empty_space][vc_column_text] Presidente da Comiss\u00e3o Cient\u00edfico-Pedag\u00f3gica: L\u00edgia Fonseca Membros: Ana Alexandra Carvalheira Ana Allen Gomes Andr\u00e9 Catarino Ant\u00f3nio Pacheco Palha Ant\u00f3nio Santos Pereira Fernanda Mendes Francisco Allen Gomes Gra\u00e7a Santos Jo\u00e3o Amilcar Teixeira Jorge Cardoso Jos\u00e9 Pacheco Jos\u00e9 Teixeira de Sousa J\u00falio Machado Vaz J\u00falio Silveira Nunes M\u00e1rio Louren\u00e7o Nuno Monteiro Pereira Patr\u00edcia Pascoal Paulo Abrantes [&hellip;]<\/p>\n","protected":false},"author":1,"featured_media":0,"parent":0,"menu_order":0,"comment_status":"closed","ping_status":"closed","template":"","meta":{"footnotes":""},"class_list":["post-4811","page","type-page","status-publish","hentry"],"_links":{"self":[{"href":"https:\/\/spsc.pt\/index.php\/wp-json\/wp\/v2\/pages\/4811","targetHints":{"allow":["GET"]}}],"collection":[{"href":"https:\/\/spsc.pt\/index.php\/wp-json\/wp\/v2\/pages"}],"about":[{"href":"https:\/\/spsc.pt\/index.php\/wp-json\/wp\/v2\/types\/page"}],"author":[{"embeddable":true,"href":"https:\/\/spsc.pt\/index.php\/wp-json\/wp\/v2\/users\/1"}],"replies":[{"embeddable":true,"href":"https:\/\/spsc.pt\/index.php\/wp-json\/wp\/v2\/comments?post=4811"}],"version-history":[{"count":7,"href":"https:\/\/spsc.pt\/index.php\/wp-json\/wp\/v2\/pages\/4811\/revisions"}],"predecessor-version":[{"id":9056,"href":"https:\/\/spsc.pt\/index.php\/wp-json\/wp\/v2\/pages\/4811\/revisions\/9056"}],"wp:attachment":[{"href":"https:\/\/spsc.pt\/index.php\/wp-json\/wp\/v2\/media?parent=4811"}],"curies":[{"name":"wp","href":"https:\/\/api.w.org\/{rel}","templated":true}]}}