{"id":5488,"date":"2016-08-30T14:24:07","date_gmt":"2016-08-30T14:24:07","guid":{"rendered":"http:\/\/spsc.pt\/?page_id=5488"},"modified":"2019-03-20T01:00:32","modified_gmt":"2019-03-20T01:00:32","slug":"consultas","status":"publish","type":"page","link":"https:\/\/spsc.pt\/index.php\/consultas\/","title":{"rendered":"Consultas"},"content":{"rendered":"<div class=\"wpb-content-wrapper\"><p>[vc_row][vc_column][vc_column_text]A informa\u00e7\u00e3o disponibilizada no nosso site \u00e9 informativa dos servi\u00e7os p\u00fablicos e privados onde existe consulta de sexologia. O facto de ser s\u00f3cio n\u00e3o indica que tenha car\u00e1ter de exce\u00e7\u00e3o nestas situa\u00e7\u00f5es, aplicam-se aqui as normas de acesso aos servi\u00e7os p\u00fablicos e\/ou privados, que \u00e9 feito atrav\u00e9s de contacto direto com o servi\u00e7o\/prestador de servi\u00e7os.[\/vc_column_text][\/vc_column][\/vc_row][vc_row][vc_column width=&#8221;1\/2&#8243;][vc_single_image image=&#8221;9088&#8243; img_size=&#8221;full&#8221; onclick=&#8221;custom_link&#8221; link=&#8221;http:\/\/spsc.pt\/index.php\/consultas-publicas\/&#8221; label=&#8221;&#8221;][\/vc_column][vc_column width=&#8221;1\/2&#8243;][vc_single_image image=&#8221;9087&#8243; img_size=&#8221;full&#8221; onclick=&#8221;custom_link&#8221; link=&#8221;http:\/\/spsc.pt\/index.php\/consultas-privadas\/&#8221; label=&#8221;&#8221;][\/vc_column][\/vc_row]<\/p>\n<\/div>","protected":false},"excerpt":{"rendered":"<p>[vc_row][vc_column][vc_column_text]A informa\u00e7\u00e3o disponibilizada no nosso site \u00e9 informativa dos servi\u00e7os p\u00fablicos e privados onde existe consulta de sexologia. O facto de ser s\u00f3cio n\u00e3o indica que tenha car\u00e1ter de exce\u00e7\u00e3o nestas situa\u00e7\u00f5es, aplicam-se aqui as normas de acesso aos servi\u00e7os p\u00fablicos e\/ou privados, que \u00e9 feito atrav\u00e9s de contacto direto com o servi\u00e7o\/prestador de servi\u00e7os.[\/vc_column_text][\/vc_column][\/vc_row][vc_row][vc_column [&hellip;]<\/p>\n","protected":false},"author":1,"featured_media":0,"parent":0,"menu_order":0,"comment_status":"closed","ping_status":"closed","template":"","meta":{"footnotes":""},"class_list":["post-5488","page","type-page","status-publish","hentry"],"_links":{"self":[{"href":"https:\/\/spsc.pt\/index.php\/wp-json\/wp\/v2\/pages\/5488","targetHints":{"allow":["GET"]}}],"collection":[{"href":"https:\/\/spsc.pt\/index.php\/wp-json\/wp\/v2\/pages"}],"about":[{"href":"https:\/\/spsc.pt\/index.php\/wp-json\/wp\/v2\/types\/page"}],"author":[{"embeddable":true,"href":"https:\/\/spsc.pt\/index.php\/wp-json\/wp\/v2\/users\/1"}],"replies":[{"embeddable":true,"href":"https:\/\/spsc.pt\/index.php\/wp-json\/wp\/v2\/comments?post=5488"}],"version-history":[{"count":15,"href":"https:\/\/spsc.pt\/index.php\/wp-json\/wp\/v2\/pages\/5488\/revisions"}],"predecessor-version":[{"id":9089,"href":"https:\/\/spsc.pt\/index.php\/wp-json\/wp\/v2\/pages\/5488\/revisions\/9089"}],"wp:attachment":[{"href":"https:\/\/spsc.pt\/index.php\/wp-json\/wp\/v2\/media?parent=5488"}],"curies":[{"name":"wp","href":"https:\/\/api.w.org\/{rel}","templated":true}]}}