{"id":8,"date":"2013-05-31T08:44:43","date_gmt":"2013-05-31T08:44:43","guid":{"rendered":"http:\/\/us-themes.com\/wp\/Vittoria\/?page_id=2"},"modified":"2025-04-25T09:13:33","modified_gmt":"2025-04-25T09:13:33","slug":"sample-page-2","status":"publish","type":"page","link":"https:\/\/spsc.pt\/","title":{"rendered":"In\u00edcio"},"content":{"rendered":"<div class=\"wpb-content-wrapper\"><p>[vc_row height=&#8221;auto&#8221; width=&#8221;full&#8221;][vc_column][rev_slider_vc alias=&#8221;inicio&#8221;][\/vc_column][\/vc_row][vc_row content_placement=&#8221;top&#8221; css=&#8221;.vc_custom_1563986563598{margin-top: -100px !important;}&#8221;][vc_column width=&#8221;1\/5&#8243;]<div class=\"porto-image-frame \" data-appear-animation=\"bounce\"><div class=\"thumb-info align-center thumb-info-hide-wrapper-bg thumb-info-no-zoom thumb-info-centered-info thumb-info-hide-info-hover thumb-info-box-shadow\"><a href=\"https:\/\/spsc.pt\/index.php\/propor-se-a-soci\/\" title=\"\" target=\"_self\"><span class=\"thumb-info-wrapper\"><img loading=\"lazy\" decoding=\"async\" alt=\"\" src=\"\/\/spsc.pt\/wp-content\/uploads\/2019\/03\/Botaosersocio1.jpg\" class=\"img-responsive\" width=\"501\" height=\"400\"><\/span><\/a><\/div><\/div>[\/vc_column][vc_column width=&#8221;1\/5&#8243;]<div class=\"porto-image-frame \" data-appear-animation=\"bounce\"><div class=\"thumb-info align-center thumb-info-hide-wrapper-bg thumb-info-no-zoom thumb-info-centered-info thumb-info-hide-info-hover thumb-info-box-shadow\"><a href=\"http:\/\/spsc.pt\/index.php\/consultas\/\" title=\"\" target=\"_self\"><span class=\"thumb-info-wrapper\"><img loading=\"lazy\" decoding=\"async\" alt=\"\" src=\"\/\/spsc.pt\/wp-content\/uploads\/2019\/03\/minibanner2.jpg\" class=\"img-responsive\" width=\"501\" height=\"400\"><\/span><\/a><\/div><\/div>[\/vc_column][vc_column width=&#8221;1\/5&#8243;]<div class=\"porto-image-frame \" data-appear-animation=\"bounce\"><div class=\"thumb-info align-center thumb-info-hide-wrapper-bg thumb-info-no-zoom thumb-info-centered-info thumb-info-hide-info-hover thumb-info-box-shadow\"><a href=\"https:\/\/spsc.pt\/curso\" title=\"\" target=\"_self\"><span class=\"thumb-info-wrapper\"><img loading=\"lazy\" decoding=\"async\" alt=\"\" src=\"\/\/spsc.pt\/wp-content\/uploads\/2019\/03\/botaoformacaohome.jpg\" class=\"img-responsive\" width=\"501\" height=\"400\"><\/span><\/a><\/div><\/div>[\/vc_column][vc_column width=&#8221;1\/5&#8243;]<div class=\"porto-image-frame \" data-appear-animation=\"bounce\"><div class=\"thumb-info align-center thumb-info-hide-wrapper-bg thumb-info-no-zoom thumb-info-centered-info thumb-info-hide-info-hover thumb-info-box-shadow\"><a href=\"http:\/\/spsc.pt\/index.php\/category\/entrevistas\/\" title=\"\" target=\"_self\"><span class=\"thumb-info-wrapper\"><img loading=\"lazy\" decoding=\"async\" alt=\"\" src=\"\/\/spsc.pt\/wp-content\/uploads\/2019\/03\/botaoentrevistashome.jpg\" class=\"img-responsive\" width=\"501\" height=\"401\"><\/span><\/a><\/div><\/div>[\/vc_column][vc_column width=&#8221;1\/5&#8243;]<div class=\"porto-image-frame \" data-appear-animation=\"bounce\"><div class=\"thumb-info align-center thumb-info-hide-wrapper-bg thumb-info-no-zoom thumb-info-centered-info thumb-info-hide-info-hover thumb-info-box-shadow\"><a href=\"http:\/\/spsc.pt\/index.php\/category\/artigos-de-opiniao\/\" title=\"\" target=\"_self\"><span class=\"thumb-info-wrapper\"><img loading=\"lazy\" decoding=\"async\" alt=\"\" src=\"\/\/spsc.pt\/wp-content\/uploads\/2019\/03\/botaoartifoshome.jpg\" class=\"img-responsive\" width=\"501\" height=\"401\"><\/span><\/a><\/div><\/div>[\/vc_column][\/vc_row][vc_row][vc_column][vc_empty_space height=&#8221;30&#8243;][\/vc_column][\/vc_row][vc_row][vc_column][vc_text_separator title=&#8221;NOT\u00cdCIAS MAIS RECENTES&#8221;][vc_empty_space height=&#8221;30&#8243;]<div class=\"porto-blog wpb_content_element   wpb_custom_9c745ac33a8bb4820cfc6b89805915cc porto-blog-e0b603537120859819a60b8e18355fe8\">\t\t<div class=\"blog-posts posts-grid\">\n\t\t\t<div class=\"posts-container row\">\n\t\t\n<article class=\"post post-grid col-md-6 col-lg-4 post-11061 post type-post status-publish format-standard has-post-thumbnail hentry category-boas-praticas category-desejo-prazer-e-satisfacao-sexual-resposta-sexual category-variadas\">\n\t<div class=\"grid-box\">\n\t\t\t<div class=\"post-image single\">\n\t\t<div class=\"post-slideshow porto-carousel owl-carousel has-ccols ccols-1  nav-inside nav-inside-center nav-style-2 show-nav-hover\" data-plugin-options='{\"nav\":true}'>\n\t\t\t\t\t\t\t\t\t\t\t<a href=\"https:\/\/spsc.pt\/index.php\/2025\/11\/20\/disfuncoes-sexuais-e-perturbacoes-psiquiatricas-abordagem-medica\/\" aria-label=\"post image\">\n\t\t\t\t\t\t\t\t<div class=\"img-thumbnail\">\n\t\t\t\t\t\t<img loading=\"lazy\" decoding=\"async\" width=\"400\" height=\"300\" src=\"https:\/\/spsc.pt\/wp-content\/uploads\/2025\/11\/pexels-shvetsa-4672719-1-400x300.jpg\" class=\"owl-lazy img-responsive\" alt=\"\" \/>\t\t\t\t\t\t\t\t\t\t\t<\/div>\n\t\t\t\t\t\t\t\t<\/a>\n\t\t\t\t\t\t\t\t<\/div>\n\t\t\n\t\t\t<\/div>\n\t\n\t\t<!-- Post meta before content -->\n\t\t\t\t<div class=\"post-content\">\n\n\t\t\t<h4 aria-level=\"2\" class=\"entry-title\"><a href=\"https:\/\/spsc.pt\/index.php\/2025\/11\/20\/disfuncoes-sexuais-e-perturbacoes-psiquiatricas-abordagem-medica\/\">Disfun\u00e7\u00f5es sexuais e Perturba\u00e7\u00f5es Psiqui\u00e1tricas \u2013 abordagem m\u00e9dica<\/a><\/h4>\n\t\t\t<span class=\"vcard\" style=\"display: none;\"><span class=\"fn\"><a href=\"https:\/\/spsc.pt\/index.php\/author\/m-joana-almeida\/\" title=\"Artigos de M. Joana Almeida\" rel=\"author\">M. Joana Almeida<\/a><\/span><\/span><span class=\"updated\" style=\"display:none\">2025-11-21T10:35:06+00:00<\/span><a href=\"https:\/\/spsc.pt\/index.php\/2025\/11\/20\/disfuncoes-sexuais-e-perturbacoes-psiquiatricas-abordagem-medica\/\">As pessoas com experi\u00eancia de perturba\u00e7\u00e3o psiqui\u00e1trica apresentam uma maior preval\u00eancia de disfun\u00e7\u00f5es...<\/a>\t\t\t\t\t<\/div>\n\t\t<!-- Post meta after content -->\n\t\t<div class=\"post-meta\"><span class=\"meta-date\"><i class=\"far fa-calendar-alt\"><\/i>Nov 20<\/span><\/div><div class=\"post-meta\"><\/div>\t\t<div class=\"clearfix\">\n\t\t\t<a class=\"btn btn-xs btn-default text-xs text-uppercase btn-readmore\" href=\"https:\/\/spsc.pt\/index.php\/2025\/11\/20\/disfuncoes-sexuais-e-perturbacoes-psiquiatricas-abordagem-medica\/\">Read more...<\/a>\n\t\t<\/div>\n\t<\/div>\n<\/article>\n\n<article class=\"post post-grid col-md-6 col-lg-4 post-11029 post type-post status-publish format-standard has-post-thumbnail hentry category-boas-praticas category-desejo-prazer-e-satisfacao-sexual-resposta-sexual category-variadas\">\n\t<div class=\"grid-box\">\n\t\t\t<div class=\"post-image single\">\n\t\t<div class=\"post-slideshow porto-carousel owl-carousel has-ccols ccols-1  nav-inside nav-inside-center nav-style-2 show-nav-hover\" data-plugin-options='{\"nav\":true}'>\n\t\t\t\t\t\t\t\t\t\t\t<a href=\"https:\/\/spsc.pt\/index.php\/2025\/11\/10\/dor-pelvica-cronica-uma-condicao-ainda-invisivel\/\" aria-label=\"post image\">\n\t\t\t\t\t\t\t\t<div class=\"img-thumbnail\">\n\t\t\t\t\t\t<img loading=\"lazy\" decoding=\"async\" width=\"400\" height=\"300\" src=\"https:\/\/spsc.pt\/wp-content\/uploads\/2025\/11\/pexels-pixabay-236151-400x300.jpg\" class=\"owl-lazy img-responsive\" alt=\"\" \/>\t\t\t\t\t\t\t\t\t\t\t<\/div>\n\t\t\t\t\t\t\t\t<\/a>\n\t\t\t\t\t\t\t\t<\/div>\n\t\t\n\t\t\t<\/div>\n\t\n\t\t<!-- Post meta before content -->\n\t\t\t\t<div class=\"post-content\">\n\n\t\t\t<h4 aria-level=\"2\" class=\"entry-title\"><a href=\"https:\/\/spsc.pt\/index.php\/2025\/11\/10\/dor-pelvica-cronica-uma-condicao-ainda-invisivel\/\">Dor P\u00e9lvica Cr\u00f3nica: uma condi\u00e7\u00e3o ainda invis\u00edvel<\/a><\/h4>\n\t\t\t<span class=\"vcard\" style=\"display: none;\"><span class=\"fn\"><a href=\"https:\/\/spsc.pt\/index.php\/author\/m-joana-almeida\/\" title=\"Artigos de M. Joana Almeida\" rel=\"author\">M. Joana Almeida<\/a><\/span><\/span><span class=\"updated\" style=\"display:none\">2025-11-21T10:51:18+00:00<\/span><a href=\"https:\/\/spsc.pt\/index.php\/2025\/11\/10\/dor-pelvica-cronica-uma-condicao-ainda-invisivel\/\"><a href=\"https:\/\/spsc.pt\/wp-content\/uploads\/2025\/11\/pexels-pixabay-236151-scaled.jpg\"><\/a>A dor p\u00e9lvica cr\u00f3nica \u00e9 uma condi\u00e7\u00e3o que afeta milh\u00f5es de mulheres...<\/a>\t\t\t\t\t<\/div>\n\t\t<!-- Post meta after content -->\n\t\t<div class=\"post-meta\"><span class=\"meta-date\"><i class=\"far fa-calendar-alt\"><\/i>Nov 10<\/span><\/div><div class=\"post-meta\"><\/div>\t\t<div class=\"clearfix\">\n\t\t\t<a class=\"btn btn-xs btn-default text-xs text-uppercase btn-readmore\" href=\"https:\/\/spsc.pt\/index.php\/2025\/11\/10\/dor-pelvica-cronica-uma-condicao-ainda-invisivel\/\">Read more...<\/a>\n\t\t<\/div>\n\t<\/div>\n<\/article>\n\n<article class=\"post post-grid col-md-6 col-lg-4 post-11023 post type-post status-publish format-standard has-post-thumbnail hentry category-boas-praticas category-desejo-prazer-e-satisfacao-sexual-resposta-sexual\">\n\t<div class=\"grid-box\">\n\t\t\t<div class=\"post-image single\">\n\t\t<div class=\"post-slideshow porto-carousel owl-carousel has-ccols ccols-1  nav-inside nav-inside-center nav-style-2 show-nav-hover\" data-plugin-options='{\"nav\":true}'>\n\t\t\t\t\t\t\t\t\t\t\t<a href=\"https:\/\/spsc.pt\/index.php\/2025\/11\/02\/revisao-dos-dados-recentes-sobre-disturbios-da-ejaculacao-e-do-orgasmo-nos-homens-recomendacoes-da-quinta-consulta-internacional-sobre-medicina-sexual\/\" aria-label=\"post image\">\n\t\t\t\t\t\t\t\t<div class=\"img-thumbnail\">\n\t\t\t\t\t\t<img loading=\"lazy\" decoding=\"async\" width=\"400\" height=\"300\" src=\"https:\/\/spsc.pt\/wp-content\/uploads\/2025\/11\/pexels-bob-price-252175-764880-400x300.jpg\" class=\"owl-lazy img-responsive\" alt=\"\" \/>\t\t\t\t\t\t\t\t\t\t\t<\/div>\n\t\t\t\t\t\t\t\t<\/a>\n\t\t\t\t\t\t\t\t<\/div>\n\t\t\n\t\t\t<\/div>\n\t\n\t\t<!-- Post meta before content -->\n\t\t\t\t<div class=\"post-content\">\n\n\t\t\t<h4 aria-level=\"2\" class=\"entry-title\"><a href=\"https:\/\/spsc.pt\/index.php\/2025\/11\/02\/revisao-dos-dados-recentes-sobre-disturbios-da-ejaculacao-e-do-orgasmo-nos-homens-recomendacoes-da-quinta-consulta-internacional-sobre-medicina-sexual\/\">Revis\u00e3o dos dados recentes sobre dist\u00farbios da ejacula\u00e7\u00e3o e do orgasmo nos homens: Recomenda\u00e7\u00f5es da Quinta Consulta Internacional sobre Medicina Sexual<\/a><\/h4>\n\t\t\t<span class=\"vcard\" style=\"display: none;\"><span class=\"fn\"><a href=\"https:\/\/spsc.pt\/index.php\/author\/m-joana-almeida\/\" title=\"Artigos de M. Joana Almeida\" rel=\"author\">M. Joana Almeida<\/a><\/span><\/span><span class=\"updated\" style=\"display:none\">2025-11-10T18:42:00+00:00<\/span><a href=\"https:\/\/spsc.pt\/index.php\/2025\/11\/02\/revisao-dos-dados-recentes-sobre-disturbios-da-ejaculacao-e-do-orgasmo-nos-homens-recomendacoes-da-quinta-consulta-internacional-sobre-medicina-sexual\/\">Autores: Shindel, Serefoglu, Althof, Arafa, Bhat, Snoeren, Zhang, &amp; El-Meliegy\r\n\r\nNo \u00e2mbito da mais...<\/a>\t\t\t\t\t<\/div>\n\t\t<!-- Post meta after content -->\n\t\t<div class=\"post-meta\"><span class=\"meta-date\"><i class=\"far fa-calendar-alt\"><\/i>Nov 02<\/span><\/div><div class=\"post-meta\"><\/div>\t\t<div class=\"clearfix\">\n\t\t\t<a class=\"btn btn-xs btn-default text-xs text-uppercase btn-readmore\" href=\"https:\/\/spsc.pt\/index.php\/2025\/11\/02\/revisao-dos-dados-recentes-sobre-disturbios-da-ejaculacao-e-do-orgasmo-nos-homens-recomendacoes-da-quinta-consulta-internacional-sobre-medicina-sexual\/\">Read more...<\/a>\n\t\t<\/div>\n\t<\/div>\n<\/article>\n\n\t\n\t\t\t<\/div>\n\t\t<\/div>\n\n\t\n\t\n\t<\/div>[\/vc_column][\/vc_row]<\/p>\n<\/div>","protected":false},"excerpt":{"rendered":"<p>[vc_row height=&#8221;auto&#8221; width=&#8221;full&#8221;][vc_column][rev_slider_vc alias=&#8221;inicio&#8221;][\/vc_column][\/vc_row][vc_row content_placement=&#8221;top&#8221; css=&#8221;.vc_custom_1563986563598{margin-top: -100px !important;}&#8221;][vc_column width=&#8221;1\/5&#8243;][\/vc_column][vc_column width=&#8221;1\/5&#8243;][\/vc_column][vc_column width=&#8221;1\/5&#8243;][\/vc_column][vc_column width=&#8221;1\/5&#8243;][\/vc_column][vc_column width=&#8221;1\/5&#8243;][\/vc_column][\/vc_row][vc_row][vc_column][vc_empty_space height=&#8221;30&#8243;][\/vc_column][\/vc_row][vc_row][vc_column][vc_text_separator title=&#8221;NOT\u00cdCIAS MAIS RECENTES&#8221;][vc_empty_space height=&#8221;30&#8243;][\/vc_column][\/vc_row]<\/p>\n","protected":false},"author":1,"featured_media":0,"parent":0,"menu_order":0,"comment_status":"closed","ping_status":"closed","template":"","meta":{"footnotes":""},"class_list":["post-8","page","type-page","status-publish","hentry"],"_links":{"self":[{"href":"https:\/\/spsc.pt\/index.php\/wp-json\/wp\/v2\/pages\/8","targetHints":{"allow":["GET"]}}],"collection":[{"href":"https:\/\/spsc.pt\/index.php\/wp-json\/wp\/v2\/pages"}],"about":[{"href":"https:\/\/spsc.pt\/index.php\/wp-json\/wp\/v2\/types\/page"}],"author":[{"embeddable":true,"href":"https:\/\/spsc.pt\/index.php\/wp-json\/wp\/v2\/users\/1"}],"replies":[{"embeddable":true,"href":"https:\/\/spsc.pt\/index.php\/wp-json\/wp\/v2\/comments?post=8"}],"version-history":[{"count":153,"href":"https:\/\/spsc.pt\/index.php\/wp-json\/wp\/v2\/pages\/8\/revisions"}],"predecessor-version":[{"id":10955,"href":"https:\/\/spsc.pt\/index.php\/wp-json\/wp\/v2\/pages\/8\/revisions\/10955"}],"wp:attachment":[{"href":"https:\/\/spsc.pt\/index.php\/wp-json\/wp\/v2\/media?parent=8"}],"curies":[{"name":"wp","href":"https:\/\/api.w.org\/{rel}","templated":true}]}}