{"id":8988,"date":"2019-03-19T00:36:36","date_gmt":"2019-03-19T00:36:36","guid":{"rendered":"http:\/\/spsc.pt\/?page_id=8988"},"modified":"2019-03-19T00:36:36","modified_gmt":"2019-03-19T00:36:36","slug":"cookies-2","status":"publish","type":"page","link":"https:\/\/spsc.pt\/index.php\/cookies-2\/","title":{"rendered":"Cookies"},"content":{"rendered":"<div class=\"page-content\">\n<div class=\"entry-content\">\n<div class=\"std\">\n<p><strong>O que s\u00e3o Cookies?<\/strong><\/p>\n<p>Os cookies s\u00e3o pequenos ficheiros de texto enviados para o seu computador ou dispositivo m\u00f3vel quando visita websites. Os cookies ajudam os websites a armazenar e recuperar informa\u00e7\u00e3o sobre os seus h\u00e1bitos de navega\u00e7\u00e3o por forma a personalizar a navega\u00e7\u00e3o de acordo com as suas prefer\u00eancias.<\/p>\n<p><strong>Que tipos de cookies utiliza www.spsc.pt?<\/strong><\/p>\n<p>\u2022 Cookies de sess\u00e3o: s\u00e3o cookies tempor\u00e1rias que permanecem em arquivo de cookies do navegador at\u00e9 que este abandone a p\u00e1gina web, pelo que n\u00e3o fica qualquer registo no disco r\u00edgido do usu\u00e1rio. A Informa\u00e7\u00e3o recolhida por estes cookies servem para analizar padr\u00f5es de tr\u00e1fego do site. Em \u00faltima an\u00e1lise, isso permite-nos melhorar o conte\u00fado e melhorar a usabilidade do site.<\/p>\n<p>\u2022 Cookies de an\u00e1lise: S\u00e3o aqueles que bem tratados por n\u00f3s ou por terceiros, nos permitem quantificar o n\u00famero de usu\u00e1rios e realizar a medi\u00e7\u00e3o e an\u00e1lise estat\u00edstica de como os usu\u00e1rios usam o servi\u00e7o oferecido. Examinamos a sua navega\u00e7\u00e3o no nosso site, com o objectivo de melhorar o fornecimento de produtos ou servi\u00e7os que lhe disponibilizamos.<\/p>\n<p>\u2022 Cookies publicit\u00e1rias: S\u00e3o aqueles que bem tratadas por n\u00f3s ou por terceiros, nos permitem gerir de uma forma mais eficaz a oferta de espa\u00e7os publicit\u00e1rios que existem no site, podendo analizar os seus h\u00e1bitos de navega\u00e7\u00e3o e mostrar-lhe publicidade relacionada com o seu perfil de navage\u00e7\u00e3o,<\/p>\n<p><strong>Quais s\u00e3o os cookies que utilizamos no nosso site?<\/strong><\/p>\n<p>Cookies pr\u00f3prias<\/p>\n<ul>\n<li><strong>sr_selected_store<\/strong> : Utilizada para a Reserva em loja para manter a loja selecionada pelo usu\u00e1rio<\/li>\n<li><strong>e524cfbb4aad511d59e5e179d95c521b (32 characters hash)<\/strong> : Cookie de sess\u00e3o<\/li>\n<li><strong>CART<\/strong> : Associa\u00e7\u00e3o com o carrinho de compras<\/li>\n<li><strong>CATEGORY_INFO<\/strong> : Armazena a informa\u00e7\u00e3o de categoria para mostrar as p\u00e1ginas de forma mais r\u00e1pida<\/li>\n<li><strong>COMPARE<\/strong> : Produtos para compara\u00e7\u00e3o<\/li>\n<li><strong>Currency<\/strong> : Moeda utilizada<\/li>\n<li><strong>CUSTOMER<\/strong> : Vers\u00e3o encriptada do ID de cliente na loja<\/li>\n<li><strong>CUSTOMER_AUTH <\/strong> : Indica se est\u00e1 atualmente logado no site<\/li>\n<li><strong>CUSTOMER_INFO <\/strong> : Vers\u00e3o encriptada do grupo de cliente ao qual pertence<\/li>\n<li><strong>CUSTOMER_SEGMENT_IDS <\/strong> : Armazena o ID de segmento de cliente<\/li>\n<li><strong>EXTERNAL_NO_CACHE<\/strong> : Indica se a cache est\u00e1 habilitada ou n\u00e3o<\/li>\n<li><strong>FRONTEND<\/strong> : ID de sess\u00e3o no servidor<\/li>\n<li><strong>GUEST-VIEW<\/strong> : Permite ao usu\u00e1rio n\u00e3o registado editar os seus pedidos<\/li>\n<li><strong>LAST_CATEGORY<\/strong> : Ultima categoria visualizada<\/li>\n<li><strong>LAST_PRODUCT<\/strong> : Ultimo produto visualizado<\/li>\n<li><strong>NEWMESSAGE<\/strong> : Indica se uma nova mensagem foi recebida<\/li>\n<li><strong>NO_CACHE<\/strong> : Indica se est\u00e1 autorizado a utilizar cache<\/li>\n<li><strong>PERSISTENT_SHOPPING_CART<\/strong> : Link de informa\u00e7\u00e3o sobre o carrinho de compras e hist\u00f3rico de pedidos<\/li>\n<li><strong>POLL<\/strong> : ID de qualquer retorno de pesquisa<\/li>\n<li><strong>POLLN<\/strong> : Informa\u00e7\u00e3o sobre pesquisas<\/li>\n<li><strong>RECENTLYCOMPARED<\/strong> : Produtos comparados<\/li>\n<li><strong>STF<\/strong> : Informa\u00e7\u00e3o sobre produtos enviados por correio electr\u00f3nico a amigos<\/li>\n<li><strong>STORE <\/strong> : Loja ou idioma selecionado<\/li>\n<li><strong>USER_ALLOWED_SAVE_COOKIE<\/strong> : Indica se o usu\u00e1rio autoriza o uso de cookies<\/li>\n<li><strong>VIEWED_PRODUCT_IDS<\/strong> : Produtos recentemente visualizados<\/li>\n<li><strong>WHISLIST<\/strong> : Lista encriptada de produtos adicionados \u00e0 Wish List<\/li>\n<li><strong>WHISLIS T_CNT <\/strong> : N\u00famero de produtos da\u00a0 Wish List<\/li>\n<li><strong>LTU <\/strong> : Identifica o utilizador depois de estar logado<\/li>\n<\/ul>\n<p>Cookies de terceiros<\/p>\n<ul>\n<li><strong>_utma <\/strong> : Utilizada para distinguir usu\u00e1rios e sess\u00f5es<\/li>\n<li><strong>_utmb y _utmc<\/strong> : Utilizadas para determinar novas visitas, sess\u00f5es<\/li>\n<li><strong>_utmz<\/strong> : Armazena a fonte de tr\u00e1fego para explicar como o usu\u00e1rio chega ao site<\/li>\n<li><strong>APISID, SID y HSID<\/strong> : Utilizam-se para identificar usu\u00e1rios e prevenir usos fraudulentos de dados de usu\u00e1rios e proteger dados de usu\u00e1rios de terceiros<\/li>\n<li><strong>NID<\/strong> : Utilizada para personalizar publicidade em redes de Publisher<\/li>\n<li><strong>PREF<\/strong> : Permite ao site recordar prefer\u00eancias de navega\u00e7\u00e3o, idioma, regi\u00e3o<\/li>\n<li><strong>V1ST<\/strong>\n<ul>\n<li>Anal\u00edticas web e v\u00eddeos<\/li>\n<li>Determina que servidor mostra a informa\u00e7\u00e3o ao usu\u00e1rio<\/li>\n<li>Segue as sess\u00f5es ativas<\/li>\n<li>Determina se as cookies est\u00e3o ativas<\/li>\n<li>Mede o tempo de resposta dos usu\u00e1rios<\/li>\n<li>Identifica quantas vezes nos visitou um usu\u00e1rio, que produtos comprou e a que pre\u00e7o<\/li>\n<\/ul>\n<\/li>\n<li><strong>mbox<\/strong> : Cookie de rendimento<\/li>\n<li><strong>IS_RETURNING<\/strong>\u00a0: Permite saber se \u00e9 a primeira visita ao site ou n\u00e3o<\/li>\n<li><\/li>\n<\/ul>\n<p><strong>O que implica n\u00e3o autorizar o uso de cookies?<\/strong><\/p>\n<p>Se preferir n\u00e3o permitir cookies tem a possibilidade de desativar os cookies no navegador de internet (browser) que utiliza, mas dever\u00e1 ter em conta que poder\u00e1 impedir que algumas p\u00e1ginas Web sejam apresentadas corretamente.<\/p>\n<p>Como configurar o meu navegador?<\/p>\n<p><strong>Google Chrome\u00a0<\/strong><\/p>\n<ol>\n<li>Clique no \u00edcone do menu do Google Chrome \u00a0.<\/li>\n<li>Selecione Configura\u00e7\u00f5es.<\/li>\n<li>Na parte inferior da p\u00e1gina, clique em Mostrar configura\u00e7\u00f5es avan\u00e7adas.<\/li>\n<li>Na se\u00e7\u00e3o \u201cPrivacidade\u201d, clique em Configura\u00e7\u00f5es de conte\u00fado.<\/li>\n<li>Ativar ou desativar cookies:\n<ol>\n<li>Para ativar os cookies, selecione Permitir a configura\u00e7\u00e3o de dados locais (recomendado).<\/li>\n<li>Para desativar os cookies, selecione Bloquear as configura\u00e7\u00f5es de quaisquer dados por sites.<\/li>\n<\/ol>\n<\/li>\n<\/ol>\n<p>&nbsp;<\/p>\n<p><strong>Internet Explorer<\/strong><\/p>\n<ol>\n<li>Abrir o Internet Explorer clicando no bot\u00e3o Iniciar \u00a0e, em seguida, clicando em Internet Explorer.<\/li>\n<li>Clique no bot\u00e3o Ferramentas e, em seguida, clique em Op\u00e7\u00f5es da Internet.<\/li>\n<li>Clique no separador Privacidade e, em Defini\u00e7\u00f5es, mova o controlo de deslize para o topo para bloquear todos os cookies ou para o fundo para permitir todos os cookies e, em seguida, clique em OK.<\/li>\n<\/ol>\n<p>&nbsp;<\/p>\n<p><strong>Firefox<\/strong><\/p>\n<ol>\n<li>Seleccione Ferramentas &gt; Op\u00e7\u00f5es e aceda ao painel Privacidade.<\/li>\n<li>No menu Guardar at\u00e9, seleccione a op\u00e7\u00e3o fechar o Firefox.<\/li>\n<\/ol>\n<p>Se deseja permitir aos sites em que confia a possibilidade de armazenar cookies permanentemente (por exemplo, para permitir a autentica\u00e7\u00e3o autom\u00e1tica num determinado site), pressione Excep\u00e7\u00f5es\u2026, introduza o endere\u00e7o do site e pressione Permitir.<\/p>\n<p>&nbsp;<\/p>\n<p><strong>Safari<\/strong><\/p>\n<ol>\n<li>Clique em \u201cEdit\u201d (Editar);<\/li>\n<li>Selecione \u201cPreferences\u201d (Prefer\u00eancias);<\/li>\n<li>No painel superior, selecione o \u00edcone \u201cSecurity\u201d (Seguran\u00e7a)<\/li>\n<li>Na sec\u00e7\u00e3o \u201cAccept Cookies\u201d (Aceitar cookies), selecione \u201cNever\u201d(Nunca).<\/li>\n<\/ol>\n<p>&nbsp;<\/p>\n<p><strong>Opera<\/strong><\/p>\n<ol>\n<li>Clique em Settings<\/li>\n<li>Selecione Preferences &gt; Advanced &gt; Cookies &gt; Enable or disable cookies<\/li>\n<\/ol>\n<\/div>\n<\/div>\n<\/div>\n","protected":false},"excerpt":{"rendered":"<p>O que s\u00e3o Cookies? Os cookies s\u00e3o pequenos ficheiros de texto enviados para o seu computador ou dispositivo m\u00f3vel quando visita websites. Os cookies ajudam os websites a armazenar e recuperar informa\u00e7\u00e3o sobre os seus h\u00e1bitos de navega\u00e7\u00e3o por forma a personalizar a navega\u00e7\u00e3o de acordo com as suas prefer\u00eancias. Que tipos de cookies utiliza [&hellip;]<\/p>\n","protected":false},"author":1,"featured_media":0,"parent":0,"menu_order":0,"comment_status":"closed","ping_status":"closed","template":"","meta":{"footnotes":""},"class_list":["post-8988","page","type-page","status-publish","hentry"],"_links":{"self":[{"href":"https:\/\/spsc.pt\/index.php\/wp-json\/wp\/v2\/pages\/8988","targetHints":{"allow":["GET"]}}],"collection":[{"href":"https:\/\/spsc.pt\/index.php\/wp-json\/wp\/v2\/pages"}],"about":[{"href":"https:\/\/spsc.pt\/index.php\/wp-json\/wp\/v2\/types\/page"}],"author":[{"embeddable":true,"href":"https:\/\/spsc.pt\/index.php\/wp-json\/wp\/v2\/users\/1"}],"replies":[{"embeddable":true,"href":"https:\/\/spsc.pt\/index.php\/wp-json\/wp\/v2\/comments?post=8988"}],"version-history":[{"count":1,"href":"https:\/\/spsc.pt\/index.php\/wp-json\/wp\/v2\/pages\/8988\/revisions"}],"predecessor-version":[{"id":8989,"href":"https:\/\/spsc.pt\/index.php\/wp-json\/wp\/v2\/pages\/8988\/revisions\/8989"}],"wp:attachment":[{"href":"https:\/\/spsc.pt\/index.php\/wp-json\/wp\/v2\/media?parent=8988"}],"curies":[{"name":"wp","href":"https:\/\/api.w.org\/{rel}","templated":true}]}}