{"id":9529,"date":"2019-06-28T10:13:39","date_gmt":"2019-06-28T10:13:39","guid":{"rendered":"http:\/\/spsc.pt\/?page_id=9529"},"modified":"2020-06-22T12:51:56","modified_gmt":"2020-06-22T12:51:56","slug":"perguntas-frequentes-formacao","status":"publish","type":"page","link":"https:\/\/spsc.pt\/index.php\/perguntas-frequentes-formacao\/","title":{"rendered":"Perguntas Frequentes Forma\u00e7\u00e3o"},"content":{"rendered":"<div class=\"wpb-content-wrapper\"><p>[vc_row][vc_column][vc_column_text]O n\u00edvel 3 est\u00e1 suspenso devido \u00e0 <strong>Pandemia COVID 19<\/strong> pelo que a informa\u00e7\u00e3o relativa ao n\u00edvel 3 ter\u00e1 de ser revista em fun\u00e7\u00e3o da evolu\u00e7\u00e3o da pandemia e seu impacto[\/vc_column_text][\/vc_column][\/vc_row][vc_row][vc_column][vc_toggle title=&#8221;Como est\u00e1 estruturada a forma\u00e7\u00e3o?&#8221;]A Sociedade Portuguesa de Sexologia Cl\u00ednica disponibiliza tr\u00eas n\u00edveis de especializa\u00e7\u00e3o na \u00e1rea da Sexologia, estruturados de modo cumulativo. Isto significa que s\u00f3 depois da especializa\u00e7\u00e3o de N\u00edvel 1 \u201c<em>SEXOLOGIA EDUCACIONAL<\/em>\u201d estar conclu\u00edda com sucesso, os\/as formandos\/as podem avan\u00e7ar para a especializa\u00e7\u00e3o de N\u00edvel 2 \u201c<em>COUNSELLING\/ ACONSELHAMENTO<\/em>\u201d, sucedendo o mesmo no avan\u00e7o para a especializa\u00e7\u00e3o de N\u00edvel 3 \u201c<em>SEXOLOGIA CL\u00cdNICA \/ TERAPIA SEXUAL\u201d<\/em>. Este avan\u00e7o \u00e9 ainda determinado por crit\u00e9rios de inclus\u00e3o\/exclus\u00e3o, estando o <u>p\u00fablico-alvo de cada n\u00edvel pr\u00e9-definido <\/u><em>(Ver abaixo)<\/em>[\/vc_toggle][vc_toggle title=&#8221;Quais os crit\u00e9rios de inclus\u00e3o\/exclus\u00e3o? \/ A quem se destina a forma\u00e7\u00e3o?&#8221;]Cada n\u00edvel de forma\u00e7\u00e3o apresenta crit\u00e9rios de inclus\u00e3o espec\u00edficos, designadamente:<\/p>\n<p>N\u00edvel 1 \u201cSexologia Educacional\u201d &#8211; P\u00fablico-alvo: Profissionais da \u00e1rea da sa\u00fade, ensino, ci\u00eancias sociais, entre outras mediante avalia\u00e7\u00e3o da coordena\u00e7\u00e3o do curso;<\/p>\n<p>N\u00edvel 2 \u201cCounselling\/Aconselhamento\u201d &#8211; P\u00fablico-alvo: Profissionais com forma\u00e7\u00e3o de base em \u00e1reas relacionadas com o aconselhamento, em tem\u00e1ticas ligadas \u00e0 intimidade e\/ou \u00e0 sexualidade (e.g., enfermeiros\/as, m\u00e9dicos\/as, psiquiatras, professores\/as, psic\u00f3logos\/as, assistentes sociais);<\/p>\n<p>N\u00edvel 3 \u201cSexologia Cl\u00ednica\/Terapia Sexual\u201d &#8211; P\u00fablico-alvo: Psic\u00f3logos\/as com forma\u00e7\u00e3o de base ou especialidade em Psicologia Cl\u00ednica e da Sa\u00fade e M\u00e9dicos\/as que exercem fun\u00e7\u00f5es relacionadas com a sa\u00fade mental, sexual e reprodutiva.[\/vc_toggle][vc_toggle title=&#8221;Tenho forma\u00e7\u00e3o de base ou especialidade em Psicologia Cl\u00ednica e da Sa\u00fade ou em Medicina e desenvolvo a minha pr\u00e1tica no \u00e2mbito da sa\u00fade mental, sexual e\/ou reprodutiva, posso ingressar diretamente no N\u00edvel 3 para ser Terapeuta Sexual?&#8221;]N\u00e3o. Como <u>referimos anteriormente<\/u>, a forma\u00e7\u00e3o tem um caracter cumulativo e mesmo cumprindo os crit\u00e9rios de inclus\u00e3o para a frequ\u00eancia do N\u00edvel 3, no que respeita \u00e0 sua forma\u00e7\u00e3o profissional e pr\u00e1tica cl\u00ednica, o percurso formativo ter\u00e1 que ser realizado por completo, e com sucesso, para que possa aceder a este n\u00edvel.[\/vc_toggle][vc_toggle title=&#8221;O N\u00edvel 3 \u201cSexologia Cl\u00ednica\/Terapia Sexual\u201d, \u00e0 semelhan\u00e7a dos anteriores, tem tamb\u00e9m uma componente te\u00f3rica?&#8221;]Sim. \u00c0 semelhan\u00e7a do que acontece com os dois n\u00edveis precedentes, o N\u00edvel 3 \u201cSexologia Cl\u00ednica\/Terapia Sexual\u201d pressup\u00f5e igualmente uma componente te\u00f3rica, com a mesma <u>carga hor\u00e1ria<\/u> <em>(Ver abaixo)<\/em> dos n\u00edveis anteriores &#8211; 100 horas. No entanto, tratando-se de um n\u00edvel de forma\u00e7\u00e3o de car\u00e1ter cl\u00ednico, assume uma forte vertente pr\u00e1tica em aula, com recurso a exerc\u00edcios e <em>roleplay<\/em>. S\u00f3 ap\u00f3s a conclus\u00e3o deste n\u00edvel formativo, com sucesso, os formandos poder\u00e3o aceder ao est\u00e1gio cl\u00ednico e \u00e0 realiza\u00e7\u00e3o de um trabalho de investiga\u00e7\u00e3o, designado de monografia de final de curso.[\/vc_toggle][vc_toggle title=&#8221;O que \u00e9 necess\u00e1rio para obter a certifica\u00e7\u00e3o de Terapeuta Sexual?&#8221;]A obten\u00e7\u00e3o da certifica\u00e7\u00e3o de Terapeuta Sexual exige a frequ\u00eancia e conclus\u00e3o dos 3 N\u00edveis de forma\u00e7\u00e3o te\u00f3rica (N\u00edvel 1 \u201cSexologia Educacional\u201d, N\u00edvel 2 \u201cCounselling\/Aconselhamento\u201d e N\u00edvel 3 \u201cSexologia Cl\u00ednica\u201d) com sucesso, bem como um est\u00e1gio (com treino cl\u00ednico intensivo e supervisionado) que ser\u00e1 sujeito a\u00a0 avalia\u00e7\u00e3o e um trabalho de investiga\u00e7\u00e3o te\u00f3rico ou emp\u00edrico, conducente \u00e0 monografia de final de curso (que ser\u00e1 apresentada e defendida perante um j\u00fari da SPSC) que ser\u00e1 tamb\u00e9m sujeito a avalia\u00e7\u00e3o. A reprova\u00e7\u00e3o no est\u00e1gio ou na disserta\u00e7\u00e3o invibializa o acesso ao t\u00edtulo de terapeuta sexual.[\/vc_toggle][vc_toggle title=&#8221;O n\u00famero de vagas \u00e9 limitado?&#8221;]Sim, cada n\u00edvel de forma\u00e7\u00e3o tem um n\u00famero de vagas limitado, estando tamb\u00e9m a sua abertura dependente de um n\u00famero m\u00ednimo de inscri\u00e7\u00f5es:<\/p>\n<p>N\u00edvel 1 \u201cSexologia Educacional\u201d: 40 vagas; s\u00f3 abre com um m\u00ednimo de 27 inscri\u00e7\u00f5es;<\/p>\n<p>N\u00edvel 2 \u201cCounselling\/Aconselhamento\u201d: 36 vagas; s\u00f3 abre com um m\u00ednimo de 29 inscri\u00e7\u00f5es;<\/p>\n<p>N\u00edvel 3 \u201cSexologia Cl\u00ednica\/Terapia Sexual\u201d: 10 vagas; s\u00f3 abre com 10 inscri\u00e7\u00f5es;[\/vc_toggle][vc_toggle title=&#8221;Quando e como me posso inscrever?&#8221;]A abertura das inscri\u00e7\u00f5es \u00e9 sempre anunciada no site da Sociedade Portuguesa de Sexologia Cl\u00ednica e nos canais de comunica\u00e7\u00e3o regularmente utilizados pela SPSC, e as inscri\u00e7\u00f5es t\u00eam um prazo definido, sendo o mesmo explicitado aquando da veicula\u00e7\u00e3o da informa\u00e7\u00e3o. Desde que cumpram os <u>crit\u00e9rios de inclus\u00e3o<\/u> atr\u00e1s referidos, os\/as candidatos\/as devem enviar um e-mail candidatando-se em que conste nome, forma\u00e7\u00e3o de base, profiss\u00e3o e local de trabalho com CV para <a href=\"mailto:curso@spsc.pt\">curso@spsc.pt<\/a>.<\/p>\n<p>Ap\u00f3s receber a confirma\u00e7\u00e3o em como \u00e9 eleg\u00edvel para frequentar o curso, inicia-se o per\u00edodo de inscri\u00e7\u00f5es. As inscri\u00e7\u00f5es s\u00f3 ficam efetivadas ap\u00f3s o pagamento da primeira tranche\u00a0 e o envio do respetivo comprovativo de transfer\u00eancia para o email <a href=\"mailto:curso@spsc.pt\">curso@spsc.pt<\/a>.[\/vc_toggle][vc_toggle title=&#8221;Onde se realiza a forma\u00e7\u00e3o?&#8221;]Todos os n\u00edveis da forma\u00e7\u00e3o realizam-se semanalmente entre Lisboa e Coimbra, geralmente de forma intercalada, aos S\u00e1bados. Em Lisboa as aulas decorrem na Faculdade de Ci\u00eancias Socias e Humanas da Universidade Nova de Lisboa e em Coimbra na sede da Sec\u00e7\u00e3o Regional do Centro da Ordem dos M\u00e9dicos. Caso exista alguma exce\u00e7\u00e3o pontual, a mesma \u00e9 sempre comunicada o mais antecipadamente poss\u00edvel.[\/vc_toggle][vc_toggle title=&#8221;Qual a carga hor\u00e1ria?&#8221;]A carga hor\u00e1ria \u00e9 de 100 horas por n\u00edvel, distribu\u00eddas por 8 horas semanais.[\/vc_toggle][vc_toggle title=&#8221;Quais os hor\u00e1rios da forma\u00e7\u00e3o?&#8221;]A forma\u00e7\u00e3o decorre semanalmente, aos S\u00e1bados, entre as 10h e as 19h (com 1 hora de almo\u00e7o). Pode haver semanas em que n\u00e3o haja forma\u00e7\u00e3o (feriados, pontes, eventos da SPSC). O calend\u00e1rio \u00e9 enviado antes do in\u00edcio da forma\u00e7\u00e3o.[\/vc_toggle][vc_toggle title=&#8221;Qual a constitui\u00e7\u00e3o do corpo docente?&#8221;]O corpo docente \u00e9 constitu\u00eddo por diversos profissionais, cl\u00ednicos e acad\u00e9micos, que se destacam pelo trabalho que desenvolvem no \u00e2mbito das diferentes disciplinas afetas \u00e0 sexualidade humana. Ser\u00e1 disponibilizado atempadamente o programa de cada n\u00edvel de forma\u00e7\u00e3o onde ser\u00e3o apresentados os nomes de todos os formadores.[\/vc_toggle][vc_toggle title=&#8221;Como decorre a avalia\u00e7\u00e3o?&#8221;]Prev\u00ea-se a utiliza\u00e7\u00e3o de diversas metodologias de avalia\u00e7\u00e3o: escritas e orais, individuais e em grupo. No final de cada n\u00edvel, haver\u00e1 sempre lugar a uma avalia\u00e7\u00e3o escrita, individual, e de car\u00e1cter obrigat\u00f3rio. A avalia\u00e7\u00e3o final traduzir\u00e1 o resultado desta avalia\u00e7\u00e3o escrita (numa escala de 0-20 valores) e da avalia\u00e7\u00e3o resultante do desenvolvimento e apresenta\u00e7\u00e3o de um trabalho, de car\u00e1cter individual ou de grupo. Para transitar para o n\u00edvel formativo seguinte, o aproveitamento ter\u00e1 que assumir uma nota m\u00ednima de 10 valores (numa escala de 0-20).[\/vc_toggle][vc_toggle title=&#8221;O que acontece se tiver que faltar?&#8221;]As faltas est\u00e3o contempladas. Em cada n\u00edvel aceitam-se faltas at\u00e9 25% do total de horas que constituem a componente formativa, sendo requerida uma presen\u00e7a m\u00ednima de 75% do total de horas de forma\u00e7\u00e3o para a obten\u00e7\u00e3o dos certificados. No n\u00edvel 3 na componente de est\u00e1gio o m\u00ednimo de 150 horas de trabalho presencial tem de ser cumprido.[\/vc_toggle][vc_toggle title=&#8221;Qual o pre\u00e7o da forma\u00e7\u00e3o?&#8221;]Cada n\u00edvel formativo assume os seguintes valores:<\/p>\n<p><strong><span style=\"color: #993300;\">* N\u00edvel 1 \u201cSexologia Educacional\u201d:<br \/>\n<\/span><\/strong>&#8211; 1670\u20ac (c\/ IVA inclu\u00eddo) para pessoas n\u00e3o associadas da SPSC e outros;<br \/>\n&#8211; 1336\u20ac (c\/ IVA inclu\u00eddo) &#8211; a pronto pagamento at\u00e9 dia 28 de Agosto de 2019;<br \/>\n&#8211; 1230\u20ac (c\/ IVA inclu\u00eddo) &#8211;\u00a0pessoas associadas da SPSC, pessoas associadas, funcion\u00e1ri@s e volunt\u00e1ri@s da Associa\u00e7\u00e3o para o Planeamento da Fam\u00edlia (APF) e da Associa\u00e7\u00e3o ILGA- Portugal, pessoas associadas da Sociedade Portuguesa de Andrologia (SPA) e da Associa\u00e7\u00e3o Portuguesa de Internos de Psiquiatria (APIP), da Associa\u00e7\u00e3o Portuguesa de Terapia do Comportamento (APTC) e estudantes de 2\u00ba e 3\u00ba ciclo da FCSH-UNL.<\/p>\n<p>A serem pagos a pronto pagamento ou da seguinte forma:<\/p>\n<table>\n<tbody>\n<tr>\n<td width=\"208\">\u00a0<strong>N\u00edvel 1<\/strong> &#8211; sem desconto (1670\u20ac)<\/td>\n<td width=\"198\"><strong>N\u00edvel 1<\/strong> &#8211; com desconto (1230\u20ac)<\/td>\n<\/tr>\n<tr>\n<td width=\"208\">at\u00e9 28 de Ago &#8211; 400\u20ac<\/td>\n<td width=\"198\">at\u00e9 28 de Ago &#8211; 400\u20ac<\/td>\n<\/tr>\n<tr>\n<td width=\"208\">at\u00e9 28 de Set &#8211; 254\u20ac<\/td>\n<td width=\"198\">at\u00e9 28 de Set &#8211; 166\u20ac<\/td>\n<\/tr>\n<tr>\n<td width=\"208\">at\u00e9 28 de Out \u2013 254\u20ac<\/td>\n<td width=\"198\">at\u00e9 28 de Out &#8211; 166\u20ac<\/td>\n<\/tr>\n<tr>\n<td width=\"208\">at\u00e9 28 de Nov &#8211; 254\u20ac<\/td>\n<td width=\"198\">at\u00e9 28 de Nov &#8211; 166\u20ac<\/td>\n<\/tr>\n<tr>\n<td width=\"208\">at\u00e9 28 de Dez &#8211; 254\u20ac<\/td>\n<td width=\"198\">at\u00e9 28 de Dez &#8211; 166\u20ac<\/td>\n<\/tr>\n<tr>\n<td width=\"208\">at\u00e9 28 de Jan &#8211; 254\u20ac<\/td>\n<td width=\"198\">at\u00e9 28 de Jan &#8211; 166\u20ac<\/td>\n<\/tr>\n<\/tbody>\n<\/table>\n<p><strong><span style=\"color: #993300;\">* N\u00edvel 2 \u201cCounselling\/Aconselhamento\u201d:<\/span><\/strong><\/p>\n<p><strong>Pre\u00e7o N\u00edvel 2:<\/strong><br \/>\n1000 euros (IVA inclu\u00eddo)<\/p>\n<p>A serem pagos a pronto pagamento ou da seguinte forma:<\/p>\n<p><strong>at\u00e9 5 de Fev<\/strong> \u2013 300\u20ac<br \/>\n<strong>at\u00e9 28 de Abr<\/strong> \u2013 200\u20ac<br \/>\n<strong>at\u00e9 28 de Mai<\/strong> \u2013 200\u20ac<br \/>\n<strong>at\u00e9 28 de Jun<\/strong>&#8211; 300\u20ac<\/p>\n<p><strong><span style=\"color: #993300;\">* N\u00edvel 3 \u201cSexologia Cl\u00ednica\/Terapia Sexual\u201d:<br \/>\n<\/span><\/strong>&#8211; 1900\u20ac (c\/ IVA inclu\u00eddo) &#8211; Pre\u00e7o fixo para todos os formandos. Sendo que o est\u00e1gio e a monografia n\u00e3o t\u00eam custos acrescidos.<br \/>\nA ser pago a pronto pagamento ou da seguinte forma:<\/p>\n<table>\n<tbody>\n<tr>\n<td width=\"208\"><strong>N\u00edvel 3<\/strong> &#8211; sem desconto (1900\u20ac)<\/td>\n<\/tr>\n<tr>\n<td width=\"208\">at\u00e9 28 de Ago &#8211; 400\u20ac<\/td>\n<\/tr>\n<tr>\n<td width=\"208\">at\u00e9 28 de Set &#8211; 250\u20ac<\/td>\n<\/tr>\n<tr>\n<td width=\"208\">at\u00e9 28 de Out &#8211; 250\u20ac<\/td>\n<\/tr>\n<tr>\n<td width=\"208\">at\u00e9 28 de Nov &#8211; 250\u20ac<\/td>\n<\/tr>\n<tr>\n<td width=\"208\">at\u00e9 28 de Dez &#8211; 250\u20ac<\/td>\n<\/tr>\n<tr>\n<td width=\"208\">at\u00e9 28 de Jan &#8211; 250\u20ac<\/td>\n<\/tr>\n<tr>\n<td width=\"208\">at\u00e9 28 de Fev &#8211; 250\u20ac<\/td>\n<\/tr>\n<\/tbody>\n<\/table>\n<p>[\/vc_toggle][vc_toggle title=&#8221;Como se processa o pagamento?&#8221;]A inscri\u00e7\u00e3o em qualquer um dos n\u00edveis s\u00f3 fica efetivada ap\u00f3s o pagamento da primeira tranche e envio do respetivo comprovativo de transfer\u00eancia para o email <a href=\"mailto:curso@spsc.pt\">curso@spsc.pt<\/a>.<\/p>\n<p>A desist\u00eancia do curso implica perda de 50% do valor j\u00e1 pago, havendo lugar \u00e0 restitui\u00e7\u00e3o do restante valor.[\/vc_toggle][vc_toggle title=&#8221;E o que acontece ao valor que j\u00e1 paguei, em caso de desist\u00eancia da forma\u00e7\u00e3o?&#8221;]Em caso de desist\u00eancia haver\u00e1 a perda de 50% do valor j\u00e1 pago.[\/vc_toggle][vc_toggle title=&#8221;Posso propor locais de est\u00e1gio para al\u00e9m dos que a SPSC estipular?&#8221;]N\u00e3o, os locais de est\u00e1gios s\u00e3o da total responsabilidade da SPSC e definidos pela mesma.[\/vc_toggle][vc_toggle title=&#8221;Posso optar por fazer a forma\u00e7\u00e3o apenas no n\u00edvel 1 ou no n\u00edvel 1 e 2? Que t\u00edtulo obtenho?&#8221;]Sim. Desde que os crit\u00e9rios de inclus\u00e3o sejam cumpridos, e dessa forma possa ir tendo acesso aos posteriores n\u00edveis de forma\u00e7\u00e3o, poder\u00e1 avan\u00e7ar na forma\u00e7\u00e3o. Assim, no caso de terminar a forma\u00e7\u00e3o no N\u00edvel 1 a certifica\u00e7\u00e3o que obter\u00e1 ser\u00e1 a de \u201cEspecializa\u00e7\u00e3o Avan\u00e7ada em Sexologia Educacional\u201d, se terminar no N\u00edvel 2 a de \u201cEspecializa\u00e7\u00e3o Avan\u00e7ada em Sexologia &#8211; N\u00edvel de <em>Counselling\/Aconselhamento<\/em>\u201d.[\/vc_toggle][vc_toggle title=&#8221;E que t\u00edtulo tenho se acabar o N\u00edvel 3?&#8221;]Trata-se de um n\u00edvel de forma\u00e7\u00e3o de car\u00e1ter cl\u00ednico, para o qual existem apenas 10 vagas. Quem ingressar neste n\u00edvel e concluir apenas a sua componente te\u00f3rica com sucesso ter\u00e1 o t\u00edtulo de \u201cEspecializa\u00e7\u00e3o Avan\u00e7ada em Sexologia Cl\u00ednica\u201d. Quem ap\u00f3s esta fase formativa avan\u00e7ar para est\u00e1gio e monografia, e os conclua com sucesso, obter\u00e1 o certificado de \u201cTerapeuta Sexual\u201d.[\/vc_toggle][vc_toggle title=&#8221;O certificado de &#8220;Aconselhamento&#8220; obtido com a conclus\u00e3o do n\u00edvel 2, possibilita dar consultas na \u00e1rea da sexualidade humana? Qual a diferen\u00e7a entre um counseller e um terapeuta sexual?&#8221;]A conclus\u00e3o do N\u00edvel 2, certifica uma especializa\u00e7\u00e3o na \u00e1rea do Aconselhamento no \u00e2mbito da Sexualidade, com atua\u00e7\u00e3o\u00a0ao n\u00edvel da orienta\u00e7\u00e3o e do aconselhamento.<\/p>\n<p>A terapia \u00e9 desenvolvida por Terapeuta Sexual\u00a0quando h\u00e1 queixas clinicamente significativas e \u00e9 uma interven\u00e7\u00e3o de m\u00e9dia a longa dura\u00e7\u00e3o, enquanto que o aconselhamento\u00a0\u00e9 de curta-dura\u00e7\u00e3o e\u00a0visa orientar na procura de solu\u00e7\u00f5es para uma\u00a0quest\u00e3o\u00a0espec\u00edfica.\u00a0No \u00e2mbito do aconselhamento n\u00e3o s\u00e3o adquiridas compet\u00eancias de interven\u00e7\u00e3o cl\u00ednica.[\/vc_toggle][vc_toggle title=&#8221;Posso propor locais de est\u00e1gio para al\u00e9m dos que a SPSC estipular?&#8221;]N\u00e3o, os locais de est\u00e1gios s\u00e3o da total responsabilidade da SPSC e definidos pela mesma.[\/vc_toggle][vc_toggle title=&#8221;Posso terminar a forma\u00e7\u00e3o dos 3 n\u00edveis e pedir para ingressar no est\u00e1gio em outra edi\u00e7\u00e3o de Forma\u00e7\u00e3o Especializada ou mesmo noutro per\u00edodo que a SPSC me possa facultar?&#8221;]N\u00e3o, os est\u00e1gios s\u00e3o certificados e validados pela SPSC, para o per\u00edodo em que decorre a forma\u00e7\u00e3o, n\u00e3o podendo ser efetuados de outra forma.[\/vc_toggle][vc_toggle title=&#8221;Posso escolher os locais de est\u00e1gio?&#8221;]A escolha do local de est\u00e1gio \u00e9 efetuada em fun\u00e7\u00e3o de uma seria\u00e7\u00e3o final, tida com base na avalia\u00e7\u00e3o te\u00f3rica, avalia\u00e7\u00e3o curricular e entrevista.[\/vc_toggle][vc_toggle title=&#8221;Em que tem\u00e1ticas se deve centrar a monografia?&#8221;]A monografia final de curso deve centrar-se em tem\u00e1ticas relacionadas com a sexualidade humana, analisando aspectos relevantes ao n\u00edvel da cl\u00ednica e da sa\u00fade, e contribuindo para a reflex\u00e3o, avalia\u00e7\u00e3o e interven\u00e7\u00e3o no \u00e2mbito da Sexologia Cl\u00ednica. Deve apresentar-se como um trabalho cient\u00edfico original e realizado de forma aut\u00f3noma, isto \u00e9, que acrescente novidade e que seja realizado pelo pr\u00f3prio, ainda que com orienta\u00e7\u00e3o.[\/vc_toggle][vc_toggle title=&#8221;Que tipo de trabalhos de investiga\u00e7\u00e3o ser\u00e3o aceites?&#8221;]Ser\u00e3o aceites estudos emp\u00edricos (qualitativos e quantitativos), estados de arte ou revis\u00f5es sistem\u00e1ticas da literatura. Qualquer que seja a tipologia de monografia escolhida, aconselhamos que tenham especial aten\u00e7\u00e3o ao rigor metodol\u00f3gico dos artigos apresentados, bem como \u00e0 sua relev\u00e2ncia cl\u00ednica e implica\u00e7\u00f5es pr\u00e1ticas.[\/vc_toggle][vc_toggle title=&#8221;Qual a formata\u00e7\u00e3o que a Monografia dever\u00e1 ter?&#8221;]Os trabalhos devem ser redigidos em l\u00edngua portuguesa, n\u00e3o devem ultrapassar as 10000 palavras (excluindo-se tabelas, figuras, bibliografia, notas de rodap\u00e9 e anexos) e a estrutura e formata\u00e7\u00e3o dos manuscritos deve ser feita de acordo com o manual de publica\u00e7\u00e3o da American Psychological Association, 6\u00aa edi\u00e7\u00e3o.[\/vc_toggle][vc_toggle title=&#8221;Qual o papel do\/a orientador\/a de monografia?&#8221;]Ao\/\u00e0s orientadore\/as cabe o papel de apoiar, orientar e supervisionar o formando ao longo da elabora\u00e7\u00e3o da sua monografia. Os orientadores dever\u00e3o dar o seu parecer favor\u00e1vel por escrito antes da entrega da monografia, confirmando que o trabalho \u00e9 original e que formando est\u00e1 apto a concluir este processo e a submeter-se \u00e0 defesa p\u00fablica da mesma.[\/vc_toggle][vc_toggle title=&#8221;\u00c9 obrigat\u00f3rio ter orienta\u00e7\u00e3o para a realiza\u00e7\u00e3o de monografia?&#8221;]Todos os formandos t\u00eam de ter orienta\u00e7\u00e3o de monografia. Sugere-se que a escolha da pessoa para fazer a orienta\u00e7\u00e3o tenha em considera\u00e7\u00e3o aspectos importantes tais como a experi\u00eancia relevante em investiga\u00e7\u00e3o cient\u00edfica, a experi\u00eancia nas \u00e1reas de estudos escolhidas e compet\u00eancias comprovadas ao n\u00edvel das metodologias de investiga\u00e7\u00e3o utilizadas.[\/vc_toggle][\/vc_column][\/vc_row]<\/p>\n<\/div>","protected":false},"excerpt":{"rendered":"<p>[vc_row][vc_column][vc_column_text]O n\u00edvel 3 est\u00e1 suspenso devido \u00e0 Pandemia COVID 19 pelo que a informa\u00e7\u00e3o relativa ao n\u00edvel 3 ter\u00e1 de ser revista em fun\u00e7\u00e3o da evolu\u00e7\u00e3o da pandemia e seu impacto[\/vc_column_text][\/vc_column][\/vc_row][vc_row][vc_column][vc_toggle title=&#8221;Como est\u00e1 estruturada a forma\u00e7\u00e3o?&#8221;]A Sociedade Portuguesa de Sexologia Cl\u00ednica disponibiliza tr\u00eas n\u00edveis de especializa\u00e7\u00e3o na \u00e1rea da Sexologia, estruturados de modo cumulativo. Isto [&hellip;]<\/p>\n","protected":false},"author":1,"featured_media":0,"parent":0,"menu_order":0,"comment_status":"closed","ping_status":"closed","template":"","meta":{"footnotes":""},"class_list":["post-9529","page","type-page","status-publish","hentry"],"_links":{"self":[{"href":"https:\/\/spsc.pt\/index.php\/wp-json\/wp\/v2\/pages\/9529","targetHints":{"allow":["GET"]}}],"collection":[{"href":"https:\/\/spsc.pt\/index.php\/wp-json\/wp\/v2\/pages"}],"about":[{"href":"https:\/\/spsc.pt\/index.php\/wp-json\/wp\/v2\/types\/page"}],"author":[{"embeddable":true,"href":"https:\/\/spsc.pt\/index.php\/wp-json\/wp\/v2\/users\/1"}],"replies":[{"embeddable":true,"href":"https:\/\/spsc.pt\/index.php\/wp-json\/wp\/v2\/comments?post=9529"}],"version-history":[{"count":17,"href":"https:\/\/spsc.pt\/index.php\/wp-json\/wp\/v2\/pages\/9529\/revisions"}],"predecessor-version":[{"id":9915,"href":"https:\/\/spsc.pt\/index.php\/wp-json\/wp\/v2\/pages\/9529\/revisions\/9915"}],"wp:attachment":[{"href":"https:\/\/spsc.pt\/index.php\/wp-json\/wp\/v2\/media?parent=9529"}],"curies":[{"name":"wp","href":"https:\/\/api.w.org\/{rel}","templated":true}]}}